{"id":267133,"date":"2026-03-12T12:10:51","date_gmt":"2026-03-12T10:10:51","guid":{"rendered":"https:\/\/tellimused.stiilne.ee\/toode\/caprice-naturaalnahast-valged-korvalt-lukuga-naiste-vabaaja-jalatsid-kohe-laos-hea-hind\/"},"modified":"2026-04-07T11:09:25","modified_gmt":"2026-04-07T08:09:25","slug":"caprice-moteriski-laisvalaikio-bateliai-su-baltu-soniniu-uztrauktuku-is-naturalios-odos-naudojamos-didele-kaina","status":"publish","type":"product","link":"https:\/\/tellimused.stiilne.ee\/lt\/produktas\/caprice-moteriski-laisvalaikio-bateliai-su-baltu-soniniu-uztrauktuku-is-naturalios-odos-naudojamos-didele-kaina\/","title":{"rendered":"CAPRICE Moteri\u0161ki laisvalaikio bateliai su baltu \u0161oniniu u\u017etrauktuku i\u0161 nat\u016bralios odos &#8211; NAUDOJAMOS &#8211; DIDEL\u0116 KAINA"},"content":{"rendered":"<p>&nbsp;<\/p>\n<p>Paprasto dizaino moteri\u0161ki &#8222;Caprice&#8221; nat\u016bralios odos laisvalaikio bateliai moterims yra geras pasirinkimas pavasariui ir vasarai &#8211; d\u0117l klasikin\u0117s i\u0161vaizdos juos lengva derinti prie kelni\u0173 ir vasarini\u0173 sukneli\u0173.<\/p>\n<p>Pavir\u0161ius padengtas nat\u016bralia oda. Vidpadis suteikia puik\u0173 mink\u0161tum\u0105 ir leid\u017eia m\u0117gautis kiekvienu \u017eingsniu. Padas pagamintas i\u0161 porolono gumos, u\u017etikrinan\u010dios ger\u0105 sukibim\u0105 su pavir\u0161iumi, ir yra tankiai ra\u0161tuotas, kad sukibt\u0173 su pavir\u0161iumi.  <\/p>\n<p><strong>&#8222;Caprice&#8221; moteri\u0161k\u0173 laisvalaikio bateli\u0173 vidpad\u017eio i\u0161matavimai:<\/strong><\/p>\n<p>37-23,6 cm<\/p>\n<p>38-24,4 cm<\/p>\n<p>39-25,1 cm<\/p>\n<p>40-25,9 cm<\/p>\n<p>41-26,6 cm<\/p>\n<p>42-27,4 cm<\/p>\n<p>&#8222;Caprice&#8221; laisvalaikio bateliai dabar yra sand\u0117lyje &#8211; pristatymas per kelias dienas.<\/p>\n<p>U\u017esakymai, pateikti darbo dien\u0105 prie\u0161 nuorod\u0105, bus i\u0161si\u0173sti t\u0105 pa\u010di\u0105 dien\u0105.<\/p>\n","protected":false},"excerpt":{"rendered":"<p>&nbsp; Paprasto dizaino moteri\u0161ki &#8222;Caprice&#8221; nat\u016bralios odos laisvalaikio bateliai moterims yra geras pasirinkimas pavasariui ir vasarai &#8211; d\u0117l klasikin\u0117s i\u0161vaizdos juos lengva derinti prie kelni\u0173 ir vasarini\u0173 sukneli\u0173. Pavir\u0161ius padengtas nat\u016bralia oda. Vidpadis suteikia puik\u0173 mink\u0161tum\u0105 ir leid\u017eia m\u0117gautis kiekvienu \u017eingsniu. Padas pagamintas i\u0161 porolono gumos, u\u017etikrinan\u010dios ger\u0105 sukibim\u0105 su pavir\u0161iumi, ir yra tankiai ra\u0161tuotas, [&hellip;]<\/p>\n","protected":false},"featured_media":267134,"comment_status":"open","ping_status":"closed","template":"","meta":{"_acf_changed":false},"product_brand":[],"product_cat":[357],"product_tag":[],"class_list":{"0":"post-267133","1":"product","2":"type-product","3":"status-publish","4":"has-post-thumbnail","6":"product_cat-laisvalaikio-avalyne","7":"product_shipping_class-tarneaeg-1-4-paeva","9":"first","10":"instock","11":"sale","12":"taxable","13":"shipping-taxable","14":"purchasable","15":"product-type-variable","16":"has-default-attributes","17":"add-to-wishlist-after_add_to_cart"},"acf":[],"_links":{"self":[{"href":"https:\/\/tellimused.stiilne.ee\/lt\/wp-json\/wp\/v2\/product\/267133","targetHints":{"allow":["GET"]}}],"collection":[{"href":"https:\/\/tellimused.stiilne.ee\/lt\/wp-json\/wp\/v2\/product"}],"about":[{"href":"https:\/\/tellimused.stiilne.ee\/lt\/wp-json\/wp\/v2\/types\/product"}],"replies":[{"embeddable":true,"href":"https:\/\/tellimused.stiilne.ee\/lt\/wp-json\/wp\/v2\/comments?post=267133"}],"wp:featuredmedia":[{"embeddable":true,"href":"https:\/\/tellimused.stiilne.ee\/lt\/wp-json\/wp\/v2\/media\/267134"}],"wp:attachment":[{"href":"https:\/\/tellimused.stiilne.ee\/lt\/wp-json\/wp\/v2\/media?parent=267133"}],"wp:term":[{"taxonomy":"product_brand","embeddable":true,"href":"https:\/\/tellimused.stiilne.ee\/lt\/wp-json\/wp\/v2\/product_brand?post=267133"},{"taxonomy":"product_cat","embeddable":true,"href":"https:\/\/tellimused.stiilne.ee\/lt\/wp-json\/wp\/v2\/product_cat?post=267133"},{"taxonomy":"product_tag","embeddable":true,"href":"https:\/\/tellimused.stiilne.ee\/lt\/wp-json\/wp\/v2\/product_tag?post=267133"}],"curies":[{"name":"wp","href":"https:\/\/api.w.org\/{rel}","templated":true}]}}