{"id":267222,"date":"2026-03-12T12:02:35","date_gmt":"2026-03-12T10:02:35","guid":{"rendered":"https:\/\/tellimused.stiilne.ee\/toode\/vero-moda-armas-beez-pehme-puuvilla-sisaldusega-naiste-dzemper-amira-uudis-kohe-laos-kiire-tarne\/"},"modified":"2026-03-12T12:02:35","modified_gmt":"2026-03-12T10:02:35","slug":"vero-moda-armas-beez-pehme-puuvilla-sisaldusega-naiste-dzemper-amira-uudis-kohe-laos-kiire-tarne","status":"publish","type":"product","link":"https:\/\/tellimused.stiilne.ee\/lt\/produktas\/vero-moda-armas-beez-pehme-puuvilla-sisaldusega-naiste-dzemper-amira-uudis-kohe-laos-kiire-tarne\/","title":{"rendered":"VERO MODA armas beez pehme puuvilla sisaldusega naiste d\u017eemper Amira-UUDIS-KOHE LAOS-KIIRE TARNE"},"content":{"rendered":"<p>&nbsp;<\/p>\n<p>Amira beez\u00a0 dzemper on tehtud m\u00f5nusast mitte torkivast l\u00f5ngast, mis on naha vastas pehme ja soe<\/p>\n<p>Materjaliks on 60% puuvill ja 40% akr\u00fc\u00fcl<\/p>\n<p>Lihtne ja armas\u00a0 d\u017eemper, mis sobib kandmiseks nii t\u00f6\u00f6l, kui ka vabal ajal<\/p>\n<p>D\u017eemper on kohe laos olemas-tarneaeg paar p\u00e4eva<\/p>\n<p>T\u00f6\u00f6p\u00e4eval enne viite tehtud tellimused postitame samal p\u00e4eval<\/p>\n","protected":false},"excerpt":{"rendered":"<p>&nbsp; Amira beez\u00a0 dzemper on tehtud m\u00f5nusast mitte torkivast l\u00f5ngast, mis on naha vastas pehme ja soe Materjaliks on 60% puuvill ja 40% akr\u00fc\u00fcl Lihtne ja armas\u00a0 d\u017eemper, mis sobib kandmiseks nii t\u00f6\u00f6l, kui ka vabal ajal D\u017eemper on kohe laos olemas-tarneaeg paar p\u00e4eva T\u00f6\u00f6p\u00e4eval enne viite tehtud tellimused postitame samal p\u00e4eval<\/p>\n","protected":false},"featured_media":267223,"comment_status":"open","ping_status":"closed","template":"","meta":{"_acf_changed":false},"product_brand":[],"product_cat":[319,295],"product_tag":[],"class_list":{"0":"post-267222","1":"product","2":"type-product","3":"status-publish","4":"has-post-thumbnail","6":"product_cat-dovanos-moterims","7":"product_cat-moteriski-megztiniai-marskineliai","8":"product_shipping_class-tarneaeg-1-4-paeva","10":"first","11":"instock","12":"sale","13":"taxable","14":"shipping-taxable","15":"purchasable","16":"product-type-variable","17":"has-default-attributes","18":"add-to-wishlist-after_add_to_cart"},"acf":[],"_links":{"self":[{"href":"https:\/\/tellimused.stiilne.ee\/lt\/wp-json\/wp\/v2\/product\/267222","targetHints":{"allow":["GET"]}}],"collection":[{"href":"https:\/\/tellimused.stiilne.ee\/lt\/wp-json\/wp\/v2\/product"}],"about":[{"href":"https:\/\/tellimused.stiilne.ee\/lt\/wp-json\/wp\/v2\/types\/product"}],"replies":[{"embeddable":true,"href":"https:\/\/tellimused.stiilne.ee\/lt\/wp-json\/wp\/v2\/comments?post=267222"}],"wp:featuredmedia":[{"embeddable":true,"href":"https:\/\/tellimused.stiilne.ee\/lt\/wp-json\/wp\/v2\/media\/267223"}],"wp:attachment":[{"href":"https:\/\/tellimused.stiilne.ee\/lt\/wp-json\/wp\/v2\/media?parent=267222"}],"wp:term":[{"taxonomy":"product_brand","embeddable":true,"href":"https:\/\/tellimused.stiilne.ee\/lt\/wp-json\/wp\/v2\/product_brand?post=267222"},{"taxonomy":"product_cat","embeddable":true,"href":"https:\/\/tellimused.stiilne.ee\/lt\/wp-json\/wp\/v2\/product_cat?post=267222"},{"taxonomy":"product_tag","embeddable":true,"href":"https:\/\/tellimused.stiilne.ee\/lt\/wp-json\/wp\/v2\/product_tag?post=267222"}],"curies":[{"name":"wp","href":"https:\/\/api.w.org\/{rel}","templated":true}]}}