{"id":267228,"date":"2026-03-12T12:02:35","date_gmt":"2026-03-12T10:02:35","guid":{"rendered":"https:\/\/tellimused.stiilne.ee\/toode\/vero-moda-kerge-must-kevad-sugis-jope-soraya-suuruses-s36-super-hind\/"},"modified":"2026-04-07T11:09:20","modified_gmt":"2026-04-07T08:09:20","slug":"vero-moda-sviesiai-juoda-pavasario-rudens-striuke-soraya-dydis-s36-super-hind","status":"publish","type":"product","link":"https:\/\/tellimused.stiilne.ee\/lt\/produktas\/vero-moda-sviesiai-juoda-pavasario-rudens-striuke-soraya-dydis-s36-super-hind\/","title":{"rendered":"VERO MODA \u0161viesiai juoda pavasario-rudens striuk\u0117 Soraya, dydis S(36)-SUPER KAINA"},"content":{"rendered":"<p>&nbsp;<\/p>\n<p>Gra\u017eus lengvas trumpesnis pavasario-rudens \u0161varkelis puikiai tinka d\u0117v\u0117ti su keln\u0117mis ar vasarine suknele.<\/p>\n<p>Striuk\u0117 yra labai lengva ir nedidel\u0117 &#8211; puikiai telpa \u012f vidutinio dyd\u017eio rankin\u0119.<\/p>\n<p>Striuk\u0117s med\u017eiaga &#8211; 100 % poliesteris<\/p>\n<p>Striuk\u0117s priekyje yra 2 u\u017etrauktuku u\u017esegamos ki\u0161en\u0117s smulkesniems daiktams laikyti.<\/p>\n<p>Striuk\u0117 jau yra sand\u0117lyje ir bus pristatyta per kelias dienas.<\/p>\n<p><strong>Striuk\u0117s dyd\u017eiai XS, S ir M yra tokie:<\/strong><\/p>\n<p>Kr\u016btin\u0117s apimtis 88, 90, 96 cm<\/p>\n<p>Pe\u010di\u0173 plotis 36, 37, 39 cm<\/p>\n<p>\u0160varkelio ilgis nuo priekinio peties yra 53, 54, 56 cm.<\/p>\n<p>Vis\u0173 dyd\u017ei\u0173 rankovi\u0173 ilgis 60 cm<\/p>\n<p>Striuk\u0117 i\u0161 karto yra sand\u0117lyje &#8211; pristatymo laikas &#8211; kelios dienos &#8211; darbo dien\u0105 prie\u0161 pateikiant nuorod\u0105 u\u017esakymas bus i\u0161si\u0173stas t\u0105 pa\u010di\u0105 dien\u0105.<\/p>\n","protected":false},"excerpt":{"rendered":"<p>&nbsp; Gra\u017eus lengvas trumpesnis pavasario-rudens \u0161varkelis puikiai tinka d\u0117v\u0117ti su keln\u0117mis ar vasarine suknele. Striuk\u0117 yra labai lengva ir nedidel\u0117 &#8211; puikiai telpa \u012f vidutinio dyd\u017eio rankin\u0119. Striuk\u0117s med\u017eiaga &#8211; 100 % poliesteris Striuk\u0117s priekyje yra 2 u\u017etrauktuku u\u017esegamos ki\u0161en\u0117s smulkesniems daiktams laikyti. Striuk\u0117 jau yra sand\u0117lyje ir bus pristatyta per kelias dienas. Striuk\u0117s dyd\u017eiai [&hellip;]<\/p>\n","protected":false},"featured_media":267229,"comment_status":"open","ping_status":"closed","template":"","meta":{"_acf_changed":false},"product_brand":[],"product_cat":[270],"product_tag":[],"class_list":{"0":"post-267228","1":"product","2":"type-product","3":"status-publish","4":"has-post-thumbnail","6":"product_cat-pavasario-ir-rudens-striukes-bei-svarkai","7":"product_shipping_class-tarneaeg-1-4-paeva","9":"first","10":"instock","11":"sale","12":"taxable","13":"shipping-taxable","14":"purchasable","15":"product-type-variable","16":"has-default-attributes","17":"add-to-wishlist-after_add_to_cart"},"acf":[],"_links":{"self":[{"href":"https:\/\/tellimused.stiilne.ee\/lt\/wp-json\/wp\/v2\/product\/267228","targetHints":{"allow":["GET"]}}],"collection":[{"href":"https:\/\/tellimused.stiilne.ee\/lt\/wp-json\/wp\/v2\/product"}],"about":[{"href":"https:\/\/tellimused.stiilne.ee\/lt\/wp-json\/wp\/v2\/types\/product"}],"replies":[{"embeddable":true,"href":"https:\/\/tellimused.stiilne.ee\/lt\/wp-json\/wp\/v2\/comments?post=267228"}],"wp:featuredmedia":[{"embeddable":true,"href":"https:\/\/tellimused.stiilne.ee\/lt\/wp-json\/wp\/v2\/media\/267229"}],"wp:attachment":[{"href":"https:\/\/tellimused.stiilne.ee\/lt\/wp-json\/wp\/v2\/media?parent=267228"}],"wp:term":[{"taxonomy":"product_brand","embeddable":true,"href":"https:\/\/tellimused.stiilne.ee\/lt\/wp-json\/wp\/v2\/product_brand?post=267228"},{"taxonomy":"product_cat","embeddable":true,"href":"https:\/\/tellimused.stiilne.ee\/lt\/wp-json\/wp\/v2\/product_cat?post=267228"},{"taxonomy":"product_tag","embeddable":true,"href":"https:\/\/tellimused.stiilne.ee\/lt\/wp-json\/wp\/v2\/product_tag?post=267228"}],"curies":[{"name":"wp","href":"https:\/\/api.w.org\/{rel}","templated":true}]}}