{"id":267243,"date":"2026-03-12T12:01:47","date_gmt":"2026-03-12T10:01:47","guid":{"rendered":"https:\/\/tellimused.stiilne.ee\/toode\/five-seasons-naiste-sugis-talvine-parka-carissa-kohe-laos-viimased-xs34-36-super-hind\/"},"modified":"2026-04-07T11:09:20","modified_gmt":"2026-04-07T08:09:20","slug":"five-seasons-moteriska-rudens-ziemos-striuke-carissa-beveik-nebera-sandelyje-paskutinis-xs34-36-auksta-kaina","status":"publish","type":"product","link":"https:\/\/tellimused.stiilne.ee\/lt\/produktas\/five-seasons-moteriska-rudens-ziemos-striuke-carissa-beveik-nebera-sandelyje-paskutinis-xs34-36-auksta-kaina\/","title":{"rendered":"Five Seasons moteri\u0161ka rudens-\u017eiemos striuk\u0117 Carissa &#8211; beveik neb\u0117ra sand\u0117lyje paskutinis XS(34-36)-auk\u0161ta kaina"},"content":{"rendered":"<p>Penki\u0173 sezon\u0173 moteri\u0161ka \u017eiemin\u0117 parka CARISSA Penki\u0173 sezon\u0173 moteri\u0161ka \u017eiemin\u0117 parka CARISSA charakteristikos<\/p>\n<div class=\"simple-content\">\n<ul>\n<li>100 % v\u0117jo ir vandens nepraleid\u017eianti &#8211; kv\u0117puojanti med\u017eiaga<\/li>\n<li>Vandeniui atsparios u\u017eklijuotos si\u016bl\u0117s<\/li>\n<li>Nuimamas reguliuojamas gobtuvas su nuimamu dirbtinio kailio apvadu<\/li>\n<li>Dvipusis priekinis u\u017eraktas su apsaugine juostele<\/li>\n<li>Dvi \u0161onin\u0117s ki\u0161en\u0117s su u\u017etrauktukais, ki\u0161en\u0117 ant kr\u016btin\u0117s ir vidin\u0117 ki\u0161en\u0117<\/li>\n<li>Reguliuojamas juosmuo<\/li>\n<li>Vidiniai rankovi\u0173 gal\u0173 rankogaliai neleid\u017eia patekti \u0161altam orui<\/li>\n<li>&#8222;Five Seasons&#8221; logotipas ant kr\u016btin\u0117s<\/li>\n<li>38 dyd\u017eio nugaros ilgis 95 cm<\/li>\n<li>Audinys: 100 % poliesteris, PFC neturinti vanden\u012f atstumianti danga,<\/li>\n<li>HYTEC 5.000 (pralaidumas orui 3000 g\/m\u00b2, atsparumas vandeniui 8000 mm).<\/li>\n<\/ul>\n<p>\u0160io modelio numeriai atitinka standartinius Europos dyd\u017eius &#8211; rekomenduojame rinktis \u012fprast\u0105 dyd\u012f, t. y. t\u0105, kur\u012f da\u017eniausiai d\u0117vite vilk\u0117dami striukes.<\/p>\n<p>D\u0116MESIO!Jei numeris nesutampa, visada i\u0161saugote teis\u0119 pakeisti siunt\u0105 &#8211; keitimas yra nemokamas, jei nurodomas DPD keitimo kodas.<\/p>\n<p><strong>Five Seasons Carissa parka dyd\u017eiai XS(34)-50, matuojant nuo parkos vir\u0161aus, yra tokie:<\/strong><\/p>\n<p>Kr\u016btin\u0117s apimtis 94, 100, 102, 104, 106, 108, 114, 128 cm<\/p>\n<p>Klub\u0173 apimtis, matuojama po ki\u0161en\u0117mis 94, 100, 102, 102, 106, 110, 114, 128 cm.<\/p>\n<p>Parka yra 84, 87, 87, 89, 90, 90, 90, 91 cm ilgio nuo priekinio peties.<\/p>\n<p>Plotis nuo peties iki peties yra 38, 39, 40, 40, 40, 41, 43, 43, 43, 46 cm.<\/p>\n<p>Rankovi\u0173 ilgis 62, 63, 63, 63, 64, 64, 64, 64, 65, 65 cm<\/p>\n<p>Parka yra sand\u0117lyje &#8211; pristatymas per kelias dienas.<\/p>\n<p>U\u017esakymai, pateikti darbo dien\u0105 prie\u0161 v\u0117lavim\u0105, i\u0161siun\u010diami t\u0105 pa\u010di\u0105 dien\u0105, o siuntinys paprastai kit\u0105 dien\u0105 jau b\u016bna siunt\u0173 pristatymo ma\u0161inoje.<\/p>\n<p>Stiling\u0105 ir \u0161ilt\u0105 megztin\u012f auk\u0161tu kaklu, pasi\u016bt\u0105 i\u0161 est\u0173 rank\u0173 darbo medvilninio audinio, kur\u012f galima d\u0117v\u0117ti po palaidine, rasite \u010dia <a href=\"https:\/\/www.stiilne.ee\/toode\/stiilne-korge-kaelusega-must-pusa-talvine-mets\/\">https:\/\/www.stiilne.ee\/toode\/stiilne-korge-kaelusega-must-pusa-talvine-mets\/<\/a>.<\/p>\n<p>Taip pat galite \u012fsigyti park\u0105 tiesiai i\u0161 m\u016bs\u0173 sand\u0117lio Kanarbiku tee 15\/3, J\u00e4rvek\u00fcla, Suomija<\/p>\n<\/div>\n","protected":false},"excerpt":{"rendered":"<p>Penki\u0173 sezon\u0173 moteri\u0161ka \u017eiemin\u0117 parka CARISSA Penki\u0173 sezon\u0173 moteri\u0161ka \u017eiemin\u0117 parka CARISSA charakteristikos 100 % v\u0117jo ir vandens nepraleid\u017eianti &#8211; kv\u0117puojanti med\u017eiaga Vandeniui atsparios u\u017eklijuotos si\u016bl\u0117s Nuimamas reguliuojamas gobtuvas su nuimamu dirbtinio kailio apvadu Dvipusis priekinis u\u017eraktas su apsaugine juostele Dvi \u0161onin\u0117s ki\u0161en\u0117s su u\u017etrauktukais, ki\u0161en\u0117 ant kr\u016btin\u0117s ir vidin\u0117 ki\u0161en\u0117 Reguliuojamas juosmuo Vidiniai rankovi\u0173 [&hellip;]<\/p>\n","protected":false},"featured_media":267244,"comment_status":"open","ping_status":"closed","template":"","meta":{"_acf_changed":false},"product_brand":[],"product_cat":[310,301],"product_tag":[],"class_list":{"0":"post-267243","1":"product","2":"type-product","3":"status-publish","4":"has-post-thumbnail","6":"product_cat-huppa-mergaiciu-ziemos-batai","7":"product_cat-zieminiai-paltukai-iki-60","8":"product_shipping_class-tarneaeg-1-4-paeva","10":"first","11":"instock","12":"sale","13":"taxable","14":"shipping-taxable","15":"purchasable","16":"product-type-variable","17":"has-default-attributes","18":"add-to-wishlist-after_add_to_cart"},"acf":[],"_links":{"self":[{"href":"https:\/\/tellimused.stiilne.ee\/lt\/wp-json\/wp\/v2\/product\/267243","targetHints":{"allow":["GET"]}}],"collection":[{"href":"https:\/\/tellimused.stiilne.ee\/lt\/wp-json\/wp\/v2\/product"}],"about":[{"href":"https:\/\/tellimused.stiilne.ee\/lt\/wp-json\/wp\/v2\/types\/product"}],"replies":[{"embeddable":true,"href":"https:\/\/tellimused.stiilne.ee\/lt\/wp-json\/wp\/v2\/comments?post=267243"}],"wp:featuredmedia":[{"embeddable":true,"href":"https:\/\/tellimused.stiilne.ee\/lt\/wp-json\/wp\/v2\/media\/267244"}],"wp:attachment":[{"href":"https:\/\/tellimused.stiilne.ee\/lt\/wp-json\/wp\/v2\/media?parent=267243"}],"wp:term":[{"taxonomy":"product_brand","embeddable":true,"href":"https:\/\/tellimused.stiilne.ee\/lt\/wp-json\/wp\/v2\/product_brand?post=267243"},{"taxonomy":"product_cat","embeddable":true,"href":"https:\/\/tellimused.stiilne.ee\/lt\/wp-json\/wp\/v2\/product_cat?post=267243"},{"taxonomy":"product_tag","embeddable":true,"href":"https:\/\/tellimused.stiilne.ee\/lt\/wp-json\/wp\/v2\/product_tag?post=267243"}],"curies":[{"name":"wp","href":"https:\/\/api.w.org\/{rel}","templated":true}]}}