{"id":267252,"date":"2026-03-12T12:01:22","date_gmt":"2026-03-12T10:01:22","guid":{"rendered":"https:\/\/tellimused.stiilne.ee\/toode\/mugav-korge-kaelusega-tumehall-taskutega-pusakleit-fuksia-kohe-laos-suurus-m38-40-hea-hind\/"},"modified":"2026-04-07T11:09:20","modified_gmt":"2026-04-07T08:09:20","slug":"patogi-tamsiai-pilkos-spalvos-palaidine-su-kisenemis-ir-aukstu-kaklu-fuksia-yra-sandelyje-m38-40-didele-kaina","status":"publish","type":"product","link":"https:\/\/tellimused.stiilne.ee\/lt\/produktas\/patogi-tamsiai-pilkos-spalvos-palaidine-su-kisenemis-ir-aukstu-kaklu-fuksia-yra-sandelyje-m38-40-didele-kaina\/","title":{"rendered":"Patogi tamsiai pilkos spalvos palaidin\u0117 su ki\u0161en\u0117mis ir auk\u0161tu kaklu Fuksia &#8211; yra sand\u0117lyje M(38-40) &#8211; DIDEL\u0116 KAINA"},"content":{"rendered":"<p>&nbsp;<\/p>\n<p>Megztinio med\u017eiaga yra 95 % medviln\u0117s ir 5 % elastano &#8211; tai patogi, \u0161iek tiek elastinga, odai maloni med\u017eiaga, kuri \u017eiem\u0105 neleid\u017eia prakaituoti, o vasar\u0105 &#8211; \u0161ilti.<\/p>\n<p>Sand\u0117lyje esantys dyd\u017eiai pasiekiami per kelias dienas &#8211; u\u017esakymai, pateikti darbo dien\u0105 prie\u0161 termin\u0105, bus i\u0161si\u0173sti t\u0105 pa\u010di\u0105 dien\u0105<\/p>\n<p>Megztinio dyd\u017ei\u0173 lentel\u0119 rasite po papildomomis nuotraukomis.<\/p>\n<p>&nbsp;<\/p>\n<p>&nbsp;<\/p>\n","protected":false},"excerpt":{"rendered":"<p>&nbsp; Megztinio med\u017eiaga yra 95 % medviln\u0117s ir 5 % elastano &#8211; tai patogi, \u0161iek tiek elastinga, odai maloni med\u017eiaga, kuri \u017eiem\u0105 neleid\u017eia prakaituoti, o vasar\u0105 &#8211; \u0161ilti. Sand\u0117lyje esantys dyd\u017eiai pasiekiami per kelias dienas &#8211; u\u017esakymai, pateikti darbo dien\u0105 prie\u0161 termin\u0105, bus i\u0161si\u0173sti t\u0105 pa\u010di\u0105 dien\u0105 Megztinio dyd\u017ei\u0173 lentel\u0119 rasite po papildomomis nuotraukomis. &nbsp; [&hellip;]<\/p>\n","protected":false},"featured_media":267253,"comment_status":"open","ping_status":"closed","template":"","meta":{"_acf_changed":false},"product_brand":[],"product_cat":[299],"product_tag":[],"class_list":{"0":"post-267252","1":"product","2":"type-product","3":"status-publish","4":"has-post-thumbnail","6":"product_cat-yemi-disain-sukneles","7":"product_shipping_class-tarneaeg-1-4-paeva","9":"first","10":"instock","11":"sale","12":"taxable","13":"shipping-taxable","14":"purchasable","15":"product-type-variable","16":"has-default-attributes","17":"add-to-wishlist-after_add_to_cart"},"acf":[],"_links":{"self":[{"href":"https:\/\/tellimused.stiilne.ee\/lt\/wp-json\/wp\/v2\/product\/267252","targetHints":{"allow":["GET"]}}],"collection":[{"href":"https:\/\/tellimused.stiilne.ee\/lt\/wp-json\/wp\/v2\/product"}],"about":[{"href":"https:\/\/tellimused.stiilne.ee\/lt\/wp-json\/wp\/v2\/types\/product"}],"replies":[{"embeddable":true,"href":"https:\/\/tellimused.stiilne.ee\/lt\/wp-json\/wp\/v2\/comments?post=267252"}],"wp:featuredmedia":[{"embeddable":true,"href":"https:\/\/tellimused.stiilne.ee\/lt\/wp-json\/wp\/v2\/media\/267253"}],"wp:attachment":[{"href":"https:\/\/tellimused.stiilne.ee\/lt\/wp-json\/wp\/v2\/media?parent=267252"}],"wp:term":[{"taxonomy":"product_brand","embeddable":true,"href":"https:\/\/tellimused.stiilne.ee\/lt\/wp-json\/wp\/v2\/product_brand?post=267252"},{"taxonomy":"product_cat","embeddable":true,"href":"https:\/\/tellimused.stiilne.ee\/lt\/wp-json\/wp\/v2\/product_cat?post=267252"},{"taxonomy":"product_tag","embeddable":true,"href":"https:\/\/tellimused.stiilne.ee\/lt\/wp-json\/wp\/v2\/product_tag?post=267252"}],"curies":[{"name":"wp","href":"https:\/\/api.w.org\/{rel}","templated":true}]}}