{"id":267282,"date":"2026-03-12T11:58:12","date_gmt":"2026-03-12T09:58:12","guid":{"rendered":"https:\/\/tellimused.stiilne.ee\/toode\/helkiv-ehtekomplekt-liblikas-kollane-komplekti-kuulub-kollane-liblika-kujuline-helkur-pross-ja-kollased-liblika-korvarongad-kohe-laos\/"},"modified":"2026-04-07T11:09:19","modified_gmt":"2026-04-07T08:09:19","slug":"ryskiu-drugeliu-papuosalu-rinkinys-geltonos-spalvos-rinkini-sudaro-geltonos-spalvos-drugelio-formos-atsvaito-sege-ir-geltonos-spalvos-drugelio-auskarai-naudojama","status":"publish","type":"product","link":"https:\/\/tellimused.stiilne.ee\/lt\/produktas\/ryskiu-drugeliu-papuosalu-rinkinys-geltonos-spalvos-rinkini-sudaro-geltonos-spalvos-drugelio-formos-atsvaito-sege-ir-geltonos-spalvos-drugelio-auskarai-naudojama\/","title":{"rendered":"Ry\u0161ki\u0173 drugeli\u0173 papuo\u0161al\u0173 rinkinys geltonos spalvos &#8211; rinkin\u012f sudaro geltonos spalvos drugelio formos at\u0161vaito seg\u0117 ir geltonos spalvos drugelio auskarai &#8211; NAUDOJAMA"},"content":{"rendered":"<p>&nbsp;<\/p>\n<p>Gra\u017eus ry\u0161kus papuo\u0161al\u0173 rinkinys puo\u0161ia ne\u0161iotoj\u0105 i\u0161tisus metus &#8211; tamsoje tiek bro\u0161i\u016bra, tiek auskarai \u0161vyti, o be at\u0161vaito papuo\u0161alus galima ne\u0161ioti ir kaip \u012fprastus papuo\u0161alus.<\/p>\n<p>Bro\u017e\u0117 yra 7 cm plo\u010dio ir 5 cm auk\u0161\u010dio<br \/>\nPriedas: bro\u017e\u0117s u\u017esegimas<\/p>\n<p>Auskarai yra 2 cm plo\u010dio ir 1,5 cm auk\u0161\u010dio<\/p>\n<p>Priedas: lazdel\u0117s u\u017esegimas<\/p>\n<p>Med\u017eiaga:<\/p>\n<p>Papuo\u0161al\u0173 rinkinys supakuotas \u012f gra\u017ei\u0105 juod\u0105 dovan\u0173 d\u0117\u017eut\u0119<\/p>\n<p>Gaminys turimas sand\u0117lyje ir per kelias dienas atsidurs siunt\u0173 ma\u0161inoje<\/p>\n<p>U\u017esakymai, pateikti likus darbo dienai iki termino pabaigos, bus i\u0161si\u0173sti t\u0105 pa\u010di\u0105 dien\u0105.<\/p>\n","protected":false},"excerpt":{"rendered":"<p>&nbsp; Gra\u017eus ry\u0161kus papuo\u0161al\u0173 rinkinys puo\u0161ia ne\u0161iotoj\u0105 i\u0161tisus metus &#8211; tamsoje tiek bro\u0161i\u016bra, tiek auskarai \u0161vyti, o be at\u0161vaito papuo\u0161alus galima ne\u0161ioti ir kaip \u012fprastus papuo\u0161alus. Bro\u017e\u0117 yra 7 cm plo\u010dio ir 5 cm auk\u0161\u010dio Priedas: bro\u017e\u0117s u\u017esegimas Auskarai yra 2 cm plo\u010dio ir 1,5 cm auk\u0161\u010dio Priedas: lazdel\u0117s u\u017esegimas Med\u017eiaga: Papuo\u0161al\u0173 rinkinys supakuotas \u012f [&hellip;]<\/p>\n","protected":false},"featured_media":267283,"comment_status":"open","ping_status":"closed","template":"","meta":{"_acf_changed":false},"product_brand":[],"product_cat":[446],"product_tag":[],"class_list":{"0":"post-267282","1":"product","2":"type-product","3":"status-publish","4":"has-post-thumbnail","6":"product_cat-baia-decor-atsvaitai","7":"product_shipping_class-tarneaeg-1-4-paeva","9":"first","10":"instock","11":"taxable","12":"shipping-taxable","13":"purchasable","14":"product-type-variable","15":"has-default-attributes","16":"add-to-wishlist-after_add_to_cart"},"acf":[],"_links":{"self":[{"href":"https:\/\/tellimused.stiilne.ee\/lt\/wp-json\/wp\/v2\/product\/267282","targetHints":{"allow":["GET"]}}],"collection":[{"href":"https:\/\/tellimused.stiilne.ee\/lt\/wp-json\/wp\/v2\/product"}],"about":[{"href":"https:\/\/tellimused.stiilne.ee\/lt\/wp-json\/wp\/v2\/types\/product"}],"replies":[{"embeddable":true,"href":"https:\/\/tellimused.stiilne.ee\/lt\/wp-json\/wp\/v2\/comments?post=267282"}],"wp:featuredmedia":[{"embeddable":true,"href":"https:\/\/tellimused.stiilne.ee\/lt\/wp-json\/wp\/v2\/media\/267283"}],"wp:attachment":[{"href":"https:\/\/tellimused.stiilne.ee\/lt\/wp-json\/wp\/v2\/media?parent=267282"}],"wp:term":[{"taxonomy":"product_brand","embeddable":true,"href":"https:\/\/tellimused.stiilne.ee\/lt\/wp-json\/wp\/v2\/product_brand?post=267282"},{"taxonomy":"product_cat","embeddable":true,"href":"https:\/\/tellimused.stiilne.ee\/lt\/wp-json\/wp\/v2\/product_cat?post=267282"},{"taxonomy":"product_tag","embeddable":true,"href":"https:\/\/tellimused.stiilne.ee\/lt\/wp-json\/wp\/v2\/product_tag?post=267282"}],"curies":[{"name":"wp","href":"https:\/\/api.w.org\/{rel}","templated":true}]}}