{"id":267288,"date":"2026-03-12T11:57:23","date_gmt":"2026-03-12T09:57:23","guid":{"rendered":"https:\/\/tellimused.stiilne.ee\/toode\/helkiv-ehtekomplekt-suda-punane-komplekti-kuulub-sudamekijuline-helkur-pross-ja-puansed-korvarongad-kohe-laos\/"},"modified":"2026-04-07T11:09:19","modified_gmt":"2026-04-07T08:09:19","slug":"blizgiu-papuosalu-rinkinys-sirdis-raudona-kuri-sudaro-sirdeles-formos-atsvaitas-ir-briaunuoti-auskarai-knyga-yra-sandelyje","status":"publish","type":"product","link":"https:\/\/tellimused.stiilne.ee\/lt\/produktas\/blizgiu-papuosalu-rinkinys-sirdis-raudona-kuri-sudaro-sirdeles-formos-atsvaitas-ir-briaunuoti-auskarai-knyga-yra-sandelyje\/","title":{"rendered":"Blizgi\u0173 papuo\u0161al\u0173 rinkinys &#8222;\u0160irdis raudona&#8221;, kur\u012f sudaro \u0161irdel\u0117s formos at\u0161vaitas ir briaunuoti auskarai-Knyga yra sand\u0117lyje"},"content":{"rendered":"<p>&nbsp;<\/p>\n<p>Gra\u017eus \u0161irdel\u0117s formos \u017eibantis papuo\u0161al\u0173 rinkinys puo\u0161ia ne\u0161iotoj\u0105 i\u0161tisus metus &#8211; tamsoje \u017eybsi ir seg\u0117, ir auskarai, o be at\u0161vaito papuo\u0161alus galima ne\u0161ioti ir kaip \u012fprastus papuo\u0161alus.<\/p>\n<p>Bro\u0161i\u016bros matmenys: plotis 6 cm, auk\u0161tis 6 cm<br \/>\nTvirtinimas: bro\u0161i\u016bros u\u017esegimas.<\/p>\n<p>Auskar\u0173 matmenys: plotis 2 cm, auk\u0161tis 1,5 cm<\/p>\n<p>Dydis: plotis 2 cm, auk\u0161tis 1,5 cm<br \/>\nTvirtinimas: lipduku<\/p>\n<p>Med\u017eiaga: plastikas ir ES standarto 3M scotchlite atspindin\u010dioji pl\u0117vel\u0117<\/p>\n<p>Papuo\u0161al\u0173 rinkinys supakuotas \u012f gra\u017ei\u0105 juod\u0105 dovan\u0173 d\u0117\u017eut\u0119.<\/p>\n<p>Produktas yra sand\u0117lyje ir per kelias dienas bus pristatytas \u012f siunt\u0173 ma\u0161in\u0105.<\/p>\n<p>U\u017esakymai, pateikti darbo dien\u0105 prie\u0161 nuorod\u0105, bus i\u0161si\u0173sti t\u0105 pa\u010di\u0105 dien\u0105.<\/p>\n","protected":false},"excerpt":{"rendered":"<p>&nbsp; Gra\u017eus \u0161irdel\u0117s formos \u017eibantis papuo\u0161al\u0173 rinkinys puo\u0161ia ne\u0161iotoj\u0105 i\u0161tisus metus &#8211; tamsoje \u017eybsi ir seg\u0117, ir auskarai, o be at\u0161vaito papuo\u0161alus galima ne\u0161ioti ir kaip \u012fprastus papuo\u0161alus. Bro\u0161i\u016bros matmenys: plotis 6 cm, auk\u0161tis 6 cm Tvirtinimas: bro\u0161i\u016bros u\u017esegimas. Auskar\u0173 matmenys: plotis 2 cm, auk\u0161tis 1,5 cm Dydis: plotis 2 cm, auk\u0161tis 1,5 cm Tvirtinimas: [&hellip;]<\/p>\n","protected":false},"featured_media":267289,"comment_status":"open","ping_status":"closed","template":"","meta":{"_acf_changed":false},"product_brand":[],"product_cat":[446],"product_tag":[],"class_list":{"0":"post-267288","1":"product","2":"type-product","3":"status-publish","4":"has-post-thumbnail","6":"product_cat-baia-decor-atsvaitai","7":"product_shipping_class-tarneaeg-1-4-paeva","9":"first","10":"instock","11":"taxable","12":"shipping-taxable","13":"purchasable","14":"product-type-variable","15":"has-default-attributes","16":"add-to-wishlist-after_add_to_cart"},"acf":[],"_links":{"self":[{"href":"https:\/\/tellimused.stiilne.ee\/lt\/wp-json\/wp\/v2\/product\/267288","targetHints":{"allow":["GET"]}}],"collection":[{"href":"https:\/\/tellimused.stiilne.ee\/lt\/wp-json\/wp\/v2\/product"}],"about":[{"href":"https:\/\/tellimused.stiilne.ee\/lt\/wp-json\/wp\/v2\/types\/product"}],"replies":[{"embeddable":true,"href":"https:\/\/tellimused.stiilne.ee\/lt\/wp-json\/wp\/v2\/comments?post=267288"}],"wp:featuredmedia":[{"embeddable":true,"href":"https:\/\/tellimused.stiilne.ee\/lt\/wp-json\/wp\/v2\/media\/267289"}],"wp:attachment":[{"href":"https:\/\/tellimused.stiilne.ee\/lt\/wp-json\/wp\/v2\/media?parent=267288"}],"wp:term":[{"taxonomy":"product_brand","embeddable":true,"href":"https:\/\/tellimused.stiilne.ee\/lt\/wp-json\/wp\/v2\/product_brand?post=267288"},{"taxonomy":"product_cat","embeddable":true,"href":"https:\/\/tellimused.stiilne.ee\/lt\/wp-json\/wp\/v2\/product_cat?post=267288"},{"taxonomy":"product_tag","embeddable":true,"href":"https:\/\/tellimused.stiilne.ee\/lt\/wp-json\/wp\/v2\/product_tag?post=267288"}],"curies":[{"name":"wp","href":"https:\/\/api.w.org\/{rel}","templated":true}]}}