{"id":267309,"date":"2026-03-12T11:56:32","date_gmt":"2026-03-12T09:56:32","guid":{"rendered":"https:\/\/tellimused.stiilne.ee\/toode\/mugavad-venivast-kangast-retuusid-aasalilled-kohe-laos-m38-viimased-jaanud\/"},"modified":"2026-04-07T11:09:17","modified_gmt":"2026-04-07T08:09:17","slug":"patogus-elastingas-audinys-retuus-pheasants-now-in-stock-m38-fashionable-leftovers","status":"publish","type":"product","link":"https:\/\/tellimused.stiilne.ee\/lt\/produktas\/patogus-elastingas-audinys-retuus-pheasants-now-in-stock-m38-fashionable-leftovers\/","title":{"rendered":"Patogus elastingas audinys retuus Pheasants- NOW IN STOCK M(38)-fashionable leftovers"},"content":{"rendered":"<p>&nbsp;<\/p>\n<p>Gra\u017eus g\u0117li\u0173 ra\u0161tais margintas retriveris pasi\u016btas i\u0161 plonesnio tampraus medvilninio audinio &#8211; retriveris tinka sportui arba kasdieniam d\u0117v\u0117jimui namuose ar laisvalaikiu. apatin\u0117 retriverio spalva yra tamsiai pilka, o pilk\u0105 vir\u0161utin\u0119 dal\u012f puo\u0161ia gra\u017eus g\u0117li\u0173 ra\u0161tas.<\/p>\n<p>Visi &#8222;Yemi Design&#8221; gaminiai sukurti ir pagaminti Estijoje ir yra 100 % rank\u0173 darbo<\/p>\n<p>Retriveriai dabar yra sand\u0117lyje &#8211; pristatymas 1-2 darbo dienos.<\/p>\n","protected":false},"excerpt":{"rendered":"<p>&nbsp; Gra\u017eus g\u0117li\u0173 ra\u0161tais margintas retriveris pasi\u016btas i\u0161 plonesnio tampraus medvilninio audinio &#8211; retriveris tinka sportui arba kasdieniam d\u0117v\u0117jimui namuose ar laisvalaikiu. apatin\u0117 retriverio spalva yra tamsiai pilka, o pilk\u0105 vir\u0161utin\u0119 dal\u012f puo\u0161ia gra\u017eus g\u0117li\u0173 ra\u0161tas. Visi &#8222;Yemi Design&#8221; gaminiai sukurti ir pagaminti Estijoje ir yra 100 % rank\u0173 darbo Retriveriai dabar yra sand\u0117lyje &#8211; [&hellip;]<\/p>\n","protected":false},"featured_media":267310,"comment_status":"open","ping_status":"closed","template":"","meta":{"_acf_changed":false},"product_brand":[],"product_cat":[442],"product_tag":[],"class_list":{"0":"post-267309","1":"product","2":"type-product","3":"status-publish","4":"has-post-thumbnail","6":"product_cat-yemi-disain-retusai","7":"product_shipping_class-tarneaeg-1-4-paeva","9":"first","10":"instock","11":"taxable","12":"shipping-taxable","13":"purchasable","14":"product-type-variable","15":"has-default-attributes","16":"add-to-wishlist-after_add_to_cart"},"acf":[],"_links":{"self":[{"href":"https:\/\/tellimused.stiilne.ee\/lt\/wp-json\/wp\/v2\/product\/267309","targetHints":{"allow":["GET"]}}],"collection":[{"href":"https:\/\/tellimused.stiilne.ee\/lt\/wp-json\/wp\/v2\/product"}],"about":[{"href":"https:\/\/tellimused.stiilne.ee\/lt\/wp-json\/wp\/v2\/types\/product"}],"replies":[{"embeddable":true,"href":"https:\/\/tellimused.stiilne.ee\/lt\/wp-json\/wp\/v2\/comments?post=267309"}],"wp:featuredmedia":[{"embeddable":true,"href":"https:\/\/tellimused.stiilne.ee\/lt\/wp-json\/wp\/v2\/media\/267310"}],"wp:attachment":[{"href":"https:\/\/tellimused.stiilne.ee\/lt\/wp-json\/wp\/v2\/media?parent=267309"}],"wp:term":[{"taxonomy":"product_brand","embeddable":true,"href":"https:\/\/tellimused.stiilne.ee\/lt\/wp-json\/wp\/v2\/product_brand?post=267309"},{"taxonomy":"product_cat","embeddable":true,"href":"https:\/\/tellimused.stiilne.ee\/lt\/wp-json\/wp\/v2\/product_cat?post=267309"},{"taxonomy":"product_tag","embeddable":true,"href":"https:\/\/tellimused.stiilne.ee\/lt\/wp-json\/wp\/v2\/product_tag?post=267309"}],"curies":[{"name":"wp","href":"https:\/\/api.w.org\/{rel}","templated":true}]}}