{"id":267316,"date":"2026-03-12T11:56:32","date_gmt":"2026-03-12T09:56:32","guid":{"rendered":"https:\/\/tellimused.stiilne.ee\/toode\/mugavad-venivast-kangast-retuusid-ounapuuoied-kohe-laos-koik-suurused-kohe-laos-koik-suurused\/"},"modified":"2026-04-07T11:09:15","modified_gmt":"2026-04-07T08:09:15","slug":"patogios-elastinio-audinio-rankines-apple-blossom-visu-dydziu-sandelyje-visu-dydziu-sandelyje-vieninteliai-sandelyje","status":"publish","type":"product","link":"https:\/\/tellimused.stiilne.ee\/lt\/produktas\/patogios-elastinio-audinio-rankines-apple-blossom-visu-dydziu-sandelyje-visu-dydziu-sandelyje-vieninteliai-sandelyje\/","title":{"rendered":"Patogios elastinio audinio rankin\u0117s Apple blossom-vis\u0173 dyd\u017ei\u0173 sand\u0117lyje-vis\u0173 dyd\u017ei\u0173 sand\u0117lyje-vieninteliai sand\u0117lyje"},"content":{"rendered":"<p>&nbsp;<\/p>\n<p>Gra\u017eus g\u0117li\u0173 ra\u0161tais margintas retriveris pasi\u016btas i\u0161 plonesnio tampraus medvilninio retriverio audinio &#8211; tinka sportui ar kasdieniam d\u0117v\u0117jimui namuose ar laisvalaikiu.<\/p>\n<p>Retriveris yra juodos spalvos, ant juodo pagrindo &#8211; \u017eydin\u010di\u0173 obel\u0173 \u017eied\u0173 ra\u0161tas.<\/p>\n<p>Visi &#8222;Yemi Design&#8221; gaminiai kuriami ir gaminami Estijoje ir yra 100 % rank\u0173 darbo<\/p>\n<p>Retu\u0161uv\u0117lis dabar yra sand\u0117lyje &#8211; pristatymo laikas kelios dienos<\/p>\n<p>U\u017esakymai, pateikti darbo dien\u0105 prie\u0161 v\u0117lavim\u0105, i\u0161siun\u010diami t\u0105 pa\u010di\u0105 dien\u0105, o tada siuntinys paprastai b\u016bna kit\u0105 dien\u0105.<\/p>\n","protected":false},"excerpt":{"rendered":"<p>&nbsp; Gra\u017eus g\u0117li\u0173 ra\u0161tais margintas retriveris pasi\u016btas i\u0161 plonesnio tampraus medvilninio retriverio audinio &#8211; tinka sportui ar kasdieniam d\u0117v\u0117jimui namuose ar laisvalaikiu. Retriveris yra juodos spalvos, ant juodo pagrindo &#8211; \u017eydin\u010di\u0173 obel\u0173 \u017eied\u0173 ra\u0161tas. Visi &#8222;Yemi Design&#8221; gaminiai kuriami ir gaminami Estijoje ir yra 100 % rank\u0173 darbo Retu\u0161uv\u0117lis dabar yra sand\u0117lyje &#8211; pristatymo laikas [&hellip;]<\/p>\n","protected":false},"featured_media":267317,"comment_status":"open","ping_status":"closed","template":"","meta":{"_acf_changed":false},"product_brand":[],"product_cat":[442],"product_tag":[],"class_list":{"0":"post-267316","1":"product","2":"type-product","3":"status-publish","4":"has-post-thumbnail","6":"product_cat-yemi-disain-retusai","7":"product_shipping_class-tarneaeg-1-4-paeva","9":"first","10":"instock","11":"taxable","12":"shipping-taxable","13":"purchasable","14":"product-type-variable","15":"has-default-attributes","16":"add-to-wishlist-after_add_to_cart"},"acf":[],"_links":{"self":[{"href":"https:\/\/tellimused.stiilne.ee\/lt\/wp-json\/wp\/v2\/product\/267316","targetHints":{"allow":["GET"]}}],"collection":[{"href":"https:\/\/tellimused.stiilne.ee\/lt\/wp-json\/wp\/v2\/product"}],"about":[{"href":"https:\/\/tellimused.stiilne.ee\/lt\/wp-json\/wp\/v2\/types\/product"}],"replies":[{"embeddable":true,"href":"https:\/\/tellimused.stiilne.ee\/lt\/wp-json\/wp\/v2\/comments?post=267316"}],"wp:featuredmedia":[{"embeddable":true,"href":"https:\/\/tellimused.stiilne.ee\/lt\/wp-json\/wp\/v2\/media\/267317"}],"wp:attachment":[{"href":"https:\/\/tellimused.stiilne.ee\/lt\/wp-json\/wp\/v2\/media?parent=267316"}],"wp:term":[{"taxonomy":"product_brand","embeddable":true,"href":"https:\/\/tellimused.stiilne.ee\/lt\/wp-json\/wp\/v2\/product_brand?post=267316"},{"taxonomy":"product_cat","embeddable":true,"href":"https:\/\/tellimused.stiilne.ee\/lt\/wp-json\/wp\/v2\/product_cat?post=267316"},{"taxonomy":"product_tag","embeddable":true,"href":"https:\/\/tellimused.stiilne.ee\/lt\/wp-json\/wp\/v2\/product_tag?post=267316"}],"curies":[{"name":"wp","href":"https:\/\/api.w.org\/{rel}","templated":true}]}}