{"id":267355,"date":"2026-03-12T11:54:17","date_gmt":"2026-03-12T09:54:17","guid":{"rendered":"https:\/\/tellimused.stiilne.ee\/toode\/toku-vildist-sussid-oko-toku-tumeroosad-kohe-laos\/"},"modified":"2026-04-07T11:09:14","modified_gmt":"2026-04-07T08:09:14","slug":"toku-veltinio-slepetes-eco-toku-tamsiai-rozines-spalvos-nemokamos","status":"publish","type":"product","link":"https:\/\/tellimused.stiilne.ee\/lt\/produktas\/toku-veltinio-slepetes-eco-toku-tamsiai-rozines-spalvos-nemokamos\/","title":{"rendered":"TOKU veltinio \u0161lepet\u0117s Eco-Toku tamsiai ro\u017ein\u0117s spalvos &#8211; NEMOKAMOS"},"content":{"rendered":"<p data-start=\"0\" data-end=\"87\"><strong data-start=\"0\" data-end=\"87\">Perdirbto veltinio TOKU \u0161lepet\u0117s &#8211; \u0161iltos, lengvos ir ekologi\u0161kos.<\/strong><\/p>\n<p data-start=\"89\" data-end=\"358\">\u0160ios patogios TOKU <strong data-start=\"102\" data-end=\"123\">veltinio \u0161lepet\u0117s<\/strong> pagamintos i\u0161 perdirbt\u0173 plastikini\u0173 buteli\u0173, tod\u0117l j\u016bs\u0173 kojoms bus \u0161ilta, o kartu palaikysite ekologi\u0161k\u0105 gyvenimo b\u016bd\u0105. D\u0117l mink\u0161tos veltinio vir\u0161utin\u0117s dalies ir plono neslystan\u010dio guminio pado \u0161ios \u0161lepet\u0117s idealiai tinka kasdieniam ne\u0161iojimui kambaryje. <\/p>\n<hr data-start=\"360\" data-end=\"363\">\n<p data-start=\"365\" data-end=\"404\"><strong data-start=\"365\" data-end=\"404\">Kod\u0117l verta rinktis TOKU veltinio \u0161lepetes?<\/strong><\/p>\n<ul data-start=\"406\" data-end=\"727\">\n<li data-start=\"406\" data-end=\"494\">\n<p data-start=\"408\" data-end=\"494\"><strong data-start=\"408\" data-end=\"439\">Aplinkai nekenksminga med\u017eiaga:<\/strong> vir\u0161us pagamintas i\u0161 perdirbt\u0173 plastikini\u0173 buteli\u0173.<\/p>\n<\/li>\n<li data-start=\"495\" data-end=\"532\">\n<p data-start=\"497\" data-end=\"532\"><strong data-start=\"497\" data-end=\"530\">Lengva ir patogu u\u017esid\u0117ti<\/strong><\/p>\n<\/li>\n<li data-start=\"533\" data-end=\"593\">\n<p data-start=\"535\" data-end=\"593\"><strong data-start=\"535\" data-end=\"557\">Kv\u0117puojanti ir \u0161ilta antklod\u0117,<\/strong> kad pir\u0161tai b\u016bt\u0173 \u0161ilti<\/p>\n<\/li>\n<li data-start=\"594\" data-end=\"649\">\n<p data-start=\"596\" data-end=\"649\"><strong data-start=\"596\" data-end=\"618\">Plonas guminis pagrindas,<\/strong> nepaliekantis \u017eymi\u0173 ant grind\u0173<\/p>\n<\/li>\n<li data-start=\"650\" data-end=\"727\">\n<p data-start=\"652\" data-end=\"727\">Jei j\u016bs\u0173 bat\u0173 numeris yra tarp \u0161i\u0173 dviej\u0173 dyd\u017ei\u0173, <strong data-start=\"693\" data-end=\"727\">rekomenduojame rinktis didesn\u012f dyd\u012f.<\/strong><\/p>\n<\/li>\n<\/ul>\n<p data-start=\"729\" data-end=\"855\">\u0160ios \u0161lepet\u0117s yra puiki <strong data-start=\"762\" data-end=\"807\">dovana sau ir artimiesiems<\/strong> &#8211; prakti\u0161kas, stilingas ir \u0161iltas pasirinkimas bet kokiems namams.<\/p>\n<hr data-start=\"857\" data-end=\"860\">\n<p data-start=\"862\" data-end=\"881\"><strong data-start=\"862\" data-end=\"881\">Lengva pri\u017ei\u016br\u0117ti<\/strong><\/p>\n<ul data-start=\"883\" data-end=\"1219\">\n<li data-start=\"883\" data-end=\"951\">\n<p data-start=\"885\" data-end=\"951\">Vilnonius vir\u0161\u016bn\u0117les galima pa\u0161alinti naudojant vir\u0161\u016bn\u0117li\u0173 \u0161alinimo priemon\u0119 arba \u012fprast\u0105 skustuv\u0105.<\/p>\n<\/li>\n<li data-start=\"952\" data-end=\"1032\">\n<p data-start=\"954\" data-end=\"1032\">Galima skalbti rankomis arba skalbimo ma\u0161inoje (30 \u00b0C, vilnos skalbimo re\u017eimas, vidutinis sukimas).<\/p>\n<\/li>\n<li data-start=\"1033\" data-end=\"1063\">\n<p data-start=\"1035\" data-end=\"1063\">Rekomenduojama skalbti skalbimo mai\u0161elyje<\/p>\n<\/li>\n<li data-start=\"1064\" data-end=\"1099\">\n<p data-start=\"1066\" data-end=\"1099\">Naudokite \u0161veln\u0173 vilnos plovikl\u012f<\/p>\n<\/li>\n<li data-start=\"1100\" data-end=\"1169\">\n<p data-start=\"1102\" data-end=\"1169\">D\u017eiovinkite oru; venkite d\u017eiovykl\u0173, radiatori\u0173 ir grindinio \u0161ildymo.<\/p>\n<\/li>\n<li data-start=\"1170\" data-end=\"1219\">\n<p data-start=\"1172\" data-end=\"1219\">PASTABA: skalbimas gali pakeisti odini\u0173 etike\u010di\u0173 i\u0161vaizd\u0105. <\/p>\n<\/li>\n<\/ul>\n<hr data-start=\"1221\" data-end=\"1224\">\n<p data-start=\"1226\" data-end=\"1246\"><strong data-start=\"1226\" data-end=\"1246\">Vidaus matmenys<\/strong><\/p>\n<div class=\"_tableContainer_1rjym_1\">\n<div class=\"group _tableWrapper_1rjym_13 flex w-fit flex-col-reverse\" tabindex=\"-1\">\n<table class=\"w-fit min-w-(--thread-content-width)\" data-start=\"1248\" data-end=\"1475\">\n<thead data-start=\"1248\" data-end=\"1282\">\n<tr data-start=\"1248\" data-end=\"1282\">\n<th data-start=\"1248\" data-end=\"1257\" data-col-size=\"sm\">Dydis<\/th>\n<th data-start=\"1257\" data-end=\"1282\" data-col-size=\"sm\">Vidpad\u017eio ilgis (cm)<\/th>\n<\/tr>\n<\/thead>\n<tbody data-start=\"1318\" data-end=\"1475\">\n<tr data-start=\"1318\" data-end=\"1331\">\n<td data-start=\"1318\" data-end=\"1323\" data-col-size=\"sm\">36<\/td>\n<td data-col-size=\"sm\" data-start=\"1323\" data-end=\"1331\">22,5<\/td>\n<\/tr>\n<tr data-start=\"1332\" data-end=\"1343\">\n<td data-start=\"1332\" data-end=\"1337\" data-col-size=\"sm\">37<\/td>\n<td data-col-size=\"sm\" data-start=\"1337\" data-end=\"1343\">23<\/td>\n<\/tr>\n<tr data-start=\"1344\" data-end=\"1357\">\n<td data-start=\"1344\" data-end=\"1349\" data-col-size=\"sm\">38<\/td>\n<td data-col-size=\"sm\" data-start=\"1349\" data-end=\"1357\">23,5<\/td>\n<\/tr>\n<tr data-start=\"1358\" data-end=\"1371\">\n<td data-start=\"1358\" data-end=\"1363\" data-col-size=\"sm\">39<\/td>\n<td data-col-size=\"sm\" data-start=\"1363\" data-end=\"1371\">24,5<\/td>\n<\/tr>\n<tr data-start=\"1372\" data-end=\"1383\">\n<td data-start=\"1372\" data-end=\"1377\" data-col-size=\"sm\">40<\/td>\n<td data-col-size=\"sm\" data-start=\"1377\" data-end=\"1383\">25<\/td>\n<\/tr>\n<tr data-start=\"1384\" data-end=\"1397\">\n<td data-start=\"1384\" data-end=\"1389\" data-col-size=\"sm\">41<\/td>\n<td data-col-size=\"sm\" data-start=\"1389\" data-end=\"1397\">25,5<\/td>\n<\/tr>\n<tr data-start=\"1398\" data-end=\"1409\">\n<td data-start=\"1398\" data-end=\"1403\" data-col-size=\"sm\">42<\/td>\n<td data-col-size=\"sm\" data-start=\"1403\" data-end=\"1409\">26<\/td>\n<\/tr>\n<tr data-start=\"1410\" data-end=\"1423\">\n<td data-start=\"1410\" data-end=\"1415\" data-col-size=\"sm\">43<\/td>\n<td data-col-size=\"sm\" data-start=\"1415\" data-end=\"1423\">26,5<\/td>\n<\/tr>\n<tr data-start=\"1424\" data-end=\"1437\">\n<td data-start=\"1424\" data-end=\"1429\" data-col-size=\"sm\">44<\/td>\n<td data-col-size=\"sm\" data-start=\"1429\" data-end=\"1437\">27,5<\/td>\n<\/tr>\n<tr data-start=\"1438\" data-end=\"1449\">\n<td data-start=\"1438\" data-end=\"1443\" data-col-size=\"sm\">45<\/td>\n<td data-start=\"1443\" data-end=\"1449\" data-col-size=\"sm\">28<\/td>\n<\/tr>\n<tr data-start=\"1450\" data-end=\"1461\">\n<td data-start=\"1450\" data-end=\"1455\" data-col-size=\"sm\">46<\/td>\n<td data-col-size=\"sm\" data-start=\"1455\" data-end=\"1461\">29<\/td>\n<\/tr>\n<tr data-start=\"1462\" data-end=\"1475\">\n<td data-start=\"1462\" data-end=\"1467\" data-col-size=\"sm\">47<\/td>\n<td data-col-size=\"sm\" data-start=\"1467\" data-end=\"1475\">29,5<\/td>\n<\/tr>\n<\/tbody>\n<\/table>\n<\/div>\n<\/div>\n<p>\u017deton\u0173 pristatymo laikas &#8211; 1-4 dienos.<\/p>\n","protected":false},"excerpt":{"rendered":"<p>Perdirbto veltinio TOKU \u0161lepet\u0117s &#8211; \u0161iltos, lengvos ir ekologi\u0161kos. \u0160ios patogios TOKU veltinio \u0161lepet\u0117s pagamintos i\u0161 perdirbt\u0173 plastikini\u0173 buteli\u0173, tod\u0117l j\u016bs\u0173 kojoms bus \u0161ilta, o kartu palaikysite ekologi\u0161k\u0105 gyvenimo b\u016bd\u0105. D\u0117l mink\u0161tos veltinio vir\u0161utin\u0117s dalies ir plono neslystan\u010dio guminio pado \u0161ios \u0161lepet\u0117s idealiai tinka kasdieniam ne\u0161iojimui kambaryje. Kod\u0117l verta rinktis TOKU veltinio \u0161lepetes? Aplinkai nekenksminga [&hellip;]<\/p>\n","protected":false},"featured_media":267356,"comment_status":"open","ping_status":"closed","template":"","meta":{"_acf_changed":false},"product_brand":[],"product_cat":[319,371,372],"product_tag":[],"class_list":{"0":"post-267355","1":"product","2":"type-product","3":"status-publish","4":"has-post-thumbnail","6":"product_cat-dovanos-moterims","7":"product_cat-slepetes","8":"product_cat-toku-ranku-darbo-slepetes","10":"first","11":"instock","12":"taxable","13":"shipping-taxable","14":"purchasable","15":"product-type-variable","16":"has-default-attributes","17":"add-to-wishlist-after_add_to_cart"},"acf":[],"_links":{"self":[{"href":"https:\/\/tellimused.stiilne.ee\/lt\/wp-json\/wp\/v2\/product\/267355","targetHints":{"allow":["GET"]}}],"collection":[{"href":"https:\/\/tellimused.stiilne.ee\/lt\/wp-json\/wp\/v2\/product"}],"about":[{"href":"https:\/\/tellimused.stiilne.ee\/lt\/wp-json\/wp\/v2\/types\/product"}],"replies":[{"embeddable":true,"href":"https:\/\/tellimused.stiilne.ee\/lt\/wp-json\/wp\/v2\/comments?post=267355"}],"wp:featuredmedia":[{"embeddable":true,"href":"https:\/\/tellimused.stiilne.ee\/lt\/wp-json\/wp\/v2\/media\/267356"}],"wp:attachment":[{"href":"https:\/\/tellimused.stiilne.ee\/lt\/wp-json\/wp\/v2\/media?parent=267355"}],"wp:term":[{"taxonomy":"product_brand","embeddable":true,"href":"https:\/\/tellimused.stiilne.ee\/lt\/wp-json\/wp\/v2\/product_brand?post=267355"},{"taxonomy":"product_cat","embeddable":true,"href":"https:\/\/tellimused.stiilne.ee\/lt\/wp-json\/wp\/v2\/product_cat?post=267355"},{"taxonomy":"product_tag","embeddable":true,"href":"https:\/\/tellimused.stiilne.ee\/lt\/wp-json\/wp\/v2\/product_tag?post=267355"}],"curies":[{"name":"wp","href":"https:\/\/api.w.org\/{rel}","templated":true}]}}