{"id":267444,"date":"2026-03-12T11:47:00","date_gmt":"2026-03-12T09:47:00","guid":{"rendered":"https:\/\/tellimused.stiilne.ee\/toode\/huppa-pehmest-longast-sugis-talvine-unisexsobib-nii-naistele-kui-meestele-muts-ever-must-kohe-laos\/"},"modified":"2026-04-07T11:09:10","modified_gmt":"2026-04-07T08:09:10","slug":"huppa-minkstu-siulu-rudens-ziemos-unisex-tinka-ir-vyrams-ir-moterims-kepure-ever-juoda-naudojame-cia","status":"publish","type":"product","link":"https:\/\/tellimused.stiilne.ee\/lt\/produktas\/huppa-minkstu-siulu-rudens-ziemos-unisex-tinka-ir-vyrams-ir-moterims-kepure-ever-juoda-naudojame-cia\/","title":{"rendered":"HUPPA mink\u0161t\u0173 si\u016bl\u0173 rudens-\u017eiemos unisex (tinka ir vyrams, ir moterims) kepur\u0117 Ever juoda &#8211; NAUDOJAME \u010cIA"},"content":{"rendered":"<p>&nbsp;<\/p>\n<p>Maloni \u0161ilta kepur\u0117 Ever megzta i\u0161 mink\u0161t\u0173 si\u016bl\u0173, puikiai tinka d\u0117v\u0117ti rudens-\u017eiemos sezonu &#8211; saugo galv\u0105 nuo \u0161alto v\u0117jo<\/p>\n<p>Kepur\u0117 pagaminta i\u0161 100 % akrilo &#8211; geros mink\u0161tos med\u017eiagos, nuo kurios neskauda galvos<\/p>\n<p>Kepur\u0117 Ever yra unisex modelis &#8211; tinka tiek vyrams, tiek moterims<\/p>\n<p>Kepur\u0117 dabar yra sand\u0117lyje &#8211; pristatymo laikas kelios dienos.<\/p>\n<p>&nbsp;<\/p>\n<p>&nbsp;<\/p>\n","protected":false},"excerpt":{"rendered":"<p>&nbsp; Maloni \u0161ilta kepur\u0117 Ever megzta i\u0161 mink\u0161t\u0173 si\u016bl\u0173, puikiai tinka d\u0117v\u0117ti rudens-\u017eiemos sezonu &#8211; saugo galv\u0105 nuo \u0161alto v\u0117jo Kepur\u0117 pagaminta i\u0161 100 % akrilo &#8211; geros mink\u0161tos med\u017eiagos, nuo kurios neskauda galvos Kepur\u0117 Ever yra unisex modelis &#8211; tinka tiek vyrams, tiek moterims Kepur\u0117 dabar yra sand\u0117lyje &#8211; pristatymo laikas kelios dienos. &nbsp; [&hellip;]<\/p>\n","protected":false},"featured_media":267445,"comment_status":"open","ping_status":"closed","template":"","meta":{"_acf_changed":false},"product_brand":[],"product_cat":[264],"product_tag":[],"class_list":{"0":"post-267444","1":"product","2":"type-product","3":"status-publish","4":"has-post-thumbnail","6":"product_cat-kepures-pirstines-salikai","7":"product_shipping_class-tarneaeg-1-4-paeva","9":"first","10":"instock","11":"sale","12":"taxable","13":"shipping-taxable","14":"purchasable","15":"product-type-variable","16":"has-default-attributes","17":"add-to-wishlist-after_add_to_cart"},"acf":[],"_links":{"self":[{"href":"https:\/\/tellimused.stiilne.ee\/lt\/wp-json\/wp\/v2\/product\/267444","targetHints":{"allow":["GET"]}}],"collection":[{"href":"https:\/\/tellimused.stiilne.ee\/lt\/wp-json\/wp\/v2\/product"}],"about":[{"href":"https:\/\/tellimused.stiilne.ee\/lt\/wp-json\/wp\/v2\/types\/product"}],"replies":[{"embeddable":true,"href":"https:\/\/tellimused.stiilne.ee\/lt\/wp-json\/wp\/v2\/comments?post=267444"}],"wp:featuredmedia":[{"embeddable":true,"href":"https:\/\/tellimused.stiilne.ee\/lt\/wp-json\/wp\/v2\/media\/267445"}],"wp:attachment":[{"href":"https:\/\/tellimused.stiilne.ee\/lt\/wp-json\/wp\/v2\/media?parent=267444"}],"wp:term":[{"taxonomy":"product_brand","embeddable":true,"href":"https:\/\/tellimused.stiilne.ee\/lt\/wp-json\/wp\/v2\/product_brand?post=267444"},{"taxonomy":"product_cat","embeddable":true,"href":"https:\/\/tellimused.stiilne.ee\/lt\/wp-json\/wp\/v2\/product_cat?post=267444"},{"taxonomy":"product_tag","embeddable":true,"href":"https:\/\/tellimused.stiilne.ee\/lt\/wp-json\/wp\/v2\/product_tag?post=267444"}],"curies":[{"name":"wp","href":"https:\/\/api.w.org\/{rel}","templated":true}]}}