{"id":267448,"date":"2026-03-12T11:47:00","date_gmt":"2026-03-12T09:47:00","guid":{"rendered":"https:\/\/tellimused.stiilne.ee\/toode\/huppa-pehmest-longast-sugis-talvine-muts-ever-fuksiaroosa-kohe-laos\/"},"modified":"2026-04-07T11:09:13","modified_gmt":"2026-04-07T08:09:13","slug":"huppa-minkstu-siulu-rudens-ziemos-kepure-ever-fuksija-rozine-naudojame","status":"publish","type":"product","link":"https:\/\/tellimused.stiilne.ee\/lt\/produktas\/huppa-minkstu-siulu-rudens-ziemos-kepure-ever-fuksija-rozine-naudojame\/","title":{"rendered":"HUPPA mink\u0161t\u0173 si\u016bl\u0173 rudens-\u017eiemos kepur\u0117 Ever fuksija-ro\u017ein\u0117 &#8211; NAUDOJAME"},"content":{"rendered":"<p>&nbsp;<\/p>\n<p>Maloni \u0161ilta kepur\u0117, megzta i\u0161 mink\u0161t\u0173 si\u016bl\u0173 Kada nors puikiai tinka d\u0117v\u0117ti rudens-\u017eiemos sezono metu &#8211; saugo galv\u0105 nuo \u0161alto v\u0117jo<\/p>\n<p>Kepur\u0117 pagaminta i\u0161 100 % akrilo &#8211; geros mink\u0161tos med\u017eiagos, nuo kurios neskauda galvos<\/p>\n<p>Kepur\u0117 yra sand\u0117lyje dabar &#8211; pristatymo laikas &#8211; kelios dienos.<\/p>\n<p>&nbsp;<\/p>\n<p>&nbsp;<\/p>\n","protected":false},"excerpt":{"rendered":"<p>&nbsp; Maloni \u0161ilta kepur\u0117, megzta i\u0161 mink\u0161t\u0173 si\u016bl\u0173 Kada nors puikiai tinka d\u0117v\u0117ti rudens-\u017eiemos sezono metu &#8211; saugo galv\u0105 nuo \u0161alto v\u0117jo Kepur\u0117 pagaminta i\u0161 100 % akrilo &#8211; geros mink\u0161tos med\u017eiagos, nuo kurios neskauda galvos Kepur\u0117 yra sand\u0117lyje dabar &#8211; pristatymo laikas &#8211; kelios dienos. &nbsp; &nbsp;<\/p>\n","protected":false},"featured_media":267449,"comment_status":"open","ping_status":"closed","template":"","meta":{"_acf_changed":false},"product_brand":[],"product_cat":[264],"product_tag":[],"class_list":{"0":"post-267448","1":"product","2":"type-product","3":"status-publish","4":"has-post-thumbnail","6":"product_cat-kepures-pirstines-salikai","7":"product_shipping_class-tarneaeg-1-4-paeva","9":"first","10":"instock","11":"sale","12":"taxable","13":"shipping-taxable","14":"purchasable","15":"product-type-variable","16":"has-default-attributes","17":"add-to-wishlist-after_add_to_cart"},"acf":[],"_links":{"self":[{"href":"https:\/\/tellimused.stiilne.ee\/lt\/wp-json\/wp\/v2\/product\/267448","targetHints":{"allow":["GET"]}}],"collection":[{"href":"https:\/\/tellimused.stiilne.ee\/lt\/wp-json\/wp\/v2\/product"}],"about":[{"href":"https:\/\/tellimused.stiilne.ee\/lt\/wp-json\/wp\/v2\/types\/product"}],"replies":[{"embeddable":true,"href":"https:\/\/tellimused.stiilne.ee\/lt\/wp-json\/wp\/v2\/comments?post=267448"}],"wp:featuredmedia":[{"embeddable":true,"href":"https:\/\/tellimused.stiilne.ee\/lt\/wp-json\/wp\/v2\/media\/267449"}],"wp:attachment":[{"href":"https:\/\/tellimused.stiilne.ee\/lt\/wp-json\/wp\/v2\/media?parent=267448"}],"wp:term":[{"taxonomy":"product_brand","embeddable":true,"href":"https:\/\/tellimused.stiilne.ee\/lt\/wp-json\/wp\/v2\/product_brand?post=267448"},{"taxonomy":"product_cat","embeddable":true,"href":"https:\/\/tellimused.stiilne.ee\/lt\/wp-json\/wp\/v2\/product_cat?post=267448"},{"taxonomy":"product_tag","embeddable":true,"href":"https:\/\/tellimused.stiilne.ee\/lt\/wp-json\/wp\/v2\/product_tag?post=267448"}],"curies":[{"name":"wp","href":"https:\/\/api.w.org\/{rel}","templated":true}]}}