{"id":267462,"date":"2026-03-12T11:46:59","date_gmt":"2026-03-12T09:46:59","guid":{"rendered":"https:\/\/tellimused.stiilne.ee\/toode\/huppa-noel-meriinovillane-kaelus-sall-fuksiaroosa-kohe-laos\/"},"modified":"2026-04-07T11:09:12","modified_gmt":"2026-04-07T08:09:12","slug":"huppa-noel-merino-vilnos-salikas-salikai-fuksiju-rozines-spalvos-knyga-yra-sandelyje","status":"publish","type":"product","link":"https:\/\/tellimused.stiilne.ee\/lt\/produktas\/huppa-noel-merino-vilnos-salikas-salikai-fuksiju-rozines-spalvos-knyga-yra-sandelyje\/","title":{"rendered":"HUPPA NOEL merino vilnos \u0161alikas-\u0161alikai, fuksij\u0173-ro\u017ein\u0117s spalvos &#8211; Knyga yra sand\u0117lyje"},"content":{"rendered":"<p data-start=\"0\" data-end=\"80\"><strong data-start=\"0\" data-end=\"80\">Merino vilnos apykakl\u0117s ir liemens \u0161alikas &#8211; \u0161iltas, mink\u0161tas ir puikiai tinka \u0161altam orui.<\/strong><\/p>\n<p data-start=\"82\" data-end=\"349\">\u0160is <strong data-start=\"110\" data-end=\"137\">merino vilnos \u0161alikas<\/strong> suaugusiesiems suteikia jaukumo ir \u0161ilumos kaklui bei apsaugo nuo rudens ir \u017eiemos v\u0117j\u0173. Kaklaskar\u0117 i\u0161austa i\u0161 mink\u0161to merino vilnos mi\u0161inio, kuris yra \u0161iltas, pralaidus orui ir labai patogus odai &#8211; puikiai tinka kasdieniam ne\u0161iojimui \u0161altu oru. <\/p>\n<p data-start=\"351\" data-end=\"531\">Prakti\u0161kas ir universalus modelis: <strong data-start=\"384\" data-end=\"419\">vamzdin\u012f \u0161alik\u0105 galima d\u0117v\u0117ti ir kaip kepur\u0119<\/strong>, tod\u0117l jis yra ypa\u010d universalus ir patogus \u017eiemos aksesuaras. Unisex dizainas tinka ir vyrams, ir moterims. <\/p>\n<p data-start=\"533\" data-end=\"695\">Merino vilnos apykakl\u0117 <strong data-start=\"558\" data-end=\"578\">jau yra sand\u0117lyje<\/strong> ir \u012f siunt\u0173 skyri\u0173 atkeliaus per kelias dienas &#8211; pasirinkite \u0161ilt\u0105 ir prakti\u0161k\u0105 \u0161alto oro palydov\u0105 sau ar mylimam \u017emogui.<\/p>\n<p>&nbsp;<\/p>\n<p>&nbsp;<\/p>\n<p>&nbsp;<\/p>\n","protected":false},"excerpt":{"rendered":"<p>Merino vilnos apykakl\u0117s ir liemens \u0161alikas &#8211; \u0161iltas, mink\u0161tas ir puikiai tinka \u0161altam orui. \u0160is merino vilnos \u0161alikas suaugusiesiems suteikia jaukumo ir \u0161ilumos kaklui bei apsaugo nuo rudens ir \u017eiemos v\u0117j\u0173. Kaklaskar\u0117 i\u0161austa i\u0161 mink\u0161to merino vilnos mi\u0161inio, kuris yra \u0161iltas, pralaidus orui ir labai patogus odai &#8211; puikiai tinka kasdieniam ne\u0161iojimui \u0161altu oru. Prakti\u0161kas [&hellip;]<\/p>\n","protected":false},"featured_media":267463,"comment_status":"open","ping_status":"closed","template":"","meta":{"_acf_changed":false},"product_brand":[],"product_cat":[319,264],"product_tag":[],"class_list":{"0":"post-267462","1":"product","2":"type-product","3":"status-publish","4":"has-post-thumbnail","6":"product_cat-dovanos-moterims","7":"product_cat-kepures-pirstines-salikai","8":"product_shipping_class-tarneaeg-1-4-paeva","10":"first","11":"instock","12":"sale","13":"taxable","14":"shipping-taxable","15":"purchasable","16":"product-type-variable","17":"has-default-attributes","18":"add-to-wishlist-after_add_to_cart"},"acf":[],"_links":{"self":[{"href":"https:\/\/tellimused.stiilne.ee\/lt\/wp-json\/wp\/v2\/product\/267462","targetHints":{"allow":["GET"]}}],"collection":[{"href":"https:\/\/tellimused.stiilne.ee\/lt\/wp-json\/wp\/v2\/product"}],"about":[{"href":"https:\/\/tellimused.stiilne.ee\/lt\/wp-json\/wp\/v2\/types\/product"}],"replies":[{"embeddable":true,"href":"https:\/\/tellimused.stiilne.ee\/lt\/wp-json\/wp\/v2\/comments?post=267462"}],"wp:featuredmedia":[{"embeddable":true,"href":"https:\/\/tellimused.stiilne.ee\/lt\/wp-json\/wp\/v2\/media\/267463"}],"wp:attachment":[{"href":"https:\/\/tellimused.stiilne.ee\/lt\/wp-json\/wp\/v2\/media?parent=267462"}],"wp:term":[{"taxonomy":"product_brand","embeddable":true,"href":"https:\/\/tellimused.stiilne.ee\/lt\/wp-json\/wp\/v2\/product_brand?post=267462"},{"taxonomy":"product_cat","embeddable":true,"href":"https:\/\/tellimused.stiilne.ee\/lt\/wp-json\/wp\/v2\/product_cat?post=267462"},{"taxonomy":"product_tag","embeddable":true,"href":"https:\/\/tellimused.stiilne.ee\/lt\/wp-json\/wp\/v2\/product_tag?post=267462"}],"curies":[{"name":"wp","href":"https:\/\/api.w.org\/{rel}","templated":true}]}}