{"id":267499,"date":"2026-03-12T11:43:13","date_gmt":"2026-03-12T09:43:13","guid":{"rendered":"https:\/\/tellimused.stiilne.ee\/toode\/eritellimusel-taskutega-pusakleit-lagedi-kooli-opilastele-vali-must-sinine-voi-kollane\/"},"modified":"2026-03-12T11:43:13","modified_gmt":"2026-03-12T09:43:13","slug":"eritellimusel-taskutega-pusakleit-lagedi-kooli-opilastele-vali-must-sinine-voi-kollane","status":"publish","type":"product","link":"https:\/\/tellimused.stiilne.ee\/lt\/produktas\/eritellimusel-taskutega-pusakleit-lagedi-kooli-opilastele-vali-must-sinine-voi-kollane\/","title":{"rendered":"ERITELLIMUSEL  taskutega pusakleit  Lagedi Kooli \u00f5pilastele- VALI MUST, SININE V\u00d5I KOLLANE"},"content":{"rendered":"<p>&nbsp;<\/p>\n<p>M\u00f5nus ja pehme puuvillasest kangast Eestis k\u00e4sit\u00f6\u00f6na valminud taskutega pusakleit.<\/p>\n<p>Pusakleidi\u00a0 materjaliks on 95% puuvill ja 5% elastaan-sobib aastaringselt kandmiseks<\/p>\n<p>Pusakleidi\u00a0 rinnal mustal ja sinisel kleidil valge 3D- tr\u00fckiga tekst Lagedi Kool, kollasel kleidil musta tr\u00fckiga tekst<\/p>\n<p>Kleiti saab tellida nii mustas, kollases kui ka sinises toonis- sinine ja kollane v\u00e4rvitoon ja kangas on sama nagu Lagedi Kooli pusadel<\/p>\n<p>Laste pusakleidi m\u00f5\u00f5dud suuruste l\u00f5ikes j\u00e4rjestuses 110-164 cm on j\u00e4rgmised:<\/p>\n<p>Rinna \u00fcmberm\u00f5\u00f5t\u00a0 \u00a074, 80, 84, 90, 96 cm<\/p>\n<p>Puusa \u00fcmberm\u00f5\u00f5t taskute alt\u00a0 83, 88, 93, 100, 105 cm<\/p>\n<p>Selja pikkus selja keskelt\u00a0 \u00a060, 66, 71, 77, 83 cm<\/p>\n<p>\u00d5lapunktide vahe\u00a0 30, 32, 34, 37, 40 cm<\/p>\n<p>Varruka pikkus koos mansetiga\u00a0 42, 46, 50, 55, 60 cm<\/p>\n<p><strong>NB!2025 \u00f5ppeaasta s\u00fcgise LAGEDI KOOLI PUSAKLEITIDE PARTII L\u00c4HEB LUKKU <\/strong><\/p>\n<p><strong>29. septembril<\/strong><\/p>\n<p>&nbsp;<\/p>\n","protected":false},"excerpt":{"rendered":"<p>&nbsp; M\u00f5nus ja pehme puuvillasest kangast Eestis k\u00e4sit\u00f6\u00f6na valminud taskutega pusakleit. Pusakleidi\u00a0 materjaliks on 95% puuvill ja 5% elastaan-sobib aastaringselt kandmiseks Pusakleidi\u00a0 rinnal mustal ja sinisel kleidil valge 3D- tr\u00fckiga tekst Lagedi Kool, kollasel kleidil musta tr\u00fckiga tekst Kleiti saab tellida nii mustas, kollases kui ka sinises toonis- sinine ja kollane v\u00e4rvitoon ja kangas on [&hellip;]<\/p>\n","protected":false},"featured_media":267500,"comment_status":"open","ping_status":"closed","template":"","meta":{"_acf_changed":false},"product_brand":[],"product_cat":[455],"product_tag":[],"class_list":{"0":"post-267499","1":"product","2":"type-product","3":"status-publish","4":"has-post-thumbnail","6":"product_cat-lagedi-mokyklos-sijonai-sukneles","8":"first","9":"instock","10":"taxable","11":"shipping-taxable","12":"purchasable","13":"product-type-variable","14":"has-default-attributes","15":"add-to-wishlist-after_add_to_cart"},"acf":[],"_links":{"self":[{"href":"https:\/\/tellimused.stiilne.ee\/lt\/wp-json\/wp\/v2\/product\/267499","targetHints":{"allow":["GET"]}}],"collection":[{"href":"https:\/\/tellimused.stiilne.ee\/lt\/wp-json\/wp\/v2\/product"}],"about":[{"href":"https:\/\/tellimused.stiilne.ee\/lt\/wp-json\/wp\/v2\/types\/product"}],"replies":[{"embeddable":true,"href":"https:\/\/tellimused.stiilne.ee\/lt\/wp-json\/wp\/v2\/comments?post=267499"}],"wp:featuredmedia":[{"embeddable":true,"href":"https:\/\/tellimused.stiilne.ee\/lt\/wp-json\/wp\/v2\/media\/267500"}],"wp:attachment":[{"href":"https:\/\/tellimused.stiilne.ee\/lt\/wp-json\/wp\/v2\/media?parent=267499"}],"wp:term":[{"taxonomy":"product_brand","embeddable":true,"href":"https:\/\/tellimused.stiilne.ee\/lt\/wp-json\/wp\/v2\/product_brand?post=267499"},{"taxonomy":"product_cat","embeddable":true,"href":"https:\/\/tellimused.stiilne.ee\/lt\/wp-json\/wp\/v2\/product_cat?post=267499"},{"taxonomy":"product_tag","embeddable":true,"href":"https:\/\/tellimused.stiilne.ee\/lt\/wp-json\/wp\/v2\/product_tag?post=267499"}],"curies":[{"name":"wp","href":"https:\/\/api.w.org\/{rel}","templated":true}]}}