{"id":267526,"date":"2026-03-12T11:41:24","date_gmt":"2026-03-12T09:41:24","guid":{"rendered":"https:\/\/tellimused.stiilne.ee\/toode\/huppa-naiste-talveparka-vivian-roheline-kunstkarvaga200gr-soojustusega\/"},"modified":"2026-04-07T11:09:46","modified_gmt":"2026-04-07T08:09:46","slug":"huppa-moteriska-ziemine-striuke-vivian-zalia-su-dirbtiniu-kailiu-apsiltinta-200-g","status":"publish","type":"product","link":"https:\/\/tellimused.stiilne.ee\/lt\/produktas\/huppa-moteriska-ziemine-striuke-vivian-zalia-su-dirbtiniu-kailiu-apsiltinta-200-g\/","title":{"rendered":"&#8222;Huppa&#8221; moteri\u0161ka \u017eiemin\u0117 striuk\u0117 Vivian \u017ealia su dirbtiniu kailiu (ap\u0161iltinta 200 g)"},"content":{"rendered":"<article class=\"text-token-text-primary w-full focus:outline-none scroll-mt-[calc(var(--header-height)+min(200px,max(70px,20svh)))]\" dir=\"auto\" tabindex=\"-1\" data-turn-id=\"request-WEB:2ed5a249-c659-4b3e-9115-8141e935e367-2\" data-testid=\"conversation-turn-6\" data-scroll-anchor=\"false\" data-turn=\"assistant\">\n<div class=\"text-base my-auto mx-auto [--thread-content-margin:--spacing(4)] @[37rem]:[--thread-content-margin:--spacing(6)] @[72rem]:[--thread-content-margin:--spacing(16)] px-(--thread-content-margin)\">\n<div class=\"[--thread-content-max-width:32rem] @[34rem]:[--thread-content-max-width:40rem] @[64rem]:[--thread-content-max-width:48rem] mx-auto max-w-(--thread-content-max-width) flex-1 group\/turn-messages focus-visible:outline-hidden relative flex w-full min-w-0 flex-col agent-turn\" tabindex=\"-1\">\n<div class=\"flex max-w-full flex-col grow\">\n<div class=\"min-h-8 text-message relative flex w-full flex-col items-end gap-2 text-start break-words whitespace-normal [.text-message+&amp;]:mt-5\" dir=\"auto\" data-message-author-role=\"assistant\" data-message-id=\"e3a89ef9-0af3-4c77-a722-091208b2495b\" data-message-model-slug=\"gpt-5\">\n<div class=\"flex w-full flex-col gap-1 empty:hidden first:pt-[3px]\">\n<div class=\"markdown prose dark:prose-invert w-full break-words light markdown-new-styling\">\n<h1 data-start=\"225\" data-end=\"311\"><strong data-start=\"227\" data-end=\"309\">&#8222;Huppa Vivian&#8221; moteri\u0161ka \u017eiemin\u0117 striuk\u0117 &#8211; \u0161iltas ir stilingas pasirinkimas \u0161altomis \u017eiemos dienomis<\/strong><\/h1>\n<p data-start=\"313\" data-end=\"549\">Jei ie\u0161kote <strong data-start=\"361\" data-end=\"389\">\u0161ilto, patogaus ir patvaraus<\/strong> <strong data-start=\"323\" data-end=\"344\">moteri\u0161ko \u017eieminio palto<\/strong>, &#8222;Huppa Vivian&#8221; yra tinkamas pasirinkimas. \u0160i <strong data-start=\"433\" data-end=\"462\">v\u0117jui ir vandeniui atspari parka<\/strong> gali atlaikyti at\u0161iaurius Estijos \u017eiemos orus ir kartu atrodyti stilingai ir moteri\u0161kai. <\/p>\n<p data-start=\"551\" data-end=\"763\">200 g izoliacijos ir mink\u0161tas kailio pamu\u0161alas nugaroje u\u017etikrins \u0161ilum\u0105 net \u0161altuoju met\u0173 laiku. Kapi\u0161onas yra i\u0161 juodo dirbtinio kailio ir nuimamas sagtimi, tod\u0117l galite j\u012f d\u0117v\u0117ti taip, kaip jums patinka. <\/p>\n<hr data-start=\"765\" data-end=\"768\">\n<h2 data-start=\"770\" data-end=\"815\"><strong data-start=\"773\" data-end=\"813\">Kod\u0117l verta rinktis &#8222;Huppa Vivian&#8221; \u017eiemin\u0119 striuk\u0119?<\/strong><\/h2>\n<p data-start=\"817\" data-end=\"1379\"> <strong data-start=\"819\" data-end=\"847\">100 % atsparus v\u0117jui ir vandeniui<\/strong> &#8211; atsparumas vandeniui 10 000 mm, orui laidumas 10 000 g\/m\u00b2<br data-start=\"892\" data-end=\"895\"> <strong data-start=\"897\" data-end=\"914\">\u0160ilta<\/strong> &#8211; 200 g satino izoliacija ir kailinis pamu\u0161alas nugaroje bei gobtuvo viduje<br data-start=\"950\" data-end=\"953\"> <strong data-start=\"955\" data-end=\"988\">Vandeniui atsparios lipnios si\u016bl\u0117s<\/strong> &#8211; apsaugo nuo dr\u0117gm\u0117s lyjant lietui ir sningant<br data-start=\"1027\" data-end=\"1030\"> <strong data-start=\"1032\" data-end=\"1064\">Sukirpta pagal moteri\u0161k\u0105 fig\u016br\u0105<\/strong> &#8211; liemuo reguliuojamas i\u0161 vidin\u0117s pus\u0117s elastine juosta<br data-start=\"1103\" data-end=\"1106\"> <strong data-start=\"1108\" data-end=\"1139\">Dviej\u0173 kryp\u010di\u0173 u\u017etrauktukas priekyje<\/strong> &#8211; patogu s\u0117d\u0117ti ir va\u017eiuoti<br data-start=\"1173\" data-end=\"1176\"> <strong data-start=\"1178\" data-end=\"1206\">Daug prakti\u0161k\u0173 ki\u0161eni\u0173<\/strong> &#8211; priekin\u0117s ki\u0161en\u0117s su u\u017etrauktukais, magnetin\u0117s ki\u0161en\u0117s vir\u0161uje, vidin\u0117 ki\u0161en\u0117 su u\u017etrauktuku nugaroje.<\/p>\n<p data-start=\"817\" data-end=\"1379\"> <strong data-start=\"1295\" data-end=\"1322\">Saugumas tamsoje<\/strong> &#8211; at\u0161vaito detal\u0117s ir kilpa, kad gal\u0117tum\u0117te pritvirtinti savo at\u0161vait\u0105<\/p>\n<hr data-start=\"1381\" data-end=\"1384\">\n<h2 data-start=\"1386\" data-end=\"1416\"><strong data-start=\"1389\" data-end=\"1414\">Med\u017eiaga ir kokyb\u0117<\/strong><\/h2>\n<ul data-start=\"1417\" data-end=\"1545\">\n<li data-start=\"1417\" data-end=\"1443\">\n<p data-start=\"1419\" data-end=\"1443\">Vir\u0161us: 100% poliesteris<\/p>\n<\/li>\n<li data-start=\"1444\" data-end=\"1469\">\n<p data-start=\"1446\" data-end=\"1469\">Pamu\u0161alas: tafta ir vilna<\/p>\n<\/li>\n<li data-start=\"1470\" data-end=\"1493\">\n<p data-start=\"1472\" data-end=\"1493\">Reguliavimas: medvilnin\u0117 vata 200 g\/m\u00b2<\/p>\n<\/li>\n<li data-start=\"1494\" data-end=\"1519\">\n<p data-start=\"1496\" data-end=\"1519\">Atsparumas vandeniui: 10 000 mm<\/p>\n<\/li>\n<li data-start=\"1520\" data-end=\"1545\">\n<p data-start=\"1522\" data-end=\"1545\">Tankis: 10 000 g\/m\u00b2<\/p>\n<\/li>\n<\/ul>\n<h2 data-start=\"1552\" data-end=\"1580\"><strong data-start=\"1555\" data-end=\"1578\">Dyd\u017eiai ir tinkamumas<\/strong><\/h2>\n<p data-start=\"1581\" data-end=\"1736\">&#8222;Huppa Vivian&#8221; \u017eiemin\u0119 striuk\u0119 galima rinktis nuo XS iki 3XL dyd\u017eio, kad tikt\u0173 \u012fvairiems k\u016bno sud\u0117jimo tipams.<br data-start=\"1679\" data-end=\"1682\">Dyd\u017eiai nurodyti pagal standartin\u0119 Europos dyd\u017ei\u0173 lentel\u0119.<\/p>\n<h3 data-start=\"118\" data-end=\"169\"><strong data-start=\"122\" data-end=\"167\">&#8222;Huppa Vivian&#8221; moteri\u0161kos \u017eiemin\u0117s striuk\u0117s dyd\u017ei\u0173 lentel\u0117<\/strong><\/h3>\n<p data-start=\"170\" data-end=\"204\"><em data-start=\"170\" data-end=\"202\">(i\u0161matavimai paimti i\u0161 striuk\u0117s)<\/em><\/p>\n<table style=\"height: 351px;\" width=\"696\">\n<thead>\n<tr>\n<th>Dydis<\/th>\n<th align=\"center\">Kr\u016btin\u0117s apimtis (cm)<\/th>\n<th align=\"center\">Pe\u010di\u0173 plotis (cm)<\/th>\n<th align=\"center\">Klub\u0173 apimtis (cm)<\/th>\n<th align=\"center\">Priekin\u0117s dalies ilgis (cm)<\/th>\n<th align=\"center\">Ilgis nugaroje (cm)<\/th>\n<th align=\"center\">Petne\u0161\u0117l\u0117s<\/p>\n<p>vidinis ilgis (cm)<\/th>\n<\/tr>\n<\/thead>\n<tbody>\n<tr>\n<td>XS (34)<\/td>\n<td align=\"center\">92<\/td>\n<td align=\"center\">40<\/td>\n<td align=\"center\">104<\/td>\n<td align=\"center\">77<\/td>\n<td align=\"center\">88<\/td>\n<td align=\"center\">48<\/td>\n<\/tr>\n<tr>\n<td>S (36)<\/td>\n<td align=\"center\">96<\/td>\n<td align=\"center\">41<\/td>\n<td align=\"center\">108<\/td>\n<td align=\"center\">78<\/td>\n<td align=\"center\">87<\/td>\n<td align=\"center\">49<\/td>\n<\/tr>\n<tr>\n<td>M (38-40)<\/td>\n<td align=\"center\">106<\/td>\n<td align=\"center\">41<\/td>\n<td align=\"center\">116<\/td>\n<td align=\"center\">79<\/td>\n<td align=\"center\">91<\/td>\n<td align=\"center\">50<\/td>\n<\/tr>\n<tr>\n<td>L (42-44)<\/td>\n<td align=\"center\">110<\/td>\n<td align=\"center\">43<\/td>\n<td align=\"center\">122<\/td>\n<td align=\"center\">83<\/td>\n<td align=\"center\">92<\/td>\n<td align=\"center\">51<\/td>\n<\/tr>\n<tr>\n<td>XL (44-46)<\/td>\n<td align=\"center\">118<\/td>\n<td align=\"center\">45<\/td>\n<td align=\"center\">126<\/td>\n<td align=\"center\">83<\/td>\n<td align=\"center\">92<\/td>\n<td align=\"center\">51<\/td>\n<\/tr>\n<tr>\n<td>XXL (48-50)<\/td>\n<td align=\"center\">128<\/td>\n<td align=\"center\">46<\/td>\n<td align=\"center\">126<\/td>\n<td align=\"center\">84<\/td>\n<td align=\"center\">95<\/td>\n<td align=\"center\">51<\/td>\n<\/tr>\n<tr>\n<td>3XL (50+)<\/td>\n<td align=\"center\">136<\/td>\n<td align=\"center\">48<\/td>\n<td align=\"center\">140<\/td>\n<td align=\"center\">90<\/td>\n<td align=\"center\">98<\/td>\n<td align=\"center\">52<\/td>\n<\/tr>\n<\/tbody>\n<\/table>\n<h2 data-start=\"430\" data-end=\"492\">Da\u017enai u\u017eduodami klausimai &#8211; &#8222;Huppa Vivian&#8221; moteri\u0161ka \u017eiemin\u0117 striuk\u0117<\/h2>\n<h3 data-start=\"494\" data-end=\"566\">\u2753 Ar &#8222;Huppa Vivian&#8221; moteri\u0161ka \u017eiemin\u0117 striuk\u0117 pakankamai \u0161ilta Estijos \u017eiemai?<\/h3>\n<p data-start=\"567\" data-end=\"831\">Taip. <strong data-start=\"572\" data-end=\"606\">Moteri\u0161ka \u017eiemin\u0117 parka &#8222;Huppa Vivian&#8221;<\/strong> buvo sukurta \u0161iaurieti\u0161kos \u017eiemos s\u0105lygoms ir sukurta Estijoje Estijos \u017eiemai.<br data-start=\"646\" data-end=\"649\">200 g satino izoliacija ir mink\u0161tas kailinis pamu\u0161alas nugaroje bei gobtuvo viduje u\u017etikrina k\u016bno \u0161ilum\u0105 net \u0161altomis ir apled\u0117jusiomis s\u0105lygomis, tod\u0117l parka puikiai tinka Estijos \u017eiemai.<\/p>\n<hr data-start=\"833\" data-end=\"836\">\n<h3 data-start=\"838\" data-end=\"898\">\u2753 Ar \u0161i moteri\u0161ka \u017eiemin\u0117 striuk\u0117 atspari vandeniui ir v\u0117jui?<\/h3>\n<p data-start=\"899\" data-end=\"1139\">Taip. Huppa Vivian parka yra <strong data-start=\"926\" data-end=\"972\">100 % neper\u0161lampama ir neperpu\u010diama moteri\u0161ka \u017eiemin\u0117 parka<\/strong>, pasi\u017eyminti 10 000 mm neper\u0161lampamumu ir 10 000 g\/m\u00b2 pralaidumu orui.<br data-start=\"1028\" data-end=\"1031\">Be to, visos si\u016bl\u0117s yra u\u017eklijuotos, kad apsaugot\u0173 jus nuo lietaus, sniego ir plikled\u017eio net ir prastesn\u0117mis oro s\u0105lygomis. <\/p>\n<hr data-start=\"1141\" data-end=\"1144\">\n<h3 data-start=\"1146\" data-end=\"1203\">\u2753 Kaip i\u0161sirinkti tinkam\u0105 &#8222;Huppa Vivian parka&#8221; dyd\u012f?<\/h3>\n<p data-start=\"1204\" data-end=\"1511\">&#8222;Huppa Vivian&#8221; moteri\u0161ka \u017eiemin\u0117 parka atitinka <strong data-start=\"1242\" data-end=\"1281\">standartin\u0119 Europos dyd\u017ei\u0173 lentel\u0119<\/strong>.<br data-start=\"1282\" data-end=\"1285\">Rekomenduojame rinktis \u012fprast\u0105 dyd\u012f ir b\u016btinai patikrinti dyd\u017ei\u0173 lentel\u0119, kurioje nurodyti parkos i\u0161matavimai.<br data-start=\"1395\" data-end=\"1398\">Jei esate tarp dviej\u0173 dyd\u017ei\u0173, rekomenduojame rinktis <strong data-start=\"1444\" data-end=\"1455\">didesn\u012f dyd\u012f,<\/strong> kad park\u0105 b\u016bt\u0173 patogu d\u0117v\u0117ti su storesniu megztiniu ar vilnoniu drabu\u017eiu.<\/p>\n<hr data-start=\"1513\" data-end=\"1516\">\n<h3 data-start=\"1518\" data-end=\"1584\">\u2753 Ar &#8222;Huppa Vivian&#8221; parka yra laisvo ar prigludusio prie k\u016bno kirpimo?<\/h3>\n<p data-start=\"1585\" data-end=\"1783\">\u0160i moteri\u0161ka striuk\u0117 yra <strong data-start=\"1605\" data-end=\"1647\">moteri\u0161ko, fig\u016br\u0105 i\u0161ry\u0161kinan\u010dio kirpimo<\/strong>, ta\u010diau ji n\u0117ra aptempta.<br data-start=\"1667\" data-end=\"1670\">Liemuo reguliuojamas i\u0161 vidin\u0117s nugaros pus\u0117s, o jo apa\u010dioje yra prilaikanti guma, tod\u0117l galite prisitaikyti prie savo k\u016bno form\u0173.<\/p>\n<hr data-start=\"1785\" data-end=\"1788\">\n<h3 data-start=\"1790\" data-end=\"1828\">\u2753 Ar gaubto plaukai nuimami?<\/h3>\n<p data-start=\"1829\" data-end=\"1963\">Taip. &#8222;Huppa Vivian parka&#8221; gobtuvo dirbtinis kailis yra <strong data-start=\"1875\" data-end=\"1896\">nuimamas u\u017etrauktuku<\/strong>, tod\u0117l j\u012f galite d\u0117v\u0117ti pagal or\u0105 ir savo stili\u0173. <\/p>\n<hr data-start=\"1965\" data-end=\"1968\">\n<h3 data-start=\"1970\" data-end=\"2025\">\u2753 K\u0105 daryti, jei netinka striuk\u0117s dydis arba spalva?<\/h3>\n<p data-start=\"2026\" data-end=\"2203\">Pirkti galima be r\u016bpes\u010di\u0173 &#8211; <strong data-start=\"2046\" data-end=\"2119\">pakeitus dyd\u012f, spalv\u0105 ar model\u012f, su DPD gr\u0105\u017einimo kodu visada galima nemokamai<\/strong>.<br data-start=\"2120\" data-end=\"2123\">Tai suteikia galimyb\u0119 i\u0161bandyti savo park\u0105 namuose ir prireikus nemokamai j\u0105 pasikeisti.<\/p>\n<hr data-start=\"2205\" data-end=\"2208\">\n<h3 data-start=\"2210\" data-end=\"2266\">\u2753 Kaip greitai bus pristatytas &#8222;Huppa Vivian&#8221; \u017eieminis paltas?<\/h3>\n<p data-start=\"2267\" data-end=\"2456\">Daugeliu atvej\u0173 &#8222;Huppa Vivian&#8221; moteri\u0161k\u0105 \u017eiemin\u0119 striuk\u0119 <strong data-start=\"2310\" data-end=\"2330\">galima \u012fsigyti i\u0161 karto i\u0161 sand\u0117lio<\/strong>.<br data-start=\"2331\" data-end=\"2334\">U\u017esakymai, pateikti iki 17:00, bus i\u0161si\u0173sti <strong data-start=\"2392\" data-end=\"2411\">t\u0105 pa\u010di\u0105 darbo dien\u0105,<\/strong> o pristatymo laikas paprastai trunka vos kelias dienas.<\/p>\n<hr data-start=\"2458\" data-end=\"2461\">\n<h3 data-start=\"2463\" data-end=\"2543\">\u2753 Ar \u0161i moteri\u0161ka \u017eiemin\u0117 striuk\u0117 labiau tinka d\u0117v\u0117ti mieste, ar lauke?<\/h3>\n<p data-start=\"2544\" data-end=\"2780\">&#8222;Huppa Vivian&#8221; yra <strong data-start=\"2560\" data-end=\"2594\">universali moteri\u0161ka \u017eiemin\u0117 striuk\u0117<\/strong>, tinkama d\u0117v\u0117ti kasdien mieste, einant \u012f darb\u0105, \u017eiemos pasivaik\u0161\u010diojimams ir i\u0161vykoms \u012f gamt\u0105.<br data-start=\"2716\" data-end=\"2719\">Joje dera prakti\u0161kumas, \u0161iluma ir stilius.<\/p>\n<h2 data-start=\"1903\" data-end=\"1962\"><strong data-start=\"1906\" data-end=\"1960\">Kod\u0117l verta u\u017esisakyti &#8222;Huppa Vivian&#8221; \u017eiemin\u012f palt\u0105 i\u0161 m\u016bs\u0173 el. parduotuv\u0117s?<\/strong><\/h2>\n<ul data-start=\"1963\" data-end=\"2147\">\n<li data-start=\"1963\" data-end=\"2019\">\n<p data-start=\"1965\" data-end=\"2019\">Parka paprastai b\u016bna sand\u0117lyje &#8211; pristatymas vos per kelias dienas.<\/p>\n<\/li>\n<li data-start=\"2020\" data-end=\"2075\">\n<p data-start=\"2022\" data-end=\"2075\">U\u017esakymai, pateikti iki 17:00, bus i\u0161si\u0173sti t\u0105 pa\u010di\u0105 darbo dien\u0105.<\/p>\n<\/li>\n<li data-start=\"2076\" data-end=\"2147\">\n<p data-start=\"2078\" data-end=\"2147\"> <strong data-start=\"2081\" data-end=\"2145\">Dyd\u017eio ir spalvos keitimas visada NEMOKAMAS su DPD gr\u0105\u017einimo kodu.<\/strong><\/p>\n<\/li>\n<\/ul>\n<hr data-start=\"2149\" data-end=\"2152\">\n<p data-start=\"2154\" data-end=\"2375\">&#8222;<strong data-start=\"2154\" data-end=\"2188\">Huppa Vivian&#8221; moteri\u0161ka \u017eiemin\u0117 striuk\u0117<\/strong> sukurta \u0161iaurieti\u0161komis s\u0105lygomis &#8211; tai <strong data-start=\"2232\" data-end=\"2280\">funkcionali, patvari ir labai \u0161ilta striuk\u0117,<\/strong> kuri\u0105 galima d\u0117v\u0117ti mieste ar kaime, pakeliui \u012f darb\u0105 ar m\u0117gaujantis \u017eiemos pramogomis.<\/p>\n<p><strong style=\"font-size: calc(1.3rem + 0.6vw);\" data-start=\"62\" data-end=\"90\">&#8222;Esto3&#8221; &#8211; paprastas ir patogus mok\u0117jimas<\/strong><\/p>\n<\/div>\n<\/div>\n<\/div>\n<\/div>\n<\/div>\n<\/div>\n<\/article>\n<article class=\"text-token-text-primary w-full focus:outline-none scroll-mt-[calc(var(--header-height)+min(200px,max(70px,20svh)))]\" dir=\"auto\" tabindex=\"-1\" data-turn-id=\"request-WEB:2ed5a249-c659-4b3e-9115-8141e935e367-3\" data-testid=\"conversation-turn-8\" data-scroll-anchor=\"true\" data-turn=\"assistant\">\n<div class=\"text-base my-auto mx-auto pb-10 [--thread-content-margin:--spacing(4)] @[37rem]:[--thread-content-margin:--spacing(6)] @[72rem]:[--thread-content-margin:--spacing(16)] px-(--thread-content-margin)\">\n<div class=\"[--thread-content-max-width:32rem] @[34rem]:[--thread-content-max-width:40rem] @[64rem]:[--thread-content-max-width:48rem] mx-auto max-w-(--thread-content-max-width) flex-1 group\/turn-messages focus-visible:outline-hidden relative flex w-full min-w-0 flex-col agent-turn\" tabindex=\"-1\">\n<div class=\"flex max-w-full flex-col grow\">\n<div class=\"min-h-8 text-message relative flex w-full flex-col items-end gap-2 text-start break-words whitespace-normal [.text-message+&amp;]:mt-5\" dir=\"auto\" data-message-author-role=\"assistant\" data-message-id=\"c74c7a52-3d01-4c65-aa07-1cf0206e8a0e\" data-message-model-slug=\"gpt-5\">\n<div class=\"flex w-full flex-col gap-1 empty:hidden first:pt-[3px]\">\n<div class=\"markdown prose dark:prose-invert w-full break-words light markdown-new-styling\">\n<div class=\"_tableContainer_sk2ct_1\">\n<p data-start=\"93\" data-end=\"343\">Taip pat galite sumok\u0117ti u\u017e striuk\u0119 <strong data-start=\"119\" data-end=\"160\">trimis lygiomis dalimis be joki\u0173 papildom\u0173 mokes\u010di\u0173<\/strong>. Tiesiog pirkini\u0173 krep\u0161elyje pasirinkite <strong data-start=\"187\" data-end=\"206\">&#8222;Esto3&#8221; mok\u0117jimo b\u016bd\u0105<\/strong> ir suma bus automati\u0161kai paskirstyta trims m\u0117nesiams. Tai patogus b\u016bdas paskirstyti savo i\u0161laidas mokant lygiai toki\u0105 pa\u010di\u0105 kain\u0105, koki\u0105 mok\u0117tum\u0117te internetu.  <\/p>\n<\/div>\n<hr data-start=\"812\" data-end=\"815\">\n<\/div>\n<\/div>\n<\/div>\n<\/div>\n<div class=\"mt-3 w-full empty:hidden\">\n<div class=\"text-center\">\n<div>\n<div class=\"inline-flex border border-gray-100 dark:border-gray-700 rounded-xl\">\n<div class=\"text-token-text-secondary flex items-center justify-center gap-4 px-4 py-2.5 text-sm whitespace-nowrap\">\n<p>U\u017esakymus telefonu galite pateikti telefonu 51 45 245 &#8211; tokiu atveju u\u017e prekes galite sumok\u0117ti, kai jas gausite siunt\u0173 automate.<\/p>\n<\/div>\n<\/div>\n<\/div>\n<\/div>\n<\/div>\n<\/div>\n<\/div>\n<\/article>\n<p>&nbsp;<\/p>\n","protected":false},"excerpt":{"rendered":"<p>&#8222;Huppa Vivian&#8221; moteri\u0161ka \u017eiemin\u0117 striuk\u0117 &#8211; \u0161iltas ir stilingas pasirinkimas \u0161altomis \u017eiemos dienomis Jei ie\u0161kote \u0161ilto, patogaus ir patvaraus moteri\u0161ko \u017eieminio palto, &#8222;Huppa Vivian&#8221; yra tinkamas pasirinkimas. \u0160i v\u0117jui ir vandeniui atspari parka gali atlaikyti at\u0161iaurius Estijos \u017eiemos orus ir kartu atrodyti stilingai ir moteri\u0161kai. 200 g izoliacijos ir mink\u0161tas kailio pamu\u0161alas nugaroje u\u017etikrins \u0161ilum\u0105 [&hellip;]<\/p>\n","protected":false},"featured_media":267527,"comment_status":"open","ping_status":"closed","template":"","meta":{"_acf_changed":false},"product_brand":[],"product_cat":[301],"product_tag":[],"class_list":{"0":"post-267526","1":"product","2":"type-product","3":"status-publish","4":"has-post-thumbnail","6":"product_cat-zieminiai-paltukai-iki-60","7":"product_shipping_class-tarneaeg-1-4-paeva","9":"first","10":"instock","11":"sale","12":"taxable","13":"shipping-taxable","14":"purchasable","15":"product-type-variable","16":"has-default-attributes","17":"add-to-wishlist-after_add_to_cart"},"acf":[],"_links":{"self":[{"href":"https:\/\/tellimused.stiilne.ee\/lt\/wp-json\/wp\/v2\/product\/267526","targetHints":{"allow":["GET"]}}],"collection":[{"href":"https:\/\/tellimused.stiilne.ee\/lt\/wp-json\/wp\/v2\/product"}],"about":[{"href":"https:\/\/tellimused.stiilne.ee\/lt\/wp-json\/wp\/v2\/types\/product"}],"replies":[{"embeddable":true,"href":"https:\/\/tellimused.stiilne.ee\/lt\/wp-json\/wp\/v2\/comments?post=267526"}],"wp:featuredmedia":[{"embeddable":true,"href":"https:\/\/tellimused.stiilne.ee\/lt\/wp-json\/wp\/v2\/media\/267527"}],"wp:attachment":[{"href":"https:\/\/tellimused.stiilne.ee\/lt\/wp-json\/wp\/v2\/media?parent=267526"}],"wp:term":[{"taxonomy":"product_brand","embeddable":true,"href":"https:\/\/tellimused.stiilne.ee\/lt\/wp-json\/wp\/v2\/product_brand?post=267526"},{"taxonomy":"product_cat","embeddable":true,"href":"https:\/\/tellimused.stiilne.ee\/lt\/wp-json\/wp\/v2\/product_cat?post=267526"},{"taxonomy":"product_tag","embeddable":true,"href":"https:\/\/tellimused.stiilne.ee\/lt\/wp-json\/wp\/v2\/product_tag?post=267526"}],"curies":[{"name":"wp","href":"https:\/\/api.w.org\/{rel}","templated":true}]}}