{"id":267606,"date":"2026-03-12T11:35:33","date_gmt":"2026-03-12T09:35:33","guid":{"rendered":"https:\/\/tellimused.stiilne.ee\/toode\/tamaris-naturaalnahast-mugavad-mustad-naiste-poolsaapad-suurusele-41-kohe-laos-viimased-super-hind\/"},"modified":"2026-04-07T11:09:47","modified_gmt":"2026-04-07T08:09:47","slug":"tamaris-moteriski-naturalios-odos-patogus-juodi-batai-iki-kulksniu-41-dydis-naudojame-seven-super-kaina","status":"publish","type":"product","link":"https:\/\/tellimused.stiilne.ee\/lt\/produktas\/tamaris-moteriski-naturalios-odos-patogus-juodi-batai-iki-kulksniu-41-dydis-naudojame-seven-super-kaina\/","title":{"rendered":"TAMARIS moteri\u0161ki nat\u016bralios odos patog\u016bs juodi batai iki kulk\u0161ni\u0173 41 dydis &#8211; NAUDOJAME SEVEN &#8211; SUPER KAINA"},"content":{"rendered":"<p>&nbsp;<\/p>\n<p>Klasikinio laikui nepavaldaus stiliaus nat\u016bralios odos &#8222;Tamaris&#8221; pusba\u010diai, tinkami av\u0117ti ruden\u012f, \u017eiem\u0105 ir pavasar\u012f<\/p>\n<p>Kulno med\u017eiaga nat\u016brali oda<\/p>\n<p><strong>Rai\u0161teli\u0173 auk\u0161tis &#8211; 5 cm &#8211; labai patogu net avint ilgesnius batus<\/strong><\/p>\n<p>Batai jau yra sand\u0117lyje &#8211; pristatymas per kelias dienas.<\/p>\n<p>U\u017esakymai, pateikti darbo dien\u0105 prie\u0161 v\u0117lavim\u0105, bus i\u0161si\u0173sti t\u0105 pa\u010di\u0105 dien\u0105.<\/p>\n<p>Stilingai \u0161var\u016bs &#8222;Tamaris&#8221; batai &#8211; tai puik\u016bs batai \u012fvairaus am\u017eiaus moterims rudens sezonui. Batai turi patog\u0173 \u017eem\u0105 kulniuk\u0105, tod\u0117l tinka ir jaunesn\u0117ms, ir vyresnio am\u017eiaus moterims. Vidin\u0117je pus\u0117je yra patogi elastinga tampria guma, tod\u0117l batus lengva apsiauti. Guminis padas u\u017etikrina ger\u0105 sukibim\u0105 su pavir\u0161iumi net ir lietingu oru.   <\/p>\n<p>Stilingi ir kokybi\u0161ki &#8222;Tamaris&#8221; bateliai &#8211; geriausias pasirinkimas pavasario ir rudens-\u017eiemos sezonui.<\/p>\n<p>&nbsp;<\/p>\n","protected":false},"excerpt":{"rendered":"<p>&nbsp; Klasikinio laikui nepavaldaus stiliaus nat\u016bralios odos &#8222;Tamaris&#8221; pusba\u010diai, tinkami av\u0117ti ruden\u012f, \u017eiem\u0105 ir pavasar\u012f Kulno med\u017eiaga nat\u016brali oda Rai\u0161teli\u0173 auk\u0161tis &#8211; 5 cm &#8211; labai patogu net avint ilgesnius batus Batai jau yra sand\u0117lyje &#8211; pristatymas per kelias dienas. U\u017esakymai, pateikti darbo dien\u0105 prie\u0161 v\u0117lavim\u0105, bus i\u0161si\u0173sti t\u0105 pa\u010di\u0105 dien\u0105. Stilingai \u0161var\u016bs &#8222;Tamaris&#8221; batai [&hellip;]<\/p>\n","protected":false},"featured_media":267607,"comment_status":"open","ping_status":"closed","template":"","meta":{"_acf_changed":false},"product_brand":[],"product_cat":[321,380,381],"product_tag":[],"class_list":{"0":"post-267606","1":"product","2":"type-product","3":"status-publish","4":"has-post-thumbnail","6":"product_cat-moterims","7":"product_cat-moteriski-batai","8":"product_cat-pusbatai","9":"product_shipping_class-tarneaeg-1-4-paeva","11":"first","12":"instock","13":"sale","14":"taxable","15":"shipping-taxable","16":"purchasable","17":"product-type-variable","18":"has-default-attributes","19":"add-to-wishlist-after_add_to_cart"},"acf":[],"_links":{"self":[{"href":"https:\/\/tellimused.stiilne.ee\/lt\/wp-json\/wp\/v2\/product\/267606","targetHints":{"allow":["GET"]}}],"collection":[{"href":"https:\/\/tellimused.stiilne.ee\/lt\/wp-json\/wp\/v2\/product"}],"about":[{"href":"https:\/\/tellimused.stiilne.ee\/lt\/wp-json\/wp\/v2\/types\/product"}],"replies":[{"embeddable":true,"href":"https:\/\/tellimused.stiilne.ee\/lt\/wp-json\/wp\/v2\/comments?post=267606"}],"wp:featuredmedia":[{"embeddable":true,"href":"https:\/\/tellimused.stiilne.ee\/lt\/wp-json\/wp\/v2\/media\/267607"}],"wp:attachment":[{"href":"https:\/\/tellimused.stiilne.ee\/lt\/wp-json\/wp\/v2\/media?parent=267606"}],"wp:term":[{"taxonomy":"product_brand","embeddable":true,"href":"https:\/\/tellimused.stiilne.ee\/lt\/wp-json\/wp\/v2\/product_brand?post=267606"},{"taxonomy":"product_cat","embeddable":true,"href":"https:\/\/tellimused.stiilne.ee\/lt\/wp-json\/wp\/v2\/product_cat?post=267606"},{"taxonomy":"product_tag","embeddable":true,"href":"https:\/\/tellimused.stiilne.ee\/lt\/wp-json\/wp\/v2\/product_tag?post=267606"}],"curies":[{"name":"wp","href":"https:\/\/api.w.org\/{rel}","templated":true}]}}