{"id":267674,"date":"2026-03-12T11:31:07","date_gmt":"2026-03-12T09:31:07","guid":{"rendered":"https:\/\/tellimused.stiilne.ee\/toode\/huppa-pikem-naiste-talveparka-vienna-tumesinine-kohe-laos-super-hind\/"},"modified":"2026-04-07T11:10:50","modified_gmt":"2026-04-07T08:10:50","slug":"huppa-ilgesne-moteriska-ziemine-striuke-vienna-navy-blue-new-stock-super-hind","status":"publish","type":"product","link":"https:\/\/tellimused.stiilne.ee\/lt\/produktas\/huppa-ilgesne-moteriska-ziemine-striuke-vienna-navy-blue-new-stock-super-hind\/","title":{"rendered":"HUPPA Ilgesn\u0117 moteri\u0161ka \u017eiemin\u0117 striuk\u0117 Vienna navy blue-NEW STOCK-SUPER HIND"},"content":{"rendered":"<h3 data-start=\"247\" data-end=\"283\">&#8222;Huppa&#8221; moteri\u0161ka \u017eiemin\u0117 striuk\u0117 Vienna-soe, v\u0117jo ir vandens nepraleid\u017eianti moteri\u0161ka striuk\u0117<\/h3>\n<p data-start=\"285\" data-end=\"627\">&#8222;Huppa <strong data-start=\"291\" data-end=\"319\">Vienna&#8221; moteri\u0161ka \u017eiemin\u0117 striuk\u0117<\/strong> yra stilingas, prakti\u0161kas ir \u0161iltas pasirinkimas rudens-\u017eiemos sezonui. Ji sukurta moterims, vertinan\u010dioms patogum\u0105, \u0161ilum\u0105 ir nesenstan\u010di\u0105 i\u0161vaizd\u0105. Parka tinka darbui, mokyklai ar laisvalaikiui, kad visada b\u016bt\u0173 \u0161ilta ir apsaugota nuo \u0161al\u010dio.  <\/p>\n<h3 data-start=\"713\" data-end=\"750\"><strong data-start=\"720\" data-end=\"750\">\u0160ilta, net kai \u0161alta iki -20 \u00b0C<\/strong><\/h3>\n<p data-start=\"751\" data-end=\"804\">&#8222;Vienna parka&#8221; yra tikrai <strong data-start=\"777\" data-end=\"803\">tinkama \u0161ilta \u017eiemin\u0117 striuk\u0117<\/strong><\/p>\n<ul data-start=\"805\" data-end=\"955\">\n<li data-start=\"805\" data-end=\"828\">\n<p data-start=\"807\" data-end=\"828\"><strong data-start=\"807\" data-end=\"828\">200 g su izoliacija<\/strong><\/p>\n<\/li>\n<li data-start=\"829\" data-end=\"955\">\n<p data-start=\"831\" data-end=\"955\"><strong data-start=\"831\" data-end=\"872\">Mink\u0161tas avikailio imitacijos pamu\u0161alas<\/strong> nugaros vir\u0161uje ir gobtuvo viduje i\u0161laiko \u0161ilum\u0105 v\u0117juotu ir \u0161altu oru.<\/p>\n<\/li>\n<\/ul>\n<p data-start=\"831\" data-end=\"955\"><span style=\"font-size: calc(1.3rem + 0.6vw);\"> \ufe0f <\/span><strong style=\"font-size: calc(1.3rem + 0.6vw);\" data-start=\"970\" data-end=\"1006\">V\u0117jui ir vandeniui atspari moteri\u0161ka striuk\u0117<\/strong><\/p>\n<ul data-start=\"1007\" data-end=\"1125\">\n<li data-start=\"1007\" data-end=\"1033\">\n<p data-start=\"1009\" data-end=\"1033\">Atsparumas vandeniui <strong data-start=\"1020\" data-end=\"1033\">10 000 mm<\/strong><\/p>\n<\/li>\n<li data-start=\"1034\" data-end=\"1064\">\n<p data-start=\"1036\" data-end=\"1064\">Kv\u0117puojamumas <strong data-start=\"1045\" data-end=\"1064\">10 000 g\/m\u00b2\/24 val.<\/strong><\/p>\n<\/li>\n<li data-start=\"1065\" data-end=\"1125\">\n<p data-start=\"1067\" data-end=\"1125\"><strong data-start=\"1067\" data-end=\"1088\">U\u017eklijuotos si\u016bl\u0117s<\/strong>, kad nepraleist\u0173 dr\u0117gm\u0117s<\/p>\n<\/li>\n<\/ul>\n<p data-start=\"1127\" data-end=\"1212\">Puikiai tinka <strong data-start=\"1144\" data-end=\"1173\">lietui, \u0161lapdribai ir sniegui<\/strong> &#8211; i\u0161likite sausi ir \u0161ilti vis\u0105 dien\u0105.<\/p>\n<h3 data-start=\"1219\" data-end=\"1260\"><strong data-start=\"1226\" data-end=\"1260\">Moteri\u0161kas pj\u016bvis<\/strong><\/h3>\n<ul data-start=\"1261\" data-end=\"1447\">\n<li data-start=\"1261\" data-end=\"1328\">\n<p data-start=\"1263\" data-end=\"1328\">Elastingas vidinis <strong data-start=\"1269\" data-end=\"1293\">liemuo<\/strong> &#8211; tinka \u012fvairioms k\u016bno formoms<\/p>\n<\/li>\n<li data-start=\"1329\" data-end=\"1398\">\n<p data-start=\"1331\" data-end=\"1398\"><strong data-start=\"1331\" data-end=\"1353\">Dviej\u0173 kryp\u010di\u0173 priekinis u\u017eraktas<\/strong> + vilkimo strypas &#8211; patogu s\u0117d\u0117ti ir va\u017eiuoti<\/p>\n<\/li>\n<li data-start=\"1399\" data-end=\"1447\">\n<p data-start=\"1401\" data-end=\"1447\">\u0160laun\u0173 ilgis &#8211; v\u0117siu ir \u0161altu oru i\u0161laiko \u0161launis \u0161iltas.<\/p>\n<\/li>\n<\/ul>\n<p data-start=\"1449\" data-end=\"1503\">  Parka gerai atrodo, bet taip pat yra labai prakti\u0161ka.<\/p>\n<h3 data-start=\"1510\" data-end=\"1546\">  <b>Svarbios detal\u0117s, d\u0117l kuri\u0173 Vienna parka yra patogi d\u0117v\u0117ti<\/b><\/h3>\n<ul data-start=\"1547\" data-end=\"1784\">\n<li data-start=\"1547\" data-end=\"1571\">\n<p data-start=\"1549\" data-end=\"1571\">Reguliuojamas gaubtas<\/p>\n<\/li>\n<li data-start=\"1572\" data-end=\"1625\">\n<p data-start=\"1574\" data-end=\"1625\">Nuimamas <strong data-start=\"1592\" data-end=\"1623\">dirbtinio kailio gobtuvas<\/strong> su u\u017etrauktuku<\/p>\n<\/li>\n<li data-start=\"1626\" data-end=\"1681\">\n<p data-start=\"1628\" data-end=\"1681\">Rankovi\u0173 <strong data-start=\"1628\" data-end=\"1646\">rankogaliai<\/strong> &#8211; saugo nuo \u0161al\u010dio<\/p>\n<\/li>\n<li data-start=\"1682\" data-end=\"1721\">\n<p data-start=\"1684\" data-end=\"1721\">Rankov\u0117s galai reguliuojami \u0161akiniu krautuvu<\/p>\n<\/li>\n<li data-start=\"1722\" data-end=\"1784\">\n<p data-start=\"1724\" data-end=\"1784\"><strong data-start=\"1724\" data-end=\"1742\">Atspindin\u010dios detal\u0117s<\/strong> ant nugaros ir rankovi\u0173 &#8211; geresnis matomumas tamsoje<\/p>\n<\/li>\n<\/ul>\n<p><strong style=\"font-size: calc(1.3rem + 0.6vw);\" data-start=\"1945\" data-end=\"1992\">&#8222;Huppa Vienna&#8221; moteri\u0161kos \u017eiemin\u0117s striuk\u0117s dyd\u017ei\u0173 lentel\u0117<\/strong><\/p>\n<p><em data-start=\"1993\" data-end=\"2072\">Rekomenduojame vadovautis savo kr\u016btin\u0117s ir klub\u0173 apimtimi ir da\u017eniausiai d\u0117vimu dyd\u017eiu.<\/em><\/p>\n<div class=\"TyagGW_tableContainer\">\n<div class=\"group TyagGW_tableWrapper flex w-fit flex-col-reverse\" tabindex=\"-1\">\n<table class=\"w-fit min-w-(--thread-content-width)\" style=\"height: 229px;\" width=\"830\" data-start=\"2074\" data-end=\"2566\">\n<thead data-start=\"2074\" data-end=\"2159\">\n<tr data-start=\"2074\" data-end=\"2159\">\n<th data-start=\"2074\" data-end=\"2083\" data-col-size=\"sm\">Dydis<\/th>\n<th data-start=\"2083\" data-end=\"2095\" data-col-size=\"sm\">Jautiena (cm)<\/th>\n<th data-start=\"2095\" data-end=\"2107\" data-col-size=\"sm\">Mediena (cm)<\/th>\n<th data-start=\"2107\" data-end=\"2119\" data-col-size=\"sm\">Pe\u010diai (cm)<\/th>\n<th data-start=\"2119\" data-end=\"2135\" data-col-size=\"sm\">Rankov\u0117 (cm)<\/th>\n<th data-start=\"2135\" data-end=\"2146\" data-col-size=\"sm\">Priekyje (cm)<\/th>\n<th data-start=\"2146\" data-end=\"2159\" data-col-size=\"sm\">Taga (cm)<\/th>\n<\/tr>\n<\/thead>\n<tbody data-start=\"2244\" data-end=\"2566\">\n<tr data-start=\"2244\" data-end=\"2289\">\n<td data-start=\"2244\" data-end=\"2249\" data-col-size=\"sm\">XS<\/td>\n<td data-col-size=\"sm\" data-start=\"2249\" data-end=\"2254\">96<\/td>\n<td data-col-size=\"sm\" data-start=\"2254\" data-end=\"2260\">107<\/td>\n<td data-col-size=\"sm\" data-start=\"2260\" data-end=\"2267\">40.0<\/td>\n<td data-col-size=\"sm\" data-start=\"2267\" data-end=\"2274\">63.0<\/td>\n<td data-col-size=\"sm\" data-start=\"2274\" data-end=\"2281\">96.5<\/td>\n<td data-col-size=\"sm\" data-start=\"2281\" data-end=\"2289\">99.5<\/td>\n<\/tr>\n<tr data-start=\"2290\" data-end=\"2334\">\n<td data-start=\"2290\" data-end=\"2294\" data-col-size=\"sm\">S<\/td>\n<td data-start=\"2294\" data-end=\"2300\" data-col-size=\"sm\">102<\/td>\n<td data-col-size=\"sm\" data-start=\"2300\" data-end=\"2306\">113<\/td>\n<td data-col-size=\"sm\" data-start=\"2306\" data-end=\"2313\">41.5<\/td>\n<td data-col-size=\"sm\" data-start=\"2313\" data-end=\"2320\">64.0<\/td>\n<td data-col-size=\"sm\" data-start=\"2320\" data-end=\"2327\">98.0<\/td>\n<td data-col-size=\"sm\" data-start=\"2327\" data-end=\"2334\">101<\/td>\n<\/tr>\n<tr data-start=\"2335\" data-end=\"2381\">\n<td data-start=\"2335\" data-end=\"2339\" data-col-size=\"sm\">M<\/td>\n<td data-col-size=\"sm\" data-start=\"2339\" data-end=\"2345\">108<\/td>\n<td data-col-size=\"sm\" data-start=\"2345\" data-end=\"2351\">119<\/td>\n<td data-col-size=\"sm\" data-start=\"2351\" data-end=\"2358\">43.0<\/td>\n<td data-col-size=\"sm\" data-start=\"2358\" data-end=\"2365\">65.0<\/td>\n<td data-col-size=\"sm\" data-start=\"2365\" data-end=\"2372\">99.5<\/td>\n<td data-col-size=\"sm\" data-start=\"2372\" data-end=\"2381\">102.5<\/td>\n<\/tr>\n<tr data-start=\"2382\" data-end=\"2425\">\n<td data-start=\"2382\" data-end=\"2386\" data-col-size=\"sm\">L<\/td>\n<td data-col-size=\"sm\" data-start=\"2386\" data-end=\"2392\">115<\/td>\n<td data-col-size=\"sm\" data-start=\"2392\" data-end=\"2398\">126<\/td>\n<td data-col-size=\"sm\" data-start=\"2398\" data-end=\"2405\">44.5<\/td>\n<td data-col-size=\"sm\" data-start=\"2405\" data-end=\"2412\">66.0<\/td>\n<td data-col-size=\"sm\" data-start=\"2412\" data-end=\"2418\">101<\/td>\n<td data-col-size=\"sm\" data-start=\"2418\" data-end=\"2425\">104<\/td>\n<\/tr>\n<tr data-start=\"2426\" data-end=\"2474\">\n<td data-start=\"2426\" data-end=\"2431\" data-col-size=\"sm\">XL<\/td>\n<td data-col-size=\"sm\" data-start=\"2431\" data-end=\"2437\">123<\/td>\n<td data-col-size=\"sm\" data-start=\"2437\" data-end=\"2443\">134<\/td>\n<td data-col-size=\"sm\" data-start=\"2443\" data-end=\"2450\">46.0<\/td>\n<td data-col-size=\"sm\" data-start=\"2450\" data-end=\"2457\">67.0<\/td>\n<td data-col-size=\"sm\" data-start=\"2457\" data-end=\"2465\">102.5<\/td>\n<td data-col-size=\"sm\" data-start=\"2465\" data-end=\"2474\">105.5<\/td>\n<\/tr>\n<tr data-start=\"2475\" data-end=\"2520\">\n<td data-start=\"2475\" data-end=\"2481\" data-col-size=\"sm\">XXL<\/td>\n<td data-col-size=\"sm\" data-start=\"2481\" data-end=\"2487\">131<\/td>\n<td data-col-size=\"sm\" data-start=\"2487\" data-end=\"2493\">142<\/td>\n<td data-col-size=\"sm\" data-start=\"2493\" data-end=\"2500\">47.5<\/td>\n<td data-col-size=\"sm\" data-start=\"2500\" data-end=\"2507\">68.0<\/td>\n<td data-col-size=\"sm\" data-start=\"2507\" data-end=\"2513\">104<\/td>\n<td data-col-size=\"sm\" data-start=\"2513\" data-end=\"2520\">107<\/td>\n<\/tr>\n<tr data-start=\"2521\" data-end=\"2566\">\n<td data-start=\"2521\" data-end=\"2527\" data-col-size=\"sm\">3XL<\/td>\n<td data-col-size=\"sm\" data-start=\"2527\" data-end=\"2533\">141<\/td>\n<td data-col-size=\"sm\" data-start=\"2533\" data-end=\"2539\">152<\/td>\n<td data-col-size=\"sm\" data-start=\"2539\" data-end=\"2546\">49.5<\/td>\n<td data-col-size=\"sm\" data-start=\"2546\" data-end=\"2553\">69.0<\/td>\n<td data-col-size=\"sm\" data-start=\"2553\" data-end=\"2559\">105<\/td>\n<td data-col-size=\"sm\" data-start=\"2559\" data-end=\"2566\">108<\/td>\n<\/tr>\n<\/tbody>\n<\/table>\n<\/div>\n<\/div>\n<h3 data-start=\"2573\" data-end=\"2612\">  <strong data-start=\"2580\" data-end=\"2612\">Greitas pristatymas ir nemokamas keitimas<\/strong><\/h3>\n<ul data-start=\"2613\" data-end=\"2784\">\n<li data-start=\"2613\" data-end=\"2645\">\n<p data-start=\"2615\" data-end=\"2645\">  Pristatymo laikas <strong data-start=\"2627\" data-end=\"2643\">1-2 darbo dienos<\/strong><\/p>\n<\/li>\n<li data-start=\"2646\" data-end=\"2679\">\n<p data-start=\"2648\" data-end=\"2679\">Parka <strong data-start=\"2657\" data-end=\"2677\">dabar yra sand\u0117lyje<\/strong><\/p>\n<\/li>\n<li data-start=\"2680\" data-end=\"2784\">\n<p data-start=\"2682\" data-end=\"2784\">\u2757 <strong data-start=\"2684\" data-end=\"2702\">Nemokamas keitimas<\/strong> su DPD keitimo kodu<br data-start=\"2721\" data-end=\"2724\">Galite keisti dyd\u012f, spalv\u0105 ar model\u012f &#8211; joki\u0173 r\u016bpes\u010di\u0173.<\/p>\n<\/li>\n<\/ul>\n<h3 data-start=\"2791\" data-end=\"2829\">  <strong data-start=\"2798\" data-end=\"2829\">Mok\u0117kite jums patogiausiu b\u016bdu<\/strong><\/h3>\n<ul data-start=\"2830\" data-end=\"2988\">\n<li data-start=\"2830\" data-end=\"2888\">\n<p data-start=\"2832\" data-end=\"2888\"><strong data-start=\"2832\" data-end=\"2841\">Esto3<\/strong> &#8211; mok\u0117kite <strong data-start=\"2850\" data-end=\"2886\">3 lygiomis dalimis be papildom\u0173 mokes\u010di\u0173<\/strong><\/p>\n<\/li>\n<li data-start=\"2889\" data-end=\"2931\">\n<p data-start=\"2891\" data-end=\"2931\">U\u017esakymas telefonu <strong data-start=\"2916\" data-end=\"2929\">51 45 245<\/strong><\/p>\n<\/li>\n<li data-start=\"2932\" data-end=\"2988\">\n<p data-start=\"2934\" data-end=\"2988\">Galimyb\u0117 sumok\u0117ti u\u017e <strong data-start=\"2950\" data-end=\"2988\">pristatym\u0105 \u012f siunt\u0173 automat\u0105, kai prekes gaunate<\/strong> urmu<\/p>\n<\/li>\n<\/ul>\n<p data-start=\"3015\" data-end=\"3212\"><strong data-start=\"3015\" data-end=\"3049\">Moteri\u0161ka \u017eiemin\u0117 striuk\u0117 &#8222;Huppa Vienna&#8221;<\/strong> yra puikus pasirinkimas, jei ie\u0161kote<br \/>\n\u2714\ufe0f \u0161iltos \u017eiemin\u0117s striuk\u0117s<br data-start=\"3100\" data-end=\"3103\">\u2714\ufe0f neper\u0161lampamos ir kv\u0117puojan\u010dios moteri\u0161kos \u017eiemin\u0117s striuk\u0117s<br data-start=\"3146\" data-end=\"3149\">\u2714\ufe0f patogios ir moteri\u0161ko kirpimo striuk\u0117s kasdieniam ne\u0161iojimui.<\/p>\n<p data-start=\"3214\" data-end=\"3267\">  Saugi ir ilgaam\u017e\u0117 investicija daugeliui \u017eiem\u0173.<\/p>\n<h2 data-start=\"281\" data-end=\"347\">Da\u017enai u\u017eduodami klausimai &#8211; <strong data-start=\"313\" data-end=\"347\">&#8222;Huppa Vienna&#8221; moteri\u0161ka \u017eiemin\u0117 striuk\u0117<\/strong><\/h2>\n<h3 data-start=\"349\" data-end=\"411\">\u2753 Ar tikrai &#8222;Huppa Vienna parka&#8221; \u0161ilta \u0161altomis \u017eiemomis?<\/h3>\n<p data-start=\"412\" data-end=\"636\">Taip. Parka turi <strong data-start=\"427\" data-end=\"448\">200 g satino pamu\u0161al\u0105<\/strong> ir <strong data-start=\"461\" data-end=\"502\">mink\u0161t\u0105 avies odos imitacijos pamu\u0161al\u0105<\/strong> nugaros vir\u0161uje ir gobtuvo viduje. D\u0117l to k\u016bnas i\u0161lieka \u0161iltas net ir \u0161altesn\u0117mis dienomis. Rekomenduojama d\u0117v\u0117jimo temperat\u016bra yra <strong data-start=\"615\" data-end=\"635\">nuo 0 \u00b0C iki -20 \u00b0C<\/strong>.   <\/p>\n<h3 data-start=\"643\" data-end=\"692\">\u2753 Ar parka tinka v\u0117juotam ir dr\u0117gnam orui?<\/h3>\n<p data-start=\"693\" data-end=\"908\">Labai gerai tinka. Parka pasi\u016bta i\u0161 <strong data-start=\"732\" data-end=\"765\">v\u0117jo ir vandens nepraleid\u017eian\u010dio audinio<\/strong>, kurio atsparumas vandeniui siekia <strong data-start=\"787\" data-end=\"800\">10 000 mm.<\/strong>  Be to, yra <strong data-start=\"812\" data-end=\"833\">u\u017eklijuotos si\u016bl\u0117s,<\/strong> kad net per liet\u0173, \u0161lapdrib\u0105 ar snieg\u0105 nepatekt\u0173 dr\u0117gm\u0117.<\/p>\n<h3 data-start=\"915\" data-end=\"966\">\u2753 Ar \u0161i striuk\u0117 &#8222;kv\u0117puoja&#8221;, ar viduje b\u016bna kar\u0161ta?<\/h3>\n<p data-start=\"967\" data-end=\"1139\">I\u0161orinis parakin\u0117s audinys yra <strong data-start=\"989\" data-end=\"1020\">kv\u0117puojantis &#8211; 10 000 g\/m\u00b2\/24h<\/strong>, tod\u0117l dr\u0117gm\u0117 gali pasi\u0161alinti nuo k\u016bno. D\u0117l to park\u0105 patogu d\u0117v\u0117ti ilgiau ir aktyviai jud\u0117ti. <\/p>\n<h3 data-start=\"1146\" data-end=\"1218\">\u2753 Kaip tinka &#8222;Huppa Vienna&#8221; &#8211; ar ji labiau tiesaus, ar moteri\u0161ko kirpimo?<\/h3>\n<p data-start=\"1219\" data-end=\"1453\">&#8222;Vienna&#8221; modelis turi <strong data-start=\"1237\" data-end=\"1267\">vidin\u0119 reguliuojam\u0105 juosmens juost\u0105<\/strong>, kuri\u0105 galite susiver\u017eti arba atlaisvinti, kaip jums patinka. Taip parka tinka <strong data-start=\"1344\" data-end=\"1372\">\u012fvairioms k\u016bno formoms<\/strong> ir galite nuspr\u0119sti, ar norite tiesesnio, ar labiau liemen\u012f i\u0161ry\u0161kinan\u010dio kirpimo. <\/p>\n<h3 data-start=\"1460\" data-end=\"1506\">\u2753 Ar patogu d\u0117v\u0117ti striuk\u0119 automobilyje arba s\u0117dint?<\/h3>\n<p data-start=\"1507\" data-end=\"1659\">Taip. Parkavimo aik\u0161tel\u0117je yra <strong data-start=\"1522\" data-end=\"1544\">dvipusis u\u017eraktas<\/strong>, tod\u0117l s\u0117d\u0117ti ir va\u017eiuoti daug patogiau &#8211; u\u017erakt\u0105 galima atidaryti i\u0161 apa\u010dios, nereikia stumti ar traukti parkavimo aik\u0161tel\u0117s. <\/p>\n<h3 data-start=\"1666\" data-end=\"1704\">\u2753 Ar gaubto plaukai nuimami?<\/h3>\n<p data-start=\"1705\" data-end=\"1824\">Taip. <strong data-start=\"1719\" data-end=\"1762\">Dirbtinio kailio apdaila ant<\/strong> gobtuvo <strong data-start=\"1719\" data-end=\"1762\">yra nuimama su u\u017etrauktuku<\/strong>, tod\u0117l galite keisti atspalv\u012f pagal or\u0105 ir pageidaujam\u0105 stili\u0173. <\/p>\n<h3 data-start=\"1831\" data-end=\"1859\">\u2753 Kokio ilgio yra \u0161i striuk\u0117?<\/h3>\n<p data-start=\"1860\" data-end=\"2030\">Vienna parka yra <strong data-start=\"1876\" data-end=\"1904\">iki \u0161laun\u0173 &#8211; \u017eemesn\u0117ms moterims ji krenta vir\u0161 keli\u0173, o priekyje yra su paltu<\/strong>. Tiksl\u0173 ilg\u012f rasite matmen\u0173 lentel\u0117je (priekio ir nugaros ilgis nurodytas atskirai), kad gal\u0117tum\u0117te pasirinkti jums tinkam\u0105 dyd\u012f.<\/p>\n<h3 data-start=\"2037\" data-end=\"2069\">\u2753 Kaip pasirinkti tinkam\u0105 dyd\u012f?<\/h3>\n<p data-start=\"2070\" data-end=\"2280\">Rekomenduojame naudotis <strong data-start=\"2088\" data-end=\"2105\">matavim\u0173 lentele<\/strong>, kurioje nurodyti kr\u016btin\u0117s ir klub\u0173 i\u0161matavimai bei striuk\u0117s ilgis.<br data-start=\"2168\" data-end=\"2171\">Jei esate tarp skirting\u0173 dyd\u017ei\u0173, rinkit\u0117s <strong data-start=\"2211\" data-end=\"2221\">didesn\u012f<\/strong>, kad \u017eiem\u0105 likt\u0173 vietos storesniam megztiniui.<\/p>\n<p data-start=\"2282\" data-end=\"2352\">  O jei dydis netinka, su DPD keitimo kodu galite <strong data-start=\"2313\" data-end=\"2332\">nemokamai pasikeisti drabu\u017e\u012f<\/strong>.<\/p>\n<h3 data-start=\"2359\" data-end=\"2398\">\u2753 Ar rankov\u0117s apsaugo nuo \u0161al\u010dio?<\/h3>\n<p data-start=\"2399\" data-end=\"2570\">Taip. Rankov\u0117s turi <strong data-start=\"2421\" data-end=\"2446\">mink\u0161tus briaunuotus rankogalius<\/strong>, kad \u0161altas oras nepatekt\u0173 \u012f vid\u0173. Be to, rankovi\u0173 galai <strong data-start=\"2508\" data-end=\"2537\">reguliuojami u\u017etrauktukais<\/strong>, kad gerai priglust\u0173.  <\/p>\n<h3 data-start=\"2577\" data-end=\"2627\">\u2753 Ar parka tinka vaik\u0161\u010dioti tamsoje?<\/h3>\n<p data-start=\"2628\" data-end=\"2727\">Tinka. <strong data-start=\"2645\" data-end=\"2680\">Ant nugaros ir rankovi\u0173<\/strong> yra <strong data-start=\"2645\" data-end=\"2680\">\u0161vies\u0105 atspindin\u010dios detal\u0117s<\/strong>, kad tamsoje b\u016btum\u0117te geriau matomi. <\/p>\n<h3 data-start=\"2734\" data-end=\"2770\">\u2753 Kaip greitai galiu gauti savo striuk\u0119?<\/h3>\n<p data-start=\"2771\" data-end=\"2866\">Parka <strong data-start=\"2780\" data-end=\"2800\">yra sand\u0117lyje i\u0161 karto,<\/strong> o u\u017esakymai paprastai pristatomi per <strong data-start=\"2841\" data-end=\"2857\">1-2 darbo dienas.<\/strong> <\/p>\n<h3 data-start=\"2873\" data-end=\"2922\">\u2753 K\u0105 daryti, jei netinka spalva ar dydis?<\/h3>\n<p data-start=\"2923\" data-end=\"3035\">Joki\u0173 problem\u0173. <strong data-start=\"2939\" data-end=\"2966\">Keitimas visada NEMOKAMAS<\/strong>, jei naudojate DPD keitimo kod\u0105. Galite keisti dyd\u012f, spalv\u0105 ir model\u012f. <\/p>\n<h3 data-start=\"3042\" data-end=\"3076\">\u2753 Ar galiu mok\u0117ti dalimis?<\/h3>\n<p data-start=\"3077\" data-end=\"3211\">Taip. Si\u016blome <strong data-start=\"3089\" data-end=\"3109\">&#8222;Esto3&#8221; mok\u0117jimo b\u016bd\u0105<\/strong>, kuris leid\u017eia mok\u0117ti <strong data-start=\"3131\" data-end=\"3172\">trimis lygiomis dalimis be joki\u0173 papildom\u0173 mokes\u010di\u0173.<\/strong> Nor\u0117dami mok\u0117ti su &#8222;Esto3&#8221;, pirkini\u0173 krep\u0161elyje mok\u0117jimo b\u016bd\u0173 skiltyje pasirinkite &#8222;Esto3&#8221; ir b\u016bsite nukreipti \u012f &#8222;Esto&#8221; puslap\u012f, kuriame gal\u0117site pasira\u0161yti sutart\u012f internetu.  <\/p>\n<h3 data-start=\"3218\" data-end=\"3258\">\u2753 Ar galiu u\u017esisakyti telefonu?<\/h3>\n<p data-start=\"3259\" data-end=\"3380\">Taip. Nor\u0117dami u\u017esisakyti telefonu, skambinkite <strong data-start=\"3298\" data-end=\"3311\">51 45 245.<\/strong> Tokiu atveju u\u017e prekes <strong data-start=\"3346\" data-end=\"3379\">pristatymo metu<\/strong> galite sumok\u0117ti <strong data-start=\"3346\" data-end=\"3379\">banko kortele \u012f siunt\u0173 automat\u0105<\/strong>.  <\/p>\n<h3 data-start=\"3387\" data-end=\"3447\">\u2753 Ar &#8222;Huppa Vienna&#8221; yra geras pasirinkimas kasdieniam d\u0117v\u0117jimui?<\/h3>\n<p data-start=\"3448\" data-end=\"3683\">Absoliu\u010diai. \u0160i striuk\u0117 skirta <strong data-start=\"3484\" data-end=\"3513\">kasdieniam ne\u0161iojimui<\/strong> &#8211; \u012f darb\u0105, mokykl\u0105, pasivaik\u0161\u010diojimams ir laisvalaikiui. D\u0117l patvari\u0173 med\u017eiag\u0173, prakti\u0161k\u0173 detali\u0173 ir nesenstan\u010dio dizaino \u0161i striuk\u0117 <strong data-start=\"3635\" data-end=\"3674\">yra patikima ir ilgaam\u017e\u0117 investicija<\/strong> \u017eiemai &#8211; tai jau penkt\u0105 sezon\u0105 i\u0161 eil\u0117s m\u016bs\u0173 populiariausia \u017eiemin\u0117 striuk\u0117.  <\/p>\n<p>&nbsp;<\/p>\n","protected":false},"excerpt":{"rendered":"<p>&#8222;Huppa&#8221; moteri\u0161ka \u017eiemin\u0117 striuk\u0117 Vienna-soe, v\u0117jo ir vandens nepraleid\u017eianti moteri\u0161ka striuk\u0117 &#8222;Huppa Vienna&#8221; moteri\u0161ka \u017eiemin\u0117 striuk\u0117 yra stilingas, prakti\u0161kas ir \u0161iltas pasirinkimas rudens-\u017eiemos sezonui. Ji sukurta moterims, vertinan\u010dioms patogum\u0105, \u0161ilum\u0105 ir nesenstan\u010di\u0105 i\u0161vaizd\u0105. Parka tinka darbui, mokyklai ar laisvalaikiui, kad visada b\u016bt\u0173 \u0161ilta ir apsaugota nuo \u0161al\u010dio. \u0160ilta, net kai \u0161alta iki -20 \u00b0C &#8222;Vienna [&hellip;]<\/p>\n","protected":false},"featured_media":267675,"comment_status":"open","ping_status":"closed","template":"","meta":{"_acf_changed":false},"product_brand":[],"product_cat":[301],"product_tag":[],"class_list":{"0":"post-267674","1":"product","2":"type-product","3":"status-publish","4":"has-post-thumbnail","6":"product_cat-zieminiai-paltukai-iki-60","7":"product_shipping_class-tarneaeg-1-4-paeva","9":"first","10":"instock","11":"sale","12":"taxable","13":"shipping-taxable","14":"purchasable","15":"product-type-variable","16":"has-default-attributes","17":"add-to-wishlist-after_add_to_cart"},"acf":[],"_links":{"self":[{"href":"https:\/\/tellimused.stiilne.ee\/lt\/wp-json\/wp\/v2\/product\/267674","targetHints":{"allow":["GET"]}}],"collection":[{"href":"https:\/\/tellimused.stiilne.ee\/lt\/wp-json\/wp\/v2\/product"}],"about":[{"href":"https:\/\/tellimused.stiilne.ee\/lt\/wp-json\/wp\/v2\/types\/product"}],"replies":[{"embeddable":true,"href":"https:\/\/tellimused.stiilne.ee\/lt\/wp-json\/wp\/v2\/comments?post=267674"}],"wp:featuredmedia":[{"embeddable":true,"href":"https:\/\/tellimused.stiilne.ee\/lt\/wp-json\/wp\/v2\/media\/267675"}],"wp:attachment":[{"href":"https:\/\/tellimused.stiilne.ee\/lt\/wp-json\/wp\/v2\/media?parent=267674"}],"wp:term":[{"taxonomy":"product_brand","embeddable":true,"href":"https:\/\/tellimused.stiilne.ee\/lt\/wp-json\/wp\/v2\/product_brand?post=267674"},{"taxonomy":"product_cat","embeddable":true,"href":"https:\/\/tellimused.stiilne.ee\/lt\/wp-json\/wp\/v2\/product_cat?post=267674"},{"taxonomy":"product_tag","embeddable":true,"href":"https:\/\/tellimused.stiilne.ee\/lt\/wp-json\/wp\/v2\/product_tag?post=267674"}],"curies":[{"name":"wp","href":"https:\/\/api.w.org\/{rel}","templated":true}]}}