{"id":267696,"date":"2026-03-12T11:30:44","date_gmt":"2026-03-12T09:30:44","guid":{"rendered":"https:\/\/tellimused.stiilne.ee\/toode\/baia-decor-helkur-pross-siilipoiss-valge-kohe-laos\/"},"modified":"2026-04-07T11:10:49","modified_gmt":"2026-04-07T08:10:49","slug":"baia-decor-atsvaitas-pross-ezys-baltas-baltas-ispardavimas","status":"publish","type":"product","link":"https:\/\/tellimused.stiilne.ee\/lt\/produktas\/baia-decor-atsvaitas-pross-ezys-baltas-baltas-ispardavimas\/","title":{"rendered":"BAIA DECOR At\u0161vaitas-Pross e\u017eys baltas-BALTAS I\u0160PARDAVIMAS"},"content":{"rendered":"<p>&nbsp;<\/p>\n<p>Papras\u010diausias b\u016bdas b\u016bti matomam tamsoje &#8211; ne\u0161ioti at\u0161vait\u0105. Estijoje tamsoje privaloma ne\u0161ioti at\u0161vait\u0105. \u012estatyme sakoma: &#8222;At\u0161vait\u0105 d\u0117v\u0117ti svarbu, kad motorini\u0173 transporto priemoni\u0173 vairuotojai gal\u0117t\u0173 jus matyti tamsoje.&#8221;<\/p>\n<p><strong>Ar \u017einojote, kad<\/strong> at\u0161vait\u0105 \u012fkv\u0117p\u0117 kat\u0117s akys.<\/p>\n<p>1934. 2008 m. Notingemo keli\u0173 darbininkas Percy Shaw u\u017epatentavo pirm\u0105j\u012f pasaulyje at\u0161vait\u0105, kur\u012f sugalvojo va\u017eiuodamas nakt\u012f neap\u0161viestu keliu &#8211; kelio pakra\u0161tyje esan\u010dios kat\u0117s akys atspind\u0117jo automobili\u0173 \u017eibint\u0173 \u0161vies\u0105.<\/p>\n<p>Geri patarimai, kaip saugiai keliauti tamsoje:<\/p>\n<ul class=\"no-bullet\">\n<li id=\"active1\" class=\"bullet-list active1\">Greitkelyje visada eikite kairi\u0105ja kelio puse, kad matytum\u0117te atva\u017eiuojan\u010dias transporto priemones.<\/li>\n<li id=\"active2\" class=\"bullet-list active2\">At\u0161vait\u0105 pritvirtinkite prie k\u0117bulo \u0161ono, nukreipto \u012f va\u017eiuojam\u0105j\u0105 kelio dal\u012f, kad jis b\u016bt\u0173 matomas i\u0161 kuo daugiau pusi\u0173.<\/li>\n<li id=\"active3\" class=\"bullet-list active3\">At\u0161vait\u0105 geriausia montuoti 30-80 cm auk\u0161tyje vir\u0161 \u017eem\u0117s, kad transporto priemon\u0117s \u017eibintai \u0161viest\u0173 \u012f at\u0161vait\u0105 ir jis atspind\u0117t\u0173 \u0161vies\u0105 vairuotojui \u012f akis.<\/li>\n<li id=\"active4\" class=\"bullet-list active4\">\u012esitikinkite, kad at\u0161vaitas n\u0117ra po vir\u0161utiniais drabu\u017eiais, kad vairuotojas gal\u0117t\u0173 jus laiku pasteb\u0117ti, sul\u0117tinti greit\u012f ir saugiai aplenkti.<\/li>\n<li id=\"active5\" class=\"bullet-list active5\">Jei n\u0117ra priekinio \u017eibinto, gali pad\u0117ti saugos liemen\u0117, \u017eibintuv\u0117lis arba mobiliojo telefono ekrano lemput\u0117, taip pat ry\u0161k\u016bs arba ry\u0161kiaspalviai drabu\u017eiai (tamsoje vairuotojams geriausiai matoma balta ir geltona parka).<\/li>\n<\/ul>\n<p>&#8222;Baia Decor&#8221; at\u0161vaitai yra padengti ES standarto 3M &#8222;Scotchlite&#8221; \u0161vies\u0105 atspindin\u010dia pl\u0117vele.<\/p>\n<p>At\u0161vaitas gale tvirtinamas saugos smeigtuku ir yra pagamintas i\u0161 tvirto plastiko, padengto \u0161vies\u0105 atspindin\u010dia pl\u0117vele.<\/p>\n<p>\u0160is gaminys yra vizualin\u0117 asmenin\u0117 apsaugos priemon\u0117. I\u0161skirtiniai at\u0161vaitai puo\u0161ia d\u0117v\u0117toj\u0105 visais met\u0173 laikais ir suteikia pasitik\u0117jimo, kad jis bus matomas eisme tamsoje. <\/p>\n<p>At\u0161vaitas yra prakti\u0161ka ir reikalinga dovana sau, savo \u0161eimai ir draugams.<\/p>\n<p>At\u0161vaitas taip pat yra gra\u017ei ir prakti\u0161ka dovana gimtadienio, Kal\u0117d\u0173 ar bet kokia kita ypatinga proga.<\/p>\n<p>Pasirinkite m\u0117gstam\u0105 at\u0161vaito dizain\u0105 ir b\u016bkite matomi su Estijoje pagamintu blizgiu &#8222;Baia Decor&#8221; at\u0161vaitu.<\/p>\n<p>&nbsp;<\/p>\n","protected":false},"excerpt":{"rendered":"<p>&nbsp; Papras\u010diausias b\u016bdas b\u016bti matomam tamsoje &#8211; ne\u0161ioti at\u0161vait\u0105. Estijoje tamsoje privaloma ne\u0161ioti at\u0161vait\u0105. \u012estatyme sakoma: &#8222;At\u0161vait\u0105 d\u0117v\u0117ti svarbu, kad motorini\u0173 transporto priemoni\u0173 vairuotojai gal\u0117t\u0173 jus matyti tamsoje.&#8221; Ar \u017einojote, kad at\u0161vait\u0105 \u012fkv\u0117p\u0117 kat\u0117s akys. 1934. 2008 m. Notingemo keli\u0173 darbininkas Percy Shaw u\u017epatentavo pirm\u0105j\u012f pasaulyje at\u0161vait\u0105, kur\u012f sugalvojo va\u017eiuodamas nakt\u012f neap\u0161viestu keliu &#8211; kelio [&hellip;]<\/p>\n","protected":false},"featured_media":267697,"comment_status":"open","ping_status":"closed","template":"","meta":{"_acf_changed":false},"product_brand":[],"product_cat":[446,364],"product_tag":[],"class_list":{"0":"post-267696","1":"product","2":"type-product","3":"status-publish","4":"has-post-thumbnail","6":"product_cat-baia-decor-atsvaitai","7":"product_cat-dovanos","8":"product_shipping_class-tarneaeg-1-4-paeva","10":"first","11":"instock","12":"sale","13":"taxable","14":"shipping-taxable","15":"purchasable","16":"product-type-variable","17":"has-default-attributes","18":"add-to-wishlist-after_add_to_cart"},"acf":[],"_links":{"self":[{"href":"https:\/\/tellimused.stiilne.ee\/lt\/wp-json\/wp\/v2\/product\/267696","targetHints":{"allow":["GET"]}}],"collection":[{"href":"https:\/\/tellimused.stiilne.ee\/lt\/wp-json\/wp\/v2\/product"}],"about":[{"href":"https:\/\/tellimused.stiilne.ee\/lt\/wp-json\/wp\/v2\/types\/product"}],"replies":[{"embeddable":true,"href":"https:\/\/tellimused.stiilne.ee\/lt\/wp-json\/wp\/v2\/comments?post=267696"}],"wp:featuredmedia":[{"embeddable":true,"href":"https:\/\/tellimused.stiilne.ee\/lt\/wp-json\/wp\/v2\/media\/267697"}],"wp:attachment":[{"href":"https:\/\/tellimused.stiilne.ee\/lt\/wp-json\/wp\/v2\/media?parent=267696"}],"wp:term":[{"taxonomy":"product_brand","embeddable":true,"href":"https:\/\/tellimused.stiilne.ee\/lt\/wp-json\/wp\/v2\/product_brand?post=267696"},{"taxonomy":"product_cat","embeddable":true,"href":"https:\/\/tellimused.stiilne.ee\/lt\/wp-json\/wp\/v2\/product_cat?post=267696"},{"taxonomy":"product_tag","embeddable":true,"href":"https:\/\/tellimused.stiilne.ee\/lt\/wp-json\/wp\/v2\/product_tag?post=267696"}],"curies":[{"name":"wp","href":"https:\/\/api.w.org\/{rel}","templated":true}]}}