{"id":267702,"date":"2026-03-12T11:30:44","date_gmt":"2026-03-12T09:30:44","guid":{"rendered":"https:\/\/tellimused.stiilne.ee\/toode\/five-seasons-meeste-sugis-talvine-parka-vernon-tumeroheline-kohe-laos-super-hind\/"},"modified":"2026-04-07T11:10:41","modified_gmt":"2026-04-07T08:10:41","slug":"five-seasons-vyriska-rudens-ziemos-striuke-vernon-tamsiai-zalia-naujos-akcijos-super-hind","status":"publish","type":"product","link":"https:\/\/tellimused.stiilne.ee\/lt\/produktas\/five-seasons-vyriska-rudens-ziemos-striuke-vernon-tamsiai-zalia-naujos-akcijos-super-hind\/","title":{"rendered":"FIVE SEASONS vyri\u0161ka rudens-\u017eiemos striuk\u0117 VERNON tamsiai \u017ealia &#8211; NAUJOS AKCIJOS &#8211; SUPER HIND"},"content":{"rendered":"<h2 data-start=\"243\" data-end=\"295\">Five Seasons Vernon vyri\u0161ka rudens-\u017eiemos striuk\u0117<\/h2>\n<p data-start=\"297\" data-end=\"536\">&#8222;<strong data-start=\"297\" data-end=\"333\">Five Seasons Vernon&#8221; vyri\u0161ka striuk\u0117<\/strong> yra prakti\u0161ka ir oro s\u0105lygoms atspari <strong data-start=\"367\" data-end=\"390\">rudens\/\u017eiemos striuk\u0117<\/strong>, puikiai tinkanti v\u0117sesn\u0117ms ir permainingoms dienoms. Puikus pasirinkimas kasdieniam d\u0117v\u0117jimui &#8211; \u012f darb\u0105, mieste ar aktyviai keliaujant \u012f darb\u0105. <\/p>\n<hr data-start=\"538\" data-end=\"541\">\n<h3 data-start=\"543\" data-end=\"587\"> \ufe0f Apsaugo nuo lietaus, v\u0117jo ir purvo<\/h3>\n<p data-start=\"588\" data-end=\"659\">Parka pasi\u016bta i\u0161 <strong data-start=\"609\" data-end=\"631\">BIONIC-FINISH\u00ae ECO<\/strong> technologijos audinio, kuris.<\/p>\n<ul data-start=\"660\" data-end=\"865\">\n<li data-start=\"660\" data-end=\"689\">\n<p data-start=\"662\" data-end=\"689\">\u2714\ufe0f atstumia vanden\u012f ir purv\u0105<\/p>\n<\/li>\n<li data-start=\"690\" data-end=\"712\">\n<p data-start=\"692\" data-end=\"712\">\u2714\ufe0f greitai d\u017ei\u016bsta<\/p>\n<\/li>\n<li data-start=\"713\" data-end=\"752\">\n<p data-start=\"715\" data-end=\"752\">\u2714\ufe0f yra pralaidus orui ir patogus jud\u0117ti<\/p>\n<\/li>\n<li data-start=\"753\" data-end=\"787\">\n<p data-start=\"755\" data-end=\"787\">\u2714\ufe0f ilgiau i\u0161laiko \u0161vie\u017eias spalvas<\/p>\n<\/li>\n<li data-start=\"788\" data-end=\"827\">\n<p data-start=\"790\" data-end=\"827\">\u2714\ufe0f yra atsparus atmosferos poveikiui ir patvarus.<\/p>\n<\/li>\n<li data-start=\"828\" data-end=\"865\">\n<p data-start=\"830\" data-end=\"865\">\u2714\ufe0f \u017ealesn\u0117s apdailos med\u017eiagos<\/p>\n<\/li>\n<\/ul>\n<hr data-start=\"867\" data-end=\"870\">\n<h3 data-start=\"872\" data-end=\"923\">  Prakti\u0161kos detal\u0117s kasdieniam d\u0117v\u0117jimui<\/h3>\n<ul data-start=\"924\" data-end=\"1175\">\n<li data-start=\"924\" data-end=\"984\">\n<p data-start=\"926\" data-end=\"984\">  <strong data-start=\"929\" data-end=\"952\">Fiksuotas gobtuvas<\/strong> &#8211; apsaugo nuo v\u0117jo ir lietaus<\/p>\n<\/li>\n<li data-start=\"985\" data-end=\"1054\">\n<p data-start=\"987\" data-end=\"1054\">  <strong data-start=\"990\" data-end=\"1010\">U\u017erakinama priekin\u0117 ki\u0161en\u0117<\/strong> &#8211; saugi vieta raktams ar telefonui<\/p>\n<\/li>\n<li data-start=\"1055\" data-end=\"1113\">\n<p data-start=\"1057\" data-end=\"1113\">  <strong data-start=\"1060\" data-end=\"1084\">Priekin\u0117s ki\u0161en\u0117s su \u0161akut\u0117mis<\/strong> &#8211; patogios ir klasikin\u0117s<\/p>\n<\/li>\n<li data-start=\"1114\" data-end=\"1175\">\n<p data-start=\"1116\" data-end=\"1175\">  Nesenstantis dizainas &#8211; tinka tiek laisvalaikio, tiek darbo drabu\u017eiams<\/p>\n<\/li>\n<\/ul>\n<hr data-start=\"1177\" data-end=\"1180\">\n<h3 data-start=\"1182\" data-end=\"1208\">  Dyd\u017eiai ir tinkamumas<\/h3>\n<ul data-start=\"1209\" data-end=\"1343\">\n<li data-start=\"1209\" data-end=\"1259\">\n<p data-start=\"1211\" data-end=\"1259\">\u2714\ufe0f Atitinka <strong data-start=\"1221\" data-end=\"1257\">standartinius Europos dyd\u017eius<\/strong><\/p>\n<\/li>\n<li data-start=\"1260\" data-end=\"1343\">\n<p data-start=\"1262\" data-end=\"1343\">  Jei u\u017esakytas dydis netinka, su DPD gr\u0105\u017einimo kodu <strong data-start=\"1297\" data-end=\"1321\">keitimas visada NEMOKAMAS<\/strong>.<\/p>\n<\/li>\n<\/ul>\n<hr data-start=\"1345\" data-end=\"1348\">\n<h3 data-start=\"1350\" data-end=\"1386\">  Greitas pristatymas &#8211; produktas yra sand\u0117lyje dabar<\/h3>\n<ul data-start=\"1387\" data-end=\"1538\">\n<li data-start=\"1387\" data-end=\"1423\">\n<p data-start=\"1389\" data-end=\"1423\">  Parka <strong data-start=\"1401\" data-end=\"1421\">dabar yra sand\u0117lyje<\/strong><\/p>\n<\/li>\n<li data-start=\"1424\" data-end=\"1465\">\n<p data-start=\"1426\" data-end=\"1465\">\u23f1\ufe0f Pristatymo laikas paprastai <strong data-start=\"1449\" data-end=\"1463\">kelios dienos<\/strong><\/p>\n<\/li>\n<li data-start=\"1466\" data-end=\"1538\">\n<p data-start=\"1468\" data-end=\"1538\">\u26a1 U\u017esakymai, pateikti darbo dien\u0105 iki 17:00, bus <strong data-start=\"1516\" data-end=\"1538\">i\u0161si\u0173sti t\u0105 pa\u010di\u0105 dien\u0105<\/strong>.<\/p>\n<\/li>\n<\/ul>\n<hr data-start=\"1540\" data-end=\"1543\">\n<h3 data-start=\"1545\" data-end=\"1581\">  Jei pageidaujate, \u012fsigykite vietoje<\/h3>\n<p data-start=\"1582\" data-end=\"1719\">Park\u0105 taip pat galite \u012fsigyti <strong data-start=\"1602\" data-end=\"1621\">tiesiai i\u0161 m\u016bs\u0173 sand\u0117lio<\/strong>:<br data-start=\"1622\" data-end=\"1625\">  <strong data-start=\"1628\" data-end=\"1661\">Kanarbiku tee 15\/3, J\u00e4rvek\u00fcla<\/strong><br data-start=\"1661\" data-end=\"1664\">  Tik <strong data-start=\"1672\" data-end=\"1719\">5 min. kelio automobiliu nuo \u00dclemiste centro.<\/strong><\/p>\n<p>&nbsp;<\/p>\n<p>&nbsp;<\/p>\n","protected":false},"excerpt":{"rendered":"<p>Five Seasons Vernon vyri\u0161ka rudens-\u017eiemos striuk\u0117 &#8222;Five Seasons Vernon&#8221; vyri\u0161ka striuk\u0117 yra prakti\u0161ka ir oro s\u0105lygoms atspari rudens\/\u017eiemos striuk\u0117, puikiai tinkanti v\u0117sesn\u0117ms ir permainingoms dienoms. Puikus pasirinkimas kasdieniam d\u0117v\u0117jimui &#8211; \u012f darb\u0105, mieste ar aktyviai keliaujant \u012f darb\u0105. \ufe0f Apsaugo nuo lietaus, v\u0117jo ir purvo Parka pasi\u016bta i\u0161 BIONIC-FINISH\u00ae ECO technologijos audinio, kuris. \u2714\ufe0f atstumia [&hellip;]<\/p>\n","protected":false},"featured_media":267703,"comment_status":"open","ping_status":"closed","template":"","meta":{"_acf_changed":false},"product_brand":[],"product_cat":[304,362],"product_tag":[],"class_list":{"0":"post-267702","1":"product","2":"type-product","3":"status-publish","4":"has-post-thumbnail","6":"product_cat-huppa-vyriski-ir-berniuku-ziemos-striukes","7":"product_cat-vyrams-2","8":"product_shipping_class-tarneaeg-1-4-paeva","10":"first","11":"instock","12":"sale","13":"taxable","14":"shipping-taxable","15":"purchasable","16":"product-type-variable","17":"has-default-attributes","18":"add-to-wishlist-after_add_to_cart"},"acf":[],"_links":{"self":[{"href":"https:\/\/tellimused.stiilne.ee\/lt\/wp-json\/wp\/v2\/product\/267702","targetHints":{"allow":["GET"]}}],"collection":[{"href":"https:\/\/tellimused.stiilne.ee\/lt\/wp-json\/wp\/v2\/product"}],"about":[{"href":"https:\/\/tellimused.stiilne.ee\/lt\/wp-json\/wp\/v2\/types\/product"}],"replies":[{"embeddable":true,"href":"https:\/\/tellimused.stiilne.ee\/lt\/wp-json\/wp\/v2\/comments?post=267702"}],"wp:featuredmedia":[{"embeddable":true,"href":"https:\/\/tellimused.stiilne.ee\/lt\/wp-json\/wp\/v2\/media\/267703"}],"wp:attachment":[{"href":"https:\/\/tellimused.stiilne.ee\/lt\/wp-json\/wp\/v2\/media?parent=267702"}],"wp:term":[{"taxonomy":"product_brand","embeddable":true,"href":"https:\/\/tellimused.stiilne.ee\/lt\/wp-json\/wp\/v2\/product_brand?post=267702"},{"taxonomy":"product_cat","embeddable":true,"href":"https:\/\/tellimused.stiilne.ee\/lt\/wp-json\/wp\/v2\/product_cat?post=267702"},{"taxonomy":"product_tag","embeddable":true,"href":"https:\/\/tellimused.stiilne.ee\/lt\/wp-json\/wp\/v2\/product_tag?post=267702"}],"curies":[{"name":"wp","href":"https:\/\/api.w.org\/{rel}","templated":true}]}}