{"id":267753,"date":"2026-03-12T11:27:32","date_gmt":"2026-03-12T09:27:32","guid":{"rendered":"https:\/\/tellimused.stiilne.ee\/toode\/eritellimusel-must-kasitoo-pusa-lagedi-kooli-opilastele-kohe-laos-suurus-110-116-cm-must-pusa-teised-suurused-tellimisel\/"},"modified":"2026-04-07T11:10:51","modified_gmt":"2026-04-07T08:10:51","slug":"specialus-uzsakymas-juoda-ranku-darbo-palaidine-lagedo-mokyklos-mokiniams-dabar-sandelyje-110-116-cm-dydzio-juoda-palaidine-kiti-dydziai-pagal-pageidavima","status":"publish","type":"product","link":"https:\/\/tellimused.stiilne.ee\/lt\/produktas\/specialus-uzsakymas-juoda-ranku-darbo-palaidine-lagedo-mokyklos-mokiniams-dabar-sandelyje-110-116-cm-dydzio-juoda-palaidine-kiti-dydziai-pagal-pageidavima\/","title":{"rendered":"SPECIALUS U\u017dSAKYMAS juoda rank\u0173 darbo palaidin\u0117 Lagedo mokyklos mokiniams &#8211; dabar sand\u0117lyje 110-116 cm dyd\u017eio juoda palaidin\u0117 &#8211; kiti dyd\u017eiai pagal pageidavim\u0105"},"content":{"rendered":"<p>&nbsp;<\/p>\n<p>Mink\u0161ta ir jauki palaidin\u0117, pagaminta Estijoje i\u0161 medvilninio audinio, tinkama d\u0117v\u0117ti i\u0161tisus metus.<\/p>\n<p>Med\u017eiaga &#8211; 95 % medviln\u0117s ir 5 % elastano.<\/p>\n<p>Tekstas ant \u0161viesios kr\u016btin\u0117s Laged School<\/p>\n<p><strong>NB!2025 m. rudens u\u017esakymas baigsis rugs\u0117jo 29 d., tada visos mokyklos palaidin\u0117s ir suknel\u0117s bus prad\u0117tos gaminti ir spausdinti.<\/strong><\/p>\n<p><strong>L\u00e1ged Mokyklini\u0173 palaidini\u0173 matavimo lentel\u0117 CM<\/strong><\/p>\n<table>\n<thead>\n<tr>\n<th>Dydis<\/th>\n<th>Kr\u016btin\u0117s apimtis (cm)<\/th>\n<th>Nugaros ilgis ties nugaros viduriu su \u0161onkauliais (cm)<\/th>\n<th>Pe\u010di\u0173 plotis (cm)<\/th>\n<th>Rankov\u0117s ilgis su rankogaliu (cm)<\/th>\n<\/tr>\n<\/thead>\n<tbody>\n<tr>\n<td>92\/98<\/td>\n<td>62.1<\/td>\n<td>38.6<\/td>\n<td>25.8<\/td>\n<td>33.1<\/td>\n<\/tr>\n<tr>\n<td>98\/104<\/td>\n<td>67.1<\/td>\n<td>41.6<\/td>\n<td>27.8<\/td>\n<td>37.4<\/td>\n<\/tr>\n<tr>\n<td>110\/116<\/td>\n<td>72.1<\/td>\n<td>45.1<\/td>\n<td>29.8<\/td>\n<td>41.8<\/td>\n<\/tr>\n<tr>\n<td>122\/128<\/td>\n<td>77.1<\/td>\n<td>48.1<\/td>\n<td>31.8<\/td>\n<td>46.2<\/td>\n<\/tr>\n<tr>\n<td>134\/140<\/td>\n<td>82.1<\/td>\n<td>51.1<\/td>\n<td>34.3<\/td>\n<td>50.6<\/td>\n<\/tr>\n<tr>\n<td>146\/152<\/td>\n<td>88.1<\/td>\n<td>55.6<\/td>\n<td>36.8<\/td>\n<td>54.9<\/td>\n<\/tr>\n<tr>\n<td>158\/164<\/td>\n<td>94.1<\/td>\n<td>59.6<\/td>\n<td>39.3<\/td>\n<td>60.3<\/td>\n<\/tr>\n<tr>\n<td>170<\/td>\n<td>100.1<\/td>\n<td>63.6<\/td>\n<td>41.8<\/td>\n<td>64.7<\/td>\n<\/tr>\n<\/tbody>\n<\/table>\n<p>&nbsp;<\/p>\n","protected":false},"excerpt":{"rendered":"<p>&nbsp; Mink\u0161ta ir jauki palaidin\u0117, pagaminta Estijoje i\u0161 medvilninio audinio, tinkama d\u0117v\u0117ti i\u0161tisus metus. Med\u017eiaga &#8211; 95 % medviln\u0117s ir 5 % elastano. Tekstas ant \u0161viesios kr\u016btin\u0117s Laged School NB!2025 m. rudens u\u017esakymas baigsis rugs\u0117jo 29 d., tada visos mokyklos palaidin\u0117s ir suknel\u0117s bus prad\u0117tos gaminti ir spausdinti. L\u00e1ged Mokyklini\u0173 palaidini\u0173 matavimo lentel\u0117 CM Dydis [&hellip;]<\/p>\n","protected":false},"featured_media":267754,"comment_status":"open","ping_status":"closed","template":"","meta":{"_acf_changed":false},"product_brand":[],"product_cat":[455],"product_tag":[],"class_list":{"0":"post-267753","1":"product","2":"type-product","3":"status-publish","4":"has-post-thumbnail","6":"product_cat-lagedi-mokyklos-sijonai-sukneles","8":"first","9":"instock","10":"taxable","11":"shipping-taxable","12":"purchasable","13":"product-type-variable","14":"has-default-attributes","15":"add-to-wishlist-after_add_to_cart"},"acf":[],"_links":{"self":[{"href":"https:\/\/tellimused.stiilne.ee\/lt\/wp-json\/wp\/v2\/product\/267753","targetHints":{"allow":["GET"]}}],"collection":[{"href":"https:\/\/tellimused.stiilne.ee\/lt\/wp-json\/wp\/v2\/product"}],"about":[{"href":"https:\/\/tellimused.stiilne.ee\/lt\/wp-json\/wp\/v2\/types\/product"}],"replies":[{"embeddable":true,"href":"https:\/\/tellimused.stiilne.ee\/lt\/wp-json\/wp\/v2\/comments?post=267753"}],"wp:featuredmedia":[{"embeddable":true,"href":"https:\/\/tellimused.stiilne.ee\/lt\/wp-json\/wp\/v2\/media\/267754"}],"wp:attachment":[{"href":"https:\/\/tellimused.stiilne.ee\/lt\/wp-json\/wp\/v2\/media?parent=267753"}],"wp:term":[{"taxonomy":"product_brand","embeddable":true,"href":"https:\/\/tellimused.stiilne.ee\/lt\/wp-json\/wp\/v2\/product_brand?post=267753"},{"taxonomy":"product_cat","embeddable":true,"href":"https:\/\/tellimused.stiilne.ee\/lt\/wp-json\/wp\/v2\/product_cat?post=267753"},{"taxonomy":"product_tag","embeddable":true,"href":"https:\/\/tellimused.stiilne.ee\/lt\/wp-json\/wp\/v2\/product_tag?post=267753"}],"curies":[{"name":"wp","href":"https:\/\/api.w.org\/{rel}","templated":true}]}}