{"id":267790,"date":"2026-03-12T11:21:37","date_gmt":"2026-03-12T09:21:37","guid":{"rendered":"https:\/\/tellimused.stiilne.ee\/toode\/mugavad-venivast-kangast-musta-taustaga-retuusid-roosi-kohe-laos-m-l-xl-ja-xxl\/"},"modified":"2026-04-14T16:24:33","modified_gmt":"2026-04-14T13:24:33","slug":"patogus-elastingo-audinio-retuusas-su-juodu-rausvu-fonu-sandelyje-yra-m-l-xl-ir-xxl","status":"publish","type":"product","link":"https:\/\/tellimused.stiilne.ee\/lt\/produktas\/patogus-elastingo-audinio-retuusas-su-juodu-rausvu-fonu-sandelyje-yra-m-l-xl-ir-xxl\/","title":{"rendered":"Patogus elastingo audinio retuusas su juodu rausvu fonu &#8211; sand\u0117lyje yra M, L, XL ir XXL"},"content":{"rendered":"<p>&nbsp;<\/p>\n<p>Gra\u017e\u016bs g\u0117li\u0173 ra\u0161tais marginti retriveriai pagaminti i\u0161 plonesn\u0117s elastingos medvilnin\u0117s med\u017eiagos &#8211; retriveriai tinka sportui arba kasdieniam d\u0117v\u0117jimui namuose ar laisvalaikiu<\/p>\n<p>Visi &#8222;Yemi Design&#8221; gaminiai kuriami ir gaminami Estijoje ir yra 100 % rank\u0173 darbo<\/p>\n<p>Retriverius galima u\u017esakyti pagal pageidavim\u0105, o pristatymo terminas iki 15 dien\u0173 &#8211; paprastai u\u017esakym\u0105 galite gauti per savait\u0119.<\/p>\n","protected":false},"excerpt":{"rendered":"<p>&nbsp; Gra\u017e\u016bs g\u0117li\u0173 ra\u0161tais marginti retriveriai pagaminti i\u0161 plonesn\u0117s elastingos medvilnin\u0117s med\u017eiagos &#8211; retriveriai tinka sportui arba kasdieniam d\u0117v\u0117jimui namuose ar laisvalaikiu Visi &#8222;Yemi Design&#8221; gaminiai kuriami ir gaminami Estijoje ir yra 100 % rank\u0173 darbo Retriverius galima u\u017esakyti pagal pageidavim\u0105, o pristatymo terminas iki 15 dien\u0173 &#8211; paprastai u\u017esakym\u0105 galite gauti per savait\u0119.<\/p>\n","protected":false},"featured_media":267791,"comment_status":"open","ping_status":"closed","template":"","meta":{"_acf_changed":false},"product_brand":[],"product_cat":[442],"product_tag":[],"class_list":{"0":"post-267790","1":"product","2":"type-product","3":"status-publish","4":"has-post-thumbnail","6":"product_cat-yemi-disain-retusai","7":"product_shipping_class-tarneaeg-5-15-paeva","9":"first","10":"instock","11":"sale","12":"taxable","13":"shipping-taxable","14":"purchasable","15":"product-type-variable","16":"has-default-attributes","17":"add-to-wishlist-after_add_to_cart"},"acf":[],"_links":{"self":[{"href":"https:\/\/tellimused.stiilne.ee\/lt\/wp-json\/wp\/v2\/product\/267790","targetHints":{"allow":["GET"]}}],"collection":[{"href":"https:\/\/tellimused.stiilne.ee\/lt\/wp-json\/wp\/v2\/product"}],"about":[{"href":"https:\/\/tellimused.stiilne.ee\/lt\/wp-json\/wp\/v2\/types\/product"}],"replies":[{"embeddable":true,"href":"https:\/\/tellimused.stiilne.ee\/lt\/wp-json\/wp\/v2\/comments?post=267790"}],"wp:featuredmedia":[{"embeddable":true,"href":"https:\/\/tellimused.stiilne.ee\/lt\/wp-json\/wp\/v2\/media\/267791"}],"wp:attachment":[{"href":"https:\/\/tellimused.stiilne.ee\/lt\/wp-json\/wp\/v2\/media?parent=267790"}],"wp:term":[{"taxonomy":"product_brand","embeddable":true,"href":"https:\/\/tellimused.stiilne.ee\/lt\/wp-json\/wp\/v2\/product_brand?post=267790"},{"taxonomy":"product_cat","embeddable":true,"href":"https:\/\/tellimused.stiilne.ee\/lt\/wp-json\/wp\/v2\/product_cat?post=267790"},{"taxonomy":"product_tag","embeddable":true,"href":"https:\/\/tellimused.stiilne.ee\/lt\/wp-json\/wp\/v2\/product_tag?post=267790"}],"curies":[{"name":"wp","href":"https:\/\/api.w.org\/{rel}","templated":true}]}}