{"id":267838,"date":"2026-03-12T11:18:10","date_gmt":"2026-03-12T09:18:10","guid":{"rendered":"https:\/\/tellimused.stiilne.ee\/toode\/huppa-naiste-talveparka-vivian-must-naturaalkarvaga-200-gr-soojustusega-kohe-laos-viimased\/"},"modified":"2026-04-07T11:10:41","modified_gmt":"2026-04-07T08:10:41","slug":"huppa-moteriska-ziemine-striuke-vivian-juoda-su-naturaliais-plaukais-200-gr-apsiltinta-beveik-nebera-sandelyje-paskutine-sandelyje","status":"publish","type":"product","link":"https:\/\/tellimused.stiilne.ee\/lt\/produktas\/huppa-moteriska-ziemine-striuke-vivian-juoda-su-naturaliais-plaukais-200-gr-apsiltinta-beveik-nebera-sandelyje-paskutine-sandelyje\/","title":{"rendered":"Huppa moteri\u0161ka \u017eiemin\u0117 striuk\u0117 Vivian juoda su nat\u016braliais plaukais 200 gr ap\u0161iltinta &#8211; beveik neb\u0117ra sand\u0117lyje paskutin\u0117 sand\u0117lyje"},"content":{"rendered":"<h1 data-start=\"286\" data-end=\"368\">&#8222;Huppa Vivian 1&#8221; moteri\u0161ka \u017eiemin\u0117 striuk\u0117 &#8211; \u0161iltas, neper\u0161lampamas ir stilingas pasirinkimas esti\u0161koms \u017eiemoms<\/h1>\n<p data-start=\"370\" data-end=\"613\">Jei ie\u0161kote <strong data-start=\"419\" data-end=\"452\">\u0161ilto, patogaus ir patvaraus<\/strong> <strong data-start=\"380\" data-end=\"402\">moteri\u0161ko \u017eieminio palto<\/strong>, &#8221; <strong data-start=\"459\" data-end=\"477\">Huppa Vivian 1&#8243;<\/strong> yra tinkamas pasirinkimas. Sukurta \u0161iaur\u0117s \u0161ali\u0173 s\u0105lygoms, \u0161i striuk\u0117 atlaiko \u0161alt\u012f, v\u0117j\u0105, \u0161lapdrib\u0105 ir gaus\u0173 snieg\u0105. <\/p>\n<p data-start=\"615\" data-end=\"765\">Vivian parka sujungia <strong data-start=\"642\" data-end=\"679\">prakti\u0161kum\u0105 ir moteri\u0161k\u0105 dizain\u0105<\/strong> &#8211; gausite striuk\u0119, kuri su\u0161ildys \u0161altuoju met\u0173 laiku ir kartu atrodys stilingai.<\/p>\n<h2 data-start=\"772\" data-end=\"818\">Kod\u0117l verta rinktis &#8222;Huppa Vivian&#8221; moteri\u0161k\u0105 \u017eiemin\u0119 striuk\u0119?<\/h2>\n<p data-start=\"820\" data-end=\"1359\"> <strong data-start=\"823\" data-end=\"851\">100 % atsparumas v\u0117jui ir vandeniui<\/strong> &#8211; neper\u0161lampa iki 10 000 mm ir kv\u0117puoja iki 10 000 g\/m\u00b2<br data-start=\"898\" data-end=\"901\"> <strong data-start=\"904\" data-end=\"921\">Tikrai \u0161ilta<\/strong> &#8211; 200 g satino izoliacija + mink\u0161tas kailio pamu\u0161alas nugaroje<br data-start=\"981\" data-end=\"984\"> <strong data-start=\"987\" data-end=\"1008\">Slepiamos si\u016bl\u0117s<\/strong> &#8211; apsaugo nuo dr\u0117gm\u0117s net sningant<br data-start=\"1047\" data-end=\"1050\"> <strong data-start=\"1053\" data-end=\"1071\">Moteri\u0161kas kirpimas<\/strong> &#8211; reguliuojamas liemuo i\u0161ry\u0161kina fig\u016br\u0105<br data-start=\"1121\" data-end=\"1124\"> <strong data-start=\"1127\" data-end=\"1155\">Dviej\u0173 kryp\u010di\u0173 u\u017esegimas<\/strong> &#8211; patogu s\u0117d\u0117ti automobilyje ir aktyviai jud\u0117ti<br data-start=\"1198\" data-end=\"1201\"> <strong data-start=\"1204\" data-end=\"1232\">Daug prakti\u0161k\u0173 ki\u0161eni\u0173<\/strong> &#8211; priekin\u0117s ki\u0161en\u0117s su u\u017etrauktukais, rankovi\u0173 ki\u0161en\u0117, vidin\u0117 ki\u0161en\u0117<br data-start=\"1277\" data-end=\"1280\"> <strong data-start=\"1283\" data-end=\"1310\">Saugumas tamsoje<\/strong> &#8211; \u0161vies\u0105 atspindin\u010dios detal\u0117s ir kilpa papildomam at\u0161vaitui<\/p>\n<p data-start=\"1361\" data-end=\"1426\">  Tai parka, su kuria nereikia jaudintis d\u0117l kiekvieno at\u0161alimo.<\/p>\n<h2 data-start=\"1433\" data-end=\"1471\">Kiek \u0161ilta &#8222;Huppa Vivian&#8221; \u017eiemin\u0117 striuk\u0117?<\/h2>\n<p data-start=\"1473\" data-end=\"1606\"><strong data-start=\"1492\" data-end=\"1546\">Rekomenduojama<\/strong> &#8222;Huppa Vivian parka&#8221; <strong data-start=\"1492\" data-end=\"1546\">d\u0117v\u0117jimo temperat\u016bra yra nuo 0 \u00b0C iki -20 \u00b0C.<\/strong><\/p>\n<p data-start=\"1608\" data-end=\"1685\">D\u0117l 200 g izoliacijos ir kar\u0161to pamu\u0161alo ant nugaros bei gobtuvo \u0161i striuk\u0117 puikiai tinka&#8230;<\/p>\n<ul data-start=\"1686\" data-end=\"1802\">\n<li data-start=\"1686\" data-end=\"1718\">\n<p data-start=\"1688\" data-end=\"1718\">\u017eiemos judumui mieste<\/p>\n<\/li>\n<li data-start=\"1719\" data-end=\"1748\">\n<p data-start=\"1721\" data-end=\"1748\">eiti \u012f darb\u0105 ir mokykl\u0105.<\/p>\n<\/li>\n<li data-start=\"1749\" data-end=\"1769\">\n<p data-start=\"1751\" data-end=\"1769\">pasivaik\u0161\u010diojimams<\/p>\n<\/li>\n<li data-start=\"1770\" data-end=\"1802\">\n<p data-start=\"1772\" data-end=\"1802\">kelion\u0117ms \u0161altesniu oru<\/p>\n<\/li>\n<\/ul>\n<h2 data-start=\"1809\" data-end=\"1845\">Med\u017eiagos ir technin\u0117s specifikacijos<\/h2>\n<p data-start=\"1847\" data-end=\"2016\"> <strong data-start=\"1850\" data-end=\"1869\">Veido audinys:<\/strong> 100 % poliesteris<br data-start=\"1884\" data-end=\"1887\"> <strong data-start=\"1890\" data-end=\"1901\">Pamu\u0161alas:<\/strong> tafta ir vilna<br data-start=\"1915\" data-end=\"1918\"> <strong data-start=\"1921\" data-end=\"1935\">Izoliacija:<\/strong> vata 200 g\/m\u00b2<br data-start=\"1951\" data-end=\"1954\"> <strong data-start=\"1957\" data-end=\"1972\">Atsparumas vandeniui:<\/strong> 10 000 mm<br data-start=\"1982\" data-end=\"1985\"> <strong data-start=\"1989\" data-end=\"2002\">Kv\u0117puojamumas:<\/strong> 10 000 g\/m\u00b2<\/p>\n<p data-start=\"2018\" data-end=\"2114\">\u0160ios savyb\u0117s rei\u0161kia, kad \u0161i striuk\u0117 yra <strong data-start=\"2056\" data-end=\"2113\">atspari oro s\u0105lygoms, pralaidi orui ir patogi d\u0117v\u0117ti ilg\u0105 laik\u0105<\/strong>.<\/p>\n<h2 data-start=\"2121\" data-end=\"2143\">Dyd\u017eiai ir tinkamumas<\/h2>\n<p data-start=\"2145\" data-end=\"2291\">&#8222;Huppa Vivian 1&#8221; yra <strong data-start=\"2182\" data-end=\"2197\">nuo XS iki 3XL<\/strong> dyd\u017eio ir tinka \u012fvairiems k\u016bno sud\u0117jimo tipams.<br data-start=\"2235\" data-end=\"2238\">Kirpimas atitinka <strong data-start=\"2251\" data-end=\"2290\">standartin\u0119 Europos dyd\u017ei\u0173 lentel\u0119<\/strong>.<\/p>\n<p data-start=\"2293\" data-end=\"2387\">  Jei esate tarp skirting\u0173 dyd\u017ei\u0173, rekomenduojame rinktis didesn\u012f dyd\u012f, kad po juo b\u016bt\u0173 galima u\u017ed\u0117ti \u0161iltesn\u012f sluoksn\u012f.<\/p>\n<h2 data-start=\"2394\" data-end=\"2442\">Dyd\u017ei\u0173 lentel\u0117 &#8211; Huppa Vivian 1 moteri\u0161ka \u017eiemin\u0117 striuk\u0117<\/h2>\n<p data-start=\"2444\" data-end=\"2476\"><em data-start=\"2444\" data-end=\"2476\">(i\u0161matavimai paimti i\u0161 striuk\u0117s)<\/em><\/p>\n<div class=\"TyagGW_tableContainer\">\n<div class=\"group TyagGW_tableWrapper flex flex-col-reverse w-fit\" tabindex=\"-1\">\n<table class=\"w-fit min-w-(--thread-content-width)\" data-start=\"2478\" data-end=\"3015\">\n<thead data-start=\"2478\" data-end=\"2590\">\n<tr data-start=\"2478\" data-end=\"2590\">\n<th data-start=\"2478\" data-end=\"2487\" data-col-size=\"sm\">Dydis<\/th>\n<th data-start=\"2487\" data-end=\"2499\" data-col-size=\"sm\">Jautiena (cm)<\/th>\n<th data-start=\"2499\" data-end=\"2511\" data-col-size=\"sm\">Pe\u010diai (cm)<\/th>\n<th data-start=\"2511\" data-end=\"2523\" data-col-size=\"sm\">Mediena (cm)<\/th>\n<th data-start=\"2523\" data-end=\"2542\" data-col-size=\"sm\">Priekin\u0117s dalies ilgis (cm)<\/th>\n<th data-start=\"2542\" data-end=\"2563\" data-col-size=\"sm\">Ilgis nugaroje (cm)<\/th>\n<th data-start=\"2563\" data-end=\"2590\" data-col-size=\"sm\">Vidinis rankov\u0117s ilgis (cm)<\/th>\n<\/tr>\n<\/thead>\n<tbody data-start=\"2698\" data-end=\"3015\">\n<tr data-start=\"2698\" data-end=\"2740\">\n<td data-start=\"2698\" data-end=\"2708\" data-col-size=\"sm\">XS (34)<\/td>\n<td data-col-size=\"sm\" data-start=\"2708\" data-end=\"2713\">92<\/td>\n<td data-col-size=\"sm\" data-start=\"2713\" data-end=\"2718\">40<\/td>\n<td data-col-size=\"sm\" data-start=\"2718\" data-end=\"2724\">104<\/td>\n<td data-col-size=\"sm\" data-start=\"2724\" data-end=\"2729\">77<\/td>\n<td data-col-size=\"sm\" data-start=\"2729\" data-end=\"2734\">88<\/td>\n<td data-col-size=\"sm\" data-start=\"2734\" data-end=\"2740\">48<\/td>\n<\/tr>\n<tr data-start=\"2741\" data-end=\"2782\">\n<td data-start=\"2741\" data-end=\"2750\" data-col-size=\"sm\">S (36)<\/td>\n<td data-col-size=\"sm\" data-start=\"2750\" data-end=\"2755\">96<\/td>\n<td data-col-size=\"sm\" data-start=\"2755\" data-end=\"2760\">41<\/td>\n<td data-col-size=\"sm\" data-start=\"2760\" data-end=\"2766\">108<\/td>\n<td data-col-size=\"sm\" data-start=\"2766\" data-end=\"2771\">78<\/td>\n<td data-col-size=\"sm\" data-start=\"2771\" data-end=\"2776\">87<\/td>\n<td data-col-size=\"sm\" data-start=\"2776\" data-end=\"2782\">49<\/td>\n<\/tr>\n<tr data-start=\"2783\" data-end=\"2828\">\n<td data-start=\"2783\" data-end=\"2795\" data-col-size=\"sm\">M (38-40)<\/td>\n<td data-col-size=\"sm\" data-start=\"2795\" data-end=\"2801\">106<\/td>\n<td data-col-size=\"sm\" data-start=\"2801\" data-end=\"2806\">41<\/td>\n<td data-col-size=\"sm\" data-start=\"2806\" data-end=\"2812\">116<\/td>\n<td data-col-size=\"sm\" data-start=\"2812\" data-end=\"2817\">79<\/td>\n<td data-col-size=\"sm\" data-start=\"2817\" data-end=\"2822\">91<\/td>\n<td data-col-size=\"sm\" data-start=\"2822\" data-end=\"2828\">50<\/td>\n<\/tr>\n<tr data-start=\"2829\" data-end=\"2874\">\n<td data-start=\"2829\" data-end=\"2841\" data-col-size=\"sm\">L (42-44)<\/td>\n<td data-col-size=\"sm\" data-start=\"2841\" data-end=\"2847\">110<\/td>\n<td data-col-size=\"sm\" data-start=\"2847\" data-end=\"2852\">43<\/td>\n<td data-col-size=\"sm\" data-start=\"2852\" data-end=\"2858\">122<\/td>\n<td data-col-size=\"sm\" data-start=\"2858\" data-end=\"2863\">83<\/td>\n<td data-col-size=\"sm\" data-start=\"2863\" data-end=\"2868\">92<\/td>\n<td data-col-size=\"sm\" data-start=\"2868\" data-end=\"2874\">51<\/td>\n<\/tr>\n<tr data-start=\"2875\" data-end=\"2921\">\n<td data-start=\"2875\" data-end=\"2888\" data-col-size=\"sm\">XL (44-46)<\/td>\n<td data-start=\"2888\" data-end=\"2894\" data-col-size=\"sm\">118<\/td>\n<td data-col-size=\"sm\" data-start=\"2894\" data-end=\"2899\">45<\/td>\n<td data-col-size=\"sm\" data-start=\"2899\" data-end=\"2905\">126<\/td>\n<td data-col-size=\"sm\" data-start=\"2905\" data-end=\"2910\">83<\/td>\n<td data-col-size=\"sm\" data-start=\"2910\" data-end=\"2915\">92<\/td>\n<td data-col-size=\"sm\" data-start=\"2915\" data-end=\"2921\">51<\/td>\n<\/tr>\n<tr data-start=\"2922\" data-end=\"2969\">\n<td data-start=\"2922\" data-end=\"2936\" data-col-size=\"sm\">XXL (48-50)<\/td>\n<td data-col-size=\"sm\" data-start=\"2936\" data-end=\"2942\">128<\/td>\n<td data-col-size=\"sm\" data-start=\"2942\" data-end=\"2947\">46<\/td>\n<td data-col-size=\"sm\" data-start=\"2947\" data-end=\"2953\">126<\/td>\n<td data-col-size=\"sm\" data-start=\"2953\" data-end=\"2958\">84<\/td>\n<td data-col-size=\"sm\" data-start=\"2958\" data-end=\"2963\">95<\/td>\n<td data-col-size=\"sm\" data-start=\"2963\" data-end=\"2969\">51<\/td>\n<\/tr>\n<tr data-start=\"2970\" data-end=\"3015\">\n<td data-start=\"2970\" data-end=\"2982\" data-col-size=\"sm\">3XL (50+)<\/td>\n<td data-col-size=\"sm\" data-start=\"2982\" data-end=\"2988\">136<\/td>\n<td data-col-size=\"sm\" data-start=\"2988\" data-end=\"2993\">48<\/td>\n<td data-col-size=\"sm\" data-start=\"2993\" data-end=\"2999\">140<\/td>\n<td data-col-size=\"sm\" data-start=\"2999\" data-end=\"3004\">90<\/td>\n<td data-col-size=\"sm\" data-start=\"3004\" data-end=\"3009\">98<\/td>\n<td data-col-size=\"sm\" data-start=\"3009\" data-end=\"3015\">52<\/td>\n<\/tr>\n<\/tbody>\n<\/table>\n<\/div>\n<\/div>\n<h2 data-start=\"3022\" data-end=\"3076\">Kod\u0117l verta u\u017esisakyti Huppa Vivian parka i\u0161 Stiilne.ee?<\/h2>\n<p data-start=\"3078\" data-end=\"3383\">  Paprastai <strong data-start=\"3092\" data-end=\"3112\">yra sand\u0117lyje<\/strong><br data-start=\"3112\" data-end=\"3115\"> U\u017esakymai, pateikti iki 17:00, bus i\u0161si\u0173sti <strong data-start=\"3154\" data-end=\"3173\">t\u0105 pa\u010di\u0105 darbo dien\u0105<\/strong><br data-start=\"3173\" data-end=\"3176\"> <strong data-start=\"3179\" data-end=\"3220\">Dyd\u017eio ir spalvos keitimas visada NEMOKAMAS<\/strong> su DPD gr\u0105\u017einimo kodu<br data-start=\"3240\" data-end=\"3243\"> Galimyb\u0117 mok\u0117ti <strong data-start=\"3262\" data-end=\"3284\">Esto3 dalimis<\/strong> &#8211; 3 lygios \u012fmokos, be papildom\u0173 mokes\u010di\u0173<br data-start=\"3320\" data-end=\"3323\"> Jei pageidaujate, taip pat galite u\u017esisakyti telefonu: <strong data-start=\"3370\" data-end=\"3383\">51 45 245.<\/strong><\/p>\n<h2 data-start=\"3390\" data-end=\"3437\">Esto3 dalimis &#8211; patogus mok\u0117jimas dalimis<\/h2>\n<p data-start=\"3439\" data-end=\"3635\">Taip pat galite sumok\u0117ti u\u017e park\u0105 <strong data-start=\"3465\" data-end=\"3506\">trimis lygiomis dalimis be joki\u0173 papildom\u0173 mokes\u010di\u0173<\/strong>.<br data-start=\"3507\" data-end=\"3510\">Pirkini\u0173 krep\u0161elyje kaip mok\u0117jimo b\u016bd\u0105 pasirinkite &#8221; <strong data-start=\"3539\" data-end=\"3548\">Esto3&#8243;<\/strong> ir suma bus automati\u0161kai i\u0161d\u0117styta trims m\u0117nesiams.<br data-start=\"3595\" data-end=\"3598\">Kaina i\u0161lieka tokia pati kaip ir internetin\u0117je parduotuv\u0117je.<\/p>\n<h1 data-start=\"3642\" data-end=\"3703\">Da\u017enai u\u017eduodami klausimai &#8211; &#8222;Huppa Vivian&#8221; moteri\u0161ka \u017eiemin\u0117 striuk\u0117<\/h1>\n<h3 data-start=\"3705\" data-end=\"3760\">Ar &#8222;Huppa Vivian parka&#8221; tinka labai \u0161altam orui?<\/h3>\n<p data-start=\"3761\" data-end=\"3865\">Taip. 200 g izoliacijos ir kailinis vidinis pamu\u0161alas padaro \u0161i\u0105 striuk\u0119 labai \u0161ilt\u0105, net esant -20 \u00b0C \u0161al\u010diui. <\/p>\n<h3 data-start=\"3867\" data-end=\"3903\">Ar striuk\u0117 tikrai atspari vandeniui?<\/h3>\n<p data-start=\"3904\" data-end=\"4008\">Taip. Vandeniui atspari iki 10 000 mm, o u\u017eklijuotos si\u016bl\u0117s u\u017etikrina, kad striuk\u0117 atlaikys liet\u0173, \u0161lapdrib\u0105 ir snieg\u0105. <\/p>\n<h3 data-start=\"4010\" data-end=\"4046\">Ar gaubto plaukai nuimami?<\/h3>\n<p data-start=\"4047\" data-end=\"4159\">Taip. Gobtuvas turi nat\u016bralaus kailio apdail\u0105 ir yra <strong data-start=\"4092\" data-end=\"4113\">nuimamas u\u017etrauktuku<\/strong>, kad gal\u0117tum\u0117te pakeisti jo i\u0161vaizd\u0105 pagal savo skon\u012f. <\/p>\n<h3 data-start=\"4161\" data-end=\"4191\">Kaip pasirinkti tinkam\u0105 dyd\u012f?<\/h3>\n<p data-start=\"4192\" data-end=\"4295\">Patikrinkite matmen\u0173 lentel\u0119 ir palyginkite su savo striuk\u0117s i\u0161matavimais. Jei esate tarp dviej\u0173 dyd\u017ei\u0173, rekomenduojame rinktis didesn\u012f. <\/p>\n<h3 data-start=\"4297\" data-end=\"4335\">Kas atsitinka, jei dydis netinka?<\/h3>\n<p data-start=\"4336\" data-end=\"4418\">Joki\u0173 problem\u0173 &#8211; <strong data-start=\"4353\" data-end=\"4417\">su &#8222;DPD&#8221; gr\u0105\u017einimo kodu dyd\u017eio ir spalvos pakeitimas visada nemokamas<\/strong>.<\/p>\n<h3 data-start=\"4420\" data-end=\"4459\">Kaip greitai bus pristatytas j\u016bs\u0173 u\u017esakymas?<\/h3>\n<p data-start=\"4460\" data-end=\"4563\">Jei u\u017esakym\u0105 pateiksite iki 17:00, siuntin\u012f i\u0161si\u0173sime t\u0105 pa\u010di\u0105 darbo dien\u0105, o jo pristatymas paprastai u\u017etrunka 1-2 darbo dienas.<\/p>\n<p data-start=\"4460\" data-end=\"4563\">Lygiai toki\u0105 pa\u010di\u0105 &#8222;Huppa&#8221; moteri\u0161k\u0105 \u017eiemin\u0119 striuk\u0119 &#8222;Vivian&#8221;, tik su dirbtinio kailio gobtuvu (juodos spalvos) ir \u0161iek tiek ma\u017eesne kaina, galite rasti m\u016bs\u0173 el. parduotuv\u0117je <a href=\"https:\/\/stilinga24.com\/produktas\/huppa-moteriska-ziemine-striuke-vivian-juoda-su-art-fabric200gr-apsiltinta-is-akcijos-didele-kaina\/\">https:\/\/www.stiilne.ee\/toode\/huppa-vivian-naiste-talveparka\/<\/a>.<\/p>\n","protected":false},"excerpt":{"rendered":"<p>&#8222;Huppa Vivian 1&#8221; moteri\u0161ka \u017eiemin\u0117 striuk\u0117 &#8211; \u0161iltas, neper\u0161lampamas ir stilingas pasirinkimas esti\u0161koms \u017eiemoms Jei ie\u0161kote \u0161ilto, patogaus ir patvaraus moteri\u0161ko \u017eieminio palto, &#8221; Huppa Vivian 1&#8243; yra tinkamas pasirinkimas. Sukurta \u0161iaur\u0117s \u0161ali\u0173 s\u0105lygoms, \u0161i striuk\u0117 atlaiko \u0161alt\u012f, v\u0117j\u0105, \u0161lapdrib\u0105 ir gaus\u0173 snieg\u0105. Vivian parka sujungia prakti\u0161kum\u0105 ir moteri\u0161k\u0105 dizain\u0105 &#8211; gausite striuk\u0119, kuri su\u0161ildys [&hellip;]<\/p>\n","protected":false},"featured_media":267839,"comment_status":"open","ping_status":"closed","template":"","meta":{"_acf_changed":false},"product_brand":[],"product_cat":[301],"product_tag":[],"class_list":{"0":"post-267838","1":"product","2":"type-product","3":"status-publish","4":"has-post-thumbnail","6":"product_cat-zieminiai-paltukai-iki-60","7":"product_shipping_class-tarneaeg-1-4-paeva","9":"first","10":"instock","11":"sale","12":"taxable","13":"shipping-taxable","14":"purchasable","15":"product-type-variable","16":"has-default-attributes","17":"add-to-wishlist-after_add_to_cart"},"acf":[],"_links":{"self":[{"href":"https:\/\/tellimused.stiilne.ee\/lt\/wp-json\/wp\/v2\/product\/267838","targetHints":{"allow":["GET"]}}],"collection":[{"href":"https:\/\/tellimused.stiilne.ee\/lt\/wp-json\/wp\/v2\/product"}],"about":[{"href":"https:\/\/tellimused.stiilne.ee\/lt\/wp-json\/wp\/v2\/types\/product"}],"replies":[{"embeddable":true,"href":"https:\/\/tellimused.stiilne.ee\/lt\/wp-json\/wp\/v2\/comments?post=267838"}],"wp:featuredmedia":[{"embeddable":true,"href":"https:\/\/tellimused.stiilne.ee\/lt\/wp-json\/wp\/v2\/media\/267839"}],"wp:attachment":[{"href":"https:\/\/tellimused.stiilne.ee\/lt\/wp-json\/wp\/v2\/media?parent=267838"}],"wp:term":[{"taxonomy":"product_brand","embeddable":true,"href":"https:\/\/tellimused.stiilne.ee\/lt\/wp-json\/wp\/v2\/product_brand?post=267838"},{"taxonomy":"product_cat","embeddable":true,"href":"https:\/\/tellimused.stiilne.ee\/lt\/wp-json\/wp\/v2\/product_cat?post=267838"},{"taxonomy":"product_tag","embeddable":true,"href":"https:\/\/tellimused.stiilne.ee\/lt\/wp-json\/wp\/v2\/product_tag?post=267838"}],"curies":[{"name":"wp","href":"https:\/\/api.w.org\/{rel}","templated":true}]}}