{"id":267915,"date":"2026-03-12T11:15:33","date_gmt":"2026-03-12T09:15:33","guid":{"rendered":"https:\/\/tellimused.stiilne.ee\/toode\/huppa-soe-pikem-tumesinine-naiste-talvemantel-nina-soojustus-300-grammi-kohe-laos-viimane-xs34\/"},"modified":"2026-04-07T11:10:54","modified_gmt":"2026-04-07T08:10:54","slug":"huppa-siltas-ilgas-tamsiai-melynas-moteriskas-zieminis-paltas-nina-apsiltinimas-300-g-nera-sandelyje-paskutinis-xs34","status":"publish","type":"product","link":"https:\/\/tellimused.stiilne.ee\/lt\/produktas\/huppa-siltas-ilgas-tamsiai-melynas-moteriskas-zieminis-paltas-nina-apsiltinimas-300-g-nera-sandelyje-paskutinis-xs34\/","title":{"rendered":"HUPPA \u0161iltas ilgas tamsiai m\u0117lynas moteri\u0161kas \u017eieminis paltas Nina (ap\u0161iltinimas 300 g)-N\u0117ra sand\u0117lyje paskutinis XS(34)"},"content":{"rendered":"<h2 data-start=\"216\" data-end=\"248\">&#8222;Huppa Nina&#8221; moteri\u0161kas \u017eieminis paltas<\/h2>\n<p data-start=\"250\" data-end=\"573\">&#8222;<strong data-start=\"250\" data-end=\"276\">Huppa Nina&#8221; \u017eieminis paltas<\/strong> yra puikus pasirinkimas moterims, ie\u0161kan\u010dioms ilgesnio ir itin \u0161ilto \u017eieminio palto, kuris apsaugot\u0173 nuo v\u0117jo, lietaus ir \u0161al\u010dio. \u0160is paltas pritaikytas \u0161altiems ir nepastoviems Estijos orams &#8211; puikiai tinka kasdieniam ne\u0161iojimui arba i\u0161kilmingesn\u0117ms progoms su sijonu ar suknele. <\/p>\n<h3 data-start=\"575\" data-end=\"590\">Funkcijos:<\/h3>\n<ul data-start=\"591\" data-end=\"1309\">\n<li data-start=\"591\" data-end=\"665\">\n<p data-start=\"593\" data-end=\"665\"><strong data-start=\"593\" data-end=\"616\">V\u0117jui ir vandeniui atsparus<\/strong> i\u0161orinis audinys, kad i\u0161liktum\u0117te sausi ir \u0161ilti.<\/p>\n<\/li>\n<li data-start=\"666\" data-end=\"735\">\n<p data-start=\"668\" data-end=\"735\"><strong data-start=\"668\" data-end=\"687\">Kv\u0117puojanti med\u017eiaga<\/strong> &#8211; leid\u017eia k\u016bnui kv\u0117puoti net aktyviai judant<\/p>\n<\/li>\n<li data-start=\"736\" data-end=\"785\"><strong data-start=\"788\" data-end=\"820\">Rankovi\u0173 rankovi\u0173 rankogaliai su briaunel\u0117mis<\/strong>, kad nepraleist\u0173 \u0161alto oro<\/li>\n<li data-start=\"862\" data-end=\"945\">\n<p data-start=\"864\" data-end=\"945\"><strong data-start=\"864\" data-end=\"890\">Dviej\u0173 kryp\u010di\u0173 priekinis u\u017eraktas<\/strong> &#8211; patogus s\u0117dint ar judant, taip pat atidaromas i\u0161 apa\u010dios<\/p>\n<\/li>\n<li data-start=\"946\" data-end=\"1032\">\n<p data-start=\"948\" data-end=\"1032\"><strong data-start=\"948\" data-end=\"976\">Gilios priekin\u0117s ki\u0161en\u0117s su u\u017etrauktukais<\/strong> pir\u0161tin\u0117ms, telefonui ir kitiems smulkesniems daiktams<\/p>\n<\/li>\n<li data-start=\"1033\" data-end=\"1114\">\n<p data-start=\"1035\" data-end=\"1114\"><strong data-start=\"1035\" data-end=\"1053\">Atspindin\u010dios detal\u0117s<\/strong> ant nugaros ir rankovi\u0173 &#8211; geresnis matomumas tamsoje<\/p>\n<\/li>\n<li data-start=\"1115\" data-end=\"1235\">\n<p data-start=\"1117\" data-end=\"1235\"><strong data-start=\"1117\" data-end=\"1144\">Izoliacija: 300 g medvilnin\u0117s vatos<\/strong> &#8211; idealiai tinka Estijos \u017eiemoms, i\u0161laiko \u0161ilum\u0105 iki -30 \u00b0C.<\/p>\n<\/li>\n<li data-start=\"1236\" data-end=\"1309\">\n<p data-start=\"1238\" data-end=\"1309\"><strong data-start=\"1238\" data-end=\"1258\">Ilgis vir\u0161 keli\u0173<\/strong> &#8211; taip pat puikiai tinka d\u0117v\u0117ti su sijonu ar suknele<\/p>\n<\/li>\n<\/ul>\n<p data-start=\"1311\" data-end=\"1433\">&#8222;Huppa Nina&#8221; paltas yra <strong data-start=\"1341\" data-end=\"1375\">\u0161iltas ir ilgas moteri\u0161kas \u017eieminis paltas<\/strong>, kuris su\u0161ildys \u0161al\u010diausiais \u017eiemos rytais.<\/p>\n<hr data-start=\"1435\" data-end=\"1438\">\n<h2 data-start=\"1440\" data-end=\"1478\">Dyd\u017ei\u0173 lentel\u0117 &#8211; Huppa Nina \u017eieminis paltas<\/h2>\n<table style=\"height: 188px;\" width=\"792\">\n<thead>\n<tr>\n<th>Matavimai<\/th>\n<th>XS<\/th>\n<th>S<\/th>\n<th>M<\/th>\n<th>L<\/th>\n<th>XL<\/th>\n<th>XXL<\/th>\n<\/tr>\n<\/thead>\n<tbody>\n<tr>\n<td><strong>Kr\u016btin\u0117s l\u0105stos apimtis<\/strong><\/td>\n<td>100<\/td>\n<td>106<\/td>\n<td>112<\/td>\n<td>118<\/td>\n<td>126<\/td>\n<td>134<\/td>\n<\/tr>\n<tr>\n<td><strong>Pe\u010di\u0173 plotis<\/strong><\/td>\n<td>39<\/td>\n<td>40<\/td>\n<td>41<\/td>\n<td>42<\/td>\n<td>43<\/td>\n<td>44<\/td>\n<\/tr>\n<tr>\n<td><strong>Bendras mak\u0161ties ilgis<\/strong><\/td>\n<td>110<\/td>\n<td>112<\/td>\n<td>114<\/td>\n<td>116<\/td>\n<td>118<\/td>\n<td>120<\/td>\n<\/tr>\n<tr>\n<td><strong>Klub\u0173 apimtis<\/strong><\/td>\n<td>&#8211;<\/td>\n<td>&#8211;<\/td>\n<td>&#8211;<\/td>\n<td>&#8211;<\/td>\n<td>120<\/td>\n<td>130<\/td>\n<\/tr>\n<\/tbody>\n<\/table>\n<p data-start=\"1852\" data-end=\"2052\">\u2705 <strong data-start=\"1854\" data-end=\"1891\">Nemokamas dyd\u017eio keitimas su DPD gr\u0105\u017einimo kodu<\/strong> &#8211; jei u\u017esakytas dydis netinka, galite j\u012f patogiai ir nemokamai pasikeisti<br data-start=\"1968\" data-end=\"1971\">  &#8222;Huppa Nina&#8221; \u017eieminis paltas dabar yra sand\u0117lyje &#8211; pristatymo laikas vos <strong data-start=\"2033\" data-end=\"2049\">1-2 darbo dienos.<\/strong><\/p>\n<p data-start=\"93\" data-end=\"381\">&#8222;Huppa Nina&#8221; \u017eieminis paltas skirtas moterims, kurios vertina \u0161ilum\u0105, patogum\u0105 ir patvarum\u0105. Ilgesnis kirpimas apsaugo nuo \u0161al\u010dio ir v\u0117jo, o paltas taip pat puikiai tinka d\u0117v\u0117ti su suknele ar sijonu. Jis prakti\u0161kas kasdieniam ne\u0161iojimui, bet pakankamai stilingas, kad j\u012f b\u016bt\u0173 galima d\u0117v\u0117ti \u012f i\u0161kilmingesn\u012f rengin\u012f.  <\/p>\n","protected":false},"excerpt":{"rendered":"<p>&#8222;Huppa Nina&#8221; moteri\u0161kas \u017eieminis paltas &#8222;Huppa Nina&#8221; \u017eieminis paltas yra puikus pasirinkimas moterims, ie\u0161kan\u010dioms ilgesnio ir itin \u0161ilto \u017eieminio palto, kuris apsaugot\u0173 nuo v\u0117jo, lietaus ir \u0161al\u010dio. \u0160is paltas pritaikytas \u0161altiems ir nepastoviems Estijos orams &#8211; puikiai tinka kasdieniam ne\u0161iojimui arba i\u0161kilmingesn\u0117ms progoms su sijonu ar suknele. Funkcijos: V\u0117jui ir vandeniui atsparus i\u0161orinis audinys, kad [&hellip;]<\/p>\n","protected":false},"featured_media":267916,"comment_status":"open","ping_status":"closed","template":"","meta":{"_acf_changed":false},"product_brand":[],"product_cat":[300,301],"product_tag":[],"class_list":{"0":"post-267915","1":"product","2":"type-product","3":"status-publish","4":"has-post-thumbnail","6":"product_cat-zieminiai-paltiniai","7":"product_cat-zieminiai-paltukai-iki-60","8":"product_shipping_class-tarneaeg-1-4-paeva","10":"first","11":"instock","12":"sale","13":"taxable","14":"shipping-taxable","15":"purchasable","16":"product-type-variable","17":"has-default-attributes","18":"add-to-wishlist-after_add_to_cart"},"acf":[],"_links":{"self":[{"href":"https:\/\/tellimused.stiilne.ee\/lt\/wp-json\/wp\/v2\/product\/267915","targetHints":{"allow":["GET"]}}],"collection":[{"href":"https:\/\/tellimused.stiilne.ee\/lt\/wp-json\/wp\/v2\/product"}],"about":[{"href":"https:\/\/tellimused.stiilne.ee\/lt\/wp-json\/wp\/v2\/types\/product"}],"replies":[{"embeddable":true,"href":"https:\/\/tellimused.stiilne.ee\/lt\/wp-json\/wp\/v2\/comments?post=267915"}],"wp:featuredmedia":[{"embeddable":true,"href":"https:\/\/tellimused.stiilne.ee\/lt\/wp-json\/wp\/v2\/media\/267916"}],"wp:attachment":[{"href":"https:\/\/tellimused.stiilne.ee\/lt\/wp-json\/wp\/v2\/media?parent=267915"}],"wp:term":[{"taxonomy":"product_brand","embeddable":true,"href":"https:\/\/tellimused.stiilne.ee\/lt\/wp-json\/wp\/v2\/product_brand?post=267915"},{"taxonomy":"product_cat","embeddable":true,"href":"https:\/\/tellimused.stiilne.ee\/lt\/wp-json\/wp\/v2\/product_cat?post=267915"},{"taxonomy":"product_tag","embeddable":true,"href":"https:\/\/tellimused.stiilne.ee\/lt\/wp-json\/wp\/v2\/product_tag?post=267915"}],"curies":[{"name":"wp","href":"https:\/\/api.w.org\/{rel}","templated":true}]}}