{"id":267952,"date":"2026-03-12T11:15:33","date_gmt":"2026-03-12T09:15:33","guid":{"rendered":"https:\/\/tellimused.stiilne.ee\/toode\/vero-moda-vaga-mugavad-kollased-naiste-kummikud-kohe-laos-kiire-tarne\/"},"modified":"2026-04-07T11:10:56","modified_gmt":"2026-04-07T08:10:56","slug":"vero-moda-labai-patogus-geltonos-spalvos-moteriski-guminiai-batai-isigije-siandien-galima-uzsakyti","status":"publish","type":"product","link":"https:\/\/tellimused.stiilne.ee\/lt\/produktas\/vero-moda-labai-patogus-geltonos-spalvos-moteriski-guminiai-batai-isigije-siandien-galima-uzsakyti\/","title":{"rendered":"VERO MODA labai patog\u016bs geltonos spalvos moteri\u0161ki guminiai batai-\u012eSIGIJ\u0118-\u0160IANDIEN-galima u\u017esakyti"},"content":{"rendered":"<p>&nbsp;<\/p>\n<p>&#8222;Vero Moda&#8221; nedidelio poveikio guminiai batai pagaminti i\u0161 100 % vandens nepraleid\u017eian\u010dios gumos, o viduje ir i\u0161or\u0117je esan\u010dios elastin\u0117s gumos plok\u0161t\u0117s suteikia papildomo plo\u010dio, kurio reikia juos avint. Viduje yra ak\u012f traukiantis dry\u017euotas tekstilinis pamu\u0161alas, o i\u0161imamas vidpadis maloniai amortizuoja. Guminis padas pasi\u017eymi elastingu nat\u016braliu lankstumu ir yra patvarus.  <\/p>\n<p>&nbsp;<\/p>\n<p>Stebul\u0117s jau yra sand\u0117lyje &#8211; pristatymas po keli\u0173 dien\u0173.<\/p>\n<p>U\u017esakymai, pateikti likus darbo dienai iki galutinio termino, bus i\u0161si\u0173sti t\u0105 pa\u010di\u0105 dien\u0105.<\/p>\n<p>Jei pageidaujate, guminius batus taip pat galite \u012fsigyti tiesiai i\u0161 m\u016bs\u0173 sand\u0117lio, esan\u010dio Kanarbiku tee 15\/3, J\u00e4rvek\u00fcla &#8211; 5 minut\u0117s kelio automobiliu nuo \u00dclemiste centro.<\/p>\n","protected":false},"excerpt":{"rendered":"<p>&nbsp; &#8222;Vero Moda&#8221; nedidelio poveikio guminiai batai pagaminti i\u0161 100 % vandens nepraleid\u017eian\u010dios gumos, o viduje ir i\u0161or\u0117je esan\u010dios elastin\u0117s gumos plok\u0161t\u0117s suteikia papildomo plo\u010dio, kurio reikia juos avint. Viduje yra ak\u012f traukiantis dry\u017euotas tekstilinis pamu\u0161alas, o i\u0161imamas vidpadis maloniai amortizuoja. Guminis padas pasi\u017eymi elastingu nat\u016braliu lankstumu ir yra patvarus. &nbsp; Stebul\u0117s jau yra sand\u0117lyje [&hellip;]<\/p>\n","protected":false},"featured_media":267953,"comment_status":"open","ping_status":"closed","template":"","meta":{"_acf_changed":false},"product_brand":[],"product_cat":[348],"product_tag":[],"class_list":{"0":"post-267952","1":"product","2":"type-product","3":"status-publish","4":"has-post-thumbnail","6":"product_cat-moteriskos-gumines","7":"product_shipping_class-tarneaeg-1-4-paeva","9":"first","10":"instock","11":"sale","12":"taxable","13":"shipping-taxable","14":"purchasable","15":"product-type-variable","16":"has-default-attributes","17":"add-to-wishlist-after_add_to_cart"},"acf":[],"_links":{"self":[{"href":"https:\/\/tellimused.stiilne.ee\/lt\/wp-json\/wp\/v2\/product\/267952","targetHints":{"allow":["GET"]}}],"collection":[{"href":"https:\/\/tellimused.stiilne.ee\/lt\/wp-json\/wp\/v2\/product"}],"about":[{"href":"https:\/\/tellimused.stiilne.ee\/lt\/wp-json\/wp\/v2\/types\/product"}],"replies":[{"embeddable":true,"href":"https:\/\/tellimused.stiilne.ee\/lt\/wp-json\/wp\/v2\/comments?post=267952"}],"wp:featuredmedia":[{"embeddable":true,"href":"https:\/\/tellimused.stiilne.ee\/lt\/wp-json\/wp\/v2\/media\/267953"}],"wp:attachment":[{"href":"https:\/\/tellimused.stiilne.ee\/lt\/wp-json\/wp\/v2\/media?parent=267952"}],"wp:term":[{"taxonomy":"product_brand","embeddable":true,"href":"https:\/\/tellimused.stiilne.ee\/lt\/wp-json\/wp\/v2\/product_brand?post=267952"},{"taxonomy":"product_cat","embeddable":true,"href":"https:\/\/tellimused.stiilne.ee\/lt\/wp-json\/wp\/v2\/product_cat?post=267952"},{"taxonomy":"product_tag","embeddable":true,"href":"https:\/\/tellimused.stiilne.ee\/lt\/wp-json\/wp\/v2\/product_tag?post=267952"}],"curies":[{"name":"wp","href":"https:\/\/api.w.org\/{rel}","templated":true}]}}