{"id":267964,"date":"2026-03-12T11:13:21","date_gmt":"2026-03-12T09:13:21","guid":{"rendered":"https:\/\/tellimused.stiilne.ee\/toode\/vero-moda-tepitud-mustriga-must-naiste-kevad-sugis-jope-louise-kohe-laos-viimased-xs-suurusessobib-ka-s-suurusele-super-hind\/"},"modified":"2026-03-12T11:13:21","modified_gmt":"2026-03-12T09:13:21","slug":"vero-moda-tepitud-mustriga-must-naiste-kevad-sugis-jope-louise-kohe-laos-viimased-xs-suurusessobib-ka-s-suurusele-super-hind","status":"publish","type":"product","link":"https:\/\/tellimused.stiilne.ee\/lt\/produktas\/vero-moda-tepitud-mustriga-must-naiste-kevad-sugis-jope-louise-kohe-laos-viimased-xs-suurusessobib-ka-s-suurusele-super-hind\/","title":{"rendered":"VERO MODA tepitud mustriga must naiste kevad-s\u00fcgis jope Louise-KOHE LAOS VIIMASED XS-suuruses(sobib ka S-suurusele)-SUPER HIND"},"content":{"rendered":"<p>&nbsp;<\/p>\n<p>Trendika tepitud pealispinna ja mugava pikkusega, m\u00f5nus ja stiilne kevad-s\u00fcgis jope Louise on loodud Vero Moda br\u00e4ndi poolt. Tekstiilist pealispinnaga jope on eest luku ja trukkidega katteliistu abil kinnitatav, kus praktilisust\u00a0 lisavad kapuuts ja trukkidega k\u00fcljetaskud. Varrukate otstes on pehmed soonikud, mis annavad lisasoojust, et k\u00fclm \u00f5hk varrukast sisse ei p\u00e4\u00e4seks. Liikumisvabadust lisavad lukkudega l\u00f5hikud jope alumise serva v\u00e4lisk\u00fclgedel.<\/p>\n<p>Vero Moda Louise jope materjal seest ja v\u00e4ljast on\u00a0 \u00a0100% pol\u00fcester<\/p>\n<p>V\u00e4rv: must<\/p>\n<p>Vero Moda joped vastavad tavap\u00e4rastele Euroopa suurustele-soovitame valida enda tavap\u00e4rane number.<\/p>\n<p>Jope on kohe laos olemas- tarneaeg 1-4 p\u00e4eva<\/p>\n<p>T\u00f6\u00f6p\u00e4eval enne viite tehtud tellimuse postitame samal p\u00e4eval<\/p>\n","protected":false},"excerpt":{"rendered":"<p>&nbsp; Trendika tepitud pealispinna ja mugava pikkusega, m\u00f5nus ja stiilne kevad-s\u00fcgis jope Louise on loodud Vero Moda br\u00e4ndi poolt. Tekstiilist pealispinnaga jope on eest luku ja trukkidega katteliistu abil kinnitatav, kus praktilisust\u00a0 lisavad kapuuts ja trukkidega k\u00fcljetaskud. Varrukate otstes on pehmed soonikud, mis annavad lisasoojust, et k\u00fclm \u00f5hk varrukast sisse ei p\u00e4\u00e4seks. Liikumisvabadust lisavad lukkudega [&hellip;]<\/p>\n","protected":false},"featured_media":267965,"comment_status":"open","ping_status":"closed","template":"","meta":{"_acf_changed":false},"product_brand":[],"product_cat":[270],"product_tag":[],"class_list":{"0":"post-267964","1":"product","2":"type-product","3":"status-publish","4":"has-post-thumbnail","6":"product_cat-pavasario-ir-rudens-striukes-bei-svarkai","7":"product_shipping_class-tarneaeg-1-4-paeva","9":"first","10":"instock","11":"sale","12":"taxable","13":"shipping-taxable","14":"purchasable","15":"product-type-variable","16":"has-default-attributes","17":"add-to-wishlist-after_add_to_cart"},"acf":[],"_links":{"self":[{"href":"https:\/\/tellimused.stiilne.ee\/lt\/wp-json\/wp\/v2\/product\/267964","targetHints":{"allow":["GET"]}}],"collection":[{"href":"https:\/\/tellimused.stiilne.ee\/lt\/wp-json\/wp\/v2\/product"}],"about":[{"href":"https:\/\/tellimused.stiilne.ee\/lt\/wp-json\/wp\/v2\/types\/product"}],"replies":[{"embeddable":true,"href":"https:\/\/tellimused.stiilne.ee\/lt\/wp-json\/wp\/v2\/comments?post=267964"}],"wp:featuredmedia":[{"embeddable":true,"href":"https:\/\/tellimused.stiilne.ee\/lt\/wp-json\/wp\/v2\/media\/267965"}],"wp:attachment":[{"href":"https:\/\/tellimused.stiilne.ee\/lt\/wp-json\/wp\/v2\/media?parent=267964"}],"wp:term":[{"taxonomy":"product_brand","embeddable":true,"href":"https:\/\/tellimused.stiilne.ee\/lt\/wp-json\/wp\/v2\/product_brand?post=267964"},{"taxonomy":"product_cat","embeddable":true,"href":"https:\/\/tellimused.stiilne.ee\/lt\/wp-json\/wp\/v2\/product_cat?post=267964"},{"taxonomy":"product_tag","embeddable":true,"href":"https:\/\/tellimused.stiilne.ee\/lt\/wp-json\/wp\/v2\/product_tag?post=267964"}],"curies":[{"name":"wp","href":"https:\/\/api.w.org\/{rel}","templated":true}]}}