{"id":267982,"date":"2026-03-12T11:11:56","date_gmt":"2026-03-12T09:11:56","guid":{"rendered":"https:\/\/tellimused.stiilne.ee\/toode\/tamaris-naturaalnahast-korvalt-lukuga-pruunid-naiste-tanksaapad-kohe-laos-viimased-suurus-37-super-hind\/"},"modified":"2026-04-07T11:10:45","modified_gmt":"2026-04-07T08:10:45","slug":"tamaris-natural-leather-moteriski-rudos-spalvos-batai-su-soniniu-uztrauktuku-naudojame-seven-37-dydzio-super-kaina","status":"publish","type":"product","link":"https:\/\/tellimused.stiilne.ee\/lt\/produktas\/tamaris-natural-leather-moteriski-rudos-spalvos-batai-su-soniniu-uztrauktuku-naudojame-seven-37-dydzio-super-kaina\/","title":{"rendered":"TAMARIS NATURAL LEATHER moteri\u0161ki rudos spalvos batai su \u0161oniniu u\u017etrauktuku &#8211; NAUDOJAME SEVEN 37 dyd\u017eio &#8211; SUPER KAINA"},"content":{"rendered":"<p>&nbsp;<\/p>\n<p>&#8222;Tamaris&#8221; batai pagaminti i\u0161 nat\u016bralios odos.<\/p>\n<p>Batai turi patog\u0173 \u0161onin\u012f u\u017esegim\u0105, tod\u0117l batus lengva u\u017esid\u0117ti.<\/p>\n<p>Tinka d\u0117v\u0117ti ruden\u012f, \u017eiem\u0105 ir pavasar\u012f<\/p>\n<p><strong>Batai yra sand\u0117lyje &#8211; pristatymo laikas kelios dienos &#8211; u\u017esakymai, pateikti darbo dien\u0105 prie\u0161 v\u0117lavim\u0105, bus i\u0161si\u0173sti t\u0105 pa\u010di\u0105 dien\u0105.<\/strong><\/p>\n<p>Stilingai \u0161var\u016bs &#8222;Tamaris&#8221; batai &#8211; tai puik\u016bs batai \u012fvairaus am\u017eiaus moterims rudens sezonui. Batai yra patogaus \u017eemo kulno, tod\u0117l tinka ir jaunesn\u0117ms, ir vyresn\u0117ms moterims. tekst\u016bruotos odos batvir\u0161is su ak\u012f traukian\u010diu kaspin\u0117liu ir diskreti\u0161ka odine prek\u0117s \u017eenklo etikete nugaroje. Viduje yra patogus u\u017esegimas, kuriuo batus lengva u\u017esid\u0117ti. vidus i\u0161klotas \u017eemo plauko tekstil\u0117s med\u017eiaga, o nuostabus &#8222;Touch It&#8221; pamink\u0161tintas putplas\u010dio vidpadis prisitaiko prie p\u0117dos formos, kad b\u016bt\u0173 maksimaliai patogu. Guminis padas u\u017etikrina ger\u0105 sukibim\u0105 su pavir\u0161iumi net ir lietingu oru.   <\/p>\n<p>Stilingi ir kokybi\u0161ki nat\u016bralios odos &#8222;Tamaris&#8221; pusba\u010diai &#8211; geriausias pasirinkimas rudens-\u017eiemos sezonui.<\/p>\n","protected":false},"excerpt":{"rendered":"<p>&nbsp; &#8222;Tamaris&#8221; batai pagaminti i\u0161 nat\u016bralios odos. Batai turi patog\u0173 \u0161onin\u012f u\u017esegim\u0105, tod\u0117l batus lengva u\u017esid\u0117ti. Tinka d\u0117v\u0117ti ruden\u012f, \u017eiem\u0105 ir pavasar\u012f Batai yra sand\u0117lyje &#8211; pristatymo laikas kelios dienos &#8211; u\u017esakymai, pateikti darbo dien\u0105 prie\u0161 v\u0117lavim\u0105, bus i\u0161si\u0173sti t\u0105 pa\u010di\u0105 dien\u0105. Stilingai \u0161var\u016bs &#8222;Tamaris&#8221; batai &#8211; tai puik\u016bs batai \u012fvairaus am\u017eiaus moterims rudens sezonui. [&hellip;]<\/p>\n","protected":false},"featured_media":267983,"comment_status":"open","ping_status":"closed","template":"","meta":{"_acf_changed":false},"product_brand":[],"product_cat":[321,380,381],"product_tag":[],"class_list":{"0":"post-267982","1":"product","2":"type-product","3":"status-publish","4":"has-post-thumbnail","6":"product_cat-moterims","7":"product_cat-moteriski-batai","8":"product_cat-pusbatai","9":"product_shipping_class-tarneaeg-1-4-paeva","11":"first","12":"instock","13":"sale","14":"taxable","15":"shipping-taxable","16":"purchasable","17":"product-type-variable","18":"has-default-attributes","19":"add-to-wishlist-after_add_to_cart"},"acf":[],"_links":{"self":[{"href":"https:\/\/tellimused.stiilne.ee\/lt\/wp-json\/wp\/v2\/product\/267982","targetHints":{"allow":["GET"]}}],"collection":[{"href":"https:\/\/tellimused.stiilne.ee\/lt\/wp-json\/wp\/v2\/product"}],"about":[{"href":"https:\/\/tellimused.stiilne.ee\/lt\/wp-json\/wp\/v2\/types\/product"}],"replies":[{"embeddable":true,"href":"https:\/\/tellimused.stiilne.ee\/lt\/wp-json\/wp\/v2\/comments?post=267982"}],"wp:featuredmedia":[{"embeddable":true,"href":"https:\/\/tellimused.stiilne.ee\/lt\/wp-json\/wp\/v2\/media\/267983"}],"wp:attachment":[{"href":"https:\/\/tellimused.stiilne.ee\/lt\/wp-json\/wp\/v2\/media?parent=267982"}],"wp:term":[{"taxonomy":"product_brand","embeddable":true,"href":"https:\/\/tellimused.stiilne.ee\/lt\/wp-json\/wp\/v2\/product_brand?post=267982"},{"taxonomy":"product_cat","embeddable":true,"href":"https:\/\/tellimused.stiilne.ee\/lt\/wp-json\/wp\/v2\/product_cat?post=267982"},{"taxonomy":"product_tag","embeddable":true,"href":"https:\/\/tellimused.stiilne.ee\/lt\/wp-json\/wp\/v2\/product_tag?post=267982"}],"curies":[{"name":"wp","href":"https:\/\/api.w.org\/{rel}","templated":true}]}}