{"id":268041,"date":"2026-03-12T11:06:46","date_gmt":"2026-03-12T09:06:46","guid":{"rendered":"https:\/\/tellimused.stiilne.ee\/toode\/armas-sinine-taskutega-kleit-brita-kevad-kohe-laos-suurused-xs-s-ja-xl-teised-suurused-tellimisel-klientide-lemmik\/"},"modified":"2026-03-12T11:06:46","modified_gmt":"2026-03-12T09:06:46","slug":"armas-sinine-taskutega-kleit-brita-kevad-kohe-laos-suurused-xs-s-ja-xl-teised-suurused-tellimisel-klientide-lemmik","status":"publish","type":"product","link":"https:\/\/tellimused.stiilne.ee\/lt\/produktas\/armas-sinine-taskutega-kleit-brita-kevad-kohe-laos-suurused-xs-s-ja-xl-teised-suurused-tellimisel-klientide-lemmik\/","title":{"rendered":"Armas sinine  taskutega kleit Brita Kevad- kohe laos suurused XS, S ja XL-teised suurused tellimisel-KLIENTIDE LEMMIK"},"content":{"rendered":"<p>&nbsp;<\/p>\n<p>Ideaalne kleit Eesti pisut tuuliste ja k\u00fclmemate suve ilmadega- kanna vabal ajal, t\u00f6\u00f6l, s\u00f5brannadega kohvikusse minnes v\u00f5i lihtsalt suvist ilma nautides.<\/p>\n<p>&nbsp;<\/p>\n<p>M\u00f5nus ja pehme taskutega figuuris\u00f5bralik kleit\u00a0 on disainitud ja \u00f5mmeldud k\u00e4sit\u00f6\u00f6na\u00a0 Eestis.<\/p>\n<p>Kleidi materjaliks on 95% puuvill ja 5% elastaan-naha vastas pehme ja m\u00f5nus<\/p>\n<p>Kleit tehakse vastavalt kliendi tellimusele ja ooteaeg on maksimaalselt\u00a0 kuni 15 p\u00e4eva-tavaliselt\u00a0 saab kauba n\u00e4dalaga k\u00e4tte<\/p>\n<p>Kohe laos suuruste tarneaeg on paar p\u00e4eva<\/p>\n<p>&nbsp;<\/p>\n<p><strong>Eri suuruste m\u00f5\u00f5dud j\u00e4rjestuses\u00a0 XS, S, M, L, XL, XXL on j\u00e4rgmised<\/strong><\/p>\n<p>Rinna \u00fcmberm\u00f5\u00f5t\u00a0 88, 92, 96, 100, 106, 112 cm<\/p>\n<p>Kleidi pikkus eest \u00f5last m\u00f5\u00f5tes on\u00a0 93, 94, 96, 97, 99, 101 cm<\/p>\n<p>NB!Kleidi kangas\u00a0 on venivast materjalist- selga pannes kleit venib pisut ka vajadusel suuremaks<\/p>\n<p>Modelli pikkus fotol on 158 cm-enamus naistel j\u00e4\u00e4b kleidi pikkus pisut \u00fcle p\u00f5lve.<\/p>\n","protected":false},"excerpt":{"rendered":"<p>&nbsp; Ideaalne kleit Eesti pisut tuuliste ja k\u00fclmemate suve ilmadega- kanna vabal ajal, t\u00f6\u00f6l, s\u00f5brannadega kohvikusse minnes v\u00f5i lihtsalt suvist ilma nautides. &nbsp; M\u00f5nus ja pehme taskutega figuuris\u00f5bralik kleit\u00a0 on disainitud ja \u00f5mmeldud k\u00e4sit\u00f6\u00f6na\u00a0 Eestis. Kleidi materjaliks on 95% puuvill ja 5% elastaan-naha vastas pehme ja m\u00f5nus Kleit tehakse vastavalt kliendi tellimusele ja ooteaeg on [&hellip;]<\/p>\n","protected":false},"featured_media":268042,"comment_status":"open","ping_status":"closed","template":"","meta":{"_acf_changed":false},"product_brand":[],"product_cat":[299],"product_tag":[],"class_list":{"0":"post-268041","1":"product","2":"type-product","3":"status-publish","4":"has-post-thumbnail","6":"product_cat-yemi-disain-sukneles","7":"product_shipping_class-tarneaeg-5-15-paeva","9":"first","10":"instock","11":"sale","12":"taxable","13":"shipping-taxable","14":"purchasable","15":"product-type-variable","16":"has-default-attributes","17":"add-to-wishlist-after_add_to_cart"},"acf":[],"_links":{"self":[{"href":"https:\/\/tellimused.stiilne.ee\/lt\/wp-json\/wp\/v2\/product\/268041","targetHints":{"allow":["GET"]}}],"collection":[{"href":"https:\/\/tellimused.stiilne.ee\/lt\/wp-json\/wp\/v2\/product"}],"about":[{"href":"https:\/\/tellimused.stiilne.ee\/lt\/wp-json\/wp\/v2\/types\/product"}],"replies":[{"embeddable":true,"href":"https:\/\/tellimused.stiilne.ee\/lt\/wp-json\/wp\/v2\/comments?post=268041"}],"wp:featuredmedia":[{"embeddable":true,"href":"https:\/\/tellimused.stiilne.ee\/lt\/wp-json\/wp\/v2\/media\/268042"}],"wp:attachment":[{"href":"https:\/\/tellimused.stiilne.ee\/lt\/wp-json\/wp\/v2\/media?parent=268041"}],"wp:term":[{"taxonomy":"product_brand","embeddable":true,"href":"https:\/\/tellimused.stiilne.ee\/lt\/wp-json\/wp\/v2\/product_brand?post=268041"},{"taxonomy":"product_cat","embeddable":true,"href":"https:\/\/tellimused.stiilne.ee\/lt\/wp-json\/wp\/v2\/product_cat?post=268041"},{"taxonomy":"product_tag","embeddable":true,"href":"https:\/\/tellimused.stiilne.ee\/lt\/wp-json\/wp\/v2\/product_tag?post=268041"}],"curies":[{"name":"wp","href":"https:\/\/api.w.org\/{rel}","templated":true}]}}