{"id":268088,"date":"2026-03-12T11:02:02","date_gmt":"2026-03-12T09:02:02","guid":{"rendered":"https:\/\/tellimused.stiilne.ee\/toode\/stiilne-musta-fuksiaroosaga-taskutega-pusakleit-kohe-laos-viimased-suuruses-xs34-36-hea-hind\/"},"modified":"2026-04-07T11:10:27","modified_gmt":"2026-04-07T08:10:27","slug":"stilinga-palaidine-su-juodomis-sifono-kisenemis-paskutine-sandelyje-xs34-36-dydzio-didele-kaina","status":"publish","type":"product","link":"https:\/\/tellimused.stiilne.ee\/lt\/produktas\/stilinga-palaidine-su-juodomis-sifono-kisenemis-paskutine-sandelyje-xs34-36-dydzio-didele-kaina\/","title":{"rendered":"Stilinga palaidin\u0117 su juodomis\/\u0161ifono ki\u0161en\u0117mis &#8211; paskutin\u0117 sand\u0117lyje XS(34-36) dyd\u017eio &#8211; DIDEL\u0116 KAINA"},"content":{"rendered":"<p>Palaidin\u0117s med\u017eiaga yra 95 % medviln\u0117s ir 5 % elastano &#8211; tai patogi, \u0161iek tiek elastinga, odai draugi\u0161ka med\u017eiaga, kuri \u017eiem\u0105 \u0161ildo, o vasar\u0105 neleid\u017eia prakaituoti.<\/p>\n<p>Palaidin\u0117 jau sand\u0117lyje &#8211; pristatymas po keli\u0173 dien\u0173<\/p>\n<p>Palaidin\u0117s i\u0161matavimus rasite po papildomomis nuotraukomis.<\/p>\n<p>&nbsp;<\/p>\n<p>&nbsp;<\/p>\n","protected":false},"excerpt":{"rendered":"<p>Palaidin\u0117s med\u017eiaga yra 95 % medviln\u0117s ir 5 % elastano &#8211; tai patogi, \u0161iek tiek elastinga, odai draugi\u0161ka med\u017eiaga, kuri \u017eiem\u0105 \u0161ildo, o vasar\u0105 neleid\u017eia prakaituoti. Palaidin\u0117 jau sand\u0117lyje &#8211; pristatymas po keli\u0173 dien\u0173 Palaidin\u0117s i\u0161matavimus rasite po papildomomis nuotraukomis. &nbsp; &nbsp;<\/p>\n","protected":false},"featured_media":268089,"comment_status":"open","ping_status":"closed","template":"","meta":{"_acf_changed":false},"product_brand":[],"product_cat":[299],"product_tag":[],"class_list":{"0":"post-268088","1":"product","2":"type-product","3":"status-publish","4":"has-post-thumbnail","6":"product_cat-yemi-disain-sukneles","7":"product_shipping_class-tarneaeg-1-4-paeva","9":"first","10":"instock","11":"sale","12":"taxable","13":"shipping-taxable","14":"purchasable","15":"product-type-variable","16":"has-default-attributes","17":"add-to-wishlist-after_add_to_cart"},"acf":[],"_links":{"self":[{"href":"https:\/\/tellimused.stiilne.ee\/lt\/wp-json\/wp\/v2\/product\/268088","targetHints":{"allow":["GET"]}}],"collection":[{"href":"https:\/\/tellimused.stiilne.ee\/lt\/wp-json\/wp\/v2\/product"}],"about":[{"href":"https:\/\/tellimused.stiilne.ee\/lt\/wp-json\/wp\/v2\/types\/product"}],"replies":[{"embeddable":true,"href":"https:\/\/tellimused.stiilne.ee\/lt\/wp-json\/wp\/v2\/comments?post=268088"}],"wp:featuredmedia":[{"embeddable":true,"href":"https:\/\/tellimused.stiilne.ee\/lt\/wp-json\/wp\/v2\/media\/268089"}],"wp:attachment":[{"href":"https:\/\/tellimused.stiilne.ee\/lt\/wp-json\/wp\/v2\/media?parent=268088"}],"wp:term":[{"taxonomy":"product_brand","embeddable":true,"href":"https:\/\/tellimused.stiilne.ee\/lt\/wp-json\/wp\/v2\/product_brand?post=268088"},{"taxonomy":"product_cat","embeddable":true,"href":"https:\/\/tellimused.stiilne.ee\/lt\/wp-json\/wp\/v2\/product_cat?post=268088"},{"taxonomy":"product_tag","embeddable":true,"href":"https:\/\/tellimused.stiilne.ee\/lt\/wp-json\/wp\/v2\/product_tag?post=268088"}],"curies":[{"name":"wp","href":"https:\/\/api.w.org\/{rel}","templated":true}]}}