{"id":268097,"date":"2026-03-12T11:02:02","date_gmt":"2026-03-12T09:02:02","guid":{"rendered":"https:\/\/tellimused.stiilne.ee\/toode\/stiilne-musta-sinisega-taskutega-pusakleit-kohe-laos-suurus-xs34-sobib-ka-s-suuruse-kandjale\/"},"modified":"2026-04-07T11:10:26","modified_gmt":"2026-04-07T08:10:26","slug":"stilinga-palaidine-su-juodomis-melynomis-kisenemis-sandelyje-yra-xs34-dydzio-tinka-ir-s-dydzio-drabuziams","status":"publish","type":"product","link":"https:\/\/tellimused.stiilne.ee\/lt\/produktas\/stilinga-palaidine-su-juodomis-melynomis-kisenemis-sandelyje-yra-xs34-dydzio-tinka-ir-s-dydzio-drabuziams\/","title":{"rendered":"Stilinga palaidin\u0117 su juodomis\/m\u0117lynomis ki\u0161en\u0117mis &#8211; sand\u0117lyje yra XS(34) dyd\u017eio &#8211; tinka ir S dyd\u017eio drabu\u017eiams."},"content":{"rendered":"<p>&nbsp;<\/p>\n<p>Palaidin\u0117s med\u017eiaga yra 95 % medviln\u0117 ir 5 % elastanas &#8211; tai patogi, \u0161iek tiek elastinga, odai maloni med\u017eiaga, kuri \u017eiem\u0105 \u0161ildo, o vasar\u0105 neleid\u017eia prakaituoti.<\/p>\n<p>Palaidin\u0117 yra u\u017esakyta, tod\u0117l jos laukti reikia iki 15 dien\u0173<\/p>\n<p>Palaidin\u0117s i\u0161matavimus rasite po papildomomis nuotraukomis.<\/p>\n<p>&nbsp;<\/p>\n<p>&nbsp;<\/p>\n","protected":false},"excerpt":{"rendered":"<p>&nbsp; Palaidin\u0117s med\u017eiaga yra 95 % medviln\u0117 ir 5 % elastanas &#8211; tai patogi, \u0161iek tiek elastinga, odai maloni med\u017eiaga, kuri \u017eiem\u0105 \u0161ildo, o vasar\u0105 neleid\u017eia prakaituoti. Palaidin\u0117 yra u\u017esakyta, tod\u0117l jos laukti reikia iki 15 dien\u0173 Palaidin\u0117s i\u0161matavimus rasite po papildomomis nuotraukomis. &nbsp; &nbsp;<\/p>\n","protected":false},"featured_media":268098,"comment_status":"open","ping_status":"closed","template":"","meta":{"_acf_changed":false},"product_brand":[],"product_cat":[299],"product_tag":[],"class_list":{"0":"post-268097","1":"product","2":"type-product","3":"status-publish","4":"has-post-thumbnail","6":"product_cat-yemi-disain-sukneles","7":"product_shipping_class-tarneaeg-1-4-paeva","9":"first","10":"instock","11":"taxable","12":"shipping-taxable","13":"product-type-variable","14":"has-default-attributes","15":"add-to-wishlist-after_add_to_cart"},"acf":[],"_links":{"self":[{"href":"https:\/\/tellimused.stiilne.ee\/lt\/wp-json\/wp\/v2\/product\/268097","targetHints":{"allow":["GET"]}}],"collection":[{"href":"https:\/\/tellimused.stiilne.ee\/lt\/wp-json\/wp\/v2\/product"}],"about":[{"href":"https:\/\/tellimused.stiilne.ee\/lt\/wp-json\/wp\/v2\/types\/product"}],"replies":[{"embeddable":true,"href":"https:\/\/tellimused.stiilne.ee\/lt\/wp-json\/wp\/v2\/comments?post=268097"}],"wp:featuredmedia":[{"embeddable":true,"href":"https:\/\/tellimused.stiilne.ee\/lt\/wp-json\/wp\/v2\/media\/268098"}],"wp:attachment":[{"href":"https:\/\/tellimused.stiilne.ee\/lt\/wp-json\/wp\/v2\/media?parent=268097"}],"wp:term":[{"taxonomy":"product_brand","embeddable":true,"href":"https:\/\/tellimused.stiilne.ee\/lt\/wp-json\/wp\/v2\/product_brand?post=268097"},{"taxonomy":"product_cat","embeddable":true,"href":"https:\/\/tellimused.stiilne.ee\/lt\/wp-json\/wp\/v2\/product_cat?post=268097"},{"taxonomy":"product_tag","embeddable":true,"href":"https:\/\/tellimused.stiilne.ee\/lt\/wp-json\/wp\/v2\/product_tag?post=268097"}],"curies":[{"name":"wp","href":"https:\/\/api.w.org\/{rel}","templated":true}]}}