{"id":268100,"date":"2026-03-12T11:02:02","date_gmt":"2026-03-12T09:02:02","guid":{"rendered":"https:\/\/tellimused.stiilne.ee\/toode\/armas-hall-taskutega-pusakleit-rebane-kohe-laos-suurus-xs34-36-sobib-hasti-ka-s-suuruse-kandjale-hea-hind\/"},"modified":"2026-04-07T11:10:26","modified_gmt":"2026-04-07T08:10:26","slug":"miela-pilka-megztine-suknele-su-kisenemis-rebane-dabar-naudojama-xs34-36-sveria-gerai-s-dydzio-devejimui-gera-kaina","status":"publish","type":"product","link":"https:\/\/tellimused.stiilne.ee\/lt\/produktas\/miela-pilka-megztine-suknele-su-kisenemis-rebane-dabar-naudojama-xs34-36-sveria-gerai-s-dydzio-devejimui-gera-kaina\/","title":{"rendered":"Miela pilka megztin\u0117 suknel\u0117 su ki\u0161en\u0117mis Rebane &#8211; DABAR NAUDOJAMA XS(34-36)-Sveria gerai S dyd\u017eio d\u0117v\u0117jimui &#8211; GERA KAINA"},"content":{"rendered":"<p>Palaidin\u0117s med\u017eiaga yra 95 % medviln\u0117s ir 5 % elastano &#8211; tai patogi, \u0161iek tiek elastinga, odai draugi\u0161ka med\u017eiaga, kuri \u017eiem\u0105 \u0161ildo, o vasar\u0105 never\u010dia prakaituoti.<\/p>\n<p>Palaidin\u0117 jau sand\u0117lyje &#8211; pristatymas po keli\u0173 dien\u0173<\/p>\n<p>U\u017esakymai, pateikti likus darbo dienai iki termino pabaigos, bus i\u0161si\u0173sti t\u0105 pa\u010di\u0105 dien\u0105<\/p>\n<p>Palaidin\u0117s i\u0161matavimus rasite po papildomomis nuotraukomis.<\/p>\n<p>&nbsp;<\/p>\n<p>&nbsp;<\/p>\n","protected":false},"excerpt":{"rendered":"<p>Palaidin\u0117s med\u017eiaga yra 95 % medviln\u0117s ir 5 % elastano &#8211; tai patogi, \u0161iek tiek elastinga, odai draugi\u0161ka med\u017eiaga, kuri \u017eiem\u0105 \u0161ildo, o vasar\u0105 never\u010dia prakaituoti. Palaidin\u0117 jau sand\u0117lyje &#8211; pristatymas po keli\u0173 dien\u0173 U\u017esakymai, pateikti likus darbo dienai iki termino pabaigos, bus i\u0161si\u0173sti t\u0105 pa\u010di\u0105 dien\u0105 Palaidin\u0117s i\u0161matavimus rasite po papildomomis nuotraukomis. &nbsp; &nbsp;<\/p>\n","protected":false},"featured_media":268101,"comment_status":"open","ping_status":"closed","template":"","meta":{"_acf_changed":false},"product_brand":[],"product_cat":[299],"product_tag":[],"class_list":{"0":"post-268100","1":"product","2":"type-product","3":"status-publish","4":"has-post-thumbnail","6":"product_cat-yemi-disain-sukneles","7":"product_shipping_class-tarneaeg-1-4-paeva","9":"first","10":"instock","11":"sale","12":"taxable","13":"shipping-taxable","14":"purchasable","15":"product-type-variable","16":"has-default-attributes","17":"add-to-wishlist-after_add_to_cart"},"acf":[],"_links":{"self":[{"href":"https:\/\/tellimused.stiilne.ee\/lt\/wp-json\/wp\/v2\/product\/268100","targetHints":{"allow":["GET"]}}],"collection":[{"href":"https:\/\/tellimused.stiilne.ee\/lt\/wp-json\/wp\/v2\/product"}],"about":[{"href":"https:\/\/tellimused.stiilne.ee\/lt\/wp-json\/wp\/v2\/types\/product"}],"replies":[{"embeddable":true,"href":"https:\/\/tellimused.stiilne.ee\/lt\/wp-json\/wp\/v2\/comments?post=268100"}],"wp:featuredmedia":[{"embeddable":true,"href":"https:\/\/tellimused.stiilne.ee\/lt\/wp-json\/wp\/v2\/media\/268101"}],"wp:attachment":[{"href":"https:\/\/tellimused.stiilne.ee\/lt\/wp-json\/wp\/v2\/media?parent=268100"}],"wp:term":[{"taxonomy":"product_brand","embeddable":true,"href":"https:\/\/tellimused.stiilne.ee\/lt\/wp-json\/wp\/v2\/product_brand?post=268100"},{"taxonomy":"product_cat","embeddable":true,"href":"https:\/\/tellimused.stiilne.ee\/lt\/wp-json\/wp\/v2\/product_cat?post=268100"},{"taxonomy":"product_tag","embeddable":true,"href":"https:\/\/tellimused.stiilne.ee\/lt\/wp-json\/wp\/v2\/product_tag?post=268100"}],"curies":[{"name":"wp","href":"https:\/\/api.w.org\/{rel}","templated":true}]}}