{"id":268180,"date":"2026-03-12T10:56:30","date_gmt":"2026-03-12T08:56:30","guid":{"rendered":"https:\/\/tellimused.stiilne.ee\/toode\/naturaalsest-nahast-omaking-classical-kerged-sandaalid-liiva-roosad-kohe-laos\/"},"modified":"2026-04-07T11:10:27","modified_gmt":"2026-04-07T08:10:27","slug":"natural-leather-omaking-klasikiniai-lengvi-sandalai-sandy-pink-boy","status":"publish","type":"product","link":"https:\/\/tellimused.stiilne.ee\/lt\/produktas\/natural-leather-omaking-klasikiniai-lengvi-sandalai-sandy-pink-boy\/","title":{"rendered":"NATURAL LEATHER Omaking Klasikiniai lengvi sandalai Sandy pink-BOY"},"content":{"rendered":"<p>Sandalai yra puiki avalyn\u0117, kuri\u0105 galima av\u0117ti lauke \u0161iltesniu oru ir visus metus patalpose, pavyzd\u017eiui, biure kaip darbin\u0119 avalyn\u0119 arba mokykloje kaip persirengimo batus.<\/p>\n<p>Kai lauke kepina saul\u0117 ir alinantis kar\u0161tis, nenorite av\u0117ti u\u017edaros avalyn\u0117s, nuo kurios kojos nemaloniai prakaituoja. Sandalai gali pad\u0117ti i\u0161laikyti p\u0117das v\u0117sias, kad j\u016bs\u0173 k\u016bno temperat\u016bra neb\u016bt\u0173 per auk\u0161ta. <\/p>\n<p>\u0160ie stilingi sandalai, sukurti ir pagaminti Estijoje, puikiai tinka prie bet kokios aprangos, tod\u0117l galite b\u016bti tikri, kad visada atrodysite madingai.<\/p>\n<p>Sandalai taip pat yra keliautoj\u0173 svajon\u0117, nes, palyginti su kita avalyne, u\u017eima ma\u017eai vietos. Malonu keliauti su kuo plonesniu lagaminu ir tik pora ar dviem patogiais sandalais. <\/p>\n<p>Visus sandalus gamina kvalifikuoti meistrai, tod\u0117l galite pajusti rank\u0173 darbo meistri\u0161kum\u0105. Rank\u0173 darbo sandalai yra itin patvar\u016bs, ergonomi\u0161ki ir, \u017einoma, itin patog\u016bs. <\/p>\n<p>Ar \u017einojote, kad &#8222;Liiva&#8221; moteri\u0161ki sandalai palaiko ger\u0105 nuotaik\u0105 ir dovanoja \u0161ypsen\u0105 net ir po ilgos dienos, praleistos ant koj\u0173? I\u0161sirinkite patinkan\u010dius sandalus ir \u012fsitikinkite patys!  \ud83d\ude42<\/p>\n<p>&nbsp;<\/p>\n<p>Lengvi nat\u016bralios odos sandalai moterims ir jaunimui &#8211; puiki patogi avalyn\u0117 vasaros sezonui.<\/p>\n<ul>\n<li>Su nat\u016bralios odos batvir\u0161iais.<\/li>\n<li>Labai patvarus mikropluo\u0161to vidpadis.<\/li>\n<li>Vidpadis suprojektuotas su skliautine amortizacija, kuri suma\u017eina p\u0117d\u0173 nuovarg\u012f net ilgai stovint ant koj\u0173.<\/li>\n<li>Padas pagamintas i\u0161 lengvos, lanks\u010dios ir neabrazyvin\u0117s PU arba poliuretano med\u017eiagos.<\/li>\n<li>Sandalai turi tris dir\u017eelius su sagtimis, kuriuos galima reguliuoti pagal p\u0117dos plot\u012f.<\/li>\n<li>Papildoma premija &#8211; rank\u0173 darbo sandalai pagaminti Estijoje<\/li>\n<\/ul>\n<p>Sandal\u0173 pristatymo laikas 1-4 dienos<\/p>\n<table>\n<tbody>\n<tr>\n<td>P\u0117dos dydis<\/td>\n<td> Vidpad\u017eio ilgis<\/td>\n<\/tr>\n<tr>\n<td>35<\/td>\n<td>23 cm<\/td>\n<\/tr>\n<tr>\n<td>36<\/td>\n<td>23,5 cm<\/td>\n<\/tr>\n<tr>\n<td>37<\/td>\n<td>24 cm<\/td>\n<\/tr>\n<tr>\n<td>38<\/td>\n<td>24,8 cm<\/td>\n<\/tr>\n<tr>\n<td>39<\/td>\n<td>25,5 cm<\/td>\n<\/tr>\n<tr>\n<td>40<\/td>\n<td>26 cm<\/td>\n<\/tr>\n<tr>\n<td>41<\/td>\n<td>26,7 cm<\/td>\n<\/tr>\n<tr>\n<td>42<\/td>\n<td>27,5 cm<\/td>\n<\/tr>\n<\/tbody>\n<\/table>\n","protected":false},"excerpt":{"rendered":"<p>Sandalai yra puiki avalyn\u0117, kuri\u0105 galima av\u0117ti lauke \u0161iltesniu oru ir visus metus patalpose, pavyzd\u017eiui, biure kaip darbin\u0119 avalyn\u0119 arba mokykloje kaip persirengimo batus. Kai lauke kepina saul\u0117 ir alinantis kar\u0161tis, nenorite av\u0117ti u\u017edaros avalyn\u0117s, nuo kurios kojos nemaloniai prakaituoja. Sandalai gali pad\u0117ti i\u0161laikyti p\u0117das v\u0117sias, kad j\u016bs\u0173 k\u016bno temperat\u016bra neb\u016bt\u0173 per auk\u0161ta. \u0160ie stilingi [&hellip;]<\/p>\n","protected":false},"featured_media":268181,"comment_status":"open","ping_status":"closed","template":"","meta":{"_acf_changed":false},"product_brand":[],"product_cat":[389,395],"product_tag":[],"class_list":{"0":"post-268180","1":"product","2":"type-product","3":"status-publish","4":"has-post-thumbnail","6":"product_cat-atviruosius-vasarinius-batus","7":"product_cat-plokstes-ir-dirzeliai","8":"product_shipping_class-tarneaeg-1-4-paeva","10":"first","11":"instock","12":"taxable","13":"shipping-taxable","14":"purchasable","15":"product-type-variable","16":"has-default-attributes","17":"add-to-wishlist-after_add_to_cart"},"acf":[],"_links":{"self":[{"href":"https:\/\/tellimused.stiilne.ee\/lt\/wp-json\/wp\/v2\/product\/268180","targetHints":{"allow":["GET"]}}],"collection":[{"href":"https:\/\/tellimused.stiilne.ee\/lt\/wp-json\/wp\/v2\/product"}],"about":[{"href":"https:\/\/tellimused.stiilne.ee\/lt\/wp-json\/wp\/v2\/types\/product"}],"replies":[{"embeddable":true,"href":"https:\/\/tellimused.stiilne.ee\/lt\/wp-json\/wp\/v2\/comments?post=268180"}],"wp:featuredmedia":[{"embeddable":true,"href":"https:\/\/tellimused.stiilne.ee\/lt\/wp-json\/wp\/v2\/media\/268181"}],"wp:attachment":[{"href":"https:\/\/tellimused.stiilne.ee\/lt\/wp-json\/wp\/v2\/media?parent=268180"}],"wp:term":[{"taxonomy":"product_brand","embeddable":true,"href":"https:\/\/tellimused.stiilne.ee\/lt\/wp-json\/wp\/v2\/product_brand?post=268180"},{"taxonomy":"product_cat","embeddable":true,"href":"https:\/\/tellimused.stiilne.ee\/lt\/wp-json\/wp\/v2\/product_cat?post=268180"},{"taxonomy":"product_tag","embeddable":true,"href":"https:\/\/tellimused.stiilne.ee\/lt\/wp-json\/wp\/v2\/product_tag?post=268180"}],"curies":[{"name":"wp","href":"https:\/\/api.w.org\/{rel}","templated":true}]}}