{"id":268190,"date":"2026-03-12T10:56:00","date_gmt":"2026-03-12T08:56:00","guid":{"rendered":"https:\/\/tellimused.stiilne.ee\/toode\/vero-moda-kerge-ohem-must-tuulejope-super-hind-viimased-xs-ja-m-jaanud\/"},"modified":"2026-04-07T11:10:28","modified_gmt":"2026-04-07T08:10:28","slug":"vero-moda-lengva-plona-juoda-vejo-striuke-super-kaina-xs-ir-m-dydziai-retired","status":"publish","type":"product","link":"https:\/\/tellimused.stiilne.ee\/lt\/produktas\/vero-moda-lengva-plona-juoda-vejo-striuke-super-kaina-xs-ir-m-dydziai-retired\/","title":{"rendered":"VERO MODA lengva plona juoda v\u0117jo striuk\u0117 &#8211; SUPER KAINA &#8211; XS ir M dyd\u017eiai RETIRED"},"content":{"rendered":"<p>&nbsp;<\/p>\n<p>\u0160viesiai juoda VERO MODA moteri\u0161ka pl\u0117velin\u0117 striuk\u0117 puikiai tinka pavasariui ir vasarai, o jei ruden\u012f nor\u0117site po ja d\u0117v\u0117ti k\u0105 nors storesnio, ji tiks ir rudeniui.<\/p>\n<p>Striuk\u0117 jau sand\u0117lyje &#8211; pristatymas per kelias dienas.<\/p>\n","protected":false},"excerpt":{"rendered":"<p>&nbsp; \u0160viesiai juoda VERO MODA moteri\u0161ka pl\u0117velin\u0117 striuk\u0117 puikiai tinka pavasariui ir vasarai, o jei ruden\u012f nor\u0117site po ja d\u0117v\u0117ti k\u0105 nors storesnio, ji tiks ir rudeniui. Striuk\u0117 jau sand\u0117lyje &#8211; pristatymas per kelias dienas.<\/p>\n","protected":false},"featured_media":268191,"comment_status":"open","ping_status":"closed","template":"","meta":{"_acf_changed":false},"product_brand":[],"product_cat":[270],"product_tag":[],"class_list":{"0":"post-268190","1":"product","2":"type-product","3":"status-publish","4":"has-post-thumbnail","6":"product_cat-pavasario-ir-rudens-striukes-bei-svarkai","7":"product_shipping_class-tarneaeg-1-4-paeva","9":"first","10":"instock","11":"sale","12":"taxable","13":"shipping-taxable","14":"purchasable","15":"product-type-variable","16":"has-default-attributes","17":"add-to-wishlist-after_add_to_cart"},"acf":[],"_links":{"self":[{"href":"https:\/\/tellimused.stiilne.ee\/lt\/wp-json\/wp\/v2\/product\/268190","targetHints":{"allow":["GET"]}}],"collection":[{"href":"https:\/\/tellimused.stiilne.ee\/lt\/wp-json\/wp\/v2\/product"}],"about":[{"href":"https:\/\/tellimused.stiilne.ee\/lt\/wp-json\/wp\/v2\/types\/product"}],"replies":[{"embeddable":true,"href":"https:\/\/tellimused.stiilne.ee\/lt\/wp-json\/wp\/v2\/comments?post=268190"}],"wp:featuredmedia":[{"embeddable":true,"href":"https:\/\/tellimused.stiilne.ee\/lt\/wp-json\/wp\/v2\/media\/268191"}],"wp:attachment":[{"href":"https:\/\/tellimused.stiilne.ee\/lt\/wp-json\/wp\/v2\/media?parent=268190"}],"wp:term":[{"taxonomy":"product_brand","embeddable":true,"href":"https:\/\/tellimused.stiilne.ee\/lt\/wp-json\/wp\/v2\/product_brand?post=268190"},{"taxonomy":"product_cat","embeddable":true,"href":"https:\/\/tellimused.stiilne.ee\/lt\/wp-json\/wp\/v2\/product_cat?post=268190"},{"taxonomy":"product_tag","embeddable":true,"href":"https:\/\/tellimused.stiilne.ee\/lt\/wp-json\/wp\/v2\/product_tag?post=268190"}],"curies":[{"name":"wp","href":"https:\/\/api.w.org\/{rel}","templated":true}]}}