{"id":268254,"date":"2026-03-12T10:49:11","date_gmt":"2026-03-12T08:49:11","guid":{"rendered":"https:\/\/tellimused.stiilne.ee\/toode\/tuxer-poolpikk-naiste-kevad-sugis-jope-sirelililla-kohe-laos-viimased-m38-40-suuruses-hea-hind\/"},"modified":"2026-04-07T11:10:29","modified_gmt":"2026-04-07T08:10:29","slug":"tuxer-pusilgis-moteriskas-pavasario-rudens-svarkas-alyvinis-baltas-isparduodamas-m38-40-dydzio-didele-kaina","status":"publish","type":"product","link":"https:\/\/tellimused.stiilne.ee\/lt\/produktas\/tuxer-pusilgis-moteriskas-pavasario-rudens-svarkas-alyvinis-baltas-isparduodamas-m38-40-dydzio-didele-kaina\/","title":{"rendered":"TUXER pusilgis moteri\u0161kas pavasario-rudens \u0161varkas, alyvinis-baltas I\u0160PARDUODAMAS M(38-40) dyd\u017eio &#8211; DIDEL\u0116 KAINA"},"content":{"rendered":"<p>&nbsp;<\/p>\n<p>\u0160vedijos \u012fmon\u0117s &#8222;Tuxer&#8221; moteri\u0161ka pavasario-rudens striuk\u0117 yra ideali pusilg\u0117 striuk\u0117 pavasario-rudens sezonui &#8211; striuk\u0117 tinka pavasar\u012f, vasar\u0105 ir ruden\u012f.<\/p>\n<p>Lengvas ir gra\u017eiai paprasto kirpimo iki juosmens \u0161varkas tinka ir darbui, ir laisvalaikiui.<\/p>\n<p>Striuk\u0117s priekyje yra 2 patogios u\u017etrauktuku u\u017esegamos ki\u0161en\u0117s smulkesniems daiktams laikyti.<\/p>\n<p>Striuk\u0117 yra sand\u0117lyje &#8211; pristatymo laikas 1-4 dienos &#8211; u\u017esakymai, pateikti darbo dien\u0105 prie\u0161 v\u0117lavim\u0105, bus i\u0161si\u0173sti t\u0105 pa\u010di\u0105 dien\u0105.<\/p>\n<p><strong>Smokingo \u0161vark\u0173 dyd\u017eiai (S, M, L, XL) yra tokie:<\/strong><\/p>\n<p>Kr\u016btin\u0117s apimtis 98, 100, 104, 112 cm<\/p>\n<p>Klub\u0173 apimtis, matuojama po ki\u0161en\u0117mis, yra 102, 104, 108, 116 cm.<\/p>\n<p>Vis\u0173 dyd\u017ei\u0173 striuk\u0117s ilgis nuo peties yra 80 cm.<\/p>\n<p>Pe\u010di\u0173 plotis 37, 37, 40, 42 cm<\/p>\n<p>Vis\u0173 dyd\u017ei\u0173 rankov\u0117s i\u0161orinis ilgis yra 60 cm.<\/p>\n<p>Striuk\u0117s pristatymo laikas &#8211; kelios dienos<\/p>\n<p>U\u017esakymai, pateikti darbo dien\u0105 prie\u0161 nuorod\u0105, bus i\u0161si\u0173sti t\u0105 pa\u010di\u0105 dien\u0105.<\/p>\n<p>&nbsp;<\/p>\n","protected":false},"excerpt":{"rendered":"<p>&nbsp; \u0160vedijos \u012fmon\u0117s &#8222;Tuxer&#8221; moteri\u0161ka pavasario-rudens striuk\u0117 yra ideali pusilg\u0117 striuk\u0117 pavasario-rudens sezonui &#8211; striuk\u0117 tinka pavasar\u012f, vasar\u0105 ir ruden\u012f. Lengvas ir gra\u017eiai paprasto kirpimo iki juosmens \u0161varkas tinka ir darbui, ir laisvalaikiui. Striuk\u0117s priekyje yra 2 patogios u\u017etrauktuku u\u017esegamos ki\u0161en\u0117s smulkesniems daiktams laikyti. Striuk\u0117 yra sand\u0117lyje &#8211; pristatymo laikas 1-4 dienos &#8211; u\u017esakymai, pateikti [&hellip;]<\/p>\n","protected":false},"featured_media":268255,"comment_status":"open","ping_status":"closed","template":"","meta":{"_acf_changed":false},"product_brand":[],"product_cat":[270],"product_tag":[],"class_list":{"0":"post-268254","1":"product","2":"type-product","3":"status-publish","4":"has-post-thumbnail","6":"product_cat-pavasario-ir-rudens-striukes-bei-svarkai","7":"product_shipping_class-tarneaeg-1-4-paeva","9":"first","10":"instock","11":"sale","12":"taxable","13":"shipping-taxable","14":"purchasable","15":"product-type-variable","16":"has-default-attributes","17":"add-to-wishlist-after_add_to_cart"},"acf":[],"_links":{"self":[{"href":"https:\/\/tellimused.stiilne.ee\/lt\/wp-json\/wp\/v2\/product\/268254","targetHints":{"allow":["GET"]}}],"collection":[{"href":"https:\/\/tellimused.stiilne.ee\/lt\/wp-json\/wp\/v2\/product"}],"about":[{"href":"https:\/\/tellimused.stiilne.ee\/lt\/wp-json\/wp\/v2\/types\/product"}],"replies":[{"embeddable":true,"href":"https:\/\/tellimused.stiilne.ee\/lt\/wp-json\/wp\/v2\/comments?post=268254"}],"wp:featuredmedia":[{"embeddable":true,"href":"https:\/\/tellimused.stiilne.ee\/lt\/wp-json\/wp\/v2\/media\/268255"}],"wp:attachment":[{"href":"https:\/\/tellimused.stiilne.ee\/lt\/wp-json\/wp\/v2\/media?parent=268254"}],"wp:term":[{"taxonomy":"product_brand","embeddable":true,"href":"https:\/\/tellimused.stiilne.ee\/lt\/wp-json\/wp\/v2\/product_brand?post=268254"},{"taxonomy":"product_cat","embeddable":true,"href":"https:\/\/tellimused.stiilne.ee\/lt\/wp-json\/wp\/v2\/product_cat?post=268254"},{"taxonomy":"product_tag","embeddable":true,"href":"https:\/\/tellimused.stiilne.ee\/lt\/wp-json\/wp\/v2\/product_tag?post=268254"}],"curies":[{"name":"wp","href":"https:\/\/api.w.org\/{rel}","templated":true}]}}