{"id":268265,"date":"2026-03-12T10:49:10","date_gmt":"2026-03-12T08:49:10","guid":{"rendered":"https:\/\/tellimused.stiilne.ee\/toode\/huppa-sinine-tudrukute-vihma-ja-tuulekindel-kevad-sugis-parka-40-gr-soojustusega-kohe-laos\/"},"modified":"2026-04-07T11:10:30","modified_gmt":"2026-04-07T08:10:30","slug":"huppa-melyna-mergaiciu-lietaus-ir-vejo-nepraleidzianti-pavasario-rudens-striuke-40-gr-su-apsiltinimu-dabar-naujai","status":"publish","type":"product","link":"https:\/\/tellimused.stiilne.ee\/lt\/produktas\/huppa-melyna-mergaiciu-lietaus-ir-vejo-nepraleidzianti-pavasario-rudens-striuke-40-gr-su-apsiltinimu-dabar-naujai\/","title":{"rendered":"HUPPA m\u0117lyna mergai\u010di\u0173 lietaus ir v\u0117jo nepraleid\u017eianti pavasario-rudens striuk\u0117 40 gr su ap\u0161iltinimu &#8211; DABAR NAUJAI"},"content":{"rendered":"<p>Mergai\u010di\u0173 40 g ap\u0161iltinta parka pavasaris-ruduo. Parka turi vandeniui atsparias rankovi\u0173 ir kaklo i\u0161kirpt\u0117s, taip pat gobtuvo ir pe\u010di\u0173 si\u016bles. Parka turi elasting\u0105 juosmen\u012f. Priekyje yra ki\u0161en\u0117s pir\u0161tin\u0117ms ar kitiems b\u016btiniausiems daiktams laikyti. Maloniai lengva, bet madinga parka pavasariui, vasarai, rudeniui.    <\/p>\n<p>&#8222;Huppa&#8221; mergaiti\u0161ka striuk\u0117:<\/p>\n<p>&#8211; 100 % v\u0117jo ir vandens nepraleid\u017eianti<br \/>\n&#8211; Lengvai ap\u0161iltinta 40 g<br \/>\n&#8211; Apdorotas k\u016bno kirpimas<br \/>\n&#8211; Fiksuojamas gobtuvas<br \/>\n&#8211; Vandeniui atsparios juostos ties pa\u017eastimis ir kaklu, gobtuvo ir pe\u010di\u0173 si\u016bl\u0117s<br \/>\n&#8211; Dvipusis priekinis u\u017esegimas su atvartais ir u\u017etrauktukais<br \/>\n&#8211; Reguliuojami rankogaliai, juosmuo<br \/>\n&#8211; \u0160onin\u0117s ki\u0161en\u0117s, vidin\u0117 ki\u0161en\u0117<br \/>\n&#8211; Atspindin\u010dios detal\u0117s ant rankovi\u0173 ir nugaros<br \/>\n&#8211; Bendras nugaros ilgis pagal dyd\u012f 140 79 cm<\/p>\n<p>Med\u017eiaga: 100% poliesteris, pamu\u0161alas 100% poliesteris (vilnos ir taftos pamu\u0161alas), izoliacija 40 g\/m\u00b2, pralaidumas orui 10 000 g\/m\u00b2, atsparumas vandeniui 10 000 mm.<\/p>\n<p>Parka pristatymo laikas 1-4 dienos<\/p>\n<div class=\"sizes-tables__group__title\">Gamintojo parengta matavimo lentel\u0117 5-13 met\u0173 vaikams<\/div>\n<div class=\"sizes-tables__group__table-wrapper\">\n<table class=\"sizes-tables__group__table\">\n<tbody>\n<tr>\n<td class=\"sizes-tables__group__table__row-col\" colspan=\"2\">            <strong>Am\u017eius<\/strong><\/td>\n<th class=\"sizes-tables__group__table__col\">5a<\/th>\n<th class=\"sizes-tables__group__table__col\">6a<\/th>\n<th class=\"sizes-tables__group__table__col\">7a<\/th>\n<th class=\"sizes-tables__group__table__col\">8a<\/th>\n<th class=\"sizes-tables__group__table__col\">9a<\/th>\n<th class=\"sizes-tables__group__table__col\">10a<\/th>\n<th class=\"sizes-tables__group__table__col\">11a<\/th>\n<th class=\"sizes-tables__group__table__col\">12a<\/th>\n<th class=\"sizes-tables__group__table__col\">13a<\/th>\n<\/tr>\n<tr>\n<th class=\"sizes-tables__group__table__row\" colspan=\"2\">Ilgis<\/th>\n<td class=\"sizes-tables__group__table__value\">110<\/td>\n<td class=\"sizes-tables__group__table__value\">116<\/td>\n<td class=\"sizes-tables__group__table__value\">122<\/td>\n<td class=\"sizes-tables__group__table__value\">128<\/td>\n<td class=\"sizes-tables__group__table__value\">134<\/td>\n<td class=\"sizes-tables__group__table__value\">140<\/td>\n<td class=\"sizes-tables__group__table__value\">146<\/td>\n<td class=\"sizes-tables__group__table__value\">152<\/td>\n<td class=\"sizes-tables__group__table__value\">158<\/td>\n<\/tr>\n<tr>\n<th class=\"sizes-tables__group__table__row\" colspan=\"2\">Kr\u016btin\u0117s l\u0105stos apimtis<\/th>\n<td class=\"sizes-tables__group__table__value\">60<\/td>\n<td class=\"sizes-tables__group__table__value\">62<\/td>\n<td class=\"sizes-tables__group__table__value\">64<\/td>\n<td class=\"sizes-tables__group__table__value\">66<\/td>\n<td class=\"sizes-tables__group__table__value\">69<\/td>\n<td class=\"sizes-tables__group__table__value\">72<\/td>\n<td class=\"sizes-tables__group__table__value\">75<\/td>\n<td class=\"sizes-tables__group__table__value\">78<\/td>\n<td class=\"sizes-tables__group__table__value\">81<\/td>\n<\/tr>\n<tr>\n<th class=\"sizes-tables__group__table__row\" colspan=\"2\">Dir\u017eas<\/th>\n<td class=\"sizes-tables__group__table__value\">56<\/td>\n<td class=\"sizes-tables__group__table__value\">57<\/td>\n<td class=\"sizes-tables__group__table__value\">58<\/td>\n<td class=\"sizes-tables__group__table__value\">60<\/td>\n<td class=\"sizes-tables__group__table__value\">62<\/td>\n<td class=\"sizes-tables__group__table__value\">64<\/td>\n<td class=\"sizes-tables__group__table__value\">66<\/td>\n<td class=\"sizes-tables__group__table__value\">68<\/td>\n<td class=\"sizes-tables__group__table__value\">70<\/td>\n<\/tr>\n<tr>\n<th class=\"sizes-tables__group__table__row\" colspan=\"2\">Mediena<\/th>\n<td class=\"sizes-tables__group__table__value\">64<\/td>\n<td class=\"sizes-tables__group__table__value\">66<\/td>\n<td class=\"sizes-tables__group__table__value\">68<\/td>\n<td class=\"sizes-tables__group__table__value\">70<\/td>\n<td class=\"sizes-tables__group__table__value\">72<\/td>\n<td class=\"sizes-tables__group__table__value\">75<\/td>\n<td class=\"sizes-tables__group__table__value\">78<\/td>\n<td class=\"sizes-tables__group__table__value\">81<\/td>\n<td class=\"sizes-tables__group__table__value\">84<\/td>\n<\/tr>\n<tr>\n<th class=\"sizes-tables__group__table__row\" colspan=\"2\">Rankovi\u0173 ilgis<\/th>\n<td class=\"sizes-tables__group__table__value\">38<\/td>\n<td class=\"sizes-tables__group__table__value\">40<\/td>\n<td class=\"sizes-tables__group__table__value\">42<\/td>\n<td class=\"sizes-tables__group__table__value\">44<\/td>\n<td class=\"sizes-tables__group__table__value\">46,5<\/td>\n<td class=\"sizes-tables__group__table__value\">49<\/td>\n<td class=\"sizes-tables__group__table__value\">51,5<\/td>\n<td class=\"sizes-tables__group__table__value\">54<\/td>\n<td class=\"sizes-tables__group__table__value\">56,5<\/td>\n<\/tr>\n<tr>\n<th class=\"sizes-tables__group__table__row\" colspan=\"2\">Vidin\u0117s \u012fvor\u0117s ilgis<\/th>\n<td class=\"sizes-tables__group__table__value\">47,5<\/td>\n<td class=\"sizes-tables__group__table__value\">51<\/td>\n<td class=\"sizes-tables__group__table__value\">54,5<\/td>\n<td class=\"sizes-tables__group__table__value\">58<\/td>\n<td class=\"sizes-tables__group__table__value\">61,5<\/td>\n<td class=\"sizes-tables__group__table__value\">65<\/td>\n<td class=\"sizes-tables__group__table__value\">68,5<\/td>\n<td class=\"sizes-tables__group__table__value\">71,5<\/td>\n<td class=\"sizes-tables__group__table__value\">74,5<\/td>\n<\/tr>\n<\/tbody>\n<\/table>\n<\/div>\n","protected":false},"excerpt":{"rendered":"<p>Mergai\u010di\u0173 40 g ap\u0161iltinta parka pavasaris-ruduo. Parka turi vandeniui atsparias rankovi\u0173 ir kaklo i\u0161kirpt\u0117s, taip pat gobtuvo ir pe\u010di\u0173 si\u016bles. Parka turi elasting\u0105 juosmen\u012f. Priekyje yra ki\u0161en\u0117s pir\u0161tin\u0117ms ar kitiems b\u016btiniausiems daiktams laikyti. Maloniai lengva, bet madinga parka pavasariui, vasarai, rudeniui. &#8222;Huppa&#8221; mergaiti\u0161ka striuk\u0117: &#8211; 100 % v\u0117jo ir vandens nepraleid\u017eianti &#8211; Lengvai ap\u0161iltinta 40 [&hellip;]<\/p>\n","protected":false},"featured_media":268266,"comment_status":"open","ping_status":"closed","template":"","meta":{"_acf_changed":false},"product_brand":[],"product_cat":[457],"product_tag":[],"class_list":{"0":"post-268265","1":"product","2":"type-product","3":"status-publish","4":"has-post-thumbnail","6":"product_cat-huppa-mergaiciu-pavasario-rudens-striukes","7":"product_shipping_class-tarneaeg-1-4-paeva","9":"first","10":"instock","11":"sale","12":"taxable","13":"shipping-taxable","14":"purchasable","15":"product-type-variable","16":"has-default-attributes","17":"add-to-wishlist-after_add_to_cart"},"acf":[],"_links":{"self":[{"href":"https:\/\/tellimused.stiilne.ee\/lt\/wp-json\/wp\/v2\/product\/268265","targetHints":{"allow":["GET"]}}],"collection":[{"href":"https:\/\/tellimused.stiilne.ee\/lt\/wp-json\/wp\/v2\/product"}],"about":[{"href":"https:\/\/tellimused.stiilne.ee\/lt\/wp-json\/wp\/v2\/types\/product"}],"replies":[{"embeddable":true,"href":"https:\/\/tellimused.stiilne.ee\/lt\/wp-json\/wp\/v2\/comments?post=268265"}],"wp:featuredmedia":[{"embeddable":true,"href":"https:\/\/tellimused.stiilne.ee\/lt\/wp-json\/wp\/v2\/media\/268266"}],"wp:attachment":[{"href":"https:\/\/tellimused.stiilne.ee\/lt\/wp-json\/wp\/v2\/media?parent=268265"}],"wp:term":[{"taxonomy":"product_brand","embeddable":true,"href":"https:\/\/tellimused.stiilne.ee\/lt\/wp-json\/wp\/v2\/product_brand?post=268265"},{"taxonomy":"product_cat","embeddable":true,"href":"https:\/\/tellimused.stiilne.ee\/lt\/wp-json\/wp\/v2\/product_cat?post=268265"},{"taxonomy":"product_tag","embeddable":true,"href":"https:\/\/tellimused.stiilne.ee\/lt\/wp-json\/wp\/v2\/product_tag?post=268265"}],"curies":[{"name":"wp","href":"https:\/\/api.w.org\/{rel}","templated":true}]}}