{"id":268325,"date":"2026-03-12T10:45:16","date_gmt":"2026-03-12T08:45:16","guid":{"rendered":"https:\/\/tellimused.stiilne.ee\/toode\/huppa-stiilne-vihma-ja-tuulekindel-sinine-naiste-kevad-sugis-parka-40-gr-soojustusega-kohe-laos\/"},"modified":"2026-04-07T11:10:16","modified_gmt":"2026-04-07T08:10:16","slug":"huppa-stilinga-lietaus-ir-vejo-nepraleidzianti-melyna-moteriska-pavasario-rudens-striuke-40-gr-pasiulymas-kainuose","status":"publish","type":"product","link":"https:\/\/tellimused.stiilne.ee\/lt\/produktas\/huppa-stilinga-lietaus-ir-vejo-nepraleidzianti-melyna-moteriska-pavasario-rudens-striuke-40-gr-pasiulymas-kainuose\/","title":{"rendered":"HUPPA stilinga lietaus ir v\u0117jo nepraleid\u017eianti m\u0117lyna moteri\u0161ka pavasario-rudens striuk\u0117 40 gr &#8211; PASI\u016aLYMAS KAINUOSE!"},"content":{"rendered":"<p>Stilinga HUPPA moteri\u0161ka 40g ap\u0161iltinta pavasario-rudens striuk\u0117 &#8211; tinka pavasariui, rudeniui ir vasarai.<\/p>\n<p>&#8222;Huppa&#8221; moteri\u0161kos striuk\u0117s ypatyb\u0117s:<\/p>\n<p>&#8211; V\u0117jui ir vandeniui atsparus<br \/>\n&#8211; Vandeniui atsparios u\u017eklijuotos pa\u017east\u0173 ir kaklo, gobtuvo ir pe\u010di\u0173 si\u016bl\u0117s<br \/>\n&#8211; Elastingas gobtuvo kra\u0161tas<br \/>\n&#8211; Reguliuojami rankogaliai, kad \u0161altas oras nepatekt\u0173 per rankoves<br \/>\n&#8211; Reguliuojamas priekinis vidurys su rai\u0161teliu<br \/>\n&#8211; Dvi \u0161onin\u0117s ki\u0161en\u0117s<br \/>\n&#8211; Priekinis u\u017etrauktukas su u\u017etrauktuku ir \u0161akute<br \/>\n&#8211; At\u0161vait\u0173 detal\u0117s ir papildoma kilpa, skirta pritvirtinti savo at\u0161vait\u0105.<\/p>\n<p>&nbsp;<\/p>\n<p>Moteri\u0161kos striuk\u0117s med\u017eiaga: 100% poliesteris, pamu\u0161alas 100% poliesteris.<\/p>\n<p>Izoliacija 40 g\/m\u00b2, pralaidumas orui 10 000 g\/m\u00b2, atsparumas vandeniui 10 000 mm.<\/p>\n<p>Striuk\u0117s vidin\u0117je pus\u0117je yra prisitraukimo gumel\u0117, kuria striuk\u0119 galima gra\u017eiai priderinti prie liemens.<\/p>\n<p>Parka turi dvipus\u012f atidarym\u0105, kad b\u016bt\u0173 patogiau s\u0117d\u0117ti ir va\u017eiuoti.<\/p>\n<p><strong>Stilinga ir patogi lietaus ir v\u0117jo nepraleid\u017eianti moteri\u0161ka striuk\u0117 pavasariui, rudeniui ir vasarai.<\/strong><\/p>\n<p><strong>&#8222;Huppa Janelle&#8221; moteri\u0161kos striuk\u0117s su kapi\u0161onu matmen\u0173 lentel\u0117 &#8211; matmenys imami i\u0161 striuk\u0117s.<\/strong><\/p>\n<p><strong>Dyd\u017eiai nurodomi tokia tvarka: XS(34), S(36), M(38-40), L(42-44), XL(44-46), XXL(46-50), 3XL(50-..).<\/strong><\/p>\n<p><strong>Kr\u016btin\u0117s apimtis 92(XS), 96(S), 104(M), 112(L), 118(XL), 126(XXL), 132(3XL) cm.<\/strong><\/p>\n<p>Plotis ties pe\u010diais 39, 40, 41, 44, 44, 46, 48 cm<\/p>\n<p>Striuk\u0117s apatinio kra\u0161to apimtis 110, 112, 122, 126, 132, 142 cm<\/p>\n<p>Striuk\u0117s ilgis nuo priekio iki peties 76, 79, 81, 82, 85, 85 cm.<\/p>\n<p>Striuk\u0117s ilgis 81, 83, 84, 85, 86, 88 cm, matuojant nuo nugaros vidurio.<\/p>\n<p>Vidinis rankovi\u0173 ilgis 52, 52, 54, 54, 54, 55, 55 cm<\/p>\n<p>&#8222;Huppa&#8221; moteri\u0161ka striuk\u0117 dabar sand\u0117lyje &#8211; pristatymas per kelias dienas.<\/p>\n<p>U\u017esakymai, pateikti darbo dien\u0105 prie\u0161 v\u0117lavim\u0105, i\u0161siun\u010diami t\u0105 pa\u010di\u0105 dien\u0105, o siuntinys paprastai pristatomas \u012f siunt\u0173 automat\u0105 kit\u0105 dien\u0105.<\/p>\n<p>&nbsp;<\/p>\n<p>&nbsp;<\/p>\n<p>&nbsp;<\/p>\n","protected":false},"excerpt":{"rendered":"<p>Stilinga HUPPA moteri\u0161ka 40g ap\u0161iltinta pavasario-rudens striuk\u0117 &#8211; tinka pavasariui, rudeniui ir vasarai. &#8222;Huppa&#8221; moteri\u0161kos striuk\u0117s ypatyb\u0117s: &#8211; V\u0117jui ir vandeniui atsparus &#8211; Vandeniui atsparios u\u017eklijuotos pa\u017east\u0173 ir kaklo, gobtuvo ir pe\u010di\u0173 si\u016bl\u0117s &#8211; Elastingas gobtuvo kra\u0161tas &#8211; Reguliuojami rankogaliai, kad \u0161altas oras nepatekt\u0173 per rankoves &#8211; Reguliuojamas priekinis vidurys su rai\u0161teliu &#8211; Dvi \u0161onin\u0117s [&hellip;]<\/p>\n","protected":false},"featured_media":268326,"comment_status":"open","ping_status":"closed","template":"","meta":{"_acf_changed":false},"product_brand":[],"product_cat":[270],"product_tag":[],"class_list":{"0":"post-268325","1":"product","2":"type-product","3":"status-publish","4":"has-post-thumbnail","6":"product_cat-pavasario-ir-rudens-striukes-bei-svarkai","7":"product_shipping_class-tarneaeg-1-4-paeva","9":"first","10":"instock","11":"sale","12":"taxable","13":"shipping-taxable","14":"purchasable","15":"product-type-variable","16":"has-default-attributes","17":"add-to-wishlist-after_add_to_cart"},"acf":[],"_links":{"self":[{"href":"https:\/\/tellimused.stiilne.ee\/lt\/wp-json\/wp\/v2\/product\/268325","targetHints":{"allow":["GET"]}}],"collection":[{"href":"https:\/\/tellimused.stiilne.ee\/lt\/wp-json\/wp\/v2\/product"}],"about":[{"href":"https:\/\/tellimused.stiilne.ee\/lt\/wp-json\/wp\/v2\/types\/product"}],"replies":[{"embeddable":true,"href":"https:\/\/tellimused.stiilne.ee\/lt\/wp-json\/wp\/v2\/comments?post=268325"}],"wp:featuredmedia":[{"embeddable":true,"href":"https:\/\/tellimused.stiilne.ee\/lt\/wp-json\/wp\/v2\/media\/268326"}],"wp:attachment":[{"href":"https:\/\/tellimused.stiilne.ee\/lt\/wp-json\/wp\/v2\/media?parent=268325"}],"wp:term":[{"taxonomy":"product_brand","embeddable":true,"href":"https:\/\/tellimused.stiilne.ee\/lt\/wp-json\/wp\/v2\/product_brand?post=268325"},{"taxonomy":"product_cat","embeddable":true,"href":"https:\/\/tellimused.stiilne.ee\/lt\/wp-json\/wp\/v2\/product_cat?post=268325"},{"taxonomy":"product_tag","embeddable":true,"href":"https:\/\/tellimused.stiilne.ee\/lt\/wp-json\/wp\/v2\/product_tag?post=268325"}],"curies":[{"name":"wp","href":"https:\/\/api.w.org\/{rel}","templated":true}]}}