{"id":268354,"date":"2026-03-12T10:45:15","date_gmt":"2026-03-12T08:45:15","guid":{"rendered":"https:\/\/tellimused.stiilne.ee\/toode\/huppa-vihma-ja-tuulekindel-metsaroheline-naiste-kevad-sugis-parka-40-gr-soojustusega-kohe-laos\/"},"modified":"2026-04-07T11:10:19","modified_gmt":"2026-04-07T08:10:19","slug":"huppa-lietaus-ir-vejo-nepraleidzianti-misko-zalia-moteriska-pavasario-rudens-striuke-40-gr-su-apsiltinimu-naujienos","status":"publish","type":"product","link":"https:\/\/tellimused.stiilne.ee\/lt\/produktas\/huppa-lietaus-ir-vejo-nepraleidzianti-misko-zalia-moteriska-pavasario-rudens-striuke-40-gr-su-apsiltinimu-naujienos\/","title":{"rendered":"HUPPA lietaus ir v\u0117jo nepraleid\u017eianti mi\u0161ko \u017ealia moteri\u0161ka pavasario-rudens striuk\u0117 40 gr su ap\u0161iltinimu &#8211; NAUJIENOS!"},"content":{"rendered":"<h2 data-start=\"431\" data-end=\"532\"><strong data-start=\"434\" data-end=\"532\">&#8222;Huppa&#8221; moteri\u0161ka pavasario-rudens striuk\u0117 &#8222;Janelle&#8221; &#8211; stilingas ir prakti\u0161kas pasirinkimas permainingiems Estijos orams<\/strong><\/h2>\n<p data-start=\"534\" data-end=\"845\">Jei ie\u0161kote <strong data-start=\"544\" data-end=\"594\">tobulos moteri\u0161kos striuk\u0117s pavasario-rudens sezonui<\/strong>, kuri atlaikyt\u0173 v\u0117j\u0105 ir liet\u0173 ir kartu gerai atrodyt\u0173, tuomet <strong data-start=\"670\" data-end=\"712\">&#8222;Huppa&#8221; moteri\u0161ka pavasario-rudens striuk\u0117 &#8222;Janelle&#8221;<\/strong> yra tai, ko jums reikia.<br data-start=\"737\" data-end=\"740\">Puikiai tinka d\u0117v\u0117ti <strong data-start=\"768\" data-end=\"792\">nuo baland\u017eio iki spalio,<\/strong> nesvarbu, ar tai lietingas rudens oras, ar v\u0117sesnis pavasario rytas.<\/p>\n<h3 data-start=\"852\" data-end=\"892\"><strong data-start=\"856\" data-end=\"892\">Kod\u0117l verta rinktis &#8222;Huppa Janelle parka&#8221;?<\/strong><\/h3>\n<p data-start=\"894\" data-end=\"1370\"> <strong data-start=\"896\" data-end=\"919\">V\u0117jui ir vandeniui atspari<\/strong> apranga apsaugos jus nuo Estijos or\u0173 (atsparumas vandeniui 10 000 mm).<br data-start=\"983\" data-end=\"986\"> <strong data-start=\"988\" data-end=\"1007\">Kv\u0117puojanti med\u017eiaga<\/strong> &#8211; u\u017etikrina komfort\u0105 net ir judant (kv\u0117puojamumas 10 000 g\/m\u00b2).<br data-start=\"1066\" data-end=\"1069\"> <strong data-start=\"1071\" data-end=\"1088\">40 g izoliacija<\/strong> &#8211; tinkamas \u0161ilumos kiekis pavasar\u012f, vasar\u0105 ir ruden\u012f.<br data-start=\"1133\" data-end=\"1136\"> <strong data-start=\"1138\" data-end=\"1169\">Dvipusis atidaromas priekinis atvartas<\/strong> &#8211; kad s\u0117d\u0117ti ir va\u017eiuoti b\u016bt\u0173 ypa\u010d patogu.<br data-start=\"1214\" data-end=\"1217\"> <strong data-start=\"1219\" data-end=\"1251\">Sukirpta pagal moteri\u0161k\u0105 fig\u016br\u0105<\/strong> &#8211; su reguliuojamu elastiniu juosmeniu viduje, kad parka gerai priglust\u0173.<br data-start=\"1326\" data-end=\"1329\"> <strong data-start=\"1331\" data-end=\"1367\">Stilingos ir prakti\u0161kos detal\u0117s:<\/strong><\/p>\n<ul data-start=\"1371\" data-end=\"1594\">\n<li data-start=\"1371\" data-end=\"1428\">\n<p data-start=\"1373\" data-end=\"1428\">Vandeniui atsparios u\u017eklijuotos si\u016bl\u0117s (kapi\u0161onas, pe\u010diai, kaklas)<\/p>\n<\/li>\n<li data-start=\"1429\" data-end=\"1453\">\n<p data-start=\"1431\" data-end=\"1453\">Elastinis gobtuvas<\/p>\n<\/li>\n<li data-start=\"1454\" data-end=\"1494\">\n<p data-start=\"1456\" data-end=\"1494\">Spustel\u0117kite reguliuojamus rankovi\u0173 galus<\/p>\n<\/li>\n<li data-start=\"1495\" data-end=\"1523\">\n<p data-start=\"1497\" data-end=\"1523\">Dvi didel\u0117s \u0161onin\u0117s ki\u0161en\u0117s<\/p>\n<\/li>\n<li data-start=\"1524\" data-end=\"1594\">\n<p data-start=\"1526\" data-end=\"1594\">Atspindin\u010dios detal\u0117s priekyje, nugaroje ir ant rankovi\u0173 &#8211; geresniam matomumui tamsoje<\/p>\n<\/li>\n<\/ul>\n<hr data-start=\"1596\" data-end=\"1599\">\n<h3 data-start=\"1601\" data-end=\"1630\"><strong data-start=\"1605\" data-end=\"1630\">Med\u017eiaga ir kokyb\u0117<\/strong><\/h3>\n<ul data-start=\"1632\" data-end=\"1762\">\n<li data-start=\"1632\" data-end=\"1660\">\n<p data-start=\"1634\" data-end=\"1660\">Med\u017eiaga: 100% poliesteris<\/p>\n<\/li>\n<li data-start=\"1661\" data-end=\"1687\">\n<p data-start=\"1663\" data-end=\"1687\">Pamu\u0161alas: 100% poliesteris<\/p>\n<\/li>\n<li data-start=\"1688\" data-end=\"1710\">\n<p data-start=\"1690\" data-end=\"1710\">Reguliavimas: 40 g\/m\u00b2 medvilnin\u0117 vata<\/p>\n<\/li>\n<li data-start=\"1711\" data-end=\"1736\">\n<p data-start=\"1713\" data-end=\"1736\">Atsparumas vandeniui: 10 000 mm<\/p>\n<\/li>\n<li data-start=\"1737\" data-end=\"1762\">\n<p data-start=\"1739\" data-end=\"1762\">Tankis: 10 000 g\/m\u00b2<\/p>\n<\/li>\n<\/ul>\n<p data-start=\"1764\" data-end=\"1861\"><strong data-start=\"1768\" data-end=\"1790\">&#8222;Huppa&#8221; moteri\u0161ka striuk\u0117 &#8222;<\/strong> Janelle&#8221; sukurta \u0161iaurieti\u0161komis s\u0105lygomis &#8211; patikima, patvari ir gra\u017ei.<\/p>\n<hr data-start=\"1863\" data-end=\"1866\">\n<h3 data-start=\"1868\" data-end=\"1895\"><strong data-start=\"1872\" data-end=\"1895\">Dyd\u017eiai ir tinkamumas<\/strong><\/h3>\n<p data-start=\"1897\" data-end=\"2118\">Moteri\u0161k\u0105 &#8222;Janelle&#8221; park\u0105 galima rinktis <strong data-start=\"1922\" data-end=\"1937\">nuo XS iki 3XL<\/strong> dyd\u017eio, kad tikt\u0173 \u012fvairiems k\u016bno tipams.<br data-start=\"1972\" data-end=\"1975\">\u017dr. dyd\u017ei\u0173 lentel\u0119, kad rastum\u0117te jums tinkam\u0105 dyd\u012f.<\/p>\n<p><strong>Huppa 40 gr ap\u0161iltinta moteri\u0161ka pavasario-rudens parka XS -3XL dyd\u017ei\u0173<\/strong><\/p>\n<p><strong>XS(34), S(36), M(38-40), L(42-44), XL(44-46), XXL(46-50) ir 3XL dyd\u017eiai yra tokie (matuojant nuo striuk\u0117s):<\/strong><\/p>\n<p><strong>Kr\u016btin\u0117s apimtis 88, 96, 100, 110, 116, 126, 134 cm<\/strong><\/p>\n<p>Striuk\u0117s ilgis priekyje ir nugaroje 81\/86, 83\/86, 85\/89, 86\/90, 88\/92, 90\/92 cm.<\/p>\n<p>Pe\u010di\u0173 plotis 39, 39, 41, 42, 44, 45 cm<\/p>\n<p>Klub\u0173 apimtis po ki\u0161en\u0117mis 100, 108, 114, 120, 124, 132 cm<\/p>\n<p>I\u0161orinis rankov\u0117s ilgis ties petimi 62, 63, 65, 67, 68, 68 cm<\/p>\n<p><strong data-start=\"2294\" data-end=\"2377\">Dyd\u017eio keitimas visada NEMOKAMAS, jei naudojamas DPD keitimo kodas.<\/strong><\/p>\n<hr data-start=\"2120\" data-end=\"2123\">\n<h3 data-start=\"2125\" data-end=\"2152\"><strong data-start=\"2129\" data-end=\"2152\">Kod\u0117l verta u\u017esisakyti i\u0161 m\u016bs\u0173?<\/strong><\/h3>\n<p data-start=\"2154\" data-end=\"2429\"> <strong data-start=\"2157\" data-end=\"2213\">Parka dabar yra sand\u0117lyje &#8211; pristatymas vos per kelias dienas.<\/strong><br data-start=\"2213\" data-end=\"2216\"> <strong data-start=\"2219\" data-end=\"2288\">U\u017esakymai, pateikti darbo dien\u0105 iki 17:00, bus i\u0161si\u0173sti t\u0105 pa\u010di\u0105 dien\u0105.<\/strong><br data-start=\"2288\" data-end=\"2291\"> <strong data-start=\"2294\" data-end=\"2377\">Netinkamas dydis arba spalva? Nesvarbu!  Keitimas visada NEMOKAMAS, jei naudojate &#8222;DPD&#8221; keitimo kod\u0105.<\/strong><br data-start=\"2377\" data-end=\"2380\">&#8211; keisti dyd\u012f, spalv\u0105 ir model\u012f<\/p>\n<hr data-start=\"2431\" data-end=\"2434\">\n<p data-start=\"2456\" data-end=\"2752\">&#8222;<strong data-start=\"2456\" data-end=\"2498\">Huppa Janelle&#8221; moteri\u0161ka pavasario-rudens striuk\u0117<\/strong> yra puikus pasirinkimas moterims, kurios nori gerai jaustis bet kokiu oru. Tai <strong data-start=\"2572\" data-end=\"2626\">funkcionali, patvari ir stilinga moteri\u0161ka parka<\/strong>, kuri\u0105 galima d\u0117v\u0117ti mieste ar kaime, pakeliui \u012f darb\u0105 ar i\u0161\u0117jus pasivaik\u0161\u010dioti. <\/p>\n<h3 data-start=\"1775\" data-end=\"1849\"><strong data-start=\"1779\" data-end=\"1847\">Kod\u0117l verta rinktis &#8222;Huppa&#8221; mi\u0161ko \u017ealios spalvos moteri\u0161k\u0105 pavasario-rudens palaidin\u0119?<\/strong><\/h3>\n<p data-start=\"1850\" data-end=\"1908\"><strong data-start=\"1850\" data-end=\"1908\">Mi\u0161ko \u017ealios spalvos parka &#8211; gamtos ramyb\u0117 kiekviename \u017eingsnyje.<\/strong><\/p>\n<p data-start=\"1910\" data-end=\"2091\">Mi\u0161ko \u017ealios spalvos atspalvis yra \u0161velnus, \u012f\u017eeminantis ir kupinas gyvyb\u0117s. Atspindinti raminant\u012f gamtos poveik\u012f, ji puikiai tinka m\u0117gstantiems paprastum\u0105, pusiausvyr\u0105 ir ram\u0173 pasitik\u0117jim\u0105 savimi. <\/p>\n<p data-start=\"2093\" data-end=\"2310\">\u017dalia spalva simbolizuoja augim\u0105, \u0161vie\u017eum\u0105 ir nauj\u0105 prad\u017ei\u0105 &#8211; puikiai tinka kintantiems pavasario ir rudens sezonams. Mi\u0161ko \u017ealios spalvos striuk\u0117 pad\u0117s jums susilieti su gamta, o miesto gatv\u0117se i\u0161liks stilinga ir trauks ak\u012f. <\/p>\n<p data-start=\"2312\" data-end=\"2559\">&#8222;Huppa parka&#8221; specialiai sukurta pavasario ir rudens sezonams, kai orai nenusp\u0117jami. Ji su\u0161ildys ir i\u0161d\u017eiovins jus nuo v\u0117jo ir lietaus, ta\u010diau n\u0117ra per sunki ar stora &#8211; puikiai tinka kasdieniam ne\u0161iojimui \u012f darb\u0105, mokykl\u0105 ar savaitgaliui gamtoje. <\/p>\n<p>&nbsp;<\/p>\n","protected":false},"excerpt":{"rendered":"<p>&#8222;Huppa&#8221; moteri\u0161ka pavasario-rudens striuk\u0117 &#8222;Janelle&#8221; &#8211; stilingas ir prakti\u0161kas pasirinkimas permainingiems Estijos orams Jei ie\u0161kote tobulos moteri\u0161kos striuk\u0117s pavasario-rudens sezonui, kuri atlaikyt\u0173 v\u0117j\u0105 ir liet\u0173 ir kartu gerai atrodyt\u0173, tuomet &#8222;Huppa&#8221; moteri\u0161ka pavasario-rudens striuk\u0117 &#8222;Janelle&#8221; yra tai, ko jums reikia.Puikiai tinka d\u0117v\u0117ti nuo baland\u017eio iki spalio, nesvarbu, ar tai lietingas rudens oras, ar v\u0117sesnis pavasario [&hellip;]<\/p>\n","protected":false},"featured_media":268355,"comment_status":"open","ping_status":"closed","template":"","meta":{"_acf_changed":false},"product_brand":[],"product_cat":[270],"product_tag":[],"class_list":{"0":"post-268354","1":"product","2":"type-product","3":"status-publish","4":"has-post-thumbnail","6":"product_cat-pavasario-ir-rudens-striukes-bei-svarkai","7":"product_shipping_class-tarneaeg-1-4-paeva","9":"first","10":"instock","11":"sale","12":"taxable","13":"shipping-taxable","14":"purchasable","15":"product-type-variable","16":"has-default-attributes","17":"add-to-wishlist-after_add_to_cart"},"acf":[],"_links":{"self":[{"href":"https:\/\/tellimused.stiilne.ee\/lt\/wp-json\/wp\/v2\/product\/268354","targetHints":{"allow":["GET"]}}],"collection":[{"href":"https:\/\/tellimused.stiilne.ee\/lt\/wp-json\/wp\/v2\/product"}],"about":[{"href":"https:\/\/tellimused.stiilne.ee\/lt\/wp-json\/wp\/v2\/types\/product"}],"replies":[{"embeddable":true,"href":"https:\/\/tellimused.stiilne.ee\/lt\/wp-json\/wp\/v2\/comments?post=268354"}],"wp:featuredmedia":[{"embeddable":true,"href":"https:\/\/tellimused.stiilne.ee\/lt\/wp-json\/wp\/v2\/media\/268355"}],"wp:attachment":[{"href":"https:\/\/tellimused.stiilne.ee\/lt\/wp-json\/wp\/v2\/media?parent=268354"}],"wp:term":[{"taxonomy":"product_brand","embeddable":true,"href":"https:\/\/tellimused.stiilne.ee\/lt\/wp-json\/wp\/v2\/product_brand?post=268354"},{"taxonomy":"product_cat","embeddable":true,"href":"https:\/\/tellimused.stiilne.ee\/lt\/wp-json\/wp\/v2\/product_cat?post=268354"},{"taxonomy":"product_tag","embeddable":true,"href":"https:\/\/tellimused.stiilne.ee\/lt\/wp-json\/wp\/v2\/product_tag?post=268354"}],"curies":[{"name":"wp","href":"https:\/\/api.w.org\/{rel}","templated":true}]}}