{"id":268386,"date":"2026-03-12T10:43:41","date_gmt":"2026-03-12T08:43:41","guid":{"rendered":"https:\/\/tellimused.stiilne.ee\/toode\/kott-tool-jalgpall-250-liitrit-jalkapoiste-lemmik-kohe-laos\/"},"modified":"2026-04-07T11:10:30","modified_gmt":"2026-04-07T08:10:30","slug":"krepsys-tool-futbolo-kamuolys-250-litru-jalkapoiste-lemmik-isparduotas","status":"publish","type":"product","link":"https:\/\/tellimused.stiilne.ee\/lt\/produktas\/krepsys-tool-futbolo-kamuolys-250-litru-jalkapoiste-lemmik-isparduotas\/","title":{"rendered":"Krep\u0161ys-Tool Futbolo kamuolys 250 litr\u0173 &#8211; JALKAPOISTE LEMMIK &#8211; I\u0160PARDUOTAS"},"content":{"rendered":"<p>&nbsp;<\/p>\n<p>Mink\u0161ta oda apmu\u0161ta krep\u0161io k\u0117d\u0117 &#8222;Football&#8221; yra tradicinis krep\u0161io k\u0117d\u0117s modelis ir neabejotinai sulaukia s\u0117km\u0117s. Daugel\u012f met\u0173 geriausiai parduodama krep\u0161inio k\u0117d\u0117 pagaminta i\u0161 patvarios dirbtin\u0117s odos, kuri\u0105 lengva valyti ir kuri\u0105 galima laikinai naudoti lauke. <\/p>\n<p>Futbolo krep\u0161ys-k\u0117d\u0117 pagamintas i\u0161 tradicin\u0117s mink\u0161tos odos, kuri visur pasiteisino &#8211; tinka naudoti patalpose ir lauke, vandenyje ir sunkiai, j\u0105 labai lengva valyti dr\u0117gnu skudur\u0117liu.D\u0117l savo elastingos vidin\u0117s strukt\u016bros ji yra viena geriausi\u0173 krep\u0161iams-k\u0117d\u0117ms skirt\u0173 u\u017evalkal\u0173 med\u017eiag\u0173, tiksliai prisitaikanti prie naudotojo k\u016bno form\u0173.<\/p>\n<p>Krep\u0161ys-k\u0117d\u0117 turi dvigub\u0105 dugn\u0105 su dvigubu u\u017eraktu, kuris u\u017etikrina, kad granul\u0117s efektyviai i\u0161likt\u0173 viduje.<\/p>\n<p>Mai\u0161o-k\u0117d\u0117s turinys yra 250 litr\u0173 &#8211; u\u017epildymo med\u017eiaga yra 250 litr\u0173 put\u0173 polistireno granuli\u0173.<\/p>\n<p>Krep\u0161io k\u0117d\u0117s turi u\u017erakinam\u0105 u\u017epildymo viet\u0105, \u012f kuri\u0105 prireikus v\u0117liau galima \u012fd\u0117ti granuli\u0173.<\/p>\n<p><strong>Krep\u0161io k\u0117d\u0117s matmenys yra 90 (auk\u0161tis) x 90 (plotis) x 90 (gylis) cm.<\/strong><\/p>\n<p>Krep\u0161io k\u0117d\u0117s gali b\u016bti naudojamos labai \u012fvairiai &#8211; jos tinka namams, terasoms, vaik\u0173 dar\u017eeliams, biurams ir \u012fstaigoms.<\/p>\n<p>K\u0117d\u0117 su krep\u0161iu u\u017etikrina vien\u0105 patogiausi\u0173 s\u0117d\u0117jimo pad\u0117\u010di\u0173, nes ji prisitaiko prie s\u0117dimos pad\u0117ties.<\/p>\n<p>Rank\u0173 darbo k\u0117d\u0117-mai\u0161as pagaminta Estijoje<\/p>\n<p>Krep\u0161ys-k\u0117d\u0117 Futbolo pristatymas 1-4 darbo dienos<\/p>\n<p>K\u0117d\u0119 galima u\u017esisakyti tik per kurjer\u012f, nes ji netelpa \u012f siunt\u0173 ma\u0161inas.<\/p>\n<p>Krep\u0161\u012f-k\u0117d\u0119 taip pat galima atsiimti m\u016bs\u0173 sand\u0117lyje adresu Kanarbiku tee 15\/3, J\u00e4rvek\u00fcla &#8211; i\u0161 anksto susisieksime su jumis, kai krep\u0161ys-k\u0117d\u0117 bus paruo\u0161tas atsiimti.<\/p>\n","protected":false},"excerpt":{"rendered":"<p>&nbsp; Mink\u0161ta oda apmu\u0161ta krep\u0161io k\u0117d\u0117 &#8222;Football&#8221; yra tradicinis krep\u0161io k\u0117d\u0117s modelis ir neabejotinai sulaukia s\u0117km\u0117s. Daugel\u012f met\u0173 geriausiai parduodama krep\u0161inio k\u0117d\u0117 pagaminta i\u0161 patvarios dirbtin\u0117s odos, kuri\u0105 lengva valyti ir kuri\u0105 galima laikinai naudoti lauke. Futbolo krep\u0161ys-k\u0117d\u0117 pagamintas i\u0161 tradicin\u0117s mink\u0161tos odos, kuri visur pasiteisino &#8211; tinka naudoti patalpose ir lauke, vandenyje ir sunkiai, [&hellip;]<\/p>\n","protected":false},"featured_media":268387,"comment_status":"open","ping_status":"closed","template":"","meta":{"_acf_changed":false},"product_brand":[],"product_cat":[414,410],"product_tag":[],"class_list":{"0":"post-268386","1":"product","2":"type-product","3":"status-publish","4":"has-post-thumbnail","6":"product_cat-vaikams","7":"product_cat-vietines-gamybos-kedes-su-maisais","8":"product_shipping_class-tarneaeg-1-4-paeva","10":"first","11":"instock","12":"sale","13":"taxable","14":"shipping-taxable","15":"purchasable","16":"product-type-variable","17":"has-default-attributes","18":"add-to-wishlist-after_add_to_cart"},"acf":[],"_links":{"self":[{"href":"https:\/\/tellimused.stiilne.ee\/lt\/wp-json\/wp\/v2\/product\/268386","targetHints":{"allow":["GET"]}}],"collection":[{"href":"https:\/\/tellimused.stiilne.ee\/lt\/wp-json\/wp\/v2\/product"}],"about":[{"href":"https:\/\/tellimused.stiilne.ee\/lt\/wp-json\/wp\/v2\/types\/product"}],"replies":[{"embeddable":true,"href":"https:\/\/tellimused.stiilne.ee\/lt\/wp-json\/wp\/v2\/comments?post=268386"}],"wp:featuredmedia":[{"embeddable":true,"href":"https:\/\/tellimused.stiilne.ee\/lt\/wp-json\/wp\/v2\/media\/268387"}],"wp:attachment":[{"href":"https:\/\/tellimused.stiilne.ee\/lt\/wp-json\/wp\/v2\/media?parent=268386"}],"wp:term":[{"taxonomy":"product_brand","embeddable":true,"href":"https:\/\/tellimused.stiilne.ee\/lt\/wp-json\/wp\/v2\/product_brand?post=268386"},{"taxonomy":"product_cat","embeddable":true,"href":"https:\/\/tellimused.stiilne.ee\/lt\/wp-json\/wp\/v2\/product_cat?post=268386"},{"taxonomy":"product_tag","embeddable":true,"href":"https:\/\/tellimused.stiilne.ee\/lt\/wp-json\/wp\/v2\/product_tag?post=268386"}],"curies":[{"name":"wp","href":"https:\/\/api.w.org\/{rel}","templated":true}]}}