{"id":268389,"date":"2026-03-12T10:43:41","date_gmt":"2026-03-12T08:43:41","guid":{"rendered":"https:\/\/tellimused.stiilne.ee\/toode\/huppa-mugavad-ja-hasti-istuvad-sugis-talvised-mustad-naiste-softshell-puksid-airita-tarne-kuni-5-toopaeva\/"},"modified":"2026-04-07T11:10:30","modified_gmt":"2026-04-07T08:10:30","slug":"huppa-patogios-ir-gerai-prigludusios-rudens-ziemos-juodos-moteriskos-airita-softshello-kelnes-pristatymas-iki-5-darbo-dienu","status":"publish","type":"product","link":"https:\/\/tellimused.stiilne.ee\/lt\/produktas\/huppa-patogios-ir-gerai-prigludusios-rudens-ziemos-juodos-moteriskos-airita-softshello-kelnes-pristatymas-iki-5-darbo-dienu\/","title":{"rendered":"HUPPA patogios ir gerai prigludusios rudens-\u017eiemos juodos moteri\u0161kos &#8222;Airita&#8221; softshello keln\u0117s &#8211; Pristatymas iki 5 darbo dien\u0173"},"content":{"rendered":"<h1 data-start=\"491\" data-end=\"552\"><strong data-start=\"493\" data-end=\"550\">Moteri\u0161kos v\u0117jo ir vandens nepraleid\u017eian\u010dios softshello keln\u0117s &#8211; AIRITA<\/strong><\/h1>\n<h2 data-start=\"554\" data-end=\"590\"><strong data-start=\"557\" data-end=\"588\">Lengva ir patogi kiekviename \u017eingsnyje<\/strong><\/h2>\n<p data-start=\"591\" data-end=\"823\">AIRITA softshello keln\u0117s skirtos \u017eiemos pasivaik\u0161\u010diojimams ar \u017eygiams \u012f kalnus. Lengvos ir elastingos, jos priglunda prie k\u016bno tarsi pir\u0161tin\u0117 ir u\u017etikrina maksimal\u0173 komfort\u0105 judant. Mink\u0161tas vilnonis pamu\u0161alas i\u0161laiko \u0161ilum\u0105 net ir \u0161altomis dienomis.  <\/p>\n<h2 data-start=\"825\" data-end=\"863\"><strong data-start=\"828\" data-end=\"861\">Saugumas ir prakti\u0161kumas<\/strong><\/h2>\n<p data-start=\"864\" data-end=\"1038\">D\u0117l \u0161vies\u0105 atspindin\u010di\u0173 detali\u0173 b\u016bsite gerai matomi tamsoje. Kelni\u0173 \u0161onuose yra patogios u\u017etrauktuku u\u017esegamos ki\u0161en\u0117s, \u012f kurias galite susid\u0117ti smulkius daiktus, pavyzd\u017eiui, raktus ar mobil\u0173j\u012f telefon\u0105. <\/p>\n<h2 data-start=\"1040\" data-end=\"1072\"><strong data-start=\"1043\" data-end=\"1070\">Dydis ir pristatymo informacija<\/strong><\/h2>\n<ul data-start=\"1073\" data-end=\"1311\">\n<li data-start=\"1073\" data-end=\"1159\">\n<p data-start=\"1075\" data-end=\"1159\"><strong data-start=\"1075\" data-end=\"1092\">S dydis (36)<\/strong>: juosmuo 78 cm, klubai 92 cm. Softshello keln\u0117s atitinka standartinius Europos dyd\u017eius. <\/p>\n<\/li>\n<li data-start=\"1160\" data-end=\"1202\">\n<p data-start=\"1162\" data-end=\"1202\">Patartina rinktis \u012fprast\u0105 dyd\u012f.<\/p>\n<\/li>\n<li data-start=\"1203\" data-end=\"1240\">\n<p data-start=\"1205\" data-end=\"1240\">Yra sand\u0117lyje &#8211; pristatymo laikas 1-4 dienos.<\/p>\n<\/li>\n<li data-start=\"1241\" data-end=\"1311\">\n<p data-start=\"1243\" data-end=\"1311\">Jei reikia, u\u017esakytas kelnes galite nemokamai pasikeisti naudodamiesi DPD keitimo kodu.<\/p>\n<\/li>\n<\/ul>\n<hr data-start=\"1313\" data-end=\"1316\">\n<h2 data-start=\"1318\" data-end=\"1358\"><strong data-start=\"1321\" data-end=\"1356\">DUK &#8211; klausimai ir atsakymai<\/strong><\/h2>\n<p data-start=\"1360\" data-end=\"1490\"><strong data-start=\"1360\" data-end=\"1394\">  Ar keln\u0117s tinkamos \u017eiemai?<\/strong><br data-start=\"1394\" data-end=\"1397\">Taip, AIRITA softshell keln\u0117s yra atsparios v\u0117jui ir vandeniui, o mink\u0161tas vilnonis pamu\u0161alas i\u0161laiko \u0161ilum\u0105.<\/p>\n<p data-start=\"1492\" data-end=\"1621\"><strong data-start=\"1492\" data-end=\"1527\">Kaip pasirinkti tinkam\u0105 dyd\u012f?<\/strong><br data-start=\"1527\" data-end=\"1530\">Rinkit\u0117s \u012fprast\u0105 dyd\u012f, tok\u012f, kok\u012f da\u017eniausiai d\u0117vite kelnes &#8211; jos puikiai tinka ir atitinka Europos dyd\u017ei\u0173 lentel\u0119.<\/p>\n<p data-start=\"1623\" data-end=\"1737\"><strong data-start=\"1623\" data-end=\"1661\">Ar ki\u0161en\u0117s pakankamai didel\u0117s?<\/strong><br data-start=\"1661\" data-end=\"1664\">Taip, keln\u0117s turi \u0161onines ki\u0161enes su u\u017etrauktukais smulkesniems daiktams susid\u0117ti.<\/p>\n<p data-start=\"1739\" data-end=\"1839\"><strong data-start=\"1739\" data-end=\"1777\">Kas atsitinka, jei keln\u0117s netelpa?<\/strong><br data-start=\"1777\" data-end=\"1780\">Keitimas nauju numeriu yra nemokamas su DPD keitimo kodu.<\/p>\n<p>&nbsp;<\/p>\n","protected":false},"excerpt":{"rendered":"<p>Moteri\u0161kos v\u0117jo ir vandens nepraleid\u017eian\u010dios softshello keln\u0117s &#8211; AIRITA Lengva ir patogi kiekviename \u017eingsnyje AIRITA softshello keln\u0117s skirtos \u017eiemos pasivaik\u0161\u010diojimams ar \u017eygiams \u012f kalnus. Lengvos ir elastingos, jos priglunda prie k\u016bno tarsi pir\u0161tin\u0117 ir u\u017etikrina maksimal\u0173 komfort\u0105 judant. Mink\u0161tas vilnonis pamu\u0161alas i\u0161laiko \u0161ilum\u0105 net ir \u0161altomis dienomis. Saugumas ir prakti\u0161kumas D\u0117l \u0161vies\u0105 atspindin\u010di\u0173 detali\u0173 b\u016bsite [&hellip;]<\/p>\n","protected":false},"featured_media":266280,"comment_status":"open","ping_status":"closed","template":"","meta":{"_acf_changed":false},"product_brand":[],"product_cat":[301],"product_tag":[],"class_list":{"0":"post-268389","1":"product","2":"type-product","3":"status-publish","4":"has-post-thumbnail","6":"product_cat-zieminiai-paltukai-iki-60","7":"product_shipping_class-tarneaeg-1-4-paeva","9":"first","10":"instock","11":"sale","12":"taxable","13":"shipping-taxable","14":"purchasable","15":"product-type-variable","16":"has-default-attributes","17":"add-to-wishlist-after_add_to_cart"},"acf":[],"_links":{"self":[{"href":"https:\/\/tellimused.stiilne.ee\/lt\/wp-json\/wp\/v2\/product\/268389","targetHints":{"allow":["GET"]}}],"collection":[{"href":"https:\/\/tellimused.stiilne.ee\/lt\/wp-json\/wp\/v2\/product"}],"about":[{"href":"https:\/\/tellimused.stiilne.ee\/lt\/wp-json\/wp\/v2\/types\/product"}],"replies":[{"embeddable":true,"href":"https:\/\/tellimused.stiilne.ee\/lt\/wp-json\/wp\/v2\/comments?post=268389"}],"wp:featuredmedia":[{"embeddable":true,"href":"https:\/\/tellimused.stiilne.ee\/lt\/wp-json\/wp\/v2\/media\/266280"}],"wp:attachment":[{"href":"https:\/\/tellimused.stiilne.ee\/lt\/wp-json\/wp\/v2\/media?parent=268389"}],"wp:term":[{"taxonomy":"product_brand","embeddable":true,"href":"https:\/\/tellimused.stiilne.ee\/lt\/wp-json\/wp\/v2\/product_brand?post=268389"},{"taxonomy":"product_cat","embeddable":true,"href":"https:\/\/tellimused.stiilne.ee\/lt\/wp-json\/wp\/v2\/product_cat?post=268389"},{"taxonomy":"product_tag","embeddable":true,"href":"https:\/\/tellimused.stiilne.ee\/lt\/wp-json\/wp\/v2\/product_tag?post=268389"}],"curies":[{"name":"wp","href":"https:\/\/api.w.org\/{rel}","templated":true}]}}