{"id":268406,"date":"2026-03-12T10:43:40","date_gmt":"2026-03-12T08:43:40","guid":{"rendered":"https:\/\/tellimused.stiilne.ee\/toode\/armas-sinine-pusa-korred-kohe-laos-m-xl-ja-xxl-viimased-jaanud\/"},"modified":"2026-04-07T11:10:19","modified_gmt":"2026-04-07T08:10:19","slug":"miela-melyna-palaidinuke-su-auskarais-dabar-yra-sandelyje-m-xl-ir-xxl-next-to-go","status":"publish","type":"product","link":"https:\/\/tellimused.stiilne.ee\/lt\/produktas\/miela-melyna-palaidinuke-su-auskarais-dabar-yra-sandelyje-m-xl-ir-xxl-next-to-go\/","title":{"rendered":"Miela m\u0117lyna palaidinuk\u0117 su auskarais &#8211; dabar yra sand\u0117lyje M, XL ir XXL-next to go"},"content":{"rendered":"<p>&nbsp;<\/p>\n<p>&nbsp;<\/p>\n","protected":false},"excerpt":{"rendered":"<p>&nbsp; &nbsp;<\/p>\n","protected":false},"featured_media":268407,"comment_status":"open","ping_status":"closed","template":"","meta":{"_acf_changed":false},"product_brand":[],"product_cat":[278],"product_tag":[],"class_list":{"0":"post-268406","1":"product","2":"type-product","3":"status-publish","4":"has-post-thumbnail","6":"product_cat-yemi-disain-ranku-darbo-megztiniai","7":"product_shipping_class-tarneaeg-5-10-paeva","9":"first","10":"instock","11":"sale","12":"taxable","13":"shipping-taxable","14":"purchasable","15":"product-type-variable","16":"has-default-attributes","17":"add-to-wishlist-after_add_to_cart"},"acf":[],"_links":{"self":[{"href":"https:\/\/tellimused.stiilne.ee\/lt\/wp-json\/wp\/v2\/product\/268406","targetHints":{"allow":["GET"]}}],"collection":[{"href":"https:\/\/tellimused.stiilne.ee\/lt\/wp-json\/wp\/v2\/product"}],"about":[{"href":"https:\/\/tellimused.stiilne.ee\/lt\/wp-json\/wp\/v2\/types\/product"}],"replies":[{"embeddable":true,"href":"https:\/\/tellimused.stiilne.ee\/lt\/wp-json\/wp\/v2\/comments?post=268406"}],"wp:featuredmedia":[{"embeddable":true,"href":"https:\/\/tellimused.stiilne.ee\/lt\/wp-json\/wp\/v2\/media\/268407"}],"wp:attachment":[{"href":"https:\/\/tellimused.stiilne.ee\/lt\/wp-json\/wp\/v2\/media?parent=268406"}],"wp:term":[{"taxonomy":"product_brand","embeddable":true,"href":"https:\/\/tellimused.stiilne.ee\/lt\/wp-json\/wp\/v2\/product_brand?post=268406"},{"taxonomy":"product_cat","embeddable":true,"href":"https:\/\/tellimused.stiilne.ee\/lt\/wp-json\/wp\/v2\/product_cat?post=268406"},{"taxonomy":"product_tag","embeddable":true,"href":"https:\/\/tellimused.stiilne.ee\/lt\/wp-json\/wp\/v2\/product_tag?post=268406"}],"curies":[{"name":"wp","href":"https:\/\/api.w.org\/{rel}","templated":true}]}}