{"id":268458,"date":"2026-03-12T10:40:37","date_gmt":"2026-03-12T08:40:37","guid":{"rendered":"https:\/\/tellimused.stiilne.ee\/toode\/kott-tool-chill-vogue-sinine-250-liitrit-eemaldatav-ja-pestav-kate-kohe-laos\/"},"modified":"2026-04-07T11:10:32","modified_gmt":"2026-04-07T08:10:32","slug":"krepsys-kede-chill-vogue-melynas-250-litru-talpos-nuimamas-ir-skalbiamas-uzvalkalas-naudojama","status":"publish","type":"product","link":"https:\/\/tellimused.stiilne.ee\/lt\/produktas\/krepsys-kede-chill-vogue-melynas-250-litru-talpos-nuimamas-ir-skalbiamas-uzvalkalas-naudojama\/","title":{"rendered":"Krep\u0161ys-k\u0117d\u0117 &#8222;Chill Vogue&#8221; m\u0117lynas 250 litr\u0173 talpos, nuimamas ir skalbiamas u\u017evalkalas &#8211; NAUDOJAMA"},"content":{"rendered":"<h2 data-start=\"296\" data-end=\"354\">&#8222;Chill Vogue&#8221; krep\u0161io k\u0117d\u0117 &#8211; patogumas, kuris prisitaiko prie j\u016bs\u0173<\/h2>\n<p data-start=\"356\" data-end=\"652\">&#8222;<strong data-start=\"356\" data-end=\"381\">Chill Vogue<\/strong> &#8221; yra stilinga ir prakti\u0161ka k\u0117d\u0117, puikiai tinkanti jaukiems namams, biurui, svetainei ar vaik\u0173 kambariui. D\u0117l \u017eem\u0117s atspalvi\u0173 ir auk\u0161tos kokyb\u0117s <strong data-start=\"539\" data-end=\"555\">&#8222;Vogue&#8221; audinio<\/strong> \u0161i k\u0117d\u0117 yra ak\u012f traukiantis baldas tiems, kurie ie\u0161ko ka\u017eko ypatingo. <\/p>\n<p data-start=\"654\" data-end=\"787\">D\u0117l savo formos ir u\u017epildo mai\u0161o k\u0117d\u0117 prisitaiko prie s\u0117din\u010diojo k\u016bno ir suteikia vien\u0105 patogiausi\u0173 s\u0117d\u0117jimo pad\u0117\u010di\u0173, kokios tikit\u0117s i\u0161 k\u0117d\u0117s.<\/p>\n<h2 data-start=\"794\" data-end=\"830\">Kod\u0117l verta rinktis \u0161\u012f krep\u0161\u012f?<\/h2>\n<p data-start=\"832\" data-end=\"993\"><strong data-start=\"836\" data-end=\"852\">Did\u017eiausias komfortas<\/strong><br data-start=\"852\" data-end=\"855\">Krep\u0161ys prisitaiko prie s\u0117dimos pad\u0117ties ir nat\u016braliai palaiko k\u016bn\u0105 &#8211; idealiai tinka skaityti, dirbti, atsipalaiduoti ar tiesiog atsipalaiduoti.<\/p>\n<p data-start=\"995\" data-end=\"1123\"> <strong data-start=\"998\" data-end=\"1025\">Stilingas ir nesenstan\u010dio dizaino<\/strong><br data-start=\"1025\" data-end=\"1028\">&#8222;Vogue&#8221; audinys ir nat\u016bral\u016bs tonai tinka tiek moderniam, tiek klasikiniam interjerui.<\/p>\n<p data-start=\"1125\" data-end=\"1264\">  250 litr\u0173 talpos krep\u0161ys-k\u0117d\u0117 <strong data-start=\"1137\" data-end=\"1178\">Tinka ir vaikams, ir suaugusiesiems &#8211; v\u0117liau nereik\u0117s keisti didesniu.<\/strong><\/p>\n<p data-start=\"1125\" data-end=\"1264\">Vienas krep\u0161ys k\u0117d\u0117, <strong>daugyb\u0117 panaudojimo b\u016bd\u0173<\/strong> &#8211; namuose, biure, terasoje ar vaik\u0173 kambaryje.<\/p>\n<h2 data-start=\"1271\" data-end=\"1297\">Praktin\u0117s savyb\u0117s<\/h2>\n<p data-start=\"1299\" data-end=\"1410\"> <strong data-start=\"1302\" data-end=\"1331\">Nuimamas ir skalbiamas u\u017evalkalas<\/strong><br data-start=\"1331\" data-end=\"1334\">Krep\u0161io-k\u0117d\u0117s u\u017evalkalas nuimamas su u\u017eraktu ir skalbiamas skalbimo ma\u0161inoje <strong data-start=\"1393\" data-end=\"1402\">30 \u00b0C<\/strong> temperat\u016broje.<\/p>\n<p data-start=\"1412\" data-end=\"1537\"><strong data-start=\"1415\" data-end=\"1447\">Atskiras vidinis mai\u0161elis su granul\u0117mis<\/strong><br data-start=\"1447\" data-end=\"1450\">Granul\u0117s yra atskirame vidiniame mai\u0161elyje ir, jei reikia, gali b\u016bti \u012fd\u0117tos \u012f mai\u0161el\u012f-k\u0117d\u0119.<\/p>\n<p data-start=\"1539\" data-end=\"1630\"><strong data-start=\"1542\" data-end=\"1563\">Krep\u0161io-k\u0117d\u0117s matmenys &#8211; pateikti papildomose nuotraukose<\/strong><br data-start=\"1563\" data-end=\"1566\">&#8211; Auk\u0161tis: <strong data-start=\"1576\" data-end=\"1586\">110 cm<\/strong><br data-start=\"1586\" data-end=\"1589\">&#8211; Plotis: <strong data-start=\"1598\" data-end=\"1607\">85 cm<\/strong><br data-start=\"1607\" data-end=\"1610\">&#8211; Gylis: <strong data-start=\"1621\" data-end=\"1630\">85 cm<\/strong><\/p>\n<h2 data-start=\"1637\" data-end=\"1664\">  Pristatymas ir surinkimas<\/h2>\n<p data-start=\"1666\" data-end=\"1729\"> <strong data-start=\"1669\" data-end=\"1682\">Pristatymo laikas:<\/strong> 1-4 darbo dienos (per kurjer\u012f \u012f namus arba biur\u0105).<\/p>\n<p data-start=\"1731\" data-end=\"1894\"> <strong data-start=\"1734\" data-end=\"1752\">Reikia greitai?<\/strong><br data-start=\"1752\" data-end=\"1755\">Jei mai\u0161o k\u0117d\u0117s reikia konkre\u010diai datai (pvz., t\u0105 pa\u010di\u0105 arba kit\u0105 dien\u0105), <strong data-start=\"1832\" data-end=\"1864\">prie\u0161 u\u017esakydami paskambinkite mums tel. 51 45 245<\/strong> &#8211; patikrinsime galimybes.<\/p>\n<p data-start=\"1896\" data-end=\"2002\"> <strong data-start=\"1899\" data-end=\"1916\">Kaip ten patekti<\/strong><br data-start=\"1916\" data-end=\"1919\">&#8211; per kurjer\u012f \u012f pasirinkt\u0105 viet\u0105 <br data-start=\"1950\" data-end=\"1953\">&#8211; i\u0161 m\u016bs\u0173 sand\u0117lio Kanarbiku tee 15\/3- jums patogiu laiku.<\/p>\n<p data-start=\"2004\" data-end=\"2047\">  D\u0117mesio! Krep\u0161io k\u0117d\u0117 <strong data-start=\"2021\" data-end=\"2046\">netelpa \u012f siunt\u0173 ma\u0161in\u0105<\/strong>. <\/p>\n<h2 data-start=\"2054\" data-end=\"2106\">  Patogi s\u0117dimoji vieta &#8211; vos vienas krep\u0161ys-k\u0117d\u0117<\/h2>\n<p data-start=\"2108\" data-end=\"2291\">Jei ie\u0161kote patogios, stilingos ir tvirtos <strong data-start=\"2152\" data-end=\"2166\">k\u0117d\u0117s<\/strong>, kuri puikiai tikt\u0173 kasdieniam naudojimui arba kaip interjero dizaino puo\u0161mena, &#8221; <strong data-start=\"2249\" data-end=\"2274\">Chill Vogue&#8221; k\u0117d\u0117<\/strong> yra tinkamas pasirinkimas.<\/p>\n<p data-start=\"2293\" data-end=\"2358\" data-is-last-node=\"\" data-is-only-node=\"\">  D\u0117kite \u012f krep\u0161el\u012f ir sukurkite jauk\u0173 kampel\u012f namuose ar biure, kuris taps j\u016bs\u0173 m\u0117gstamiausiu!<\/p>\n<p>&nbsp;<\/p>\n<p>&nbsp;<\/p>\n","protected":false},"excerpt":{"rendered":"<p>&#8222;Chill Vogue&#8221; krep\u0161io k\u0117d\u0117 &#8211; patogumas, kuris prisitaiko prie j\u016bs\u0173 &#8222;Chill Vogue &#8221; yra stilinga ir prakti\u0161ka k\u0117d\u0117, puikiai tinkanti jaukiems namams, biurui, svetainei ar vaik\u0173 kambariui. D\u0117l \u017eem\u0117s atspalvi\u0173 ir auk\u0161tos kokyb\u0117s &#8222;Vogue&#8221; audinio \u0161i k\u0117d\u0117 yra ak\u012f traukiantis baldas tiems, kurie ie\u0161ko ka\u017eko ypatingo. D\u0117l savo formos ir u\u017epildo mai\u0161o k\u0117d\u0117 prisitaiko prie [&hellip;]<\/p>\n","protected":false},"featured_media":268459,"comment_status":"open","ping_status":"closed","template":"","meta":{"_acf_changed":false},"product_brand":[],"product_cat":[410],"product_tag":[],"class_list":{"0":"post-268458","1":"product","2":"type-product","3":"status-publish","4":"has-post-thumbnail","6":"product_cat-vietines-gamybos-kedes-su-maisais","7":"product_shipping_class-tarneaeg-1-4-paeva","9":"first","10":"instock","11":"sale","12":"taxable","13":"shipping-taxable","14":"purchasable","15":"product-type-variable","16":"has-default-attributes","17":"add-to-wishlist-after_add_to_cart"},"acf":[],"_links":{"self":[{"href":"https:\/\/tellimused.stiilne.ee\/lt\/wp-json\/wp\/v2\/product\/268458","targetHints":{"allow":["GET"]}}],"collection":[{"href":"https:\/\/tellimused.stiilne.ee\/lt\/wp-json\/wp\/v2\/product"}],"about":[{"href":"https:\/\/tellimused.stiilne.ee\/lt\/wp-json\/wp\/v2\/types\/product"}],"replies":[{"embeddable":true,"href":"https:\/\/tellimused.stiilne.ee\/lt\/wp-json\/wp\/v2\/comments?post=268458"}],"wp:featuredmedia":[{"embeddable":true,"href":"https:\/\/tellimused.stiilne.ee\/lt\/wp-json\/wp\/v2\/media\/268459"}],"wp:attachment":[{"href":"https:\/\/tellimused.stiilne.ee\/lt\/wp-json\/wp\/v2\/media?parent=268458"}],"wp:term":[{"taxonomy":"product_brand","embeddable":true,"href":"https:\/\/tellimused.stiilne.ee\/lt\/wp-json\/wp\/v2\/product_brand?post=268458"},{"taxonomy":"product_cat","embeddable":true,"href":"https:\/\/tellimused.stiilne.ee\/lt\/wp-json\/wp\/v2\/product_cat?post=268458"},{"taxonomy":"product_tag","embeddable":true,"href":"https:\/\/tellimused.stiilne.ee\/lt\/wp-json\/wp\/v2\/product_tag?post=268458"}],"curies":[{"name":"wp","href":"https:\/\/api.w.org\/{rel}","templated":true}]}}