{"id":268482,"date":"2026-03-12T10:39:46","date_gmt":"2026-03-12T08:39:46","guid":{"rendered":"https:\/\/tellimused.stiilne.ee\/toode\/kott-tool-chill-kohvipruun-250-liitrit-kohe-laos\/"},"modified":"2026-04-07T11:10:34","modified_gmt":"2026-04-07T08:10:34","slug":"krepsys-kede-chill-kavos-rudos-spalvos-250-litru-naudojama","status":"publish","type":"product","link":"https:\/\/tellimused.stiilne.ee\/lt\/produktas\/krepsys-kede-chill-kavos-rudos-spalvos-250-litru-naudojama\/","title":{"rendered":"Krep\u0161ys-k\u0117d\u0117 &#8222;Chill&#8221; kavos-rudos spalvos 250 litr\u0173 &#8211; NAUDOJAMA"},"content":{"rendered":"<h2 data-start=\"337\" data-end=\"407\">&#8222;Chill bag&#8221; k\u0117d\u0117 &#8211; klasikinis ir patvarus pasirinkimas bet kokiam kambariui<\/h2>\n<p data-start=\"409\" data-end=\"694\">&#8222;<strong data-start=\"409\" data-end=\"428\">Chill&#8221; krep\u0161io k\u0117d\u0117<\/strong> yra viena populiariausi\u0173 ir laiko patikrint\u0173 krep\u0161io k\u0117d\u017ei\u0173. Tai tikras <em data-start=\"514\" data-end=\"537\">u\u017etikrintas<\/em> favoritas, jau daugel\u012f met\u0173 i\u0161liekantis pardavim\u0173 top\u0173 vir\u0161\u016bn\u0117se.<br data-start=\"573\" data-end=\"576\">I\u0161 mink\u0161tos ir patvarios <strong data-start=\"601\" data-end=\"626\">dirbtin\u0117s odos<\/strong> pagaminta <strong data-start=\"601\" data-end=\"626\">mai\u0161o k\u0117d\u0117<\/strong> puikiai tinka namams, biurui, vaik\u0173 dar\u017eeliui ar kiemui. <\/p>\n<p data-start=\"696\" data-end=\"796\">Jei ie\u0161kote patogios, prakti\u0161kos ir lengvai pri\u017ei\u016brimos krep\u0161io k\u0117d\u0117s, &#8222;Chill&#8221; yra tinkamas pasirinkimas.<\/p>\n<hr data-start=\"798\" data-end=\"801\">\n<h2 data-start=\"803\" data-end=\"861\">\u2728 Mink\u0161ta dirbtin\u0117 oda &#8211; lengva prie\u017ei\u016bra ir didelis patvarumas<\/h2>\n<p data-start=\"863\" data-end=\"937\">&#8222;Chill&#8221; krep\u0161ys-k\u0117d\u0117 pagamintas <strong data-start=\"894\" data-end=\"931\">i\u0161 auk\u0161tos kokyb\u0117s mink\u0161tos dirbtin\u0117s odos,<\/strong> kuri:<\/p>\n<ul data-start=\"938\" data-end=\"1111\">\n<li data-start=\"938\" data-end=\"973\">\n<p data-start=\"940\" data-end=\"973\">gerai atlaiko kasdien\u012f naudojim\u0105<\/p>\n<\/li>\n<li data-start=\"974\" data-end=\"1049\">\n<p data-start=\"976\" data-end=\"1049\">atsparus vandeniui ir tinkamas laikinai <strong data-start=\"1011\" data-end=\"1032\">naudoti lauke<\/strong> (terasoje, sode)<\/p>\n<\/li>\n<li data-start=\"1050\" data-end=\"1111\">\n<p data-start=\"1052\" data-end=\"1111\"><strong data-start=\"1055\" data-end=\"1084\">labai lengva valyti<\/strong> &#8211; u\u017etenka dr\u0117gnos \u0161luost\u0117s.<\/p>\n<\/li>\n<\/ul>\n<p data-start=\"1113\" data-end=\"1230\">D\u0117l elastingos med\u017eiagos krep\u0161ys-k\u0117d\u0117 prisitaiko prie s\u0117din\u010dio asmens k\u016bno formos ir u\u017etikrina ypa\u010d patogi\u0105 ir atramin\u0119 s\u0117d\u0117jimo pad\u0117t\u012f.<\/p>\n<hr data-start=\"1232\" data-end=\"1235\">\n<h2 data-start=\"1237\" data-end=\"1275\">  I\u0161mani forma ir saugus turinys<\/h2>\n<p data-start=\"1277\" data-end=\"1441\">Krep\u0161inio k\u0117dut\u0117 &#8222;Chill&#8221; turi <strong data-start=\"1307\" data-end=\"1342\">dvigub\u0105 u\u017erakt\u0105 su dvigubu dugnu<\/strong>, kuris saugiai i\u0161laiko granules k\u0117dut\u0117s viduje.<br data-start=\"1389\" data-end=\"1392\">U\u017epildas pagamintas i\u0161 <strong data-start=\"1405\" data-end=\"1435\">polistireninio putplas\u010dio granuli\u0173,<\/strong> kurios yra&#8230;<\/p>\n<ul data-start=\"1442\" data-end=\"1595\">\n<li data-start=\"1442\" data-end=\"1474\">\n<p data-start=\"1444\" data-end=\"1474\">prisitaikykite prie savo k\u016bno pad\u0117ties.<\/p>\n<\/li>\n<li data-start=\"1475\" data-end=\"1528\">\n<p data-start=\"1477\" data-end=\"1528\">teikti ger\u0105 param\u0105 ir vaikams, ir suaugusiesiems.<\/p>\n<\/li>\n<li data-start=\"1529\" data-end=\"1595\">\n<p data-start=\"1531\" data-end=\"1595\">jei reikia, galima <strong data-start=\"1561\" data-end=\"1595\">prid\u0117ti<\/strong> u\u017epild\u0173 <strong data-start=\"1561\" data-end=\"1595\">per u\u017etrauktuku u\u017etraukiam\u0105 ang\u0105<\/strong>.<\/p>\n<\/li>\n<\/ul>\n<hr data-start=\"1597\" data-end=\"1600\">\n<h2 data-start=\"1602\" data-end=\"1651\">  26 spalvos &#8211; mai\u0161o k\u0117d\u0117 kiekvienam interjerui<\/h2>\n<p data-start=\"1653\" data-end=\"1821\">K\u0117d\u0119 &#8222;Chill bag&#8221; galima rinktis <strong data-start=\"1681\" data-end=\"1718\">i\u0161 26 skirting\u0173 dirbtin\u0117s odos spalv\u0173<\/strong> &#8211; nuo neutrali\u0173 iki ry\u0161ki\u0173 atspalvi\u0173.<br data-start=\"1766\" data-end=\"1769\">  Visus spalv\u0173 variantus rasite gaminio puslapyje po papildomomis nuotraukomis.<\/p>\n<p data-start=\"1823\" data-end=\"1964\">Nesvarbu, ar ie\u0161kote <strong data-start=\"1842\" data-end=\"1867\">auk\u0161tos k\u0117dut\u0117s vaik\u0173 kambariui<\/strong>, ar modernios svetain\u0117s ar biuro poilsio kambario puo\u0161menos, \u010dia rasite plat\u0173 pasirinkim\u0105, kuris tiks kiekvienam.<\/p>\n<hr data-start=\"1966\" data-end=\"1969\">\n<h2 data-start=\"1971\" data-end=\"1994\">  Matmenys ir pritaikymas<\/h2>\n<p data-start=\"1996\" data-end=\"2012\"><strong data-start=\"1999\" data-end=\"2010\">  Matavimai<\/strong><\/p>\n<ul data-start=\"2013\" data-end=\"2067\">\n<li data-start=\"2013\" data-end=\"2031\">\n<p data-start=\"2015\" data-end=\"2031\">Auk\u0161tis: 110 cm<\/p>\n<\/li>\n<li data-start=\"2032\" data-end=\"2048\">\n<p data-start=\"2034\" data-end=\"2048\">Plotis: 85 cm<\/p>\n<\/li>\n<li data-start=\"2049\" data-end=\"2067\">\n<p data-start=\"2051\" data-end=\"2067\">Gylis: 85 cm<\/p>\n<\/li>\n<\/ul>\n<p data-start=\"2069\" data-end=\"2151\"><strong data-start=\"2072\" data-end=\"2081\">  Talpa<\/strong><\/p>\n<p data-start=\"2069\" data-end=\"2151\">250 litr\u0173 \u27a1\ufe0f Idealiai tinka <strong data-start=\"2116\" data-end=\"2151\">ir vaikams, ir suaugusiesiems<\/strong><\/p>\n<h2 data-start=\"2158\" data-end=\"2193\">  Kur galima naudoti krep\u0161io k\u0117d\u0119?<\/h2>\n<p data-start=\"2195\" data-end=\"2272\">\u2714\ufe0f namuose<br data-start=\"2203\" data-end=\"2206\">\u2714\ufe0f terasoje ir sode<br data-start=\"2226\" data-end=\"2229\">\u2714\ufe0f dar\u017eelyje<br data-start=\"2241\" data-end=\"2244\">\u2714\ufe0f biure ir poilsio zonoje<\/p>\n<p data-start=\"2274\" data-end=\"2364\">&#8222;Chill bag&#8221; k\u0117d\u0117 si\u016blo vien\u0105 patogiausi\u0173 s\u0117d\u0117jimo pad\u0117\u010di\u0173, kokios tikit\u0117s i\u0161 k\u0117d\u0117s.<\/p>\n<hr data-start=\"2366\" data-end=\"2369\">\n<h2 data-start=\"2371\" data-end=\"2398\">  Pristatymas ir atsi\u0117mimas<\/h2>\n<p data-start=\"2400\" data-end=\"2431\">  <strong data-start=\"2403\" data-end=\"2416\">Pristatymo laikas:<\/strong> 1-4 darbo dienos<\/p>\n<p data-start=\"2433\" data-end=\"2614\">  Krep\u0161ys-k\u0117d\u0117 netelpa \u012f siunt\u0173 ma\u0161in\u0105, tod\u0117l j\u012f pristatys <strong data-start=\"2482\" data-end=\"2505\">kurjeris <\/strong> tiesiai \u012f namus ar biur\u0105.<br data-start=\"2531\" data-end=\"2534\">Prie\u0161 pristatym\u0105 kurjeris su jumis susisieks ir suderins jums patog\u0173 laik\u0105.<\/p>\n<p data-start=\"2616\" data-end=\"2760\">  Taip pat galite atvykti \u012f m\u016bs\u0173 sand\u0117l\u012f<br data-start=\"2676\" data-end=\"2679\"><strong data-start=\"2679\" data-end=\"2712\">Kanarbiku tee 15\/3, J\u00e4rvek\u00fcla<\/strong><br data-start=\"2712\" data-end=\"2715\">(i\u0161 anksto informuosime, kai produktas bus paruo\u0161tas).<\/p>\n<p data-start=\"2762\" data-end=\"2871\">\u23f0 Jei jums reikia krep\u0161io-k\u0117d\u0117s <strong data-start=\"2785\" data-end=\"2816\">konkre\u010diai datai<\/strong> (pvz., gimtadieniui), nedvejodami skambinkite:<br data-start=\"2852\" data-end=\"2855\">  <strong data-start=\"2858\" data-end=\"2871\">51 45 245<\/strong><\/p>\n<hr data-start=\"2873\" data-end=\"2876\">\n<h2 data-start=\"2878\" data-end=\"2916\">\u2b50 Kod\u0117l verta rinktis &#8222;Chill bag&#8221; k\u0117d\u0119?<\/h2>\n<p data-start=\"2918\" data-end=\"3102\">\u2714\ufe0f nesenstanti ir geriausiai parduodama krep\u0161io k\u0117d\u0117<br data-start=\"2952\" data-end=\"2955\">\u2714\ufe0f patvari ir lengvai pri\u017ei\u016brima dirbtin\u0117 oda<br data-start=\"3000\" data-end=\"3003\">\u2714\ufe0f tinkama tiek patalpose, tiek lauke<br data-start=\"3036\" data-end=\"3039\">\u2714\ufe0f 26 spalv\u0173 variantai<br data-start=\"3057\" data-end=\"3060\">\u2714\ufe0f patogi tiek vaikams, tiek suaugusiesiems.<\/p>\n<p data-start=\"3104\" data-end=\"3203\"><strong data-start=\"3104\" data-end=\"3203\">I\u0161sirinkite m\u0117gstam\u0105 atspalv\u012f ir i\u0161bandykite j\u012f patys &#8211; puikus pasis\u0117d\u0117jimas vos u\u017e rankin\u0117s k\u0117d\u0117s  <br data-start=\"3149\" data-end=\"3152\"><\/strong><\/p>\n<h2 data-start=\"159\" data-end=\"208\">\u2753 Da\u017enai u\u017eduodami klausimai &#8211; Krep\u0161ys K\u0117d\u0117 Chill<\/h2>\n<p data-start=\"210\" data-end=\"418\"><strong data-start=\"210\" data-end=\"257\">Ar &#8222;Chill bag&#8221; k\u0117d\u0117 tinka suaugusiesiems?<\/strong><br data-start=\"257\" data-end=\"260\">Taip. &#8222;Chill&#8221; krep\u0161ys ir k\u0117d\u0117 yra <strong data-start=\"284\" data-end=\"300\">250 litr\u0173 talpos<\/strong> krep\u0161ys, kuris idealiai tinka vaikams ir suaugusiesiems. D\u0117l granuli\u0173 k\u0117d\u0117 prisitaiko prie ant jos s\u0117din\u010dio \u017emogaus k\u016bno formos.  <\/p>\n<p data-start=\"420\" data-end=\"696\"><strong data-start=\"420\" data-end=\"473\">Ar krep\u0161ys ir k\u0117d\u0117 tinka ir lauke (terasoje ar sode)?<\/strong><br data-start=\"473\" data-end=\"476\">Taip. K\u0117d\u0117 &#8222;Chill bag&#8221; pagaminta i\u0161 <strong data-start=\"512\" data-end=\"556\">vandeniui atsparios ir patvarios dirbtin\u0117s odos,<\/strong> tod\u0117l tinka naudoti kieme ir sode. Ta\u010diau per stipr\u0173 liet\u0173 ir \u017eiem\u0105 rekomenduojame j\u0105 perkelti \u012f patalp\u0105.  <\/p>\n<p data-start=\"698\" data-end=\"860\"><strong data-start=\"698\" data-end=\"730\">Kaip valyti k\u0117d\u0119<\/strong><br data-start=\"730\" data-end=\"733\">K\u0117d\u0119 &#8222;Chill&#8221; labai lengva valyti &#8211; u\u017etenka <strong data-start=\"800\" data-end=\"819\">dr\u0117gnos \u0161luost\u0117s<\/strong>. Oda nesugeria ne\u0161varum\u0173 ar skys\u010di\u0173. <\/p>\n<p data-start=\"862\" data-end=\"1043\"><strong data-start=\"862\" data-end=\"908\">Ar galima prid\u0117ti mai\u0161o-k\u0117d\u0117s \u012fdaro?<\/strong><br data-start=\"908\" data-end=\"911\">Taip. Krep\u0161io k\u0117dut\u0117 turi <strong data-start=\"931\" data-end=\"945\">u\u017edarom\u0105 ang\u0105<\/strong>, per kuri\u0105 prireikus galima prid\u0117ti granuli\u0173, jei laikui b\u0117gant krep\u0161io k\u0117dut\u0117 \u0161iek tiek \u012fgriuvo.Krep\u0161io k\u0117dut\u0117s turin\u012f taip pat galima \u012fsigyti m\u016bs\u0173 el. parduotuv\u0117je \u010dia: https: <a href=\"https:\/\/stilinga24.com\/produktas\/krepsys-kedziu-uzpildas-naudojame-ivairiu-dydziu\/\">\/\/www.stiilne.ee\/toode\/kott-tooli-taide-kohe-laos\/<\/a>. <\/p>\n<p data-start=\"1045\" data-end=\"1222\"><strong data-start=\"1045\" data-end=\"1086\">Ar krep\u0161ys-k\u0117d\u0117 yra saugus ir patvarus?<\/strong><br data-start=\"1086\" data-end=\"1089\">Taip. &#8222;Chill Bag Chair&#8221; turi <strong data-start=\"1115\" data-end=\"1147\">dvigub\u0105 dugn\u0105 su dvigubu u\u017eraktu<\/strong>, tod\u0117l granul\u0117s net ir aktyviai naudojant tvirtai laikosi mai\u0161o k\u0117dut\u0117je. <\/p>\n<p data-start=\"1224\" data-end=\"1418\"><strong data-start=\"1224\" data-end=\"1265\">Kaip pristatomas krep\u0161ys-k\u0117d\u0117?<\/strong><br data-start=\"1265\" data-end=\"1268\">Krep\u0161ys-k\u0117d\u0117 pristatomas <strong data-start=\"1289\" data-end=\"1312\">per kurjer\u012f (&#8222;Venipak&#8221;)<\/strong> tiesiai \u012f j\u016bs\u0173 namus ar biur\u0105. Ji netelpa \u012f siunt\u0173 ma\u0161in\u0105. Mai\u0161\u0105 taip pat galima atsiimti i\u0161 sand\u0117lio.  <\/p>\n<p data-start=\"1420\" data-end=\"1603\"><strong data-start=\"1420\" data-end=\"1458\">Kaip greitai bus pristatytas krep\u0161ys ir k\u0117d\u0117?<\/strong><br data-start=\"1458\" data-end=\"1461\">\u012eprastas pristatymo laikas <strong data-start=\"1484\" data-end=\"1500\">&#8211; 1-4 darbo dienos.<\/strong> Jei mai\u0161o k\u0117d\u0117s reikia konkre\u010diai datai (pvz., gimtadieniui), rekomenduojame prie\u0161 u\u017esakant paskambinti mums. <\/p>\n<p>&nbsp;<\/p>\n","protected":false},"excerpt":{"rendered":"<p>&#8222;Chill bag&#8221; k\u0117d\u0117 &#8211; klasikinis ir patvarus pasirinkimas bet kokiam kambariui &#8222;Chill&#8221; krep\u0161io k\u0117d\u0117 yra viena populiariausi\u0173 ir laiko patikrint\u0173 krep\u0161io k\u0117d\u017ei\u0173. Tai tikras u\u017etikrintas favoritas, jau daugel\u012f met\u0173 i\u0161liekantis pardavim\u0173 top\u0173 vir\u0161\u016bn\u0117se.I\u0161 mink\u0161tos ir patvarios dirbtin\u0117s odos pagaminta mai\u0161o k\u0117d\u0117 puikiai tinka namams, biurui, vaik\u0173 dar\u017eeliui ar kiemui. Jei ie\u0161kote patogios, prakti\u0161kos ir lengvai [&hellip;]<\/p>\n","protected":false},"featured_media":268483,"comment_status":"open","ping_status":"closed","template":"","meta":{"_acf_changed":false},"product_brand":[],"product_cat":[414,410],"product_tag":[],"class_list":{"0":"post-268482","1":"product","2":"type-product","3":"status-publish","4":"has-post-thumbnail","6":"product_cat-vaikams","7":"product_cat-vietines-gamybos-kedes-su-maisais","8":"product_shipping_class-tarneaeg-1-4-paeva","10":"first","11":"instock","12":"sale","13":"taxable","14":"shipping-taxable","15":"purchasable","16":"product-type-variable","17":"has-default-attributes","18":"add-to-wishlist-after_add_to_cart"},"acf":[],"_links":{"self":[{"href":"https:\/\/tellimused.stiilne.ee\/lt\/wp-json\/wp\/v2\/product\/268482","targetHints":{"allow":["GET"]}}],"collection":[{"href":"https:\/\/tellimused.stiilne.ee\/lt\/wp-json\/wp\/v2\/product"}],"about":[{"href":"https:\/\/tellimused.stiilne.ee\/lt\/wp-json\/wp\/v2\/types\/product"}],"replies":[{"embeddable":true,"href":"https:\/\/tellimused.stiilne.ee\/lt\/wp-json\/wp\/v2\/comments?post=268482"}],"wp:featuredmedia":[{"embeddable":true,"href":"https:\/\/tellimused.stiilne.ee\/lt\/wp-json\/wp\/v2\/media\/268483"}],"wp:attachment":[{"href":"https:\/\/tellimused.stiilne.ee\/lt\/wp-json\/wp\/v2\/media?parent=268482"}],"wp:term":[{"taxonomy":"product_brand","embeddable":true,"href":"https:\/\/tellimused.stiilne.ee\/lt\/wp-json\/wp\/v2\/product_brand?post=268482"},{"taxonomy":"product_cat","embeddable":true,"href":"https:\/\/tellimused.stiilne.ee\/lt\/wp-json\/wp\/v2\/product_cat?post=268482"},{"taxonomy":"product_tag","embeddable":true,"href":"https:\/\/tellimused.stiilne.ee\/lt\/wp-json\/wp\/v2\/product_tag?post=268482"}],"curies":[{"name":"wp","href":"https:\/\/api.w.org\/{rel}","templated":true}]}}