{"id":268497,"date":"2026-03-12T10:37:50","date_gmt":"2026-03-12T08:37:50","guid":{"rendered":"https:\/\/tellimused.stiilne.ee\/toode\/kott-tool-chill-tumesinine-250-liitrit-kohe-laos\/"},"modified":"2026-04-07T11:10:20","modified_gmt":"2026-04-07T08:10:20","slug":"krepsys-irankis-chill-tamsiai-melynas-250-litru-naudojama","status":"publish","type":"product","link":"https:\/\/tellimused.stiilne.ee\/lt\/produktas\/krepsys-irankis-chill-tamsiai-melynas-250-litru-naudojama\/","title":{"rendered":"Krep\u0161ys-\u012frankis &#8222;Chill&#8221; tamsiai m\u0117lynas 250 litr\u0173 &#8211; NAUDOJAMA"},"content":{"rendered":"<h2 data-start=\"587\" data-end=\"653\">&#8222;Chill bag chair&#8221; &#8211; patogi ir patvari k\u0117d\u0117 bet kokiame kambaryje<\/h2>\n<p data-start=\"655\" data-end=\"924\">&#8222;<strong data-start=\"655\" data-end=\"674\">Chill&#8221;<\/strong> yra viena i\u0161 geriausiai parduodam\u0173 ir laiko patikrint\u0173 <strong data-start=\"717\" data-end=\"731\">krep\u0161i\u0173 k\u0117d\u017ei\u0173<\/strong>, suteikianti maksimal\u0173 komfort\u0105 tiek vaikams, tiek suaugusiesiems.<br data-start=\"797\" data-end=\"800\">Tai patikimas pasirinkimas, jei ie\u0161kote <strong data-start=\"831\" data-end=\"891\">patogios, patvarios ir lengvai pri\u017ei\u016brimos krep\u0161i\u0173 k\u0117d\u0117s<\/strong> namams, biurui ar kiemui.<\/p>\n<p data-start=\"926\" data-end=\"1037\">&#8222;Chill bag&#8221; k\u0117d\u0117 idealiai tinka<br \/>\nsvetainei<br data-start=\"971\" data-end=\"974\"> vaik\u0173 kambariui<br data-start=\"987\" data-end=\"990\"> biurui poilsio kambariui<br data-start=\"1011\" data-end=\"1014\"> terasai ir sodui.<\/p>\n<h2 data-start=\"1044\" data-end=\"1095\">Mink\u0161ta ir patvari oda &#8211; lengva prie\u017ei\u016bra<\/h2>\n<p data-start=\"1096\" data-end=\"1206\">&#8222;Chill bag&#8221; k\u0117d\u0117 pagaminta <strong data-start=\"1127\" data-end=\"1164\">i\u0161 auk\u0161tos kokyb\u0117s mink\u0161tos odos,<\/strong> skirta kasdieniam naudojimui.<\/p>\n<p data-start=\"1208\" data-end=\"1221\">  Sintetin\u0117 oda yra geriausias pasirinkimas, nes<\/p>\n<ul data-start=\"1222\" data-end=\"1416\">\n<li data-start=\"1222\" data-end=\"1258\">\n<p data-start=\"1224\" data-end=\"1258\">yra <strong data-start=\"1227\" data-end=\"1258\">atsparus vandeniui ir nepraleid\u017eia purvo<\/strong><\/p>\n<\/li>\n<li data-start=\"1259\" data-end=\"1302\">\n<p data-start=\"1261\" data-end=\"1302\">taip pat tinka <strong data-start=\"1270\" data-end=\"1302\">laikinai naudoti lauke (terasoje, sode)<\/strong><\/p>\n<\/li>\n<li data-start=\"1303\" data-end=\"1356\">\n<p data-start=\"1305\" data-end=\"1356\"><strong data-start=\"1308\" data-end=\"1331\">lengva valyti<\/strong> &#8211; u\u017etenka dr\u0117gnos \u0161luost\u0117s.<\/p>\n<\/li>\n<li data-start=\"1357\" data-end=\"1416\">\n<p data-start=\"1359\" data-end=\"1416\">i\u0161laiko savo form\u0105 ir i\u0161vaizd\u0105 net po ilgo naudojimo.<\/p>\n<\/li>\n<\/ul>\n<p data-start=\"1418\" data-end=\"1539\">D\u0117l elastingos med\u017eiagos <strong data-start=\"1445\" data-end=\"1487\">krep\u0161ys-k\u0117d\u0117 prisitaiko prie s\u0117din\u010diojo k\u016bno formos<\/strong> ir u\u017etikrina ypa\u010d patogi\u0105 ir atramin\u0119 s\u0117d\u0117jimo pad\u0117t\u012f.<\/p>\n<h2 data-start=\"1546\" data-end=\"1592\">  Saugus turinys ir i\u0161manus dizainas<\/h2>\n<p data-start=\"1593\" data-end=\"1719\">&#8222;Chill Bag Chair&#8221; turi <strong data-start=\"1614\" data-end=\"1646\">dvigub\u0105 dugn\u0105 su dvigubu u\u017eraktu<\/strong>, kuris net aktyviai naudojant krep\u0161\u012f tvirtai i\u0161laiko jo u\u017epild\u0105.<\/p>\n<p data-start=\"1721\" data-end=\"1769\">  U\u017epild\u0105 sudaro polistireninio putplas\u010dio granul\u0117s, kurios.<\/p>\n<ul data-start=\"1770\" data-end=\"1897\">\n<li data-start=\"1770\" data-end=\"1795\">\n<p data-start=\"1772\" data-end=\"1795\">prisitaikyti prie s\u0117din\u010dio asmens laikysenos.<\/p>\n<\/li>\n<li data-start=\"1796\" data-end=\"1847\">\n<p data-start=\"1798\" data-end=\"1847\">teikti ger\u0105 param\u0105 ir vaikams, ir suaugusiesiems.<\/p>\n<\/li>\n<li data-start=\"1848\" data-end=\"1897\">\n<p data-start=\"1850\" data-end=\"1897\">jei reikia, galima \u012fpilti <strong data-start=\"1880\" data-end=\"1897\">daugiau<\/strong> u\u017epildo.<\/p>\n<\/li>\n<\/ul>\n<p data-start=\"1899\" data-end=\"1964\">  Krep\u0161io-k\u0117d\u0117s u\u017epild\u0105 taip pat galite \u012fsigyti atskirai m\u016bs\u0173 el. parduotuv\u0117je \u010dia <a href=\"https:\/\/stilinga24.com\/produktas\/krepsys-kedziu-uzpildas-naudojame-ivairiu-dydziu\/\">https:\/\/www.stiilne.ee\/toode\/kott-tooli-taide-kohe-laos\/<\/a>.<\/p>\n<h2 data-start=\"1971\" data-end=\"2020\">  26 spalvos &#8211; krep\u0161ys-k\u0117d\u0117 kiekvienam interjerui<\/h2>\n<p data-start=\"2021\" data-end=\"2137\">&#8222;Chill bag&#8221; k\u0117d\u0119 galima rinktis i\u0161 <strong data-start=\"2049\" data-end=\"2086\">26 skirting\u0173 dirbtin\u0117s odos spalv\u0173<\/strong> &#8211; nuo neutrali\u0173 iki ry\u0161ki\u0173.<\/p>\n<p data-start=\"2139\" data-end=\"2155\">Tegul tikslas b\u016bna<\/p>\n<ul data-start=\"2156\" data-end=\"2232\">\n<li data-start=\"2156\" data-end=\"2188\">\n<p data-start=\"2158\" data-end=\"2188\">ram\u016bs skandinavi\u0161ki namai<\/p>\n<\/li>\n<li data-start=\"2189\" data-end=\"2212\">\n<p data-start=\"2191\" data-end=\"2212\">spalvingas vaik\u0173 kambarys<\/p>\n<\/li>\n<li data-start=\"2213\" data-end=\"2232\">\n<p data-start=\"2215\" data-end=\"2232\">stilingas biuras<\/p>\n<\/li>\n<\/ul>\n<p data-start=\"2234\" data-end=\"2286\">  Visas spalvas galite rasti produkto puslapyje esan\u010diose papildomose nuotraukose.<\/p>\n<h2 data-start=\"2293\" data-end=\"2316\">Matmenys ir tinkamumas<\/h2>\n<ul data-start=\"2329\" data-end=\"2383\">\n<li data-start=\"2329\" data-end=\"2347\">\n<p data-start=\"2331\" data-end=\"2347\"><strong>Auk\u0161tis: 110 cm<\/strong><\/p>\n<\/li>\n<li data-start=\"2348\" data-end=\"2364\">\n<p data-start=\"2350\" data-end=\"2364\"><strong>Plotis: 85 cm<\/strong><\/p>\n<\/li>\n<li data-start=\"2365\" data-end=\"2383\">\n<p data-start=\"2367\" data-end=\"2383\"><strong>Gylis: 85 cm<\/strong><\/p>\n<\/li>\n<\/ul>\n<p data-start=\"2385\" data-end=\"2408\"><strong>250 litr\u0173 talpa &#8211; 250 litr\u0173 talpa puikiai tinka ir suaugusiesiems, ir vaikams.<\/strong><\/p>\n<h2 data-start=\"2542\" data-end=\"2570\">  Pristatymas ir surinkimas<\/h2>\n<p data-start=\"2571\" data-end=\"2600\">  Pristatymo laikas: <strong data-start=\"2584\" data-end=\"2600\">1-4 darbo dienos<\/strong><\/p>\n<ul data-start=\"2602\" data-end=\"2744\">\n<li data-start=\"2602\" data-end=\"2637\">\n<p data-start=\"2604\" data-end=\"2637\">Krep\u0161io k\u0117d\u0117 netelpa \u012f siunt\u0173 ma\u0161in\u0105<\/p>\n<\/li>\n<li data-start=\"2638\" data-end=\"2696\">\n<p data-start=\"2640\" data-end=\"2696\"><strong data-start=\"2658\" data-end=\"2696\">Kurjeris<\/strong> pristato <strong data-start=\"2658\" data-end=\"2696\">tiesiai \u012f namus ar biur\u0105<\/strong>.<\/p>\n<\/li>\n<li data-start=\"2697\" data-end=\"2744\">\n<p data-start=\"2699\" data-end=\"2744\">Kurjeris susisieks su jumis ir susitars d\u0117l pristatymo laiko ir datos.<\/p>\n<\/li>\n<\/ul>\n<p data-start=\"2746\" data-end=\"2866\">Jei norite, taip pat galite <strong data-start=\"2770\" data-end=\"2790\">atvykti ir pasiimti<\/strong> k\u0117d\u0119 <strong data-start=\"2770\" data-end=\"2790\">patys<\/strong>:<br data-start=\"2791\" data-end=\"2794\">Kanarbiku tee 15\/3, J\u00e4rvek\u00fcla<br data-start=\"2823\" data-end=\"2826\">(i\u0161 anksto informuosime, kai gaminys bus paruo\u0161tas).<\/p>\n<p data-start=\"2868\" data-end=\"2925\">  Jei reikia skubios pagalbos, pvz., gimtadienio proga arba t\u0105 pa\u010di\u0105 dien\u0105, i\u0161 anksto skambinkite telefonu <strong data-start=\"2912\" data-end=\"2925\">51 45 245<\/strong>.<\/p>\n<h2 data-start=\"2932\" data-end=\"2970\">Kod\u0117l verta rinktis &#8222;Chill&#8221; krep\u0161\u012f ir k\u0117d\u0119?<\/h2>\n<p data-start=\"2971\" data-end=\"3138\">  geriausiai parduodama k\u0117d\u0117<br data-start=\"3001\" data-end=\"3004\"> patvari ir mink\u0161ta dirbtin\u0117 oda, kuri\u0105 lengva pri\u017ei\u016br\u0117ti ir valyti<br data-start=\"3036\" data-end=\"3039\"> tinka tiek patalpose, tiek lauke<br data-start=\"3072\" data-end=\"3075\"> 26 spalv\u0173 variantai<br data-start=\"3093\" data-end=\"3096\"> patogi ir vaikams, ir suaugusiesiems.<\/p>\n<p data-start=\"3140\" data-end=\"3215\"> <strong data-start=\"3143\" data-end=\"3215\">Pasirinkite m\u0117gstam\u0105 atspalv\u012f ir m\u0117gaukit\u0117s tikru komfortu &#8211; krep\u0161io k\u0117d\u0117 su &#8222;Chilliga<\/strong><\/p>\n<h2 data-start=\"3222\" data-end=\"3271\">Da\u017enai u\u017eduodami klausimai &#8211; Krep\u0161ys K\u0117d\u0117 Chill<\/h2>\n<p data-start=\"3273\" data-end=\"3412\"><strong data-start=\"3273\" data-end=\"3320\">Ar &#8222;Chill bag&#8221; k\u0117d\u0117 tinka suaugusiesiems?<\/strong><br data-start=\"3320\" data-end=\"3323\">Taip. 250 litr\u0173 talpos mai\u0161in\u0117 k\u0117d\u0117 labai tinka suaugusiesiems ir vaikams ir prisitaiko prie j\u016bs\u0173 k\u016bno. <\/p>\n<p data-start=\"3414\" data-end=\"3564\"><strong data-start=\"3414\" data-end=\"3442\">Ar mai\u0161o k\u0117d\u0117 tinkama naudoti lauke?<\/strong><br data-start=\"3442\" data-end=\"3445\">Taip, dirbtin\u0117 oda yra atspari vandeniui ir tinka terasoms bei sodams. Ta\u010diau per stipr\u0173 liet\u0173 ir \u017eiem\u0105 rekomenduojame j\u0105 \u012fne\u0161ti \u012f patalp\u0105. <\/p>\n<p data-start=\"3566\" data-end=\"3679\"><strong data-start=\"3566\" data-end=\"3598\">Kaip i\u0161valyti mai\u0161in\u0119 k\u0117d\u0119?<\/strong><br data-start=\"3598\" data-end=\"3601\">Valyti u\u017etenka dr\u0117gnos \u0161luost\u0117s &#8211; oda nesugeria purvo ar skys\u010di\u0173.<\/p>\n<p data-start=\"3681\" data-end=\"3790\"><strong data-start=\"3681\" data-end=\"3716\">Ar galima prid\u0117ti \u012fdaro?<\/strong><br data-start=\"3716\" data-end=\"3719\">Taip. Krep\u0161ys-k\u0117d\u0117 turi ang\u0105 su u\u017eraktu, o prireikus galima prid\u0117ti u\u017epild\u0105, kur\u012f taip pat galima \u012fsigyti m\u016bs\u0173 el. parduotuv\u0117je \u010dia <a href=\"https:\/\/stilinga24.com\/produktas\/krepsys-kedziu-uzpildas-naudojame-ivairiu-dydziu\/\">https:\/\/www.stiilne.ee\/toode\/kott-tooli-taide-kohe-laos\/<\/a>. <\/p>\n<p data-start=\"3792\" data-end=\"3904\"><strong data-start=\"3792\" data-end=\"3833\">Kaip bus pristatytas krep\u0161ys ir k\u0117d\u0117?<\/strong><br data-start=\"3833\" data-end=\"3836\">Pristatoma tiesiai \u012f namus ar biur\u0105. Siunt\u0173 ma\u0161inoje netelpa krep\u0161ys ir k\u0117d\u0117. <\/p>\n<p><strong>I\u0161sirinkite m\u0117gstam\u0105 k\u0117d\u0117s-mai\u0161o atspalv\u012f ir i\u0161bandykite j\u012f patys &#8211; iki s\u0117d\u0117jimo tr\u016bksta tik vienos k\u0117d\u0117s-mai\u0161o:)<\/strong><\/p>\n<p>&nbsp;<\/p>\n<p>&nbsp;<\/p>\n","protected":false},"excerpt":{"rendered":"<p>&#8222;Chill bag chair&#8221; &#8211; patogi ir patvari k\u0117d\u0117 bet kokiame kambaryje &#8222;Chill&#8221; yra viena i\u0161 geriausiai parduodam\u0173 ir laiko patikrint\u0173 krep\u0161i\u0173 k\u0117d\u017ei\u0173, suteikianti maksimal\u0173 komfort\u0105 tiek vaikams, tiek suaugusiesiems.Tai patikimas pasirinkimas, jei ie\u0161kote patogios, patvarios ir lengvai pri\u017ei\u016brimos krep\u0161i\u0173 k\u0117d\u0117s namams, biurui ar kiemui. &#8222;Chill bag&#8221; k\u0117d\u0117 idealiai tinka svetainei vaik\u0173 kambariui biurui poilsio kambariui [&hellip;]<\/p>\n","protected":false},"featured_media":268498,"comment_status":"open","ping_status":"closed","template":"","meta":{"_acf_changed":false},"product_brand":[],"product_cat":[414,410],"product_tag":[],"class_list":{"0":"post-268497","1":"product","2":"type-product","3":"status-publish","4":"has-post-thumbnail","6":"product_cat-vaikams","7":"product_cat-vietines-gamybos-kedes-su-maisais","8":"product_shipping_class-tarneaeg-1-4-paeva","10":"first","11":"instock","12":"sale","13":"taxable","14":"shipping-taxable","15":"purchasable","16":"product-type-variable","17":"has-default-attributes","18":"add-to-wishlist-after_add_to_cart"},"acf":[],"_links":{"self":[{"href":"https:\/\/tellimused.stiilne.ee\/lt\/wp-json\/wp\/v2\/product\/268497","targetHints":{"allow":["GET"]}}],"collection":[{"href":"https:\/\/tellimused.stiilne.ee\/lt\/wp-json\/wp\/v2\/product"}],"about":[{"href":"https:\/\/tellimused.stiilne.ee\/lt\/wp-json\/wp\/v2\/types\/product"}],"replies":[{"embeddable":true,"href":"https:\/\/tellimused.stiilne.ee\/lt\/wp-json\/wp\/v2\/comments?post=268497"}],"wp:featuredmedia":[{"embeddable":true,"href":"https:\/\/tellimused.stiilne.ee\/lt\/wp-json\/wp\/v2\/media\/268498"}],"wp:attachment":[{"href":"https:\/\/tellimused.stiilne.ee\/lt\/wp-json\/wp\/v2\/media?parent=268497"}],"wp:term":[{"taxonomy":"product_brand","embeddable":true,"href":"https:\/\/tellimused.stiilne.ee\/lt\/wp-json\/wp\/v2\/product_brand?post=268497"},{"taxonomy":"product_cat","embeddable":true,"href":"https:\/\/tellimused.stiilne.ee\/lt\/wp-json\/wp\/v2\/product_cat?post=268497"},{"taxonomy":"product_tag","embeddable":true,"href":"https:\/\/tellimused.stiilne.ee\/lt\/wp-json\/wp\/v2\/product_tag?post=268497"}],"curies":[{"name":"wp","href":"https:\/\/api.w.org\/{rel}","templated":true}]}}