{"id":268527,"date":"2026-03-12T10:36:33","date_gmt":"2026-03-12T08:36:33","guid":{"rendered":"https:\/\/tellimused.stiilne.ee\/toode\/huppa-sooja-voodriga-helehallid-naiste-nuti-kindad-etta-kohe-laos\/"},"modified":"2026-04-07T11:10:20","modified_gmt":"2026-04-07T08:10:20","slug":"huppa-sviesiai-pilkos-moteriskos-megztos-pirstines-su-siltu-pamusalu-etta-kohe","status":"publish","type":"product","link":"https:\/\/tellimused.stiilne.ee\/lt\/produktas\/huppa-sviesiai-pilkos-moteriskos-megztos-pirstines-su-siltu-pamusalu-etta-kohe\/","title":{"rendered":"HUPPA \u0161viesiai pilkos moteri\u0161kos megztos pir\u0161tin\u0117s su \u0161iltu pamu\u0161alu Etta-KOHE"},"content":{"rendered":"<p>&nbsp;<\/p>\n<p>Pir\u0161tini\u0173 vidin\u0117 pus\u0117 turi malon\u0173 mink\u0161t\u0105 pamu\u0161al\u0105.<\/p>\n<p>Geros \u0161iltos pir\u0161tin\u0117s rudens-\u017eiemos sezonui.<\/p>\n<p>Pir\u0161tin\u0117s jau sand\u0117lyje &#8211; pristatymas per kelias dienas.<\/p>\n","protected":false},"excerpt":{"rendered":"<p>&nbsp; Pir\u0161tini\u0173 vidin\u0117 pus\u0117 turi malon\u0173 mink\u0161t\u0105 pamu\u0161al\u0105. Geros \u0161iltos pir\u0161tin\u0117s rudens-\u017eiemos sezonui. Pir\u0161tin\u0117s jau sand\u0117lyje &#8211; pristatymas per kelias dienas.<\/p>\n","protected":false},"featured_media":268528,"comment_status":"open","ping_status":"closed","template":"","meta":{"_acf_changed":false},"product_brand":[],"product_cat":[319,264],"product_tag":[],"class_list":{"0":"post-268527","1":"product","2":"type-product","3":"status-publish","4":"has-post-thumbnail","6":"product_cat-dovanos-moterims","7":"product_cat-kepures-pirstines-salikai","8":"product_shipping_class-tarneaeg-1-4-paeva","10":"first","11":"instock","12":"taxable","13":"shipping-taxable","14":"purchasable","15":"product-type-variable","16":"has-default-attributes","17":"add-to-wishlist-after_add_to_cart"},"acf":[],"_links":{"self":[{"href":"https:\/\/tellimused.stiilne.ee\/lt\/wp-json\/wp\/v2\/product\/268527","targetHints":{"allow":["GET"]}}],"collection":[{"href":"https:\/\/tellimused.stiilne.ee\/lt\/wp-json\/wp\/v2\/product"}],"about":[{"href":"https:\/\/tellimused.stiilne.ee\/lt\/wp-json\/wp\/v2\/types\/product"}],"replies":[{"embeddable":true,"href":"https:\/\/tellimused.stiilne.ee\/lt\/wp-json\/wp\/v2\/comments?post=268527"}],"wp:featuredmedia":[{"embeddable":true,"href":"https:\/\/tellimused.stiilne.ee\/lt\/wp-json\/wp\/v2\/media\/268528"}],"wp:attachment":[{"href":"https:\/\/tellimused.stiilne.ee\/lt\/wp-json\/wp\/v2\/media?parent=268527"}],"wp:term":[{"taxonomy":"product_brand","embeddable":true,"href":"https:\/\/tellimused.stiilne.ee\/lt\/wp-json\/wp\/v2\/product_brand?post=268527"},{"taxonomy":"product_cat","embeddable":true,"href":"https:\/\/tellimused.stiilne.ee\/lt\/wp-json\/wp\/v2\/product_cat?post=268527"},{"taxonomy":"product_tag","embeddable":true,"href":"https:\/\/tellimused.stiilne.ee\/lt\/wp-json\/wp\/v2\/product_tag?post=268527"}],"curies":[{"name":"wp","href":"https:\/\/api.w.org\/{rel}","templated":true}]}}