{"id":268545,"date":"2026-03-12T10:36:32","date_gmt":"2026-03-12T08:36:32","guid":{"rendered":"https:\/\/tellimused.stiilne.ee\/toode\/huppa-sooja-voodriga-tumehallid-naiste-nutikindad-etta-kohe-laos-klientide-lemmik\/"},"modified":"2026-04-07T11:10:21","modified_gmt":"2026-04-07T08:10:21","slug":"huppa-tamsiai-pilkos-spalvos-moteriskos-pirstines-su-siltu-pamusalu-etta-kohe-shop-client-collection","status":"publish","type":"product","link":"https:\/\/tellimused.stiilne.ee\/lt\/produktas\/huppa-tamsiai-pilkos-spalvos-moteriskos-pirstines-su-siltu-pamusalu-etta-kohe-shop-client-collection\/","title":{"rendered":"HUPPA tamsiai pilkos spalvos moteri\u0161kos pir\u0161tin\u0117s su \u0161iltu pamu\u0161alu Etta-KOHE SHOP-CLIENT COLLECTION"},"content":{"rendered":"<h2 data-start=\"150\" data-end=\"227\"><strong data-start=\"153\" data-end=\"227\">\u0160iltos vilnos mi\u0161inio pir\u0161tin\u0117s su lietimui jautriais pir\u0161t\u0173 galiukais  <\/strong><\/h2>\n<p data-start=\"229\" data-end=\"403\">Mink\u0161tos ir \u0161iltos moteri\u0161kos pir\u0161tin\u0117s rudens-\u017eiemos sezonui. Puikiai tinka kasdieniam d\u0117v\u0117jimui, kai norite, kad rankos b\u016bt\u0173 \u0161iltos ir patogiai naudot\u0173si i\u0161maniaisiais prietaisais. <\/p>\n<hr data-start=\"405\" data-end=\"408\">\n<h2 data-start=\"410\" data-end=\"467\"><strong data-start=\"413\" data-end=\"467\">Mink\u0161tos ir patogios pir\u0161tin\u0117s v\u0117sesniam orui<\/strong><\/h2>\n<p data-start=\"469\" data-end=\"682\">\u0160ios <strong data-start=\"474\" data-end=\"513\">vilnos mi\u0161inio mezgimo pir\u0161tin\u0117s<\/strong> turi jauk\u0173 kailio pamu\u0161al\u0105 viduje, kad rankos b\u016bt\u0173 \u0161iltos, o d\u0117vint b\u016bt\u0173 itin mink\u0161tos. Puikiai tinka pereinamajam sezonui i\u0161 rudens \u012f \u017eiem\u0105. <\/p>\n<h2 data-start=\"469\" data-end=\"682\"><strong data-start=\"790\" data-end=\"843\">Lietimui jautrios pir\u0161tin\u0117s, skirtos naudoti i\u0161maniuosius prietaisus<\/strong><\/h2>\n<p data-start=\"469\" data-end=\"682\">Nyk\u0161tys ir rodomasis pir\u0161tas turi <strong data-start=\"873\" data-end=\"902\">lietimui jautrius pir\u0161t\u0173 galiukus<\/strong>, tod\u0117l galite naudotis telefonu ar plan\u0161etiniu kompiuteriu nenusiimdami pir\u0161tini\u0173. Prakti\u0161kas sprendimas, kaip greitai bendrauti \u0161altu oru. <\/p>\n<h2 data-start=\"469\" data-end=\"682\"><strong data-start=\"1042\" data-end=\"1090\">Klasikin\u0117 pilka spalva &#8211; lengva priderinti<\/strong><\/h2>\n<ul data-start=\"684\" data-end=\"780\">\n<li data-start=\"733\" data-end=\"780\">\n<p data-start=\"735\" data-end=\"780\">\n<\/li>\n<\/ul>\n<p data-start=\"1092\" data-end=\"1254\">Pilkas atspalvis yra nesenstantis ir prakti\u0161kas, lengvai derinamas prie \u012fvairi\u0173 spalv\u0173 \u0161vark\u0173 <strong data-start=\"1160\" data-end=\"1184\">ir palt\u0173<\/strong>. Tai geras pasirinkimas kasdienai mieste ir \u012f darb\u0105. <\/p>\n<hr data-start=\"1256\" data-end=\"1259\">\n<h2 data-start=\"1261\" data-end=\"1302\"><strong data-start=\"1264\" data-end=\"1302\">Greitas pristatymas &#8211; i\u0161 karto sand\u0117lyje<\/strong><\/h2>\n<p data-start=\"1304\" data-end=\"1417\">Pir\u0161tin\u0117s i\u0161 <strong data-start=\"1314\" data-end=\"1334\">karto yra sand\u0117lyje<\/strong>, o pristatymas u\u017etrunka vos <strong data-start=\"1357\" data-end=\"1371\">kelias dienas<\/strong>. Geras pasirinkimas, jei jums greitai reikia \u0161ilt\u0173 pir\u0161tini\u0173. <\/p>\n","protected":false},"excerpt":{"rendered":"<p>\u0160iltos vilnos mi\u0161inio pir\u0161tin\u0117s su lietimui jautriais pir\u0161t\u0173 galiukais Mink\u0161tos ir \u0161iltos moteri\u0161kos pir\u0161tin\u0117s rudens-\u017eiemos sezonui. Puikiai tinka kasdieniam d\u0117v\u0117jimui, kai norite, kad rankos b\u016bt\u0173 \u0161iltos ir patogiai naudot\u0173si i\u0161maniaisiais prietaisais. Mink\u0161tos ir patogios pir\u0161tin\u0117s v\u0117sesniam orui \u0160ios vilnos mi\u0161inio mezgimo pir\u0161tin\u0117s turi jauk\u0173 kailio pamu\u0161al\u0105 viduje, kad rankos b\u016bt\u0173 \u0161iltos, o d\u0117vint b\u016bt\u0173 itin [&hellip;]<\/p>\n","protected":false},"featured_media":268546,"comment_status":"open","ping_status":"closed","template":"","meta":{"_acf_changed":false},"product_brand":[],"product_cat":[319,264],"product_tag":[],"class_list":{"0":"post-268545","1":"product","2":"type-product","3":"status-publish","4":"has-post-thumbnail","6":"product_cat-dovanos-moterims","7":"product_cat-kepures-pirstines-salikai","8":"product_shipping_class-tarneaeg-1-4-paeva","10":"first","11":"instock","12":"taxable","13":"shipping-taxable","14":"purchasable","15":"product-type-variable","16":"has-default-attributes","17":"add-to-wishlist-after_add_to_cart"},"acf":[],"_links":{"self":[{"href":"https:\/\/tellimused.stiilne.ee\/lt\/wp-json\/wp\/v2\/product\/268545","targetHints":{"allow":["GET"]}}],"collection":[{"href":"https:\/\/tellimused.stiilne.ee\/lt\/wp-json\/wp\/v2\/product"}],"about":[{"href":"https:\/\/tellimused.stiilne.ee\/lt\/wp-json\/wp\/v2\/types\/product"}],"replies":[{"embeddable":true,"href":"https:\/\/tellimused.stiilne.ee\/lt\/wp-json\/wp\/v2\/comments?post=268545"}],"wp:featuredmedia":[{"embeddable":true,"href":"https:\/\/tellimused.stiilne.ee\/lt\/wp-json\/wp\/v2\/media\/268546"}],"wp:attachment":[{"href":"https:\/\/tellimused.stiilne.ee\/lt\/wp-json\/wp\/v2\/media?parent=268545"}],"wp:term":[{"taxonomy":"product_brand","embeddable":true,"href":"https:\/\/tellimused.stiilne.ee\/lt\/wp-json\/wp\/v2\/product_brand?post=268545"},{"taxonomy":"product_cat","embeddable":true,"href":"https:\/\/tellimused.stiilne.ee\/lt\/wp-json\/wp\/v2\/product_cat?post=268545"},{"taxonomy":"product_tag","embeddable":true,"href":"https:\/\/tellimused.stiilne.ee\/lt\/wp-json\/wp\/v2\/product_tag?post=268545"}],"curies":[{"name":"wp","href":"https:\/\/api.w.org\/{rel}","templated":true}]}}