{"id":268556,"date":"2026-03-12T10:36:32","date_gmt":"2026-03-12T08:36:32","guid":{"rendered":"https:\/\/tellimused.stiilne.ee\/toode\/tiina-mutsid-puuvillasest-longast-kasitoo-muts-petroolsinine\/"},"modified":"2026-04-07T11:10:21","modified_gmt":"2026-04-07T08:10:21","slug":"tiina-mutsid-ranku-darbo-skrybele-is-medvilniniu-siulu-benzino-melyna","status":"publish","type":"product","link":"https:\/\/tellimused.stiilne.ee\/lt\/produktas\/tiina-mutsid-ranku-darbo-skrybele-is-medvilniniu-siulu-benzino-melyna\/","title":{"rendered":"TIINA M\u00dcTSID rank\u0173 darbo skryb\u0117l\u0117 i\u0161 medvilnini\u0173 si\u016bl\u0173 benzino m\u0117lyna"},"content":{"rendered":"<p>\u0160i stilinga kepur\u0117, rank\u0173 darbo Estijoje pagaminta i\u0161 mink\u0161tos medviln\u0117s med\u017eiagos, tinka d\u0117v\u0117ti visus metus ruden\u012f, \u017eiem\u0105, pavasar\u012f ir \u0161altu vasaros oru<\/p>\n<p>Kepur\u0117 pagaminta i\u0161 mink\u0161tos medviln\u0117s med\u017eiagos &#8211; neprakaituoja ir neskauda, o galva i\u0161lieka \u0161ilta<\/p>\n<p>Kepur\u0117 \u0161iuo metu yra sand\u0117lyje &#8211; pristatymo laikas 1-4 dienos.<\/p>\n","protected":false},"excerpt":{"rendered":"<p>\u0160i stilinga kepur\u0117, rank\u0173 darbo Estijoje pagaminta i\u0161 mink\u0161tos medviln\u0117s med\u017eiagos, tinka d\u0117v\u0117ti visus metus ruden\u012f, \u017eiem\u0105, pavasar\u012f ir \u0161altu vasaros oru Kepur\u0117 pagaminta i\u0161 mink\u0161tos medviln\u0117s med\u017eiagos &#8211; neprakaituoja ir neskauda, o galva i\u0161lieka \u0161ilta Kepur\u0117 \u0161iuo metu yra sand\u0117lyje &#8211; pristatymo laikas 1-4 dienos.<\/p>\n","protected":false},"featured_media":268557,"comment_status":"open","ping_status":"closed","template":"","meta":{"_acf_changed":false},"product_brand":[],"product_cat":[264],"product_tag":[],"class_list":{"0":"post-268556","1":"product","2":"type-product","3":"status-publish","4":"has-post-thumbnail","6":"product_cat-kepures-pirstines-salikai","7":"product_shipping_class-tarneaeg-1-4-paeva","9":"first","10":"instock","11":"taxable","12":"shipping-taxable","13":"product-type-variable","14":"has-default-attributes","15":"add-to-wishlist-after_add_to_cart"},"acf":[],"_links":{"self":[{"href":"https:\/\/tellimused.stiilne.ee\/lt\/wp-json\/wp\/v2\/product\/268556","targetHints":{"allow":["GET"]}}],"collection":[{"href":"https:\/\/tellimused.stiilne.ee\/lt\/wp-json\/wp\/v2\/product"}],"about":[{"href":"https:\/\/tellimused.stiilne.ee\/lt\/wp-json\/wp\/v2\/types\/product"}],"replies":[{"embeddable":true,"href":"https:\/\/tellimused.stiilne.ee\/lt\/wp-json\/wp\/v2\/comments?post=268556"}],"wp:featuredmedia":[{"embeddable":true,"href":"https:\/\/tellimused.stiilne.ee\/lt\/wp-json\/wp\/v2\/media\/268557"}],"wp:attachment":[{"href":"https:\/\/tellimused.stiilne.ee\/lt\/wp-json\/wp\/v2\/media?parent=268556"}],"wp:term":[{"taxonomy":"product_brand","embeddable":true,"href":"https:\/\/tellimused.stiilne.ee\/lt\/wp-json\/wp\/v2\/product_brand?post=268556"},{"taxonomy":"product_cat","embeddable":true,"href":"https:\/\/tellimused.stiilne.ee\/lt\/wp-json\/wp\/v2\/product_cat?post=268556"},{"taxonomy":"product_tag","embeddable":true,"href":"https:\/\/tellimused.stiilne.ee\/lt\/wp-json\/wp\/v2\/product_tag?post=268556"}],"curies":[{"name":"wp","href":"https:\/\/api.w.org\/{rel}","templated":true}]}}