{"id":268559,"date":"2026-03-12T10:34:09","date_gmt":"2026-03-12T08:34:09","guid":{"rendered":"https:\/\/tellimused.stiilne.ee\/toode\/huppa-tudrukute-talveparka-vivian-bordoolilla-kunstkarvaga-200-gr-soojustusega-vihma-ja-tuulekindel-kohe-laos-super-hind\/"},"modified":"2026-04-07T11:10:35","modified_gmt":"2026-04-07T08:10:35","slug":"huppa-mergaiciu-ziemine-striuke-vivian-su-bordiura-architecture-200-gr-apsiltinta-atspari-vejui-ir-lietui-isparduoti-sandelyje-nemokama-kaina","status":"publish","type":"product","link":"https:\/\/tellimused.stiilne.ee\/lt\/produktas\/huppa-mergaiciu-ziemine-striuke-vivian-su-bordiura-architecture-200-gr-apsiltinta-atspari-vejui-ir-lietui-isparduoti-sandelyje-nemokama-kaina\/","title":{"rendered":"HUPPA mergai\u010di\u0173 \u017eiemin\u0117 striuk\u0117 Vivian su bordi\u016bra ARCHITECTURE 200 gr ap\u0161iltinta, atspari v\u0117jui ir lietui &#8211; I\u0160PARDUOTI sand\u0117lyje &#8211; NEMOKAMA KAINA"},"content":{"rendered":"<p>&nbsp;<\/p>\n<p>Huppa Mergai\u010di\u0173 \u017eiemin\u0117 striuk\u0117 Vivian Vivian charakteristikos<\/p>\n<ul>\n<li>100% atsparus v\u0117jui ir vandeniui<\/li>\n<li>Visos si\u016bl\u0117s u\u017eklijuotos, kad b\u016bt\u0173 u\u017etikrinta hidroizoliacija<\/li>\n<li>K\u016bno apdorojimo pj\u016bvis<\/li>\n<li>Reguliuojama centrin\u0117 dalis su \u012ftempimo ranken\u0117le<\/li>\n<li>Dviej\u0173 kryp\u010di\u0173 priekinis u\u017eraktas su stogo vyriais, \u0161ak\u0117mis ir u\u017erakto apsauga<\/li>\n<li>Nuimamas, reguliuojamas gobtuvas su nuimamu dirbtinio kailio apvadu<\/li>\n<li>\u0160onin\u0117s ki\u0161en\u0117s su u\u017eraktais ir atvartais, vidin\u0117 ki\u0161en\u0117 su u\u017etrauktuku<\/li>\n<li>Vidiniai rankogaliai ir u\u017etrauktukas rankovi\u0173 galuose<\/li>\n<li>Vidin\u0117 gobtuvo ir nugaros pus\u0117 padengta kailio pamu\u0161alu<\/li>\n<li>Informacija apie reflektori\u0173<\/li>\n<li>Med\u017eiaga 100% poliesteris<\/li>\n<li>Ap\u0161iltinta 200 g medvilnin\u0117s vilnos kr\u016btin\u0117 su avies vilnos imitacijos pamu\u0161alu aplink kr\u016btin\u0119<\/li>\n<li>Kv\u0117puojamumas 10 000 g\/m\u00b2, atsparumas vandeniui 10 000 mm<\/li>\n<\/ul>\n<p>&nbsp;<\/p>\n<p>Gra\u017ei \u0161ilta ir oro s\u0105lygoms atspari \u017eiemin\u0117 striuk\u0117 mergait\u0117ms rudens-\u017eiemos sezonui.Striuk\u0117 atspari v\u0117jui ir vandeniui, o orui pralaidus i\u0161orinis audinys pasi\u017eymi geriausiomis technin\u0117mis savyb\u0117mis. Mink\u0161tas, kailinis \u0117riuko vilnos pamu\u0161alas aplink kr\u016btin\u0119 yra jaukus ir \u0161iltas. mink\u0161ta ir patogi. D\u0117l parakin\u0117s rankovi\u0173 vidini\u0173 rankogali\u0173 su briaunel\u0117mis ir u\u017eklijuot\u0173 si\u016bli\u0173 vaikui bus \u0161ilta ir sausa net \u017eaid\u017eiant ir aktyviai sportuojant. Kad tamsoje b\u016bt\u0173 geriau matoma, parka turi \u0161vies\u0105 atspindin\u010dias detales priekyje, nugaroje ir ant rankovi\u0173. Gaubto dirbtinio kailio apdaila u\u017esegama sagtimi ir lengvai nuimama. Priekin\u0117 ki\u0161en\u0117 ir rankov\u0117s u\u017esegamos u\u017etrauktuku, o liemuo reguliuojamas i\u0161 vidin\u0117s nugaros pus\u0117s. Dvi erdvios pagrindin\u0117s ki\u0161en\u0117s turi atvartus, kurie u\u017esegami magnetiniais u\u017etrauktukais. Taip pat parako viduje yra u\u017etrauktuku u\u017esegama ki\u0161en\u0117 telefonui ar kitiems smulkiems daiktams laikyti. Parka turi dvigub\u0105 atidarom\u0105 priekin\u012f u\u017erakt\u0105, tod\u0117l s\u0117d\u0117ti parkoje yra patogiau. Stilinga ir \u0161ilta parka \u017eiemos sezonui.         <\/p>\n<p>NB!&#8221;Huppa&#8221; vaiki\u0161kos \u017eiemin\u0117s striuk\u0117s pagamintos atsi\u017evelgiant \u012f augim\u0105 &#8211; dyd\u017eiai yra \u0161iek tiek didesni nei \u012fprastai.<\/p>\n<p>&#8222;Huppa&#8221; vaik\u0173 matmen\u0173 lentel\u0119 rasite kaip lentel\u0119 po papildomomis nuotraukomis.<\/p>\n","protected":false},"excerpt":{"rendered":"<p>&nbsp; Huppa Mergai\u010di\u0173 \u017eiemin\u0117 striuk\u0117 Vivian Vivian charakteristikos 100% atsparus v\u0117jui ir vandeniui Visos si\u016bl\u0117s u\u017eklijuotos, kad b\u016bt\u0173 u\u017etikrinta hidroizoliacija K\u016bno apdorojimo pj\u016bvis Reguliuojama centrin\u0117 dalis su \u012ftempimo ranken\u0117le Dviej\u0173 kryp\u010di\u0173 priekinis u\u017eraktas su stogo vyriais, \u0161ak\u0117mis ir u\u017erakto apsauga Nuimamas, reguliuojamas gobtuvas su nuimamu dirbtinio kailio apvadu \u0160onin\u0117s ki\u0161en\u0117s su u\u017eraktais ir atvartais, vidin\u0117 [&hellip;]<\/p>\n","protected":false},"featured_media":268560,"comment_status":"open","ping_status":"closed","template":"","meta":{"_acf_changed":false},"product_brand":[],"product_cat":[310],"product_tag":[],"class_list":{"0":"post-268559","1":"product","2":"type-product","3":"status-publish","4":"has-post-thumbnail","6":"product_cat-huppa-mergaiciu-ziemos-batai","7":"product_shipping_class-tarneaeg-1-4-paeva","9":"first","10":"instock","11":"sale","12":"taxable","13":"shipping-taxable","14":"purchasable","15":"product-type-variable","16":"has-default-attributes","17":"add-to-wishlist-after_add_to_cart"},"acf":[],"_links":{"self":[{"href":"https:\/\/tellimused.stiilne.ee\/lt\/wp-json\/wp\/v2\/product\/268559","targetHints":{"allow":["GET"]}}],"collection":[{"href":"https:\/\/tellimused.stiilne.ee\/lt\/wp-json\/wp\/v2\/product"}],"about":[{"href":"https:\/\/tellimused.stiilne.ee\/lt\/wp-json\/wp\/v2\/types\/product"}],"replies":[{"embeddable":true,"href":"https:\/\/tellimused.stiilne.ee\/lt\/wp-json\/wp\/v2\/comments?post=268559"}],"wp:featuredmedia":[{"embeddable":true,"href":"https:\/\/tellimused.stiilne.ee\/lt\/wp-json\/wp\/v2\/media\/268560"}],"wp:attachment":[{"href":"https:\/\/tellimused.stiilne.ee\/lt\/wp-json\/wp\/v2\/media?parent=268559"}],"wp:term":[{"taxonomy":"product_brand","embeddable":true,"href":"https:\/\/tellimused.stiilne.ee\/lt\/wp-json\/wp\/v2\/product_brand?post=268559"},{"taxonomy":"product_cat","embeddable":true,"href":"https:\/\/tellimused.stiilne.ee\/lt\/wp-json\/wp\/v2\/product_cat?post=268559"},{"taxonomy":"product_tag","embeddable":true,"href":"https:\/\/tellimused.stiilne.ee\/lt\/wp-json\/wp\/v2\/product_tag?post=268559"}],"curies":[{"name":"wp","href":"https:\/\/api.w.org\/{rel}","templated":true}]}}