{"id":268578,"date":"2026-03-12T10:32:22","date_gmt":"2026-03-12T08:32:22","guid":{"rendered":"https:\/\/tellimused.stiilne.ee\/toode\/five-seasons-vee-ja-tuulekindel-hall-meeste-sugis-talvine-ulemineku-parka-flo-kohe-laos-viimane-l-suurus-super-hind\/"},"modified":"2026-04-07T11:10:36","modified_gmt":"2026-04-07T08:10:36","slug":"five-seasons-neperslampama-ir-vejo-nepraleidzianti-pilka-vyriska-rudens-ziemos-pereinamoji-striuke-flo-kohe-laos-viimane-l-size-super-hinder","status":"publish","type":"product","link":"https:\/\/tellimused.stiilne.ee\/lt\/produktas\/five-seasons-neperslampama-ir-vejo-nepraleidzianti-pilka-vyriska-rudens-ziemos-pereinamoji-striuke-flo-kohe-laos-viimane-l-size-super-hinder\/","title":{"rendered":"FIVE SEASONS neper\u0161lampama ir v\u0117jo nepraleid\u017eianti pilka vyri\u0161ka rudens-\u017eiemos pereinamoji striuk\u0117 FLO-KOHE LAOS VIIMANE L-SIZE-SUPER HINDER"},"content":{"rendered":"<p>&#8222;FLO&#8221; vyri\u0161ka striuk\u0117:<\/p>\n<p>Kv\u0117puojantis audinys, atsparus v\u0117jui ir vandeniui<\/p>\n<p>Visos si\u016bl\u0117s u\u017eklijuotos, kad b\u016bt\u0173 u\u017etikrinta hidroizoliacija<\/p>\n<p>Reguliuojamas gaubtas<\/p>\n<p>Dvipusis priekinis u\u017eraktas su apsaugine juostele<\/p>\n<p>Reguliuojamas juosmuo<\/p>\n<p>2 u\u017esegamos ki\u0161en\u0117s ant kr\u016btin\u0117s, 2 ki\u0161en\u0117s su atvartais, vidin\u0117 ki\u0161en\u0117 su u\u017etrauktuku<\/p>\n<p>L dyd\u017eio nugaros ilgis &#8211; 95 cm<\/p>\n<p>Vyri\u0161ka pereinamoji striuk\u0117 yra i\u0161 100 % poliesterio, 120 g izoliacijos, atspari vandeniui, neper\u0161lampanti iki 5000 mm.<\/p>\n<p>Park\u0105 galima d\u0117v\u0117ti ruden\u012f arba \u017eiem\u0105, jei nem\u0117gstate labai storos parakin\u0117s.<\/p>\n<div><\/div>\n<div>Vyri\u0161ka striuk\u0117 FLO yra sand\u0117lyje &#8211; pristatymo laikas 1-4 dienos.<\/div>\n<div><\/div>\n<div>U\u017esakymai, pateikti darbo dien\u0105 prie\u0161 v\u0117lavim\u0105, bus i\u0161si\u0173sti t\u0105 pa\u010di\u0105 dien\u0105.<\/div>\n<p>&nbsp;<\/p>\n","protected":false},"excerpt":{"rendered":"<p>&#8222;FLO&#8221; vyri\u0161ka striuk\u0117: Kv\u0117puojantis audinys, atsparus v\u0117jui ir vandeniui Visos si\u016bl\u0117s u\u017eklijuotos, kad b\u016bt\u0173 u\u017etikrinta hidroizoliacija Reguliuojamas gaubtas Dvipusis priekinis u\u017eraktas su apsaugine juostele Reguliuojamas juosmuo 2 u\u017esegamos ki\u0161en\u0117s ant kr\u016btin\u0117s, 2 ki\u0161en\u0117s su atvartais, vidin\u0117 ki\u0161en\u0117 su u\u017etrauktuku L dyd\u017eio nugaros ilgis &#8211; 95 cm Vyri\u0161ka pereinamoji striuk\u0117 yra i\u0161 100 % poliesterio, 120 [&hellip;]<\/p>\n","protected":false},"featured_media":268579,"comment_status":"open","ping_status":"closed","template":"","meta":{"_acf_changed":false},"product_brand":[],"product_cat":[304,362,305],"product_tag":[],"class_list":{"0":"post-268578","1":"product","2":"type-product","3":"status-publish","4":"has-post-thumbnail","6":"product_cat-huppa-vyriski-ir-berniuku-ziemos-striukes","7":"product_cat-vyrams-2","8":"product_cat-vyriski-pavasario-ir-rudens-svarkai","9":"product_shipping_class-tarneaeg-1-4-paeva","11":"first","12":"instock","13":"sale","14":"taxable","15":"shipping-taxable","16":"purchasable","17":"product-type-variable","18":"has-default-attributes","19":"add-to-wishlist-after_add_to_cart"},"acf":[],"_links":{"self":[{"href":"https:\/\/tellimused.stiilne.ee\/lt\/wp-json\/wp\/v2\/product\/268578","targetHints":{"allow":["GET"]}}],"collection":[{"href":"https:\/\/tellimused.stiilne.ee\/lt\/wp-json\/wp\/v2\/product"}],"about":[{"href":"https:\/\/tellimused.stiilne.ee\/lt\/wp-json\/wp\/v2\/types\/product"}],"replies":[{"embeddable":true,"href":"https:\/\/tellimused.stiilne.ee\/lt\/wp-json\/wp\/v2\/comments?post=268578"}],"wp:featuredmedia":[{"embeddable":true,"href":"https:\/\/tellimused.stiilne.ee\/lt\/wp-json\/wp\/v2\/media\/268579"}],"wp:attachment":[{"href":"https:\/\/tellimused.stiilne.ee\/lt\/wp-json\/wp\/v2\/media?parent=268578"}],"wp:term":[{"taxonomy":"product_brand","embeddable":true,"href":"https:\/\/tellimused.stiilne.ee\/lt\/wp-json\/wp\/v2\/product_brand?post=268578"},{"taxonomy":"product_cat","embeddable":true,"href":"https:\/\/tellimused.stiilne.ee\/lt\/wp-json\/wp\/v2\/product_cat?post=268578"},{"taxonomy":"product_tag","embeddable":true,"href":"https:\/\/tellimused.stiilne.ee\/lt\/wp-json\/wp\/v2\/product_tag?post=268578"}],"curies":[{"name":"wp","href":"https:\/\/api.w.org\/{rel}","templated":true}]}}