{"id":268661,"date":"2026-03-12T10:27:37","date_gmt":"2026-03-12T08:27:37","guid":{"rendered":"https:\/\/tellimused.stiilne.ee\/toode\/huppa-fliisvooodri-ja-naturaalse-karvaga-valge-naiste-sugis-talvine-muts-ash-kohe-laos\/"},"modified":"2026-04-07T11:10:15","modified_gmt":"2026-04-07T08:10:15","slug":"huppa-moteriska-balta-rudens-ziemos-kepure-su-vilnoniu-pamusalu-ir-naturaliu-kailiu-ash-white-ispirktis","status":"publish","type":"product","link":"https:\/\/tellimused.stiilne.ee\/lt\/produktas\/huppa-moteriska-balta-rudens-ziemos-kepure-su-vilnoniu-pamusalu-ir-naturaliu-kailiu-ash-white-ispirktis\/","title":{"rendered":"&#8222;Huppa&#8221; moteri\u0161ka balta rudens-\u017eiemos kepur\u0117 su vilnoniu pamu\u0161alu ir nat\u016braliu kailiu Ash-WHITE I\u0160PIRKTIS"},"content":{"rendered":"<h1>&#8222;Huppa&#8221; \u0161ilta \u017eiemin\u0117 kepur\u0117 moterims ir mergait\u0117ms Ash<\/h1>\n<div class=\"relative basis-auto flex-col -mb-(--composer-overlap-px) [--composer-overlap-px:28px] grow flex\">\n<div class=\"flex flex-col text-sm pb-25\">\n<article class=\"text-token-text-primary w-full focus:outline-none [--shadow-height:45px] has-data-writing-block:pointer-events-none has-data-writing-block:-mt-(--shadow-height) has-data-writing-block:pt-(--shadow-height) [&amp;:has([data-writing-block])&gt;*]:pointer-events-auto scroll-mt-[calc(var(--header-height)+min(200px,max(70px,20svh)))]\" dir=\"auto\" tabindex=\"-1\" data-turn-id=\"request-WEB:3db3bc02-a55f-43b7-b93a-ee06886705cc-1\" data-testid=\"conversation-turn-4\" data-scroll-anchor=\"true\" data-turn=\"assistant\">\n<div class=\"text-base my-auto mx-auto pb-10 [--thread-content-margin:--spacing(4)] @w-sm\/main:[--thread-content-margin:--spacing(6)] @w-lg\/main:[--thread-content-margin:--spacing(16)] px-(--thread-content-margin)\">\n<div class=\"[--thread-content-max-width:40rem] @w-lg\/main:[--thread-content-max-width:48rem] mx-auto max-w-(--thread-content-max-width) flex-1 group\/turn-messages focus-visible:outline-hidden relative flex w-full min-w-0 flex-col agent-turn\" tabindex=\"-1\">\n<div class=\"flex max-w-full flex-col grow\">\n<div class=\"min-h-8 text-message relative flex w-full flex-col items-end gap-2 text-start break-words whitespace-normal [.text-message+&amp;]:mt-1\" dir=\"auto\" data-message-author-role=\"assistant\" data-message-id=\"7c3e57d2-f16e-4c40-9def-e0268080dd92\" data-message-model-slug=\"gpt-5-2\">\n<div class=\"flex w-full flex-col gap-1 empty:hidden first:pt-[1px]\">\n<div class=\"markdown prose dark:prose-invert w-full wrap-break-word light markdown-new-styling\">\n<p data-start=\"0\" data-end=\"247\"><strong data-start=\"0\" data-end=\"247\">\u0160altuoju met\u0173 laiku \u0161ilta kepur\u0117 yra labai svarbi, kad k\u016bnas nesu\u0161alt\u0173 ir neprarastum\u0117te per daug \u0161ilumos. \u017diemin\u0117 kepur\u0117 apsaugo ne tik galv\u0105, bet ir ausis, kakl\u0105 ir plaukus, padeda palaikyti k\u016bno temperat\u016br\u0105 ir ma\u017eina per\u0161alimo rizik\u0105. <\/strong><\/p>\n<hr data-start=\"249\" data-end=\"252\">\n<h2 data-start=\"254\" data-end=\"335\">Moteri\u0161ka \u017eiemin\u0117 kepur\u0117 su nat\u016braliu pelen\u0173 kailiu &#8211; \u0161iltas ir v\u0117jo nepraleid\u017eiantis pasirinkimas \u017eiemai<\/h2>\n<p data-start=\"337\" data-end=\"577\"><strong data-start=\"337\" data-end=\"380\">&#8222;Ash&#8221; moteri\u0161ka \u017eiemin\u0117 kepur\u0117 su nat\u016braliu kailiu<\/strong> puikiai tinka \u0161altam ir v\u0117juotam rudens-\u017eiemos orui. Klasikin\u0117 ir moteri\u0161ka, \u0161i kepur\u0117 puikiai papildys j\u016bs\u0173 \u017eiemin\u0119 aprang\u0105 ir suteiks reikiamos \u0161ilumos at\u0161iauresniu oru. <\/p>\n<hr data-start=\"579\" data-end=\"582\">\n<h2 data-start=\"584\" data-end=\"634\">\u0160iltas vilnonis pamu\u0161alas kepur\u0117s viduje apsaugo nuo v\u0117jo ir \u0161al\u010dio<\/h2>\n<p data-start=\"636\" data-end=\"832\">Kepur\u0117s viduje yra mink\u0161tas ir \u0161iltas vilnonis pamu\u0161alas (parodyta nuotraukoje), kuris padeda i\u0161laikyti \u0161ilum\u0105 net ir v\u0117juotu oru. Pamu\u0161alas neleid\u017eia v\u0117jui prasiskverbti pro \u0161al\u012f, tod\u0117l kepur\u0119 itin patogu d\u0117v\u0117ti net ilgai b\u016bnant lauke. <\/p>\n<h2 data-start=\"964\" data-end=\"1008\">Patogi ir gerai prigludusi \u017eiemin\u0117 kepur\u0117 moterims<\/h2>\n<p data-start=\"1010\" data-end=\"1174\">&#8211; Tinka 54-57 cm galvos apim\u010diai<br data-start=\"1042\" data-end=\"1045\">&#8211; Jei reikia, med\u017eiaga \u0161iek tiek i\u0161sitempia<br data-start=\"1086\" data-end=\"1089\">&#8211; Tinka daugumai ne\u0161iotoj\u0173<br data-start=\"1117\" data-end=\"1120\">&#8211; Nat\u016brali\u0173 plauk\u0173 detal\u0117 suteikia eleganti\u0161k\u0105 i\u0161vaizd\u0105.<\/p>\n<p data-start=\"1176\" data-end=\"1258\">\u0160i kepur\u0117 puikiai tinka d\u0117v\u0117ti mieste ir \u017eiemos pasivaik\u0161\u010diojimams.<\/p>\n<hr data-start=\"1260\" data-end=\"1263\">\n<h2 data-start=\"1265\" data-end=\"1309\">Puikiai dera su &#8222;Huppa&#8221; \u017eiemos parkais<\/h2>\n<p data-start=\"1311\" data-end=\"1457\">Moteri\u0161ka pelenin\u0117 kepur\u0117 puikiai dera su <strong data-start=\"1350\" data-end=\"1397\">&#8222;Huppa&#8221; moteri\u0161kais \u017eieminiais paltais su nat\u016braliais plaukais<\/strong> ir ta pa\u010dia ruda gobtuvo apykakle.<\/p>\n<p data-start=\"1459\" data-end=\"1584\">Visas &#8222;Huppa&#8221; <a href=\"https:\/\/www.stiilne.ee\/?s=huppa++naturaalkarvaga+naiste+talveparka&amp;post_type=product\">nat\u016brali\u0173+plauk\u0173+moteri\u0161k\u0173+\u017eiemos+parka rasite \u010dia https:\/\/www.stiilne.ee\/?s=huppa++natural+hair+women&#8217;s+winter+parka&amp;post_type=product<\/a><\/p>\n<hr data-start=\"1586\" data-end=\"1589\">\n<h2 data-start=\"1591\" data-end=\"1615\">Med\u017eiaga ir pristatymas<\/h2>\n<p data-start=\"1617\" data-end=\"1683\">Kepur\u0117s sud\u0117tis<br data-start=\"1631\" data-end=\"1634\">&#8211; 100% akrilas<br data-start=\"1647\" data-end=\"1650\">&#8211; \u0160iltas ir mink\u0161tas vilnonis pamu\u0161alas viduje.<\/p>\n<p data-start=\"1685\" data-end=\"1753\">Kepur\u0117 jau yra sand\u0117lyje ir bus pristatyta<strong data-start=\"1728\" data-end=\"1752\"> per<\/strong> kelias<strong data-start=\"1728\" data-end=\"1752\"> darbo dienas.<\/strong><\/p>\n<p data-start=\"1755\" data-end=\"1847\" data-is-last-node=\"\" data-is-only-node=\"\">Pasirinkite \u0161ilt\u0105 ir stiling\u0105 \u017eiemin\u0119 kepur\u0119, kad rudens-\u017eiemos sezono metu galva b\u016bt\u0173 \u0161ilta.<\/p>\n<\/div>\n<\/div>\n<\/div>\n<\/div>\n<div class=\"z-0 flex min-h-[46px] justify-start\"><\/div>\n<div class=\"mt-3 w-full empty:hidden\">\n<div class=\"text-center\"><\/div>\n<\/div>\n<\/div>\n<\/div>\n<\/article>\n<\/div>\n<div class=\"pointer-events-none h-px w-px absolute bottom-0\" aria-hidden=\"true\" data-edge=\"true\"><\/div>\n<\/div>\n<div id=\"thread-bottom-container\" class=\"sticky bottom-0 group\/thread-bottom-container relative isolate z-10 w-full basis-auto has-data-has-thread-error:pt-2 has-data-has-thread-error:[box-shadow:var(--sharp-edge-bottom-shadow)] md:border-transparent md:pt-0 dark:border-white\/20 md:dark:border-transparent print:hidden content-fade single-line flex flex-col\">\n<div class=\"relative h-0\"><\/div>\n<div id=\"thread-bottom\">\n<div class=\"text-base mx-auto [--thread-content-margin:--spacing(4)] @w-sm\/main:[--thread-content-margin:--spacing(6)] @w-lg\/main:[--thread-content-margin:--spacing(16)] px-(--thread-content-margin)\">\n<div class=\"[--thread-content-max-width:40rem] @w-lg\/main:[--thread-content-max-width:48rem] mx-auto max-w-(--thread-content-max-width) flex-1 mb-4\">\n<div class=\"flex justify-center empty:hidden\"><\/div>\n<div class=\"pointer-events-auto relative z-1 flex h-(--composer-container-height,100%) max-w-full flex-(--composer-container-flex,1) flex-col\">\n<p><button class=\"invisible absolute self-center\" tabindex=\"-1\" name=\"context-connector-pasted-link-popover-trigger\" type=\"button\" aria-hidden=\"true\" aria-haspopup=\"dialog\" aria-expanded=\"false\" aria-controls=\"radix-_R_1779il2kltd33ih6kcm_\" data-state=\"closed\"><\/button><\/p>\n<div class=\"absolute start-0 end-0 bottom-full z-20\"><\/div>\n<form class=\"group\/composer w-full\" data-type=\"unified-composer\">\n<div class=\"\">\n<div class=\"bg-token-bg-primary corner-superellipse\/1.1 cursor-text overflow-clip bg-clip-padding p-2.5 contain-inline-size motion-safe:transition-colors motion-safe:duration-200 motion-safe:ease-in-out dark:bg-[#303030] grid grid-cols-[auto_1fr_auto] [grid-template-areas:'header_header_header'_'leading_primary_trailing'_'._footer_.'] group-data-expanded\/composer:[grid-template-areas:'header_header_header'_'primary_primary_primary'_'leading_footer_trailing'] shadow-short\" data-composer-surface=\"true\">\n<div class=\"-my-2.5 flex min-h-14 items-center overflow-x-hidden px-1.5 [grid-area:primary] group-data-expanded\/composer:mb-0 group-data-expanded\/composer:px-2.5\">\n<div class=\"wcDTda_prosemirror-parent text-token-text-primary max-h-[max(30svh,5rem)] max-h-52 min-h-[var(--deep-research-composer-extra-height,unset)] flex-1 overflow-auto [scrollbar-width:thin] default-browser vertical-scroll-fade-mask\">\n<p>&nbsp;<\/p>\n<div id=\"prompt-textarea\" class=\"ProseMirror\" contenteditable=\"true\" translate=\"no\" data-virtualkeyboard=\"true\"><\/div>\n<\/div>\n<\/div>\n<\/div>\n<\/div>\n<\/form>\n<\/div>\n<\/div>\n<\/div>\n<\/div>\n<\/div>\n<p>&nbsp;<\/p>\n","protected":false},"excerpt":{"rendered":"<p>&#8222;Huppa&#8221; \u0161ilta \u017eiemin\u0117 kepur\u0117 moterims ir mergait\u0117ms Ash \u0160altuoju met\u0173 laiku \u0161ilta kepur\u0117 yra labai svarbi, kad k\u016bnas nesu\u0161alt\u0173 ir neprarastum\u0117te per daug \u0161ilumos. \u017diemin\u0117 kepur\u0117 apsaugo ne tik galv\u0105, bet ir ausis, kakl\u0105 ir plaukus, padeda palaikyti k\u016bno temperat\u016br\u0105 ir ma\u017eina per\u0161alimo rizik\u0105. Moteri\u0161ka \u017eiemin\u0117 kepur\u0117 su nat\u016braliu pelen\u0173 kailiu &#8211; \u0161iltas ir v\u0117jo [&hellip;]<\/p>\n","protected":false},"featured_media":268662,"comment_status":"open","ping_status":"closed","template":"","meta":{"_acf_changed":false},"product_brand":[],"product_cat":[264],"product_tag":[],"class_list":{"0":"post-268661","1":"product","2":"type-product","3":"status-publish","4":"has-post-thumbnail","6":"product_cat-kepures-pirstines-salikai","7":"product_shipping_class-tarneaeg-1-4-paeva","9":"first","10":"instock","11":"sale","12":"taxable","13":"shipping-taxable","14":"purchasable","15":"product-type-variable","16":"has-default-attributes","17":"add-to-wishlist-after_add_to_cart"},"acf":[],"_links":{"self":[{"href":"https:\/\/tellimused.stiilne.ee\/lt\/wp-json\/wp\/v2\/product\/268661","targetHints":{"allow":["GET"]}}],"collection":[{"href":"https:\/\/tellimused.stiilne.ee\/lt\/wp-json\/wp\/v2\/product"}],"about":[{"href":"https:\/\/tellimused.stiilne.ee\/lt\/wp-json\/wp\/v2\/types\/product"}],"replies":[{"embeddable":true,"href":"https:\/\/tellimused.stiilne.ee\/lt\/wp-json\/wp\/v2\/comments?post=268661"}],"wp:featuredmedia":[{"embeddable":true,"href":"https:\/\/tellimused.stiilne.ee\/lt\/wp-json\/wp\/v2\/media\/268662"}],"wp:attachment":[{"href":"https:\/\/tellimused.stiilne.ee\/lt\/wp-json\/wp\/v2\/media?parent=268661"}],"wp:term":[{"taxonomy":"product_brand","embeddable":true,"href":"https:\/\/tellimused.stiilne.ee\/lt\/wp-json\/wp\/v2\/product_brand?post=268661"},{"taxonomy":"product_cat","embeddable":true,"href":"https:\/\/tellimused.stiilne.ee\/lt\/wp-json\/wp\/v2\/product_cat?post=268661"},{"taxonomy":"product_tag","embeddable":true,"href":"https:\/\/tellimused.stiilne.ee\/lt\/wp-json\/wp\/v2\/product_tag?post=268661"}],"curies":[{"name":"wp","href":"https:\/\/api.w.org\/{rel}","templated":true}]}}