{"id":268733,"date":"2026-03-12T10:25:47","date_gmt":"2026-03-12T08:25:47","guid":{"rendered":"https:\/\/tellimused.stiilne.ee\/toode\/huppa-tudrukute-sugis-talvine-vihma-ja-tuulekindel-parka140-gr-soojustusega-sinine-kohe-laos\/"},"modified":"2026-04-07T11:10:22","modified_gmt":"2026-04-07T08:10:22","slug":"huppa-mergaiciu-rudens-ziemos-lietaus-ir-vejo-nepraleidzianti-striuke140-gr-su-apsiltinimu-melyna-kabinai-ispirktis","status":"publish","type":"product","link":"https:\/\/tellimused.stiilne.ee\/lt\/produktas\/huppa-mergaiciu-rudens-ziemos-lietaus-ir-vejo-nepraleidzianti-striuke140-gr-su-apsiltinimu-melyna-kabinai-ispirktis\/","title":{"rendered":"HUPPA mergai\u010di\u0173 rudens-\u017eiemos lietaus ir v\u0117jo nepraleid\u017eianti striuk\u0117(140 gr su ap\u0161iltinimu) m\u0117lyna-KABINAI I\u0160PIRKTIS"},"content":{"rendered":"<p>&nbsp;<\/p>\n<div class=\"product__description\"><\/div>\n<div class=\"product__description-icons\">\n<div class=\"product__description-icon\">\n<div class=\"product__description-content\">\n<p class=\"product_description-icon-value\">Huppa Mergai\u010di\u0173 rudens-\u017eiemos striuk\u0117 Janelle charakteristikos<\/p>\n<p>&#8211; 100% atsparus v\u0117jui ir vandeniui<br \/>\n&#8211; K\u016bno apdorojimo pj\u016bvis<br \/>\n&#8211; Fiksuotas gaubtas<br \/>\n&#8211; Visos si\u016bl\u0117s u\u017eklijuotos, kad b\u016bt\u0173 u\u017etikrinta hidroizoliacija<br \/>\n&#8211; Dvipusis priekinis u\u017eraktas su dangteliais ir \u0161akut\u0117mis<br \/>\n&#8211; Reguliuojami rankogaliai, juosmens reguliavimas<br \/>\n&#8211; \u0160onin\u0117s ki\u0161en\u0117s, vidin\u0117 ki\u0161en\u0117<br \/>\n&#8211; Informacija apie reflektori\u0173<\/p>\n<p>&#8211; Bendras nugaros ilgis (dydis 140 79 cm)<\/p>\n<p>Med\u017eiaga 100% poliesteris<\/p>\n<p>1490 gram\u0173 vatos \u0161ildymas<\/p>\n<p>Kv\u0117puojamumas 10 000 g\/m\u00b2, atsparumas vandeniui 10 000 mm<\/p>\n<p>Toliau pateikiama gamintojo pateikta vaiki\u0161k\u0173 drabu\u017ei\u0173 dyd\u017ei\u0173 lentel\u0117.<\/p>\n<p><a href=\"https:\/\/www.stiilne.ee\/wp-content\/uploads\/2020\/11\/Laste-m%C3%B5%C3%B5dutabel-1.jpg\"><img fetchpriority=\"high\" decoding=\"async\" class=\"alignnone wp-image-11543506\" src=\"https:\/\/www.stiilne.ee\/wp-content\/uploads\/2020\/11\/Laste-m%C3%B5%C3%B5dutabel-1-200x48.jpg\" alt=\"\" width=\"775\" height=\"186\"><\/a><\/p>\n<p>&nbsp;<\/p>\n<\/div>\n<\/div>\n<\/div>\n","protected":false},"excerpt":{"rendered":"<p>&nbsp; Huppa Mergai\u010di\u0173 rudens-\u017eiemos striuk\u0117 Janelle charakteristikos &#8211; 100% atsparus v\u0117jui ir vandeniui &#8211; K\u016bno apdorojimo pj\u016bvis &#8211; Fiksuotas gaubtas &#8211; Visos si\u016bl\u0117s u\u017eklijuotos, kad b\u016bt\u0173 u\u017etikrinta hidroizoliacija &#8211; Dvipusis priekinis u\u017eraktas su dangteliais ir \u0161akut\u0117mis &#8211; Reguliuojami rankogaliai, juosmens reguliavimas &#8211; \u0160onin\u0117s ki\u0161en\u0117s, vidin\u0117 ki\u0161en\u0117 &#8211; Informacija apie reflektori\u0173 &#8211; Bendras nugaros ilgis (dydis [&hellip;]<\/p>\n","protected":false},"featured_media":268734,"comment_status":"open","ping_status":"closed","template":"","meta":{"_acf_changed":false},"product_brand":[],"product_cat":[310],"product_tag":[],"class_list":{"0":"post-268733","1":"product","2":"type-product","3":"status-publish","4":"has-post-thumbnail","6":"product_cat-huppa-mergaiciu-ziemos-batai","7":"product_shipping_class-tarneaeg-1-4-paeva","9":"first","10":"instock","11":"sale","12":"taxable","13":"shipping-taxable","14":"purchasable","15":"product-type-variable","16":"has-default-attributes","17":"add-to-wishlist-after_add_to_cart"},"acf":[],"_links":{"self":[{"href":"https:\/\/tellimused.stiilne.ee\/lt\/wp-json\/wp\/v2\/product\/268733","targetHints":{"allow":["GET"]}}],"collection":[{"href":"https:\/\/tellimused.stiilne.ee\/lt\/wp-json\/wp\/v2\/product"}],"about":[{"href":"https:\/\/tellimused.stiilne.ee\/lt\/wp-json\/wp\/v2\/types\/product"}],"replies":[{"embeddable":true,"href":"https:\/\/tellimused.stiilne.ee\/lt\/wp-json\/wp\/v2\/comments?post=268733"}],"wp:featuredmedia":[{"embeddable":true,"href":"https:\/\/tellimused.stiilne.ee\/lt\/wp-json\/wp\/v2\/media\/268734"}],"wp:attachment":[{"href":"https:\/\/tellimused.stiilne.ee\/lt\/wp-json\/wp\/v2\/media?parent=268733"}],"wp:term":[{"taxonomy":"product_brand","embeddable":true,"href":"https:\/\/tellimused.stiilne.ee\/lt\/wp-json\/wp\/v2\/product_brand?post=268733"},{"taxonomy":"product_cat","embeddable":true,"href":"https:\/\/tellimused.stiilne.ee\/lt\/wp-json\/wp\/v2\/product_cat?post=268733"},{"taxonomy":"product_tag","embeddable":true,"href":"https:\/\/tellimused.stiilne.ee\/lt\/wp-json\/wp\/v2\/product_tag?post=268733"}],"curies":[{"name":"wp","href":"https:\/\/api.w.org\/{rel}","templated":true}]}}