{"id":268773,"date":"2026-03-12T10:25:15","date_gmt":"2026-03-12T08:25:15","guid":{"rendered":"https:\/\/tellimused.stiilne.ee\/toode\/javer-slip-on-tennised-mustad-paksema-3-cm-tallaga-kohe-laos\/"},"modified":"2026-04-07T11:09:53","modified_gmt":"2026-04-07T08:09:53","slug":"javer-juodi-sportbaciai-su-storesniu-3-cm-padu-naudojama","status":"publish","type":"product","link":"https:\/\/tellimused.stiilne.ee\/lt\/produktas\/javer-juodi-sportbaciai-su-storesniu-3-cm-padu-naudojama\/","title":{"rendered":"&#8222;Javer&#8221; juodi sportba\u010diai su storesniu 3 cm padu &#8211; NAUDOJAMA"},"content":{"rendered":"<p>&nbsp;<\/p>\n<p>Patog\u016bs &#8222;Javer&#8221; moteri\u0161ki \u012fsispiriami teniso bateliai d\u0117l savo patogumo, lengvumo ir geros kainos jau daugel\u012f met\u0173 yra m\u0117gstami est\u0173.<\/p>\n<p>&#8222;Javer&#8221; \u012fsispiriami teniso bateliai i\u0161 vidaus ir i\u0161or\u0117s pagaminti i\u0161 medvilninio audinio, tod\u0117l bateliai neprakaituoja &#8211; medvilninis audinys yra kv\u0117puojantis ir nat\u016bralus.<\/p>\n<p>Padas pagamintas i\u0161 patogios mink\u0161tesn\u0117s gumos &#8211; batai vienodai tinka d\u0117v\u0117ti tiek patalpose, tiek lauke.<\/p>\n<p>\u0160is modelis turi \u0161iek tiek storesn\u012f kulniuk\u0105 gale &#8211; tinka tiems, kurie nem\u0117gsta bat\u0173 labai \u017eemu kulniuku ir nori \u0161iek tiek auk\u0161tesnio kulniuko.<\/p>\n<p>Javersai auk\u0161tesniu padu taip pat atrodo garbingiau ir mandagiau, tod\u0117l tinka av\u0117ti mokykloje ir darbe.<\/p>\n<p>Galinio pado auk\u0161tis yra tik 3 cm, tod\u0117l net ir ilgiau d\u0117vint batus kojos nevargsta.<\/p>\n<p>Klasikinio paprasto dizaino ir juodos spalvos &#8222;Javer&#8221; batelius lengva derinti prie kelni\u0173 ar sukneli\u0173, nes jie puikiai tinka ir prie vien\u0173, ir prie kit\u0173.<\/p>\n<p>&#8222;Javers&#8221; yra i\u0161 karto sand\u0117lyje ir greitai pristatomi &#8211; siuntinys pristatomas per kelias dienas.<\/p>\n<p>&#8222;Javer&#8221; teniso bateliams rekomenduojame rinktis \u012fprast\u0105 dyd\u012f, t. y. tok\u012f, kok\u012f da\u017eniausiai ne\u0161iojate.<\/p>\n<p>Jei u\u017esakytas dydis netinka, visada turite teis\u0119 \u012f keitim\u0105.<\/p>\n","protected":false},"excerpt":{"rendered":"<p>&nbsp; Patog\u016bs &#8222;Javer&#8221; moteri\u0161ki \u012fsispiriami teniso bateliai d\u0117l savo patogumo, lengvumo ir geros kainos jau daugel\u012f met\u0173 yra m\u0117gstami est\u0173. &#8222;Javer&#8221; \u012fsispiriami teniso bateliai i\u0161 vidaus ir i\u0161or\u0117s pagaminti i\u0161 medvilninio audinio, tod\u0117l bateliai neprakaituoja &#8211; medvilninis audinys yra kv\u0117puojantis ir nat\u016bralus. Padas pagamintas i\u0161 patogios mink\u0161tesn\u0117s gumos &#8211; batai vienodai tinka d\u0117v\u0117ti tiek patalpose, [&hellip;]<\/p>\n","protected":false},"featured_media":268774,"comment_status":"open","ping_status":"closed","template":"","meta":{"_acf_changed":false},"product_brand":[],"product_cat":[357,380],"product_tag":[],"class_list":{"0":"post-268773","1":"product","2":"type-product","3":"status-publish","4":"has-post-thumbnail","6":"product_cat-laisvalaikio-avalyne","7":"product_cat-moteriski-batai","8":"product_shipping_class-tarneaeg-1-4-paeva","10":"first","11":"instock","12":"taxable","13":"shipping-taxable","14":"purchasable","15":"product-type-variable","16":"has-default-attributes","17":"add-to-wishlist-after_add_to_cart"},"acf":[],"_links":{"self":[{"href":"https:\/\/tellimused.stiilne.ee\/lt\/wp-json\/wp\/v2\/product\/268773","targetHints":{"allow":["GET"]}}],"collection":[{"href":"https:\/\/tellimused.stiilne.ee\/lt\/wp-json\/wp\/v2\/product"}],"about":[{"href":"https:\/\/tellimused.stiilne.ee\/lt\/wp-json\/wp\/v2\/types\/product"}],"replies":[{"embeddable":true,"href":"https:\/\/tellimused.stiilne.ee\/lt\/wp-json\/wp\/v2\/comments?post=268773"}],"wp:featuredmedia":[{"embeddable":true,"href":"https:\/\/tellimused.stiilne.ee\/lt\/wp-json\/wp\/v2\/media\/268774"}],"wp:attachment":[{"href":"https:\/\/tellimused.stiilne.ee\/lt\/wp-json\/wp\/v2\/media?parent=268773"}],"wp:term":[{"taxonomy":"product_brand","embeddable":true,"href":"https:\/\/tellimused.stiilne.ee\/lt\/wp-json\/wp\/v2\/product_brand?post=268773"},{"taxonomy":"product_cat","embeddable":true,"href":"https:\/\/tellimused.stiilne.ee\/lt\/wp-json\/wp\/v2\/product_cat?post=268773"},{"taxonomy":"product_tag","embeddable":true,"href":"https:\/\/tellimused.stiilne.ee\/lt\/wp-json\/wp\/v2\/product_tag?post=268773"}],"curies":[{"name":"wp","href":"https:\/\/api.w.org\/{rel}","templated":true}]}}